{"id":93,"date":"2022-05-17T14:25:24","date_gmt":"2022-05-17T18:25:24","guid":{"rendered":"https:\/\/www.agr.una.py\/wp\/?page_id=93"},"modified":"2025-11-18T11:49:22","modified_gmt":"2025-11-18T14:49:22","slug":"admision","status":"publish","type":"page","link":"https:\/\/www.agr.una.py\/wp\/?page_id=93","title":{"rendered":"Admisi\u00f3n"},"content":{"rendered":"\t\t<div data-elementor-type=\"wp-page\" data-elementor-id=\"93\" class=\"elementor elementor-93\">\n\t\t\t\t<div class=\"elementor-element elementor-element-284a9cd2 e-flex e-con-boxed e-con e-parent\" data-id=\"284a9cd2\" data-element_type=\"container\">\n\t\t\t\t\t<div class=\"e-con-inner\">\n\t\t<div class=\"elementor-element elementor-element-cbc9c07 e-flex e-con-boxed e-con e-child\" data-id=\"cbc9c07\" data-element_type=\"container\">\n\t\t\t\t\t<div class=\"e-con-inner\">\n\t\t\t\t<div class=\"elementor-element elementor-element-b4ce865 elementor-widget elementor-widget-spacer\" data-id=\"b4ce865\" data-element_type=\"widget\" data-widget_type=\"spacer.default\">\n\t\t\t\t<div class=\"elementor-widget-container\">\n\t\t\t<style>\/*! elementor - v3.23.0 - 05-08-2024 *\/\n.elementor-column .elementor-spacer-inner{height:var(--spacer-size)}.e-con{--container-widget-width:100%}.e-con-inner>.elementor-widget-spacer,.e-con>.elementor-widget-spacer{width:var(--container-widget-width,var(--spacer-size));--align-self:var(--container-widget-align-self,initial);--flex-shrink:0}.e-con-inner>.elementor-widget-spacer>.elementor-widget-container,.e-con>.elementor-widget-spacer>.elementor-widget-container{height:100%;width:100%}.e-con-inner>.elementor-widget-spacer>.elementor-widget-container>.elementor-spacer,.e-con>.elementor-widget-spacer>.elementor-widget-container>.elementor-spacer{height:100%}.e-con-inner>.elementor-widget-spacer>.elementor-widget-container>.elementor-spacer>.elementor-spacer-inner,.e-con>.elementor-widget-spacer>.elementor-widget-container>.elementor-spacer>.elementor-spacer-inner{height:var(--container-widget-height,var(--spacer-size))}.e-con-inner>.elementor-widget-spacer.elementor-widget-empty,.e-con>.elementor-widget-spacer.elementor-widget-empty{position:relative;min-height:22px;min-width:22px}.e-con-inner>.elementor-widget-spacer.elementor-widget-empty .elementor-widget-empty-icon,.e-con>.elementor-widget-spacer.elementor-widget-empty .elementor-widget-empty-icon{position:absolute;top:0;bottom:0;left:0;right:0;margin:auto;padding:0;width:22px;height:22px}<\/style>\t\t<div class=\"elementor-spacer\">\n\t\t\t<div class=\"elementor-spacer-inner\"><\/div>\n\t\t<\/div>\n\t\t\t\t<\/div>\n\t\t\t\t<\/div>\n\t\t\t\t\t<\/div>\n\t\t\t\t<\/div>\n\t\t<div class=\"elementor-element elementor-element-3d3ffa3 e-flex e-con-boxed e-con e-child\" data-id=\"3d3ffa3\" data-element_type=\"container\">\n\t\t\t\t\t<div class=\"e-con-inner\">\n\t\t\t\t<div class=\"elementor-element elementor-element-38f31fd elementor-invisible elementor-widget elementor-widget-text-editor\" data-id=\"38f31fd\" data-element_type=\"widget\" data-settings=\"{&quot;_animation&quot;:&quot;fadeInLeft&quot;}\" data-widget_type=\"text-editor.default\">\n\t\t\t\t<div class=\"elementor-widget-container\">\n\t\t\t<style>\/*! elementor - v3.23.0 - 05-08-2024 *\/\n.elementor-widget-text-editor.elementor-drop-cap-view-stacked .elementor-drop-cap{background-color:#69727d;color:#fff}.elementor-widget-text-editor.elementor-drop-cap-view-framed .elementor-drop-cap{color:#69727d;border:3px solid;background-color:transparent}.elementor-widget-text-editor:not(.elementor-drop-cap-view-default) .elementor-drop-cap{margin-top:8px}.elementor-widget-text-editor:not(.elementor-drop-cap-view-default) .elementor-drop-cap-letter{width:1em;height:1em}.elementor-widget-text-editor .elementor-drop-cap{float:left;text-align:center;line-height:1;font-size:50px}.elementor-widget-text-editor .elementor-drop-cap-letter{display:inline-block}<\/style>\t\t\t\t<h2 style=\"text-align: center; color: #007a3e;\"><strong>DIRECCI\u00d3N DE ADMISI\u00d3N<\/strong><\/h2>\t\t\t\t\t\t<\/div>\n\t\t\t\t<\/div>\n\t\t\t\t\t<\/div>\n\t\t\t\t<\/div>\n\t\t<div class=\"elementor-element elementor-element-32d3816 e-flex e-con-boxed e-con e-child\" data-id=\"32d3816\" data-element_type=\"container\">\n\t\t\t\t\t<div class=\"e-con-inner\">\n\t\t\t\t<div class=\"elementor-element elementor-element-eb2412c elementor-invisible elementor-widget elementor-widget-text-editor\" data-id=\"eb2412c\" data-element_type=\"widget\" data-settings=\"{&quot;_animation&quot;:&quot;fadeInLeft&quot;}\" data-widget_type=\"text-editor.default\">\n\t\t\t\t<div class=\"elementor-widget-container\">\n\t\t\t\t\t\t\t<center><hr style=\"height: 3px; width: 75%; color: #fc4c02; background-color: #fc4c02;\" \/><\/center>\t\t\t\t\t\t<\/div>\n\t\t\t\t<\/div>\n\t\t\t\t\t<\/div>\n\t\t\t\t<\/div>\n\t\t<div class=\"elementor-element elementor-element-27b0669 e-flex e-con-boxed e-con e-child\" data-id=\"27b0669\" data-element_type=\"container\">\n\t\t\t\t\t<div class=\"e-con-inner\">\n\t\t\t\t<div class=\"elementor-element elementor-element-015d474 elementor-widget elementor-widget-text-editor\" data-id=\"015d474\" data-element_type=\"widget\" data-widget_type=\"text-editor.default\">\n\t\t\t\t<div class=\"elementor-widget-container\">\n\t\t\t\t\t\t\t<h4><strong>Objetivos del Curso Probatorio de Ingreso (CPI)<\/strong><\/h4><p><b>El Curso Probatorio de Ingreso en la Facultad de Ciencias Agrarias busca:<\/b><\/p><ul><li>Mejorar la informaci\u00f3n y formaci\u00f3n b\u00e1sica recibida por el estudiante en el ciclo secundario, en las asignaturas de inter\u00e9s curricular.<\/li><li>Lograr una selecci\u00f3n m\u00e1s objetiva, posibilitando el ingreso de aquellos estudiantes con mayor aptitud y vocaci\u00f3n para las Carreras ofrecidas.<\/li><li>Facilitar la integraci\u00f3n paulatina del estudiante a la vida universitaria.<\/li><li>Suministrar orientaciones vocacionales e informaciones sobre las opciones profesionales que ofrece la FCA.<\/li><\/ul><h4><strong>Contacto<\/strong><\/h4><p>Direcci\u00f3n de Admisi\u00f3n &#8211; Coordinaci\u00f3n General del CPI<\/p><p>Tel (<strong>WHATSAPP<\/strong>): <a href=\"https:\/\/wa.me\/595986249602\">0986249602<\/a><\/p><p><b>Horario de atenci\u00f3n :<\/b><\/p><p>7:30 a 13:30 \/ 14:00 a 20:00<\/p><p><b>Correo Electronico :<\/b><\/p><p>diradmision@agr.una.py<\/p><p>coordinacion.cpi@agr.una.py<\/p>\t\t\t\t\t\t<\/div>\n\t\t\t\t<\/div>\n\t\t\t\t\t<\/div>\n\t\t\t\t<\/div>\n\t\t<div class=\"elementor-element elementor-element-ff01469 e-flex e-con-boxed e-con e-child\" data-id=\"ff01469\" data-element_type=\"container\">\n\t\t\t\t\t<div class=\"e-con-inner\">\n\t\t\t\t<div class=\"elementor-element elementor-element-c3d5dd1 elementor-widget elementor-widget-spacer\" data-id=\"c3d5dd1\" data-element_type=\"widget\" data-widget_type=\"spacer.default\">\n\t\t\t\t<div class=\"elementor-widget-container\">\n\t\t\t\t\t<div class=\"elementor-spacer\">\n\t\t\t<div class=\"elementor-spacer-inner\"><\/div>\n\t\t<\/div>\n\t\t\t\t<\/div>\n\t\t\t\t<\/div>\n\t\t\t\t\t<\/div>\n\t\t\t\t<\/div>\n\t\t<div class=\"elementor-element elementor-element-f450e2e e-flex e-con-boxed e-con e-child\" data-id=\"f450e2e\" data-element_type=\"container\">\n\t\t\t\t\t<div class=\"e-con-inner\">\n\t\t\t\t<div class=\"elementor-element elementor-element-d6cb8ec elementor-invisible elementor-widget elementor-widget-text-editor\" data-id=\"d6cb8ec\" data-element_type=\"widget\" data-settings=\"{&quot;_animation&quot;:&quot;fadeInLeft&quot;}\" data-widget_type=\"text-editor.default\">\n\t\t\t\t<div class=\"elementor-widget-container\">\n\t\t\t\t\t\t\t<h2 style=\"text-align: center; color: #007a3e;\"><strong>DIRECTOR<\/strong><\/h2>\t\t\t\t\t\t<\/div>\n\t\t\t\t<\/div>\n\t\t\t\t\t<\/div>\n\t\t\t\t<\/div>\n\t\t<div class=\"elementor-element elementor-element-e26bca1 e-flex e-con-boxed e-con e-child\" data-id=\"e26bca1\" data-element_type=\"container\">\n\t\t\t\t\t<div class=\"e-con-inner\">\n\t\t\t\t<div class=\"elementor-element elementor-element-c6bd003 elementor-invisible elementor-widget elementor-widget-text-editor\" data-id=\"c6bd003\" data-element_type=\"widget\" data-settings=\"{&quot;_animation&quot;:&quot;fadeInLeft&quot;}\" data-widget_type=\"text-editor.default\">\n\t\t\t\t<div class=\"elementor-widget-container\">\n\t\t\t\t\t\t\t<center><hr style=\"height: 3px; width: 75%; color: #fc4c02; background-color: #fc4c02;\" \/><\/center>\t\t\t\t\t\t<\/div>\n\t\t\t\t<\/div>\n\t\t\t\t\t<\/div>\n\t\t\t\t<\/div>\n\t\t<div class=\"elementor-element elementor-element-4ca3d1c e-flex e-con-boxed e-con e-child\" data-id=\"4ca3d1c\" data-element_type=\"container\">\n\t\t\t\t\t<div class=\"e-con-inner\">\n\t\t<div class=\"elementor-element elementor-element-49f614d e-con-full e-flex e-con e-child\" data-id=\"49f614d\" data-element_type=\"container\">\n\t\t\t\t<\/div>\n\t\t<div class=\"elementor-element elementor-element-273c504 e-con-full e-flex e-con e-child\" data-id=\"273c504\" data-element_type=\"container\">\n\t\t\t\t<div class=\"elementor-element elementor-element-71c5a03 elementor-widget elementor-widget-image\" data-id=\"71c5a03\" data-element_type=\"widget\" data-widget_type=\"image.default\">\n\t\t\t\t<div class=\"elementor-widget-container\">\n\t\t\t<style>\/*! elementor - v3.23.0 - 05-08-2024 *\/\n.elementor-widget-image{text-align:center}.elementor-widget-image a{display:inline-block}.elementor-widget-image a img[src$=\".svg\"]{width:48px}.elementor-widget-image img{vertical-align:middle;display:inline-block}<\/style>\t\t\t\t\t\t\t\t\t\t<img fetchpriority=\"high\" decoding=\"async\" width=\"300\" height=\"200\" src=\"https:\/\/www.agr.una.py\/wp\/wp-content\/uploads\/2023\/09\/Director--300x200.jpg\" class=\"attachment-medium size-medium wp-image-2747\" alt=\"\" srcset=\"https:\/\/www.agr.una.py\/wp\/wp-content\/uploads\/2023\/09\/Director--300x200.jpg 300w, https:\/\/www.agr.una.py\/wp\/wp-content\/uploads\/2023\/09\/Director--1024x683.jpg 1024w, https:\/\/www.agr.una.py\/wp\/wp-content\/uploads\/2023\/09\/Director--768x512.jpg 768w, https:\/\/www.agr.una.py\/wp\/wp-content\/uploads\/2023\/09\/Director--1536x1024.jpg 1536w, https:\/\/www.agr.una.py\/wp\/wp-content\/uploads\/2023\/09\/Director--2048x1365.jpg 2048w, https:\/\/www.agr.una.py\/wp\/wp-content\/uploads\/2023\/09\/Director--600x400.jpg 600w\" sizes=\"(max-width: 300px) 100vw, 300px\" \/>\t\t\t\t\t\t\t\t\t\t\t\t\t<\/div>\n\t\t\t\t<\/div>\n\t\t\t\t<\/div>\n\t\t<div class=\"elementor-element elementor-element-87036da e-con-full e-flex e-con e-child\" data-id=\"87036da\" data-element_type=\"container\">\n\t\t\t\t<\/div>\n\t\t\t\t\t<\/div>\n\t\t\t\t<\/div>\n\t\t<div class=\"elementor-element elementor-element-42aa05a e-flex e-con-boxed e-con e-child\" data-id=\"42aa05a\" data-element_type=\"container\">\n\t\t\t\t\t<div class=\"e-con-inner\">\n\t\t\t\t<div class=\"elementor-element elementor-element-5c7d601 elementor-widget elementor-widget-text-editor\" data-id=\"5c7d601\" data-element_type=\"widget\" data-widget_type=\"text-editor.default\">\n\t\t\t\t<div class=\"elementor-widget-container\">\n\t\t\t\t\t\t\t<h5 style=\"text-align: center;\">Prof. Ing. Agr. Vidal Tadami Seki Nara<\/h5>\n<p style=\"text-align: center;\"><strong>Formaci\u00f3n Acad\u00e9mica Universitaria<\/strong><\/p>\n<p style=\"text-align: center;\">T\u00edtulo: Ingeniero Agr\u00f3nomo<\/p>\n<p style=\"text-align: center;\">Egresado de la Orientaci\u00f3n Ingenier\u00eda Agr\u00edcola de la Carrera de Ingenier\u00eda Agron\u00f3mica de la Facultad de Ingenier\u00eda Agron\u00f3mica de la UNA. Promoci\u00f3n 1985.<\/p>\n<p style=\"text-align: center;\">Especialista en Fruticultura del Clima Templado en Jap\u00f3n (abril 1987 \u2013 marzo 1988).<\/p>\n<p style=\"text-align: center;\">Durante varios a\u00f1os Docente Investigador del Departamento de Fruticultura de la Facultad.<\/p>\n<p style=\"text-align: center;\"><strong>Trayectoria laboral<\/strong><\/p>\n<p style=\"text-align: center;\">Profesor Titular Confirmaci\u00f3n de las C\u00e1tedras de Horticultura del Cuarto Semestre Primera Secci\u00f3n y Propagaci\u00f3n de Plantas del Tercer Semestre Primera Secci\u00f3n de la Carrera de Ingenier\u00eda Agron\u00f3mica de la Facultad de Ciencias Agrarias de la Universidad Nacional de Asunci\u00f3n.<\/p>\n<p style=\"text-align: center;\">Desde la creaci\u00f3n de la Direcci\u00f3n de Admisi\u00f3n, Resoluci\u00f3n N\u00b0 988\/2012 de fecha 09\/08\/2012 del Consejo Directivo de la FCA, ocupa el Cargo de Director con la implementaci\u00f3n de dos Cursos Probatorio de Ingreso, Primer y Segundo Periodo Acad\u00e9mico en la Casa Matriz cada A\u00f1o.<\/p>\n<p style=\"text-align: center;\">Tambi\u00e9n la implementaci\u00f3n del Curso Probatorio de Ingreso, Primer Periodo Acad\u00e9mico de las Filiales Pedro Juan Caballero, San Pedro de Ycuamandyju, Caazap\u00e1, Santa Rosa Misiones y Secci\u00f3n Chaco.<\/p>\t\t\t\t\t\t<\/div>\n\t\t\t\t<\/div>\n\t\t\t\t\t<\/div>\n\t\t\t\t<\/div>\n\t\t<div class=\"elementor-element elementor-element-5b0a4a3 e-flex e-con-boxed e-con e-child\" data-id=\"5b0a4a3\" data-element_type=\"container\">\n\t\t\t\t\t<div class=\"e-con-inner\">\n\t\t\t\t<div class=\"elementor-element elementor-element-9e28468 elementor-widget elementor-widget-spacer\" data-id=\"9e28468\" data-element_type=\"widget\" data-widget_type=\"spacer.default\">\n\t\t\t\t<div class=\"elementor-widget-container\">\n\t\t\t\t\t<div class=\"elementor-spacer\">\n\t\t\t<div class=\"elementor-spacer-inner\"><\/div>\n\t\t<\/div>\n\t\t\t\t<\/div>\n\t\t\t\t<\/div>\n\t\t\t\t\t<\/div>\n\t\t\t\t<\/div>\n\t\t\t\t\t<\/div>\n\t\t\t\t<\/div>\n\t\t\t\t<\/div>\n\t\t","protected":false},"excerpt":{"rendered":"<p>DIRECCI\u00d3N DE ADMISI\u00d3N Objetivos del Curso Probatorio de Ingreso (CPI) El Curso Probatorio de Ingreso en la Facultad de Ciencias Agrarias busca: Mejorar la informaci\u00f3n y formaci\u00f3n b\u00e1sica recibida por el estudiante en el ciclo secundario, en las asignaturas de inter\u00e9s curricular. Lograr una selecci\u00f3n m\u00e1s objetiva, posibilitando el ingreso de aquellos estudiantes con mayor [&hellip;]<\/p>\n","protected":false},"author":1,"featured_media":0,"parent":0,"menu_order":0,"comment_status":"closed","ping_status":"closed","template":"","meta":{"_themeisle_gutenberg_block_has_review":false,"footnotes":""},"class_list":["post-93","page","type-page","status-publish","hentry"],"_links":{"self":[{"href":"https:\/\/www.agr.una.py\/wp\/index.php?rest_route=\/wp\/v2\/pages\/93","targetHints":{"allow":["GET"]}}],"collection":[{"href":"https:\/\/www.agr.una.py\/wp\/index.php?rest_route=\/wp\/v2\/pages"}],"about":[{"href":"https:\/\/www.agr.una.py\/wp\/index.php?rest_route=\/wp\/v2\/types\/page"}],"author":[{"embeddable":true,"href":"https:\/\/www.agr.una.py\/wp\/index.php?rest_route=\/wp\/v2\/users\/1"}],"replies":[{"embeddable":true,"href":"https:\/\/www.agr.una.py\/wp\/index.php?rest_route=%2Fwp%2Fv2%2Fcomments&post=93"}],"version-history":[{"count":40,"href":"https:\/\/www.agr.una.py\/wp\/index.php?rest_route=\/wp\/v2\/pages\/93\/revisions"}],"predecessor-version":[{"id":13920,"href":"https:\/\/www.agr.una.py\/wp\/index.php?rest_route=\/wp\/v2\/pages\/93\/revisions\/13920"}],"wp:attachment":[{"href":"https:\/\/www.agr.una.py\/wp\/index.php?rest_route=%2Fwp%2Fv2%2Fmedia&parent=93"}],"curies":[{"name":"wp","href":"https:\/\/api.w.org\/{rel}","templated":true}]}}