{"id":7485,"date":"2024-06-21T19:28:55","date_gmt":"2024-06-21T22:28:55","guid":{"rendered":"https:\/\/www.agr.una.py\/wp\/?page_id=7485"},"modified":"2025-07-03T17:28:24","modified_gmt":"2025-07-03T20:28:24","slug":"biblioteca","status":"publish","type":"page","link":"https:\/\/www.agr.una.py\/wp\/?page_id=7485","title":{"rendered":"Biblioteca"},"content":{"rendered":"\t\t<div data-elementor-type=\"wp-page\" data-elementor-id=\"7485\" class=\"elementor elementor-7485\">\n\t\t\t\t<div class=\"elementor-element elementor-element-acc284c e-flex e-con-boxed e-con e-parent\" data-id=\"acc284c\" data-element_type=\"container\">\n\t\t\t\t\t<div class=\"e-con-inner\">\n\t\t\t\t<div class=\"elementor-element elementor-element-f7e92ac elementor-invisible elementor-widget elementor-widget-text-editor\" data-id=\"f7e92ac\" data-element_type=\"widget\" data-settings=\"{&quot;_animation&quot;:&quot;fadeInLeft&quot;}\" data-widget_type=\"text-editor.default\">\n\t\t\t\t<div class=\"elementor-widget-container\">\n\t\t\t<style>\/*! elementor - v3.23.0 - 05-08-2024 *\/\n.elementor-widget-text-editor.elementor-drop-cap-view-stacked .elementor-drop-cap{background-color:#69727d;color:#fff}.elementor-widget-text-editor.elementor-drop-cap-view-framed .elementor-drop-cap{color:#69727d;border:3px solid;background-color:transparent}.elementor-widget-text-editor:not(.elementor-drop-cap-view-default) .elementor-drop-cap{margin-top:8px}.elementor-widget-text-editor:not(.elementor-drop-cap-view-default) .elementor-drop-cap-letter{width:1em;height:1em}.elementor-widget-text-editor .elementor-drop-cap{float:left;text-align:center;line-height:1;font-size:50px}.elementor-widget-text-editor .elementor-drop-cap-letter{display:inline-block}<\/style>\t\t\t\t<h2 style=\"text-align: center; color: #007a3e;\"><strong>BIBLIOTECA<\/strong><\/h2>\t\t\t\t\t\t<\/div>\n\t\t\t\t<\/div>\n\t\t\t\t\t<\/div>\n\t\t\t\t<\/div>\n\t\t<div class=\"elementor-element elementor-element-6c6f8fa e-flex e-con-boxed e-con e-parent\" data-id=\"6c6f8fa\" data-element_type=\"container\">\n\t\t\t\t\t<div class=\"e-con-inner\">\n\t\t\t\t<div class=\"elementor-element elementor-element-5acdb95 elementor-invisible elementor-widget elementor-widget-text-editor\" data-id=\"5acdb95\" data-element_type=\"widget\" data-settings=\"{&quot;_animation&quot;:&quot;fadeInLeft&quot;}\" data-widget_type=\"text-editor.default\">\n\t\t\t\t<div class=\"elementor-widget-container\">\n\t\t\t\t\t\t\t<center><hr style=\"height: 3px; width: 75%; color: #fc4c02; background-color: #fc4c02;\" \/><\/center>\t\t\t\t\t\t<\/div>\n\t\t\t\t<\/div>\n\t\t\t\t<div class=\"elementor-element elementor-element-a7e958f elementor-widget elementor-widget-spacer\" data-id=\"a7e958f\" data-element_type=\"widget\" data-widget_type=\"spacer.default\">\n\t\t\t\t<div class=\"elementor-widget-container\">\n\t\t\t<style>\/*! elementor - v3.23.0 - 05-08-2024 *\/\n.elementor-column .elementor-spacer-inner{height:var(--spacer-size)}.e-con{--container-widget-width:100%}.e-con-inner>.elementor-widget-spacer,.e-con>.elementor-widget-spacer{width:var(--container-widget-width,var(--spacer-size));--align-self:var(--container-widget-align-self,initial);--flex-shrink:0}.e-con-inner>.elementor-widget-spacer>.elementor-widget-container,.e-con>.elementor-widget-spacer>.elementor-widget-container{height:100%;width:100%}.e-con-inner>.elementor-widget-spacer>.elementor-widget-container>.elementor-spacer,.e-con>.elementor-widget-spacer>.elementor-widget-container>.elementor-spacer{height:100%}.e-con-inner>.elementor-widget-spacer>.elementor-widget-container>.elementor-spacer>.elementor-spacer-inner,.e-con>.elementor-widget-spacer>.elementor-widget-container>.elementor-spacer>.elementor-spacer-inner{height:var(--container-widget-height,var(--spacer-size))}.e-con-inner>.elementor-widget-spacer.elementor-widget-empty,.e-con>.elementor-widget-spacer.elementor-widget-empty{position:relative;min-height:22px;min-width:22px}.e-con-inner>.elementor-widget-spacer.elementor-widget-empty .elementor-widget-empty-icon,.e-con>.elementor-widget-spacer.elementor-widget-empty .elementor-widget-empty-icon{position:absolute;top:0;bottom:0;left:0;right:0;margin:auto;padding:0;width:22px;height:22px}<\/style>\t\t<div class=\"elementor-spacer\">\n\t\t\t<div class=\"elementor-spacer-inner\"><\/div>\n\t\t<\/div>\n\t\t\t\t<\/div>\n\t\t\t\t<\/div>\n\t\t\t\t\t<\/div>\n\t\t\t\t<\/div>\n\t\t<div class=\"elementor-element elementor-element-2d2ba9d e-flex e-con-boxed e-con e-parent\" data-id=\"2d2ba9d\" data-element_type=\"container\">\n\t\t\t\t\t<div class=\"e-con-inner\">\n\t\t\t\t<div class=\"elementor-element elementor-element-2936e88 elementor-widget elementor-widget-text-editor\" data-id=\"2936e88\" data-element_type=\"widget\" data-widget_type=\"text-editor.default\">\n\t\t\t\t<div class=\"elementor-widget-container\">\n\t\t\t\t\t\t\t<p>La Biblioteca de la Facultad de Ciencias Agrarias de la Universidad Nacional de Asunci\u00f3n, fundada en el a\u00f1o 1956, est\u00e1 ubicada en la Ciudad de San Lorenzo, Paraguay, dentro del Campus Universitario, comprende una estructura edilicia de 515 m<sup>2<\/sup>, de los cuales 470 m<sup>2<\/sup> est\u00e1 destinada para los usuarios, con ambiente climatizado, para facilitar la docencia y la investigaci\u00f3n a la comunidad acad\u00e9mica.<\/p><p><strong>Atenci\u00f3n de lunes a viernes de 7:00 a 19:00 horas<\/strong>, continuado.<\/p><p>La colecci\u00f3n de la biblioteca es especializada en el \u00e1rea de inter\u00e9s para las carreras impartidas en la FCA, como ciencias agr\u00edcolas, forestales, ambientales, ecol\u00f3gicas y afines. Para conocer m\u00e1s acerca de la colecci\u00f3n, consulte el Cat\u00e1logo bibliogr\u00e1fico en l\u00ednea de la UNA disponible en:<a href=\"http:\/\/www.cnc.una.py\/opac\/\">\u00a0http:\/\/www.cnc.una.py\/opac\/\u00a0<\/a><\/p><p>\u00a0<\/p><p><strong>REGLAMENTO DE BIBLIOTECA:\u00a0 <a href=\"https:\/\/www.agr.una.py\/wp\/descargas\/biblioteca\/reglamento_biblioteca2018.pdf\">Descargar Aqui!<\/a><\/strong><strong>\u00a0<\/strong><\/p><p>\u00a0<\/p><p><strong>CONTACTO<\/strong><\/p><p><strong>Tel\u00e9fono:<\/strong>\u00a0+595 21 585606\/10<\/p><p style=\"padding-left: 40px;\">Servicios al P\u00fablico: Int. 138<\/p><p style=\"padding-left: 40px;\">Procesos T\u00e9cnicos: Int.163<\/p><p style=\"padding-left: 40px;\">Direcci\u00f3n: Int. 139<\/p><p style=\"padding-left: 40px;\">Hemeroteca: Int. 140<\/p><p><strong>Email:<\/strong>\u00a0<a href=\"mailto:biblioteca.academ@agr.una.py\">biblioteca.academ@agr.una.py<\/a><\/p><p><strong>WhatsApp: <\/strong>0994 24 56 55<\/p>\t\t\t\t\t\t<\/div>\n\t\t\t\t<\/div>\n\t\t\t\t\t<\/div>\n\t\t\t\t<\/div>\n\t\t<div class=\"elementor-element elementor-element-01973e5 e-flex e-con-boxed e-con e-parent\" data-id=\"01973e5\" data-element_type=\"container\">\n\t\t\t\t\t<div class=\"e-con-inner\">\n\t\t\t\t<div class=\"elementor-element elementor-element-7062357 elementor-widget elementor-widget-spacer\" data-id=\"7062357\" data-element_type=\"widget\" data-widget_type=\"spacer.default\">\n\t\t\t\t<div class=\"elementor-widget-container\">\n\t\t\t\t\t<div class=\"elementor-spacer\">\n\t\t\t<div class=\"elementor-spacer-inner\"><\/div>\n\t\t<\/div>\n\t\t\t\t<\/div>\n\t\t\t\t<\/div>\n\t\t\t\t\t<\/div>\n\t\t\t\t<\/div>\n\t\t<div class=\"elementor-element elementor-element-2387825 e-flex e-con-boxed e-con e-parent\" data-id=\"2387825\" data-element_type=\"container\">\n\t\t\t\t\t<div class=\"e-con-inner\">\n\t\t\t\t<div class=\"elementor-element elementor-element-32f14d5 elementor-invisible elementor-widget elementor-widget-text-editor\" data-id=\"32f14d5\" data-element_type=\"widget\" data-settings=\"{&quot;_animation&quot;:&quot;fadeInLeft&quot;}\" data-widget_type=\"text-editor.default\">\n\t\t\t\t<div class=\"elementor-widget-container\">\n\t\t\t\t\t\t\t<h2 style=\"text-align: center; color: #007a3e;\"><strong>SERVICIOS<\/strong><\/h2>\t\t\t\t\t\t<\/div>\n\t\t\t\t<\/div>\n\t\t\t\t\t<\/div>\n\t\t\t\t<\/div>\n\t\t<div class=\"elementor-element elementor-element-0a6ce62 e-flex e-con-boxed e-con e-parent\" data-id=\"0a6ce62\" data-element_type=\"container\">\n\t\t\t\t\t<div class=\"e-con-inner\">\n\t\t\t\t<div class=\"elementor-element elementor-element-4fc63e5 elementor-invisible elementor-widget elementor-widget-text-editor\" data-id=\"4fc63e5\" data-element_type=\"widget\" data-settings=\"{&quot;_animation&quot;:&quot;fadeInLeft&quot;}\" data-widget_type=\"text-editor.default\">\n\t\t\t\t<div class=\"elementor-widget-container\">\n\t\t\t\t\t\t\t<center><hr style=\"height: 3px; width: 75%; color: #fc4c02; background-color: #fc4c02;\" \/><\/center>\t\t\t\t\t\t<\/div>\n\t\t\t\t<\/div>\n\t\t\t\t<div class=\"elementor-element elementor-element-dfa4253 elementor-widget elementor-widget-spacer\" data-id=\"dfa4253\" data-element_type=\"widget\" data-widget_type=\"spacer.default\">\n\t\t\t\t<div class=\"elementor-widget-container\">\n\t\t\t\t\t<div class=\"elementor-spacer\">\n\t\t\t<div class=\"elementor-spacer-inner\"><\/div>\n\t\t<\/div>\n\t\t\t\t<\/div>\n\t\t\t\t<\/div>\n\t\t\t\t\t<\/div>\n\t\t\t\t<\/div>\n\t\t<div class=\"elementor-element elementor-element-00b60c2 e-flex e-con-boxed e-con e-parent\" data-id=\"00b60c2\" data-element_type=\"container\">\n\t\t\t\t\t<div class=\"e-con-inner\">\n\t\t\t\t<div class=\"elementor-element elementor-element-82e9735 elementor-widget elementor-widget-text-editor\" data-id=\"82e9735\" data-element_type=\"widget\" data-widget_type=\"text-editor.default\">\n\t\t\t\t<div class=\"elementor-widget-container\">\n\t\t\t\t\t\t\t<p><strong>Catalogaci\u00f3n de trabajos finales de Grado y Postgrado.<\/strong><\/p><p>Pasos para solicitar fichas catalogr\u00e1ficas de tesis.<\/p><p style=\"padding-left: 40px;\">Solicite al correo: catalogacion.biblio@agr.una.py<\/p><p style=\"padding-left: 40px;\">Incluir la versi\u00f3n final del trabajo en formato PDF, completo.<\/p><p style=\"padding-left: 40px;\">Una copia digital del Pedido de Catalogaci\u00f3n firmado por el Orientador o Co-Orientador. <a href=\"https:\/\/www.agr.una.py\/wp\/wp-content\/uploads\/2024\/06\/pedido_de_catalogacion_unidad.doc\">PUEDES DESCARGAR AQU\u00cd<\/a><\/p><p><strong>Constancia de no adeudar libros en la biblioteca.<\/strong><\/p><p style=\"padding-left: 40px;\">Solicite al correo: <a href=\"mailto:servpublicos.biblio@agr.una.py\">servpublicos.biblio@agr.una.py<\/a>\u00a0<\/p><p style=\"padding-left: 40px;\">Incluir copia digital del carnet de biblioteca, si no cuenta con carnet env\u00ede copia digital de C. I.<\/p><p style=\"padding-left: 40px;\">Nombres y Apellidos y su Carrera<\/p><p><strong>\u00a0<\/strong><\/p><p><strong>Constancia de <\/strong><strong>revisi\u00f3n de bibliograf\u00eda de trabajos finales de Grado y Postgrado.<\/strong><\/p><p style=\"padding-left: 40px;\">Solicite al correo: <a href=\"mailto:revisionbiblio.biblio@agr.una.py\">revisionbiblio.biblio@agr.una.py<\/a><\/p><p style=\"padding-left: 40px;\">Incluir la secci\u00f3n de referencias bibliogr\u00e1ficas en versi\u00f3n Word<\/p><p style=\"padding-left: 40px;\">T\u00edtulo completo del trabajo<\/p><p style=\"padding-left: 40px;\">Nombre completo del solicitante y su carrera.<\/p><p style=\"padding-left: 40px;\">Abonar el arancel en perceptor\u00eda.<\/p><p><strong>\u00a0<\/strong><\/p><p><strong>Pr\u00e9stamos en Sala:<\/strong> Se brinda a los usuarios amplias salas de lectura para la consulta de los materiales disponibles en la biblioteca, podr\u00e1n acceder a este servicio todos los interesados mediante la presentaci\u00f3n de la c\u00e9dula de identidad.<\/p><p><strong>Pr\u00e9stamos a Domicilio:<\/strong> Este servicio es exclusivo para estudiantes, docentes, t\u00e9cnicos, investigadores y funcionarios administrativos de la facultad, se puede acceder al mismo con la presentaci\u00f3n del carnet de biblioteca. Puedes consultar el cat\u00e1logo en l\u00ednea aqu\u00ed <a href=\"http:\/\/www.cnc.una.py\/opac\/\">\u00a0http:\/\/www.cnc.una.py\/opac\/\u00a0<\/a><\/p><p><strong>Pr\u00e9stamos Interbibliotecario:<\/strong> Para fortalecer la diversidad de los recursos bibliogr\u00e1ficos, la biblioteca ofrece el servicio de pr\u00e9stamos interbibliotecario a trav\u00e9s de los materiales que se encuentran dentro de la colecci\u00f3n de las unidades de informaci\u00f3n que conforman la red de bibliotecas de la UNA. Consulte el cat\u00e1logo general <a href=\"http:\/\/www.cnc.una.py\/opac\/\">http:\/\/www.cnc.una.py\/opac\/<\/a> y cont\u00e1ctenos al correo <a href=\"mailto:servpublicos.biblio@agr.una.py\">servpublicos.biblio@agr.una.py<\/a><\/p><p><strong>Internet:<\/strong> Los usuarios disponen de PC exclusivos para uso de internet destinado para la investigaci\u00f3n y el aprendizaje. Adem\u00e1s, toda la biblioteca cuenta con zona Wi-fi para las computadoras port\u00e1tiles u otros dispositivos.<\/p><p><strong>Asesoramiento T\u00e9cnico Especializado:<\/strong>\u00a0para la b\u00fasqueda de informaci\u00f3n t\u00e9cnica y cient\u00edfica, recuperaci\u00f3n de informaci\u00f3n cient\u00edfica, uso de bases de datos en l\u00ednea, elaboraci\u00f3n de referencias bibliogr\u00e1ficas, elaboraci\u00f3n de fichas catalogr\u00e1ficas. Puede contactarnos al correo <a href=\"mailto:servpublicos.biblio@agr.una.py\">servpublicos.biblio@agr.una.py<\/a><\/p><p><strong>Capacitaci\u00f3n a Usuarios:<\/strong>\u00a0se brinda charlas informativas permanentes sobre la biblioteca, las colecciones, los servicios y orientaciones para la b\u00fasqueda de informaci\u00f3n, manejo de cat\u00e1logo automatizado, acceso a bases de datos cient\u00edficas. Solicite su pedido al correo <a href=\"mailto:servpublicos.biblio@agr.una.py\">servpublicos.biblio@agr.una.py<\/a><\/p><p><strong><em>Si desea recibir las novedades de la Biblioteca<\/em><\/strong>, suscr\u00edbase a nuestro <em>Bolet\u00edn electr\u00f3nico<\/em> enviando su pedido v\u00eda <em>WhatsApp<\/em> (0994 24 56 55) para facilitarle en el enlace correspondiente. \u00a0<\/p>\t\t\t\t\t\t<\/div>\n\t\t\t\t<\/div>\n\t\t\t\t\t<\/div>\n\t\t\t\t<\/div>\n\t\t<div class=\"elementor-element elementor-element-df1c5e7 e-flex e-con-boxed e-con e-parent\" data-id=\"df1c5e7\" data-element_type=\"container\">\n\t\t\t\t\t<div class=\"e-con-inner\">\n\t\t\t\t<div class=\"elementor-element elementor-element-b613d5a elementor-widget elementor-widget-spacer\" data-id=\"b613d5a\" data-element_type=\"widget\" data-widget_type=\"spacer.default\">\n\t\t\t\t<div class=\"elementor-widget-container\">\n\t\t\t\t\t<div class=\"elementor-spacer\">\n\t\t\t<div class=\"elementor-spacer-inner\"><\/div>\n\t\t<\/div>\n\t\t\t\t<\/div>\n\t\t\t\t<\/div>\n\t\t\t\t\t<\/div>\n\t\t\t\t<\/div>\n\t\t<div class=\"elementor-element elementor-element-8d47641 e-flex e-con-boxed e-con e-parent\" data-id=\"8d47641\" data-element_type=\"container\">\n\t\t\t\t\t<div class=\"e-con-inner\">\n\t\t<div class=\"elementor-element elementor-element-378fb22 e-con-full e-flex e-con e-child\" data-id=\"378fb22\" data-element_type=\"container\">\n\t\t\t\t<div class=\"elementor-element elementor-element-0129424 elementor-widget elementor-widget-text-editor\" data-id=\"0129424\" data-element_type=\"widget\" data-widget_type=\"text-editor.default\">\n\t\t\t\t<div class=\"elementor-widget-container\">\n\t\t\t\t\t\t\t<p style=\"text-align: center;\"><strong>IR A BIBLIOTECAS VIRTUALES<\/strong><\/p>\t\t\t\t\t\t<\/div>\n\t\t\t\t<\/div>\n\t\t\t\t<\/div>\n\t\t<div class=\"elementor-element elementor-element-3b077f0 e-con-full e-flex e-con e-child\" data-id=\"3b077f0\" data-element_type=\"container\">\n\t\t\t\t<div class=\"elementor-element elementor-element-af22494 elementor-widget elementor-widget-text-editor\" data-id=\"af22494\" data-element_type=\"widget\" data-widget_type=\"text-editor.default\">\n\t\t\t\t<div class=\"elementor-widget-container\">\n\t\t\t\t\t\t\t<p style=\"text-align: center;\"><a href=\"https:\/\/www.cnc.una.py\/opac\/\"><strong>IR A CAT\u00c1LOGO BIBLIOGR\u00c1FICO<\/strong><\/a><\/p>\t\t\t\t\t\t<\/div>\n\t\t\t\t<\/div>\n\t\t\t\t<\/div>\n\t\t\t\t\t<\/div>\n\t\t\t\t<\/div>\n\t\t\t\t<\/div>\n\t\t","protected":false},"excerpt":{"rendered":"<p>BIBLIOTECA La Biblioteca de la Facultad de Ciencias Agrarias de la Universidad Nacional de Asunci\u00f3n, fundada en el a\u00f1o 1956, est\u00e1 ubicada en la Ciudad de San Lorenzo, Paraguay, dentro del Campus Universitario, comprende una estructura edilicia de 515 m2, de los cuales 470 m2 est\u00e1 destinada para los usuarios, con ambiente climatizado, para facilitar [&hellip;]<\/p>\n","protected":false},"author":1,"featured_media":0,"parent":89,"menu_order":0,"comment_status":"closed","ping_status":"closed","template":"","meta":{"_themeisle_gutenberg_block_has_review":false,"footnotes":""},"class_list":["post-7485","page","type-page","status-publish","hentry"],"_links":{"self":[{"href":"https:\/\/www.agr.una.py\/wp\/index.php?rest_route=\/wp\/v2\/pages\/7485","targetHints":{"allow":["GET"]}}],"collection":[{"href":"https:\/\/www.agr.una.py\/wp\/index.php?rest_route=\/wp\/v2\/pages"}],"about":[{"href":"https:\/\/www.agr.una.py\/wp\/index.php?rest_route=\/wp\/v2\/types\/page"}],"author":[{"embeddable":true,"href":"https:\/\/www.agr.una.py\/wp\/index.php?rest_route=\/wp\/v2\/users\/1"}],"replies":[{"embeddable":true,"href":"https:\/\/www.agr.una.py\/wp\/index.php?rest_route=%2Fwp%2Fv2%2Fcomments&post=7485"}],"version-history":[{"count":31,"href":"https:\/\/www.agr.una.py\/wp\/index.php?rest_route=\/wp\/v2\/pages\/7485\/revisions"}],"predecessor-version":[{"id":7523,"href":"https:\/\/www.agr.una.py\/wp\/index.php?rest_route=\/wp\/v2\/pages\/7485\/revisions\/7523"}],"up":[{"embeddable":true,"href":"https:\/\/www.agr.una.py\/wp\/index.php?rest_route=\/wp\/v2\/pages\/89"}],"wp:attachment":[{"href":"https:\/\/www.agr.una.py\/wp\/index.php?rest_route=%2Fwp%2Fv2%2Fmedia&parent=7485"}],"curies":[{"name":"wp","href":"https:\/\/api.w.org\/{rel}","templated":true}]}}