{"id":6653,"date":"2024-05-08T17:13:24","date_gmt":"2024-05-08T20:13:24","guid":{"rendered":"https:\/\/www.agr.una.py\/wp\/?page_id=6653"},"modified":"2024-10-08T13:33:41","modified_gmt":"2024-10-08T16:33:41","slug":"tei-2024","status":"publish","type":"page","link":"https:\/\/www.agr.una.py\/wp\/?page_id=6653","title":{"rendered":"TEI 2024"},"content":{"rendered":"\t\t<div data-elementor-type=\"wp-page\" data-elementor-id=\"6653\" class=\"elementor elementor-6653\">\n\t\t\t\t<div class=\"elementor-element elementor-element-a05d727 e-flex e-con-boxed e-con e-parent\" data-id=\"a05d727\" data-element_type=\"container\">\n\t\t\t\t\t<div class=\"e-con-inner\">\n\t\t\t\t<div class=\"elementor-element elementor-element-37f9462 elementor-invisible elementor-widget elementor-widget-text-editor\" data-id=\"37f9462\" data-element_type=\"widget\" data-settings=\"{&quot;_animation&quot;:&quot;fadeInLeft&quot;}\" data-widget_type=\"text-editor.default\">\n\t\t\t\t<div class=\"elementor-widget-container\">\n\t\t\t<style>\/*! elementor - v3.23.0 - 05-08-2024 *\/\n.elementor-widget-text-editor.elementor-drop-cap-view-stacked .elementor-drop-cap{background-color:#69727d;color:#fff}.elementor-widget-text-editor.elementor-drop-cap-view-framed .elementor-drop-cap{color:#69727d;border:3px solid;background-color:transparent}.elementor-widget-text-editor:not(.elementor-drop-cap-view-default) .elementor-drop-cap{margin-top:8px}.elementor-widget-text-editor:not(.elementor-drop-cap-view-default) .elementor-drop-cap-letter{width:1em;height:1em}.elementor-widget-text-editor .elementor-drop-cap{float:left;text-align:center;line-height:1;font-size:50px}.elementor-widget-text-editor .elementor-drop-cap-letter{display:inline-block}<\/style>\t\t\t\t<h2 style=\"text-align: center; color: #007a3e;\"><strong>TRIBUNAL ELECTORAL INDEPENDIENTE 2024<\/strong><\/h2>\t\t\t\t\t\t<\/div>\n\t\t\t\t<\/div>\n\t\t\t\t\t<\/div>\n\t\t\t\t<\/div>\n\t\t<div class=\"elementor-element elementor-element-f271025 e-flex e-con-boxed e-con e-parent\" data-id=\"f271025\" data-element_type=\"container\">\n\t\t\t\t\t<div class=\"e-con-inner\">\n\t\t\t\t<div class=\"elementor-element elementor-element-8c5d9ab elementor-invisible elementor-widget elementor-widget-text-editor\" data-id=\"8c5d9ab\" data-element_type=\"widget\" data-settings=\"{&quot;_animation&quot;:&quot;fadeInLeft&quot;}\" data-widget_type=\"text-editor.default\">\n\t\t\t\t<div class=\"elementor-widget-container\">\n\t\t\t\t\t\t\t<center><hr style=\"height: 3px; width: 75%; color: #fc4c02; background-color: #fc4c02;\" \/><\/center>\t\t\t\t\t\t<\/div>\n\t\t\t\t<\/div>\n\t\t\t\t\t<\/div>\n\t\t\t\t<\/div>\n\t\t<div class=\"elementor-element elementor-element-cf768df e-flex e-con-boxed e-con e-parent\" data-id=\"cf768df\" data-element_type=\"container\">\n\t\t\t\t\t<div class=\"e-con-inner\">\n\t\t\t\t<div class=\"elementor-element elementor-element-6cecfed elementor-widget elementor-widget-spacer\" data-id=\"6cecfed\" data-element_type=\"widget\" data-widget_type=\"spacer.default\">\n\t\t\t\t<div class=\"elementor-widget-container\">\n\t\t\t<style>\/*! elementor - v3.23.0 - 05-08-2024 *\/\n.elementor-column .elementor-spacer-inner{height:var(--spacer-size)}.e-con{--container-widget-width:100%}.e-con-inner>.elementor-widget-spacer,.e-con>.elementor-widget-spacer{width:var(--container-widget-width,var(--spacer-size));--align-self:var(--container-widget-align-self,initial);--flex-shrink:0}.e-con-inner>.elementor-widget-spacer>.elementor-widget-container,.e-con>.elementor-widget-spacer>.elementor-widget-container{height:100%;width:100%}.e-con-inner>.elementor-widget-spacer>.elementor-widget-container>.elementor-spacer,.e-con>.elementor-widget-spacer>.elementor-widget-container>.elementor-spacer{height:100%}.e-con-inner>.elementor-widget-spacer>.elementor-widget-container>.elementor-spacer>.elementor-spacer-inner,.e-con>.elementor-widget-spacer>.elementor-widget-container>.elementor-spacer>.elementor-spacer-inner{height:var(--container-widget-height,var(--spacer-size))}.e-con-inner>.elementor-widget-spacer.elementor-widget-empty,.e-con>.elementor-widget-spacer.elementor-widget-empty{position:relative;min-height:22px;min-width:22px}.e-con-inner>.elementor-widget-spacer.elementor-widget-empty .elementor-widget-empty-icon,.e-con>.elementor-widget-spacer.elementor-widget-empty .elementor-widget-empty-icon{position:absolute;top:0;bottom:0;left:0;right:0;margin:auto;padding:0;width:22px;height:22px}<\/style>\t\t<div class=\"elementor-spacer\">\n\t\t\t<div class=\"elementor-spacer-inner\"><\/div>\n\t\t<\/div>\n\t\t\t\t<\/div>\n\t\t\t\t<\/div>\n\t\t\t\t\t<\/div>\n\t\t\t\t<\/div>\n\t\t<div class=\"elementor-element elementor-element-5640741 e-grid e-con-boxed e-con e-parent\" data-id=\"5640741\" data-element_type=\"container\">\n\t\t\t\t\t<div class=\"e-con-inner\">\n\t\t\t\t<div class=\"elementor-element elementor-element-93670db elementor-widget elementor-widget-text-editor\" data-id=\"93670db\" data-element_type=\"widget\" data-widget_type=\"text-editor.default\">\n\t\t\t\t<div class=\"elementor-widget-container\">\n\t\t\t\t\t\t\t<h4 style=\"text-align: center;\"><a href=\"https:\/\/www.agr.una.py\/wp\/wp-content\/uploads\/2024\/10\/23-2024-Tei-07-10-2024-104509.pdf\"><strong>RESULTADO VOTACI\u00d3N <\/strong><strong>ESTAM<\/strong><strong>ENTO DOC<\/strong><strong>ENT<\/strong><strong>E<\/strong><\/a><\/h4>\t\t\t\t\t\t<\/div>\n\t\t\t\t<\/div>\n\t\t\t\t<div class=\"elementor-element elementor-element-556287e elementor-widget elementor-widget-text-editor\" data-id=\"556287e\" data-element_type=\"widget\" data-widget_type=\"text-editor.default\">\n\t\t\t\t<div class=\"elementor-widget-container\">\n\t\t\t\t\t\t\t<h4 style=\"text-align: center;\"><a href=\"https:\/\/www.agr.una.py\/wp\/wp-content\/uploads\/2024\/10\/Res-24.pdf\"><strong>RESULTADO VOTACI\u00d3N <\/strong><strong>ESTAM<\/strong><strong>ENTO GRADUADO<\/strong><\/a><\/h4>\t\t\t\t\t\t<\/div>\n\t\t\t\t<\/div>\n\t\t\t\t\t<\/div>\n\t\t\t\t<\/div>\n\t\t<div class=\"elementor-element elementor-element-2954081 e-grid e-con-boxed e-con e-parent\" data-id=\"2954081\" data-element_type=\"container\">\n\t\t\t\t\t<div class=\"e-con-inner\">\n\t\t\t\t<div class=\"elementor-element elementor-element-713ef9c elementor-widget elementor-widget-text-editor\" data-id=\"713ef9c\" data-element_type=\"widget\" data-widget_type=\"text-editor.default\">\n\t\t\t\t<div class=\"elementor-widget-container\">\n\t\t\t\t\t\t\t<h4 style=\"text-align: center;\"><a href=\"https:\/\/www.agr.una.py\/wp\/wp-content\/uploads\/2024\/08\/Proforma-de-Nota-para-presentacion-de-candidaturas-y-apoderados.docx\"><strong>PROFORMA DE NOTA PARA PRESENTACI\u00d3N DE CANDIDATURAS Y APODERADOS<\/strong><\/a><\/h4>\t\t\t\t\t\t<\/div>\n\t\t\t\t<\/div>\n\t\t\t\t<div class=\"elementor-element elementor-element-4fdc7e2 elementor-widget elementor-widget-text-editor\" data-id=\"4fdc7e2\" data-element_type=\"widget\" data-widget_type=\"text-editor.default\">\n\t\t\t\t<div class=\"elementor-widget-container\">\n\t\t\t\t\t\t\t<h4 style=\"text-align: center;\"><a href=\"https:\/\/www.agr.una.py\/wp\/wp-content\/uploads\/2024\/09\/modelo-de-nota-PARA-PRESENTACION-DE-MIEMBRO-DE-MESA.docx\"><strong>PROFORMA DE NOTA PARA PRESENTACI\u00d3N DE MI<\/strong><strong>EMBROS D<\/strong><strong>E<\/strong> M<strong>E<\/strong>SA <strong>Y V<\/strong><strong>E<\/strong><strong>EDOR<\/strong><strong>ES<\/strong><\/a><\/h4>\t\t\t\t\t\t<\/div>\n\t\t\t\t<\/div>\n\t\t\t\t\t<\/div>\n\t\t\t\t<\/div>\n\t\t<div class=\"elementor-element elementor-element-0d2c64a e-grid e-con-boxed e-con e-parent\" data-id=\"0d2c64a\" data-element_type=\"container\">\n\t\t\t\t\t<div class=\"e-con-inner\">\n\t\t\t\t<div class=\"elementor-element elementor-element-0cddac0 elementor-widget elementor-widget-text-editor\" data-id=\"0cddac0\" data-element_type=\"widget\" data-widget_type=\"text-editor.default\">\n\t\t\t\t<div class=\"elementor-widget-container\">\n\t\t\t\t\t\t\t<h4 style=\"text-align: center;\"><strong>RESOLUCIONES DEL TEI<\/strong><\/h4><ul><li><a href=\"https:\/\/www.agr.una.py\/wp\/wp-content\/uploads\/2024\/05\/Res.-01.pdf\">Resoluci\u00f3n N\u00b0 1<\/a><\/li><li><a href=\"https:\/\/www.agr.una.py\/wp\/wp-content\/uploads\/2024\/05\/Res.-02.pdf\">Resoluci\u00f3n N\u00b0 2<\/a><\/li><li><a href=\"https:\/\/www.agr.una.py\/wp\/wp-content\/uploads\/2024\/05\/Res.-03.pdf\">Resoluci\u00f3n N\u00b0 3<\/a><\/li><li><a href=\"https:\/\/www.agr.una.py\/wp\/wp-content\/uploads\/2024\/06\/Res.-04.pdf\">Resoluci\u00f3n N\u00b0 4<\/a><\/li><li><a href=\"https:\/\/www.agr.una.py\/wp\/wp-content\/uploads\/2024\/06\/Res.-05.pdf\">Resoluci\u00f3n N\u00b0 5<\/a><\/li><li><a href=\"https:\/\/www.agr.una.py\/wp\/wp-content\/uploads\/2024\/06\/Res.-06.pdf\">Resoluci\u00f3n N\u00b0 6<\/a><\/li><li><a href=\"https:\/\/www.agr.una.py\/wp\/wp-content\/uploads\/2024\/09\/Res.-07.pdf\">Resoluci\u00f3n N\u00b0 7<\/a><\/li><li><a href=\"https:\/\/www.agr.una.py\/wp\/wp-content\/uploads\/2024\/09\/Res.-08.pdf\">Resoluci\u00f3n N\u00b0 8<\/a><\/li><li><a href=\"https:\/\/www.agr.una.py\/wp\/wp-content\/uploads\/2024\/09\/Res.-09.pdf\">Resoluci\u00f3n N\u00b0 9<\/a><\/li><li><a href=\"https:\/\/www.agr.una.py\/wp\/wp-content\/uploads\/2024\/09\/Res.-10.pdf\">Resoluci\u00f3n N\u00b0 10<\/a><\/li><li><a href=\"https:\/\/www.agr.una.py\/wp\/wp-content\/uploads\/2024\/09\/Res.-11.pdf\">Resoluci\u00f3n N\u00b0 11<\/a><\/li><li><a href=\"https:\/\/www.agr.una.py\/wp\/wp-content\/uploads\/2024\/09\/Res.-12.pdf\">Resoluci\u00f3n N\u00b0 12<\/a><\/li><li><a href=\"https:\/\/www.agr.una.py\/wp\/wp-content\/uploads\/2024\/09\/13-2024-Tei.pdf\">Resoluci\u00f3n N\u00b0 13<\/a><\/li><li><a href=\"https:\/\/www.agr.una.py\/wp\/wp-content\/uploads\/2024\/09\/14-2024-Tei.pdf\">Resoluci\u00f3n N\u00b0 14<\/a><\/li><li><a href=\"https:\/\/www.agr.una.py\/wp\/wp-content\/uploads\/2024\/10\/Res.-15.pdf\">Resoluci\u00f3n N\u00b0 15<\/a><\/li><li><a href=\"https:\/\/www.agr.una.py\/wp\/wp-content\/uploads\/2024\/10\/Res.-16.pdf\">Resoluci\u00f3n N\u00b0 16<\/a><\/li><li><a href=\"https:\/\/www.agr.una.py\/wp\/wp-content\/uploads\/2024\/10\/Res.-17.pdf\">Resoluci\u00f3n N\u00b0 17<\/a><\/li><li><a href=\"https:\/\/www.agr.una.py\/wp\/wp-content\/uploads\/2024\/10\/Res.-18.pdf\">Resoluci\u00f3n N\u00b0 18<\/a><\/li><li><a href=\"https:\/\/www.agr.una.py\/wp\/wp-content\/uploads\/2024\/10\/Res.-19.pdf\">Resoluci\u00f3n N\u00b0 19<\/a><\/li><li><a href=\"https:\/\/www.agr.una.py\/wp\/wp-content\/uploads\/2024\/10\/Res.-20.pdf\">Resoluci\u00f3n N\u00b0 20<\/a><\/li><li><a href=\"https:\/\/www.agr.una.py\/wp\/wp-content\/uploads\/2024\/10\/21-2024-tei-04-10-2024-071820.pdf\">Resoluci\u00f3n N\u00b0 21<\/a><\/li><li><a href=\"https:\/\/www.agr.una.py\/wp\/wp-content\/uploads\/2024\/10\/22-2024-tei-04-10-2024-071855.pdf\">Resoluci\u00f3n N\u00b0 22<\/a><\/li><li><a href=\"https:\/\/www.agr.una.py\/wp\/wp-content\/uploads\/2024\/10\/23-2024-Tei-07-10-2024-104509.pdf\">Resoluci\u00f3n N\u00b0 23<\/a><\/li><li><a href=\"https:\/\/www.agr.una.py\/wp\/wp-content\/uploads\/2024\/10\/Res-24.pdf\">Resoluci\u00f3n N\u00b0 24<\/a><\/li><li><a href=\"https:\/\/www.agr.una.py\/wp\/wp-content\/uploads\/2024\/10\/25-2024-Tei.pdf\">Resoluci\u00f3n N\u00b0 25<\/a><\/li><\/ul>\t\t\t\t\t\t<\/div>\n\t\t\t\t<\/div>\n\t\t\t\t<div class=\"elementor-element elementor-element-0f98281 elementor-widget elementor-widget-text-editor\" data-id=\"0f98281\" data-element_type=\"widget\" data-widget_type=\"text-editor.default\">\n\t\t\t\t<div class=\"elementor-widget-container\">\n\t\t\t\t\t\t\t<h4 style=\"text-align: center;\">PADRONES ESTAMENTO <b>GRADUADOS<\/b><\/h4><ul><li><a href=\"https:\/\/www.agr.una.py\/wp\/wp-content\/uploads\/2024\/08\/matriz08-08-2024.pdf\">Casa Matriz<\/a><\/li><li><a href=\"https:\/\/www.agr.una.py\/wp\/wp-content\/uploads\/2024\/08\/pjc08-08-2024-153837.pdf\">Filial Pedro Juan Caballero<\/a><\/li><li><a href=\"https:\/\/www.agr.una.py\/wp\/wp-content\/uploads\/2024\/08\/spy08-08-2024-153951.pdf\">Filial San Pedro del Ycuamandyy\u00fa<\/a><\/li><li><a href=\"https:\/\/www.agr.una.py\/wp\/wp-content\/uploads\/2024\/08\/caaz08-08-2024-154058.pdf\">Filial Caazap\u00e1<\/a><\/li><li><a href=\"https:\/\/www.agr.una.py\/wp\/wp-content\/uploads\/2024\/08\/srm08-08-2024-154203.pdf\">Filial Santa Rosa Misiones<\/a><\/li><li><a href=\"https:\/\/www.agr.una.py\/wp\/wp-content\/uploads\/2024\/08\/chaco08-08-2024-154300.pdf\">Secci\u00f3n Chaco<\/a><\/li><\/ul>\t\t\t\t\t\t<\/div>\n\t\t\t\t<\/div>\n\t\t\t\t<div class=\"elementor-element elementor-element-91b0e32 elementor-widget elementor-widget-text-editor\" data-id=\"91b0e32\" data-element_type=\"widget\" data-widget_type=\"text-editor.default\">\n\t\t\t\t<div class=\"elementor-widget-container\">\n\t\t\t\t\t\t\t<h4 style=\"text-align: center;\">PADRONES ESTAMENTO <b>DOCENTE<\/b><\/h4><ul><li><a href=\"https:\/\/www.agr.una.py\/wp\/wp-content\/uploads\/2024\/08\/matriz08-08-2024-153524.pdf\">Casa Matriz<\/a><\/li><li><a href=\"https:\/\/www.agr.una.py\/wp\/wp-content\/uploads\/2024\/08\/pjc08-08-2024-153629.pdf\">Filial Pedro Juan Caballero<\/a><\/li><li><a href=\"https:\/\/www.agr.una.py\/wp\/wp-content\/uploads\/2024\/08\/spy08-08-2024-153656.pdf\">Filial San Pedro del Ycuamandyy\u00fa<\/a><\/li><li><a href=\"https:\/\/www.agr.una.py\/wp\/wp-content\/uploads\/2024\/08\/caaz08-08-2024-153715.pdf\">Filial Caazap\u00e1<\/a><\/li><li><a href=\"https:\/\/www.agr.una.py\/wp\/wp-content\/uploads\/2024\/08\/srm08-08-2024-153736.pdf\">Filial Santa Rosa Misiones<\/a><\/li><li><a href=\"https:\/\/www.agr.una.py\/wp\/wp-content\/uploads\/2024\/08\/chaco08-08-2024-153754.pdf\">Secci\u00f3n Chaco<\/a><\/li><\/ul>\t\t\t\t\t\t<\/div>\n\t\t\t\t<\/div>\n\t\t\t\t\t<\/div>\n\t\t\t\t<\/div>\n\t\t<div class=\"elementor-element elementor-element-e5a3444 e-grid e-con-boxed e-con e-parent\" data-id=\"e5a3444\" data-element_type=\"container\">\n\t\t\t\t\t<div class=\"e-con-inner\">\n\t\t\t\t<div class=\"elementor-element elementor-element-42d7d01 elementor-widget elementor-widget-text-editor\" data-id=\"42d7d01\" data-element_type=\"widget\" data-widget_type=\"text-editor.default\">\n\t\t\t\t<div class=\"elementor-widget-container\">\n\t\t\t\t\t\t\t<h4 style=\"text-align: center;\">TACHAS Y RECLAMOS<\/h4><ul><li><a href=\"https:\/\/www.agr.una.py\/wp\/wp-content\/uploads\/2024\/07\/nota-de-TACHA.docx\">Nota de Tacha<\/a><\/li><li><a href=\"https:\/\/www.agr.una.py\/wp\/wp-content\/uploads\/2024\/07\/nota-RECLAMO-POR-CI-O-NOMBRE-Y-APELLIDO.docx\">Nota reclamo por CI o Nombre y Apellido<\/a><\/li><li><a href=\"https:\/\/www.agr.una.py\/wp\/wp-content\/uploads\/2024\/07\/nota-RECLAMO-POR-NO-ESTAR-EN-EL-PADRON-GRADUADOS.docx\">Nota reclamo por no estar en el Padr\u00f3n Graduados<\/a><\/li><li><a href=\"https:\/\/www.agr.una.py\/wp\/wp-content\/uploads\/2024\/07\/nota-RECLAMO-POR-NO-ESTAR-EN-ELPADRON-DOCENTE.docx\">Nota reclamo por no estar en el Padr\u00f3n Docente<\/a><\/li><li><a href=\"https:\/\/www.agr.una.py\/wp\/wp-content\/uploads\/2024\/07\/nota-TRASLADO-DE-PADRON.docx\">Nota Traslado de Padr\u00f3n<\/a><\/li><\/ul>\t\t\t\t\t\t<\/div>\n\t\t\t\t<\/div>\n\t\t\t\t<div class=\"elementor-element elementor-element-03c1412 elementor-widget elementor-widget-text-editor\" data-id=\"03c1412\" data-element_type=\"widget\" data-widget_type=\"text-editor.default\">\n\t\t\t\t<div class=\"elementor-widget-container\">\n\t\t\t\t\t\t\t<h4 style=\"text-align: center;\">PRE-PADRONES ESTAMENTO <b>GRADUADOS<\/b><\/h4><ul><li><a href=\"https:\/\/www.agr.una.py\/wp\/wp-content\/uploads\/2024\/06\/1_CM_GRADUADOS.pdf\">Casa Matriz<\/a><\/li><li><a href=\"https:\/\/www.agr.una.py\/wp\/wp-content\/uploads\/2024\/06\/2_PJC_GRADUADOS.pdf\">Filial Pedro Juan Caballero<\/a><\/li><li><a href=\"https:\/\/www.agr.una.py\/wp\/wp-content\/uploads\/2024\/06\/3_SPY_GRADUADOS.pdf\">Filial San Pedro del Ycuamandyy\u00fa<\/a><\/li><li><a href=\"https:\/\/www.agr.una.py\/wp\/wp-content\/uploads\/2024\/06\/4_CAAZ_GRADUADOS.pdf\">Filial Caazap\u00e1<\/a><\/li><li><a href=\"https:\/\/www.agr.una.py\/wp\/wp-content\/uploads\/2024\/06\/5_SRM_GRADUADOS.pdf\">Filial Santa Rosa Misiones<\/a><\/li><li><a href=\"https:\/\/www.agr.una.py\/wp\/wp-content\/uploads\/2024\/06\/6_CH_GRADUADOS.pdf\">Secci\u00f3n Chaco<\/a><\/li><\/ul>\t\t\t\t\t\t<\/div>\n\t\t\t\t<\/div>\n\t\t\t\t<div class=\"elementor-element elementor-element-e654041 elementor-widget elementor-widget-text-editor\" data-id=\"e654041\" data-element_type=\"widget\" data-widget_type=\"text-editor.default\">\n\t\t\t\t<div class=\"elementor-widget-container\">\n\t\t\t\t\t\t\t<h4 style=\"text-align: center;\">PRE-PADRONES ESTAMENTO <b>DOCENTE<\/b><\/h4><ul><li><a href=\"https:\/\/www.agr.una.py\/wp\/wp-content\/uploads\/2024\/06\/1_CM_DOCENTE.pdf\">Casa Matriz<\/a><\/li><li><a href=\"https:\/\/www.agr.una.py\/wp\/wp-content\/uploads\/2024\/06\/2_PJC_DOCENTE.pdf\">Filial Pedro Juan Caballero<\/a><\/li><li><a href=\"https:\/\/www.agr.una.py\/wp\/wp-content\/uploads\/2024\/06\/3_SPY_DOCENTE.pdf\">Filial San Pedro del Ycuamandyy\u00fa<\/a><\/li><li><a href=\"https:\/\/www.agr.una.py\/wp\/wp-content\/uploads\/2024\/06\/4_CAAZ_DOCENTE.pdf\">Filial Caazap\u00e1<\/a><\/li><li><a href=\"https:\/\/www.agr.una.py\/wp\/wp-content\/uploads\/2024\/06\/5_SRM_DOCENTE.pdf\">Filial Santa Rosa Misiones<\/a><\/li><li><a href=\"https:\/\/www.agr.una.py\/wp\/wp-content\/uploads\/2024\/06\/6_CHACO_DOCENTE.pdf\">Secci\u00f3n Chaco<\/a><\/li><\/ul>\t\t\t\t\t\t<\/div>\n\t\t\t\t<\/div>\n\t\t\t\t\t<\/div>\n\t\t\t\t<\/div>\n\t\t\t\t<\/div>\n\t\t","protected":false},"excerpt":{"rendered":"<p>TRIBUNAL ELECTORAL INDEPENDIENTE 2024 RESULTADO VOTACI\u00d3N ESTAMENTO DOCENTE RESULTADO VOTACI\u00d3N ESTAMENTO GRADUADO PROFORMA DE NOTA PARA PRESENTACI\u00d3N DE CANDIDATURAS Y APODERADOS PROFORMA DE NOTA PARA PRESENTACI\u00d3N DE MIEMBROS DE MESA Y VEEDORES RESOLUCIONES DEL TEI Resoluci\u00f3n N\u00b0 1 Resoluci\u00f3n N\u00b0 2 Resoluci\u00f3n N\u00b0 3 Resoluci\u00f3n N\u00b0 4 Resoluci\u00f3n N\u00b0 5 Resoluci\u00f3n N\u00b0 6 Resoluci\u00f3n N\u00b0 [&hellip;]<\/p>\n","protected":false},"author":1,"featured_media":0,"parent":64,"menu_order":0,"comment_status":"closed","ping_status":"closed","template":"","meta":{"_themeisle_gutenberg_block_has_review":false,"footnotes":""},"class_list":["post-6653","page","type-page","status-publish","hentry"],"_links":{"self":[{"href":"https:\/\/www.agr.una.py\/wp\/index.php?rest_route=\/wp\/v2\/pages\/6653","targetHints":{"allow":["GET"]}}],"collection":[{"href":"https:\/\/www.agr.una.py\/wp\/index.php?rest_route=\/wp\/v2\/pages"}],"about":[{"href":"https:\/\/www.agr.una.py\/wp\/index.php?rest_route=\/wp\/v2\/types\/page"}],"author":[{"embeddable":true,"href":"https:\/\/www.agr.una.py\/wp\/index.php?rest_route=\/wp\/v2\/users\/1"}],"replies":[{"embeddable":true,"href":"https:\/\/www.agr.una.py\/wp\/index.php?rest_route=%2Fwp%2Fv2%2Fcomments&post=6653"}],"version-history":[{"count":107,"href":"https:\/\/www.agr.una.py\/wp\/index.php?rest_route=\/wp\/v2\/pages\/6653\/revisions"}],"predecessor-version":[{"id":11468,"href":"https:\/\/www.agr.una.py\/wp\/index.php?rest_route=\/wp\/v2\/pages\/6653\/revisions\/11468"}],"up":[{"embeddable":true,"href":"https:\/\/www.agr.una.py\/wp\/index.php?rest_route=\/wp\/v2\/pages\/64"}],"wp:attachment":[{"href":"https:\/\/www.agr.una.py\/wp\/index.php?rest_route=%2Fwp%2Fv2%2Fmedia&parent=6653"}],"curies":[{"name":"wp","href":"https:\/\/api.w.org\/{rel}","templated":true}]}}