{"id":6555,"date":"2024-04-26T11:34:25","date_gmt":"2024-04-26T14:34:25","guid":{"rendered":"https:\/\/www.agr.una.py\/wp\/?page_id=6555"},"modified":"2026-02-09T14:15:44","modified_gmt":"2026-02-09T17:15:44","slug":"tutoriales","status":"publish","type":"page","link":"https:\/\/www.agr.una.py\/wp\/?page_id=6555","title":{"rendered":"TUTORIALES DE USO"},"content":{"rendered":"\t\t<div data-elementor-type=\"wp-page\" data-elementor-id=\"6555\" class=\"elementor elementor-6555\">\n\t\t\t\t<div class=\"elementor-element elementor-element-01917ef e-flex e-con-boxed e-con e-parent\" data-id=\"01917ef\" data-element_type=\"container\">\n\t\t\t\t\t<div class=\"e-con-inner\">\n\t\t\t\t<div class=\"elementor-element elementor-element-b9d101a elementor-invisible elementor-widget elementor-widget-text-editor\" data-id=\"b9d101a\" data-element_type=\"widget\" data-settings=\"{&quot;_animation&quot;:&quot;fadeInLeft&quot;}\" data-widget_type=\"text-editor.default\">\n\t\t\t\t<div class=\"elementor-widget-container\">\n\t\t\t<style>\/*! elementor - v3.23.0 - 05-08-2024 *\/\n.elementor-widget-text-editor.elementor-drop-cap-view-stacked .elementor-drop-cap{background-color:#69727d;color:#fff}.elementor-widget-text-editor.elementor-drop-cap-view-framed .elementor-drop-cap{color:#69727d;border:3px solid;background-color:transparent}.elementor-widget-text-editor:not(.elementor-drop-cap-view-default) .elementor-drop-cap{margin-top:8px}.elementor-widget-text-editor:not(.elementor-drop-cap-view-default) .elementor-drop-cap-letter{width:1em;height:1em}.elementor-widget-text-editor .elementor-drop-cap{float:left;text-align:center;line-height:1;font-size:50px}.elementor-widget-text-editor .elementor-drop-cap-letter{display:inline-block}<\/style>\t\t\t\t<h2 style=\"text-align: center; color: #007a3e;\"><strong>TUTORIALES<\/strong><\/h2>\t\t\t\t\t\t<\/div>\n\t\t\t\t<\/div>\n\t\t\t\t\t<\/div>\n\t\t\t\t<\/div>\n\t\t<div class=\"elementor-element elementor-element-6e82517 e-flex e-con-boxed e-con e-parent\" data-id=\"6e82517\" data-element_type=\"container\">\n\t\t\t\t\t<div class=\"e-con-inner\">\n\t\t\t\t<div class=\"elementor-element elementor-element-180c1cc elementor-invisible elementor-widget elementor-widget-text-editor\" data-id=\"180c1cc\" data-element_type=\"widget\" data-settings=\"{&quot;_animation&quot;:&quot;fadeInLeft&quot;}\" data-widget_type=\"text-editor.default\">\n\t\t\t\t<div class=\"elementor-widget-container\">\n\t\t\t\t\t\t\t<center><hr style=\"height: 3px; width: 75%; color: #fc4c02; background-color: #fc4c02;\" \/><\/center>\t\t\t\t\t\t<\/div>\n\t\t\t\t<\/div>\n\t\t\t\t\t<\/div>\n\t\t\t\t<\/div>\n\t\t<div class=\"elementor-element elementor-element-83d10d2 e-flex e-con-boxed e-con e-parent\" data-id=\"83d10d2\" data-element_type=\"container\">\n\t\t\t\t\t<div class=\"e-con-inner\">\n\t\t\t\t<div class=\"elementor-element elementor-element-6569484 elementor-widget elementor-widget-spacer\" data-id=\"6569484\" data-element_type=\"widget\" data-widget_type=\"spacer.default\">\n\t\t\t\t<div class=\"elementor-widget-container\">\n\t\t\t<style>\/*! elementor - v3.23.0 - 05-08-2024 *\/\n.elementor-column .elementor-spacer-inner{height:var(--spacer-size)}.e-con{--container-widget-width:100%}.e-con-inner>.elementor-widget-spacer,.e-con>.elementor-widget-spacer{width:var(--container-widget-width,var(--spacer-size));--align-self:var(--container-widget-align-self,initial);--flex-shrink:0}.e-con-inner>.elementor-widget-spacer>.elementor-widget-container,.e-con>.elementor-widget-spacer>.elementor-widget-container{height:100%;width:100%}.e-con-inner>.elementor-widget-spacer>.elementor-widget-container>.elementor-spacer,.e-con>.elementor-widget-spacer>.elementor-widget-container>.elementor-spacer{height:100%}.e-con-inner>.elementor-widget-spacer>.elementor-widget-container>.elementor-spacer>.elementor-spacer-inner,.e-con>.elementor-widget-spacer>.elementor-widget-container>.elementor-spacer>.elementor-spacer-inner{height:var(--container-widget-height,var(--spacer-size))}.e-con-inner>.elementor-widget-spacer.elementor-widget-empty,.e-con>.elementor-widget-spacer.elementor-widget-empty{position:relative;min-height:22px;min-width:22px}.e-con-inner>.elementor-widget-spacer.elementor-widget-empty .elementor-widget-empty-icon,.e-con>.elementor-widget-spacer.elementor-widget-empty .elementor-widget-empty-icon{position:absolute;top:0;bottom:0;left:0;right:0;margin:auto;padding:0;width:22px;height:22px}<\/style>\t\t<div class=\"elementor-spacer\">\n\t\t\t<div class=\"elementor-spacer-inner\"><\/div>\n\t\t<\/div>\n\t\t\t\t<\/div>\n\t\t\t\t<\/div>\n\t\t\t\t\t<\/div>\n\t\t\t\t<\/div>\n\t\t<div class=\"elementor-element elementor-element-e136853 e-flex e-con-boxed e-con e-parent\" data-id=\"e136853\" data-element_type=\"container\">\n\t\t\t\t\t<div class=\"e-con-inner\">\n\t\t<div class=\"elementor-element elementor-element-7b1c4c4 e-con-full e-flex e-con e-child\" data-id=\"7b1c4c4\" data-element_type=\"container\">\n\t\t\t\t<div class=\"elementor-element elementor-element-74a382e elementor-widget elementor-widget-image\" data-id=\"74a382e\" data-element_type=\"widget\" data-widget_type=\"image.default\">\n\t\t\t\t<div class=\"elementor-widget-container\">\n\t\t\t<style>\/*! elementor - v3.23.0 - 05-08-2024 *\/\n.elementor-widget-image{text-align:center}.elementor-widget-image a{display:inline-block}.elementor-widget-image a img[src$=\".svg\"]{width:48px}.elementor-widget-image img{vertical-align:middle;display:inline-block}<\/style>\t\t\t\t\t\t\t\t\t\t\t<a href=\"http:\/\/www.cnc.una.py\/ealu2\/\">\n\t\t\t\t\t\t\t<img fetchpriority=\"high\" decoding=\"async\" width=\"317\" height=\"200\" src=\"https:\/\/www.agr.una.py\/wp\/wp-content\/uploads\/2022\/11\/ealu2.jpg\" class=\"attachment-large size-large wp-image-1238\" alt=\"\" srcset=\"https:\/\/www.agr.una.py\/wp\/wp-content\/uploads\/2022\/11\/ealu2.jpg 317w, https:\/\/www.agr.una.py\/wp\/wp-content\/uploads\/2022\/11\/ealu2-300x189.jpg 300w\" sizes=\"(max-width: 317px) 100vw, 317px\" \/>\t\t\t\t\t\t\t\t<\/a>\n\t\t\t\t\t\t\t\t\t\t\t\t\t<\/div>\n\t\t\t\t<\/div>\n\t\t\t\t<\/div>\n\t\t<div class=\"elementor-element elementor-element-bb10cbf e-con-full e-flex e-con e-child\" data-id=\"bb10cbf\" data-element_type=\"container\">\n\t\t\t\t<div class=\"elementor-element elementor-element-3aafd23 elementor-widget elementor-widget-image\" data-id=\"3aafd23\" data-element_type=\"widget\" data-widget_type=\"image.default\">\n\t\t\t\t<div class=\"elementor-widget-container\">\n\t\t\t\t\t\t\t\t\t\t\t\t\t\t<a href=\"https:\/\/tramites.una.py\/\">\n\t\t\t\t\t\t\t<img decoding=\"async\" width=\"317\" height=\"200\" src=\"https:\/\/www.agr.una.py\/wp\/wp-content\/uploads\/2023\/09\/etramite.jpg\" class=\"attachment-large size-large wp-image-2768\" alt=\"\" srcset=\"https:\/\/www.agr.una.py\/wp\/wp-content\/uploads\/2023\/09\/etramite.jpg 317w, https:\/\/www.agr.una.py\/wp\/wp-content\/uploads\/2023\/09\/etramite-300x189.jpg 300w\" sizes=\"(max-width: 317px) 100vw, 317px\" \/>\t\t\t\t\t\t\t\t<\/a>\n\t\t\t\t\t\t\t\t\t\t\t\t\t<\/div>\n\t\t\t\t<\/div>\n\t\t\t\t<\/div>\n\t\t<div class=\"elementor-element elementor-element-5f552d8 e-con-full e-flex e-con e-child\" data-id=\"5f552d8\" data-element_type=\"container\">\n\t\t\t\t<div class=\"elementor-element elementor-element-de53ee7 elementor-widget elementor-widget-image\" data-id=\"de53ee7\" data-element_type=\"widget\" data-widget_type=\"image.default\">\n\t\t\t\t<div class=\"elementor-widget-container\">\n\t\t\t\t\t\t\t\t\t\t\t\t\t\t<a href=\"http:\/\/www.cnc.una.py\/eprof\/\">\n\t\t\t\t\t\t\t<img decoding=\"async\" width=\"317\" height=\"195\" src=\"https:\/\/www.agr.una.py\/wp\/wp-content\/uploads\/2022\/11\/eprof2.jpg\" class=\"attachment-large size-large wp-image-1239\" alt=\"\" srcset=\"https:\/\/www.agr.una.py\/wp\/wp-content\/uploads\/2022\/11\/eprof2.jpg 317w, https:\/\/www.agr.una.py\/wp\/wp-content\/uploads\/2022\/11\/eprof2-300x185.jpg 300w\" sizes=\"(max-width: 317px) 100vw, 317px\" \/>\t\t\t\t\t\t\t\t<\/a>\n\t\t\t\t\t\t\t\t\t\t\t\t\t<\/div>\n\t\t\t\t<\/div>\n\t\t\t\t<\/div>\n\t\t\t\t\t<\/div>\n\t\t\t\t<\/div>\n\t\t<div class=\"elementor-element elementor-element-99cff6a e-flex e-con-boxed e-con e-parent\" data-id=\"99cff6a\" data-element_type=\"container\">\n\t\t\t\t\t<div class=\"e-con-inner\">\n\t\t<div class=\"elementor-element elementor-element-0f3ab29 e-con-full e-flex e-con e-child\" data-id=\"0f3ab29\" data-element_type=\"container\">\n\t\t\t\t<div class=\"elementor-element elementor-element-bcf835c elementor-widget elementor-widget-text-editor\" data-id=\"bcf835c\" data-element_type=\"widget\" data-widget_type=\"text-editor.default\">\n\t\t\t\t<div class=\"elementor-widget-container\">\n\t\t\t\t\t\t\t<ul><li><h6><a href=\"https:\/\/www.agr.una.py\/wp\/wp-content\/uploads\/2026\/02\/Matriculacion-sin-beneficio-de-arancel-cero-2026.mp4\">TUTORIAL DE MATRICULACI\u00d3N SIN BENEFICIO DE ARANCEL CERO<\/a><\/h6><\/li><li><h6><a href=\"https:\/\/www.agr.una.py\/wp\/wp-content\/uploads\/2026\/02\/Matriculacion-con-beneficio-de-arancel-cero-2026.mp4\"><strong>TUTORIAL DE MATRICULACI\u00d3N CON BENEFICIO DE ARANCEL CERO<\/strong><\/a><\/h6><\/li><li><h6><strong><a href=\"https:\/\/www.agr.una.py\/wp\/wp-content\/uploads\/2026\/02\/Medios-de-pago-Sede-Central-y-Filiales-2026.mp4\">TUTORIAL MEDIOS DE PAGO DE MATRICULACI\u00d3N<\/a>\u00a0<\/strong><\/h6><\/li><li><h6><strong><a href=\"https:\/\/www.agr.una.py\/wp\/wp-content\/uploads\/2024\/05\/Evaluacion-Docente-2023.mp4\">EVALUACI\u00d3N DOCENTE<\/a><\/strong><\/h6><\/li><\/ul>\t\t\t\t\t\t<\/div>\n\t\t\t\t<\/div>\n\t\t\t\t<\/div>\n\t\t<div class=\"elementor-element elementor-element-a61c5a3 e-con-full e-flex e-con e-child\" data-id=\"a61c5a3\" data-element_type=\"container\">\n\t\t\t\t<div class=\"elementor-element elementor-element-3affa67 elementor-widget elementor-widget-text-editor\" data-id=\"3affa67\" data-element_type=\"widget\" data-widget_type=\"text-editor.default\">\n\t\t\t\t<div class=\"elementor-widget-container\">\n\t\t\t\t\t\t\t<ul><li><h6><a href=\"https:\/\/www.agr.una.py\/wp\/wp-content\/uploads\/2024\/05\/Instructivo-E-tramite.pdf\">INSTRUCTIVO e-TR\u00c1MIT<strong>E<\/strong><\/a><\/h6><\/li><\/ul>\t\t\t\t\t\t<\/div>\n\t\t\t\t<\/div>\n\t\t\t\t<\/div>\n\t\t<div class=\"elementor-element elementor-element-c2fa43a e-con-full e-flex e-con e-child\" data-id=\"c2fa43a\" data-element_type=\"container\">\n\t\t\t\t<div class=\"elementor-element elementor-element-81dced8 elementor-widget elementor-widget-text-editor\" data-id=\"81dced8\" data-element_type=\"widget\" data-widget_type=\"text-editor.default\">\n\t\t\t\t<div class=\"elementor-widget-container\">\n\t\t\t\t\t\t\t<ul><li><h6><strong><a href=\"https:\/\/www.agr.una.py\/wp\/wp-content\/uploads\/2024\/05\/Autoevaluacion-docente-2023.mp4\">AUTOEVALUACI\u00d3N DOCENTE<\/a><\/strong><\/h6><\/li><li><h6><a href=\"https:\/\/www.agr.una.py\/wp\/wp-content\/uploads\/2024\/05\/Planeamiento-del-EProf.mp4\">CARGA DE PLANEAMIENTO ACAD\u00c9MICO<\/a><\/h6><\/li><li><h6><strong><a href=\"https:\/\/www.agr.una.py\/wp\/wp-content\/uploads\/2024\/05\/Tutorial-Eprof-libro-de-catedra.mp4\">REGISTRO DEL LIBRO DE C\u00c1TEDRA<\/a><\/strong><\/h6><\/li><\/ul>\t\t\t\t\t\t<\/div>\n\t\t\t\t<\/div>\n\t\t\t\t<\/div>\n\t\t\t\t\t<\/div>\n\t\t\t\t<\/div>\n\t\t\t\t<\/div>\n\t\t","protected":false},"excerpt":{"rendered":"<p>TUTORIALES TUTORIAL DE MATRICULACI\u00d3N SIN BENEFICIO DE ARANCEL CERO TUTORIAL DE MATRICULACI\u00d3N CON BENEFICIO DE ARANCEL CERO TUTORIAL MEDIOS DE PAGO DE MATRICULACI\u00d3N\u00a0 EVALUACI\u00d3N DOCENTE INSTRUCTIVO e-TR\u00c1MITE AUTOEVALUACI\u00d3N DOCENTE CARGA DE PLANEAMIENTO ACAD\u00c9MICO REGISTRO DEL LIBRO DE C\u00c1TEDRA<\/p>\n","protected":false},"author":1,"featured_media":0,"parent":1165,"menu_order":0,"comment_status":"closed","ping_status":"closed","template":"","meta":{"_themeisle_gutenberg_block_has_review":false,"footnotes":""},"class_list":["post-6555","page","type-page","status-publish","hentry"],"_links":{"self":[{"href":"https:\/\/www.agr.una.py\/wp\/index.php?rest_route=\/wp\/v2\/pages\/6555","targetHints":{"allow":["GET"]}}],"collection":[{"href":"https:\/\/www.agr.una.py\/wp\/index.php?rest_route=\/wp\/v2\/pages"}],"about":[{"href":"https:\/\/www.agr.una.py\/wp\/index.php?rest_route=\/wp\/v2\/types\/page"}],"author":[{"embeddable":true,"href":"https:\/\/www.agr.una.py\/wp\/index.php?rest_route=\/wp\/v2\/users\/1"}],"replies":[{"embeddable":true,"href":"https:\/\/www.agr.una.py\/wp\/index.php?rest_route=%2Fwp%2Fv2%2Fcomments&post=6555"}],"version-history":[{"count":35,"href":"https:\/\/www.agr.una.py\/wp\/index.php?rest_route=\/wp\/v2\/pages\/6555\/revisions"}],"predecessor-version":[{"id":14402,"href":"https:\/\/www.agr.una.py\/wp\/index.php?rest_route=\/wp\/v2\/pages\/6555\/revisions\/14402"}],"up":[{"embeddable":true,"href":"https:\/\/www.agr.una.py\/wp\/index.php?rest_route=\/wp\/v2\/pages\/1165"}],"wp:attachment":[{"href":"https:\/\/www.agr.una.py\/wp\/index.php?rest_route=%2Fwp%2Fv2%2Fmedia&parent=6555"}],"curies":[{"name":"wp","href":"https:\/\/api.w.org\/{rel}","templated":true}]}}