{"id":5497,"date":"2023-11-22T11:08:08","date_gmt":"2023-11-22T14:08:08","guid":{"rendered":"https:\/\/www.agr.una.py\/wp\/?page_id=5497"},"modified":"2024-02-28T08:48:10","modified_gmt":"2024-02-28T11:48:10","slug":"documentos-y-formularios-2","status":"publish","type":"page","link":"https:\/\/www.agr.una.py\/wp\/?page_id=5497","title":{"rendered":"Documentos y Formularios"},"content":{"rendered":"\t\t<div data-elementor-type=\"wp-page\" data-elementor-id=\"5497\" class=\"elementor elementor-5497\">\n\t\t\t\t<div class=\"elementor-element elementor-element-0385d5a e-flex e-con-boxed e-con e-parent\" data-id=\"0385d5a\" data-element_type=\"container\">\n\t\t\t\t\t<div class=\"e-con-inner\">\n\t\t\t\t<div class=\"elementor-element elementor-element-5465205 elementor-invisible elementor-widget elementor-widget-text-editor\" data-id=\"5465205\" data-element_type=\"widget\" data-settings=\"{&quot;_animation&quot;:&quot;fadeInLeft&quot;}\" data-widget_type=\"text-editor.default\">\n\t\t\t\t<div class=\"elementor-widget-container\">\n\t\t\t<style>\/*! elementor - v3.23.0 - 05-08-2024 *\/\n.elementor-widget-text-editor.elementor-drop-cap-view-stacked .elementor-drop-cap{background-color:#69727d;color:#fff}.elementor-widget-text-editor.elementor-drop-cap-view-framed .elementor-drop-cap{color:#69727d;border:3px solid;background-color:transparent}.elementor-widget-text-editor:not(.elementor-drop-cap-view-default) .elementor-drop-cap{margin-top:8px}.elementor-widget-text-editor:not(.elementor-drop-cap-view-default) .elementor-drop-cap-letter{width:1em;height:1em}.elementor-widget-text-editor .elementor-drop-cap{float:left;text-align:center;line-height:1;font-size:50px}.elementor-widget-text-editor .elementor-drop-cap-letter{display:inline-block}<\/style>\t\t\t\t<h2 style=\"text-align: center; color: #007a3e;\">DOCUMENTOS Y FORMULARIOS<\/h2>\t\t\t\t\t\t<\/div>\n\t\t\t\t<\/div>\n\t\t\t\t\t<\/div>\n\t\t\t\t<\/div>\n\t\t<div class=\"elementor-element elementor-element-3f89dc9 e-flex e-con-boxed e-con e-parent\" data-id=\"3f89dc9\" data-element_type=\"container\">\n\t\t\t\t\t<div class=\"e-con-inner\">\n\t\t\t\t<div class=\"elementor-element elementor-element-766da34 elementor-invisible elementor-widget elementor-widget-text-editor\" data-id=\"766da34\" data-element_type=\"widget\" data-settings=\"{&quot;_animation&quot;:&quot;fadeInLeft&quot;}\" data-widget_type=\"text-editor.default\">\n\t\t\t\t<div class=\"elementor-widget-container\">\n\t\t\t\t\t\t\t&nbsp;\n\n<center><hr style=\"height: 3px; width: 70%; color: #fc4c02; background-color: #fc4c02;\" \/><\/center>\n\n&nbsp;\t\t\t\t\t\t<\/div>\n\t\t\t\t<\/div>\n\t\t\t\t\t<\/div>\n\t\t\t\t<\/div>\n\t\t<div class=\"elementor-element elementor-element-33ec725 e-flex e-con-boxed e-con e-parent\" data-id=\"33ec725\" data-element_type=\"container\">\n\t\t\t\t\t<div class=\"e-con-inner\">\n\t\t\t\t<div class=\"elementor-element elementor-element-89ce652 elementor-widget elementor-widget-spacer\" data-id=\"89ce652\" data-element_type=\"widget\" data-widget_type=\"spacer.default\">\n\t\t\t\t<div class=\"elementor-widget-container\">\n\t\t\t<style>\/*! elementor - v3.23.0 - 05-08-2024 *\/\n.elementor-column .elementor-spacer-inner{height:var(--spacer-size)}.e-con{--container-widget-width:100%}.e-con-inner>.elementor-widget-spacer,.e-con>.elementor-widget-spacer{width:var(--container-widget-width,var(--spacer-size));--align-self:var(--container-widget-align-self,initial);--flex-shrink:0}.e-con-inner>.elementor-widget-spacer>.elementor-widget-container,.e-con>.elementor-widget-spacer>.elementor-widget-container{height:100%;width:100%}.e-con-inner>.elementor-widget-spacer>.elementor-widget-container>.elementor-spacer,.e-con>.elementor-widget-spacer>.elementor-widget-container>.elementor-spacer{height:100%}.e-con-inner>.elementor-widget-spacer>.elementor-widget-container>.elementor-spacer>.elementor-spacer-inner,.e-con>.elementor-widget-spacer>.elementor-widget-container>.elementor-spacer>.elementor-spacer-inner{height:var(--container-widget-height,var(--spacer-size))}.e-con-inner>.elementor-widget-spacer.elementor-widget-empty,.e-con>.elementor-widget-spacer.elementor-widget-empty{position:relative;min-height:22px;min-width:22px}.e-con-inner>.elementor-widget-spacer.elementor-widget-empty .elementor-widget-empty-icon,.e-con>.elementor-widget-spacer.elementor-widget-empty .elementor-widget-empty-icon{position:absolute;top:0;bottom:0;left:0;right:0;margin:auto;padding:0;width:22px;height:22px}<\/style>\t\t<div class=\"elementor-spacer\">\n\t\t\t<div class=\"elementor-spacer-inner\"><\/div>\n\t\t<\/div>\n\t\t\t\t<\/div>\n\t\t\t\t<\/div>\n\t\t\t\t\t<\/div>\n\t\t\t\t<\/div>\n\t\t<div class=\"elementor-element elementor-element-0c0ec44 e-flex e-con-boxed e-con e-parent\" data-id=\"0c0ec44\" data-element_type=\"container\">\n\t\t\t\t\t<div class=\"e-con-inner\">\n\t\t\t\t<div class=\"elementor-element elementor-element-7435b79 elementor-widget elementor-widget-text-editor\" data-id=\"7435b79\" data-element_type=\"widget\" data-widget_type=\"text-editor.default\">\n\t\t\t\t<div class=\"elementor-widget-container\">\n\t\t\t\t\t\t\t<p><a href=\"descargas\/investigacion\/reglamento.pdf\">REGLAMENTO PARA REGISTROS DE PROYECTOS INSTITUCIONALES (.pdf)<\/a><\/p><p><a href=\"descargas\/investigacion\/resolucion.pdf\">RESOLUCI\u00d3N QUE APRUEBA REGISTRO DE PROYECTOS DE INVESTIGACI\u00d3N Y EL FORMATO DE INFORME FINAL DE PROYECTOS DE INVESTIGACI\u00d3N (.pdf)<\/a><\/p><p><a href=\"descargas\/investigacion\/modelo_de_nota_de_presentacion.docx\">NOTA PARA PRESENTACI\u00d3N DE PROYECTOS (.docx)<\/a><\/p><p><a href=\"descargas\/investigacion\/formulario_para_registro_de_propuestas_de_proyectos.docx\">FORMULARIO PARA REGISTRO DE PROPUESTAS DE PROYECTOS DE INVESTIGACION (.docx)<\/a><\/p><p><a href=\"descargas\/investigacion\/formulario_registro_proyectos.docx\">FORMULARIO PARA REGISTRO DE PROYECTOS DE INVESTIGACI\u00d3N CON ENTIDADES EXTERNAS (.docx)<\/a><\/p><p><a href=\"descargas\/investigacion\/resolucion1.pdf\">RESOLUCI\u00d3N QUE APRUEBA EL FORMULARIO DE REGISTRO DE GRUPOS DE INVESTIGACI\u00d3N DE LA FCA\/UNA (.pdf)<\/a><\/p><p><a href=\"descargas\/investigacion\/carta_de_acuerdo_investigador_asociado.docx\">CARTA DE ACUERDO INVESTIGADOR ASOCIADO (.docx)<\/a><\/p><p><a href=\"descargas\/investigacion\/carta_de_entendimiento_modelo.docx\">CARTA DE ENTENDIMIENTO (MODELO) (.docx)<\/a><\/p><p><strong>REGISTRO DE TESIS<\/strong><\/p><p><a href=\"descargas\/investigacion\/formularios_para_registro_de_tesis.doc\">FORMULARIOS PARA REGISTRO DE TESIS (.doc)<\/a><\/p><p><strong>ENSAYOS DE EFICACIA AGRON\u00d3MICA<\/strong><\/p><p><a href=\"descargas\/investigacion\/eficacia_agronomica.zip\">EXPERIMENTO COMPARATIVO DE EFICACIA AGRON\u00d3MICA (.zip)<\/a><\/p>\t\t\t\t\t\t<\/div>\n\t\t\t\t<\/div>\n\t\t\t\t\t<\/div>\n\t\t\t\t<\/div>\n\t\t\t\t<\/div>\n\t\t","protected":false},"excerpt":{"rendered":"<p>DOCUMENTOS Y FORMULARIOS &nbsp; &nbsp; REGLAMENTO PARA REGISTROS DE PROYECTOS INSTITUCIONALES (.pdf) RESOLUCI\u00d3N QUE APRUEBA REGISTRO DE PROYECTOS DE INVESTIGACI\u00d3N Y EL FORMATO DE INFORME FINAL DE PROYECTOS DE INVESTIGACI\u00d3N (.pdf) NOTA PARA PRESENTACI\u00d3N DE PROYECTOS (.docx) FORMULARIO PARA REGISTRO DE PROPUESTAS DE PROYECTOS DE INVESTIGACION (.docx) FORMULARIO PARA REGISTRO DE PROYECTOS DE INVESTIGACI\u00d3N CON [&hellip;]<\/p>\n","protected":false},"author":1,"featured_media":0,"parent":91,"menu_order":0,"comment_status":"closed","ping_status":"closed","template":"","meta":{"_themeisle_gutenberg_block_has_review":false,"footnotes":""},"class_list":["post-5497","page","type-page","status-publish","hentry"],"_links":{"self":[{"href":"https:\/\/www.agr.una.py\/wp\/index.php?rest_route=\/wp\/v2\/pages\/5497","targetHints":{"allow":["GET"]}}],"collection":[{"href":"https:\/\/www.agr.una.py\/wp\/index.php?rest_route=\/wp\/v2\/pages"}],"about":[{"href":"https:\/\/www.agr.una.py\/wp\/index.php?rest_route=\/wp\/v2\/types\/page"}],"author":[{"embeddable":true,"href":"https:\/\/www.agr.una.py\/wp\/index.php?rest_route=\/wp\/v2\/users\/1"}],"replies":[{"embeddable":true,"href":"https:\/\/www.agr.una.py\/wp\/index.php?rest_route=%2Fwp%2Fv2%2Fcomments&post=5497"}],"version-history":[{"count":25,"href":"https:\/\/www.agr.una.py\/wp\/index.php?rest_route=\/wp\/v2\/pages\/5497\/revisions"}],"predecessor-version":[{"id":6060,"href":"https:\/\/www.agr.una.py\/wp\/index.php?rest_route=\/wp\/v2\/pages\/5497\/revisions\/6060"}],"up":[{"embeddable":true,"href":"https:\/\/www.agr.una.py\/wp\/index.php?rest_route=\/wp\/v2\/pages\/91"}],"wp:attachment":[{"href":"https:\/\/www.agr.una.py\/wp\/index.php?rest_route=%2Fwp%2Fv2%2Fmedia&parent=5497"}],"curies":[{"name":"wp","href":"https:\/\/api.w.org\/{rel}","templated":true}]}}