{"id":4345,"date":"2023-10-11T16:36:40","date_gmt":"2023-10-11T19:36:40","guid":{"rendered":"https:\/\/www.agr.una.py\/wp\/?page_id=4345"},"modified":"2023-10-11T16:42:03","modified_gmt":"2023-10-11T19:42:03","slug":"historicos-de-proyectos-de-extension-de-2017-2021","status":"publish","type":"page","link":"https:\/\/www.agr.una.py\/wp\/?page_id=4345","title":{"rendered":"Hist\u00f3ricos de Proyectos de Extensi\u00f3n de 2017 &#8211; 2021"},"content":{"rendered":"\t\t<div data-elementor-type=\"wp-page\" data-elementor-id=\"4345\" class=\"elementor elementor-4345\">\n\t\t\t\t<div class=\"elementor-element elementor-element-c0d24d7 e-flex e-con-boxed e-con e-parent\" data-id=\"c0d24d7\" data-element_type=\"container\">\n\t\t\t\t\t<div class=\"e-con-inner\">\n\t\t\t\t<div class=\"elementor-element elementor-element-198b94b elementor-invisible elementor-widget elementor-widget-text-editor\" data-id=\"198b94b\" data-element_type=\"widget\" data-settings=\"{&quot;_animation&quot;:&quot;fadeInLeft&quot;}\" data-widget_type=\"text-editor.default\">\n\t\t\t\t<div class=\"elementor-widget-container\">\n\t\t\t<style>\/*! elementor - v3.23.0 - 05-08-2024 *\/\n.elementor-widget-text-editor.elementor-drop-cap-view-stacked .elementor-drop-cap{background-color:#69727d;color:#fff}.elementor-widget-text-editor.elementor-drop-cap-view-framed .elementor-drop-cap{color:#69727d;border:3px solid;background-color:transparent}.elementor-widget-text-editor:not(.elementor-drop-cap-view-default) .elementor-drop-cap{margin-top:8px}.elementor-widget-text-editor:not(.elementor-drop-cap-view-default) .elementor-drop-cap-letter{width:1em;height:1em}.elementor-widget-text-editor .elementor-drop-cap{float:left;text-align:center;line-height:1;font-size:50px}.elementor-widget-text-editor .elementor-drop-cap-letter{display:inline-block}<\/style>\t\t\t\t<h2 style=\"text-align: center; color: #007a3e;\"><strong>HIST\u00d3RICOS DE PROYECTOS DE EXTENSI\u00d3N DE 2017 &#8211; 2021<\/strong><\/h2>\t\t\t\t\t\t<\/div>\n\t\t\t\t<\/div>\n\t\t\t\t\t<\/div>\n\t\t\t\t<\/div>\n\t\t<div class=\"elementor-element elementor-element-37d21ee e-flex e-con-boxed e-con e-parent\" data-id=\"37d21ee\" data-element_type=\"container\">\n\t\t\t\t\t<div class=\"e-con-inner\">\n\t\t\t\t<div class=\"elementor-element elementor-element-dd37115 elementor-invisible elementor-widget elementor-widget-text-editor\" data-id=\"dd37115\" data-element_type=\"widget\" data-settings=\"{&quot;_animation&quot;:&quot;fadeInLeft&quot;}\" data-widget_type=\"text-editor.default\">\n\t\t\t\t<div class=\"elementor-widget-container\">\n\t\t\t\t\t\t\t<center><hr style=\"height: 3px; width: 75%; color: #fc4c02; background-color: #fc4c02;\" \/><\/center>\t\t\t\t\t\t<\/div>\n\t\t\t\t<\/div>\n\t\t\t\t\t<\/div>\n\t\t\t\t<\/div>\n\t\t<div class=\"elementor-element elementor-element-b787bb6 e-flex e-con-boxed e-con e-parent\" data-id=\"b787bb6\" data-element_type=\"container\">\n\t\t\t\t\t<div class=\"e-con-inner\">\n\t\t\t\t<div class=\"elementor-element elementor-element-078149f elementor-widget elementor-widget-spacer\" data-id=\"078149f\" data-element_type=\"widget\" data-widget_type=\"spacer.default\">\n\t\t\t\t<div class=\"elementor-widget-container\">\n\t\t\t<style>\/*! elementor - v3.23.0 - 05-08-2024 *\/\n.elementor-column .elementor-spacer-inner{height:var(--spacer-size)}.e-con{--container-widget-width:100%}.e-con-inner>.elementor-widget-spacer,.e-con>.elementor-widget-spacer{width:var(--container-widget-width,var(--spacer-size));--align-self:var(--container-widget-align-self,initial);--flex-shrink:0}.e-con-inner>.elementor-widget-spacer>.elementor-widget-container,.e-con>.elementor-widget-spacer>.elementor-widget-container{height:100%;width:100%}.e-con-inner>.elementor-widget-spacer>.elementor-widget-container>.elementor-spacer,.e-con>.elementor-widget-spacer>.elementor-widget-container>.elementor-spacer{height:100%}.e-con-inner>.elementor-widget-spacer>.elementor-widget-container>.elementor-spacer>.elementor-spacer-inner,.e-con>.elementor-widget-spacer>.elementor-widget-container>.elementor-spacer>.elementor-spacer-inner{height:var(--container-widget-height,var(--spacer-size))}.e-con-inner>.elementor-widget-spacer.elementor-widget-empty,.e-con>.elementor-widget-spacer.elementor-widget-empty{position:relative;min-height:22px;min-width:22px}.e-con-inner>.elementor-widget-spacer.elementor-widget-empty .elementor-widget-empty-icon,.e-con>.elementor-widget-spacer.elementor-widget-empty .elementor-widget-empty-icon{position:absolute;top:0;bottom:0;left:0;right:0;margin:auto;padding:0;width:22px;height:22px}<\/style>\t\t<div class=\"elementor-spacer\">\n\t\t\t<div class=\"elementor-spacer-inner\"><\/div>\n\t\t<\/div>\n\t\t\t\t<\/div>\n\t\t\t\t<\/div>\n\t\t\t\t\t<\/div>\n\t\t\t\t<\/div>\n\t\t<div class=\"elementor-element elementor-element-f4a0e3f e-flex e-con-boxed e-con e-parent\" data-id=\"f4a0e3f\" data-element_type=\"container\">\n\t\t\t\t\t<div class=\"e-con-inner\">\n\t\t\t\t<div class=\"elementor-element elementor-element-1c1f2e0 elementor-widget elementor-widget-text-editor\" data-id=\"1c1f2e0\" data-element_type=\"widget\" data-widget_type=\"text-editor.default\">\n\t\t\t\t<div class=\"elementor-widget-container\">\n\t\t\t\t\t\t\t<ul><li style=\"list-style-type: none;\"><ul><li style=\"list-style-type: none;\"><ul><li style=\"list-style-type: none;\"><ul><li><a href=\"https:\/\/www.agr.una.py\/wp\/wp-content\/uploads\/2023\/10\/actividad_de_extension_2021.pdf\">Proyecto de extensi\u00f3n 2021<\/a><\/li><li><a href=\"https:\/\/www.agr.una.py\/wp\/wp-content\/uploads\/2023\/10\/actividad_de_extension_2020.pdf\">Proyecto de extensi\u00f3n 2020<\/a><\/li><li><a href=\"https:\/\/www.agr.una.py\/wp\/wp-content\/uploads\/2023\/10\/actividad_de_extension_2019.pdf\">Proyecto de extensi\u00f3n 2019<\/a><\/li><li><a href=\"https:\/\/www.agr.una.py\/wp\/wp-content\/uploads\/2023\/10\/actividad_de_extension_2018.pdf\">Proyecto de extensi\u00f3n 2018<\/a><\/li><li><a href=\"https:\/\/www.agr.una.py\/wp\/wp-content\/uploads\/2023\/10\/actividad_de_extension_2017.pdf\">Proyecto de extensi\u00f3n 2017<\/a><\/li><\/ul><\/li><\/ul><\/li><\/ul><\/li><\/ul>\t\t\t\t\t\t<\/div>\n\t\t\t\t<\/div>\n\t\t\t\t\t<\/div>\n\t\t\t\t<\/div>\n\t\t\t\t<\/div>\n\t\t","protected":false},"excerpt":{"rendered":"<p>HIST\u00d3RICOS DE PROYECTOS DE EXTENSI\u00d3N DE 2017 &#8211; 2021 Proyecto de extensi\u00f3n 2021 Proyecto de extensi\u00f3n 2020 Proyecto de extensi\u00f3n 2019 Proyecto de extensi\u00f3n 2018 Proyecto de extensi\u00f3n 2017<\/p>\n","protected":false},"author":1,"featured_media":0,"parent":3662,"menu_order":0,"comment_status":"closed","ping_status":"closed","template":"","meta":{"_themeisle_gutenberg_block_has_review":false,"footnotes":""},"class_list":["post-4345","page","type-page","status-publish","hentry"],"_links":{"self":[{"href":"https:\/\/www.agr.una.py\/wp\/index.php?rest_route=\/wp\/v2\/pages\/4345","targetHints":{"allow":["GET"]}}],"collection":[{"href":"https:\/\/www.agr.una.py\/wp\/index.php?rest_route=\/wp\/v2\/pages"}],"about":[{"href":"https:\/\/www.agr.una.py\/wp\/index.php?rest_route=\/wp\/v2\/types\/page"}],"author":[{"embeddable":true,"href":"https:\/\/www.agr.una.py\/wp\/index.php?rest_route=\/wp\/v2\/users\/1"}],"replies":[{"embeddable":true,"href":"https:\/\/www.agr.una.py\/wp\/index.php?rest_route=%2Fwp%2Fv2%2Fcomments&post=4345"}],"version-history":[{"count":13,"href":"https:\/\/www.agr.una.py\/wp\/index.php?rest_route=\/wp\/v2\/pages\/4345\/revisions"}],"predecessor-version":[{"id":4366,"href":"https:\/\/www.agr.una.py\/wp\/index.php?rest_route=\/wp\/v2\/pages\/4345\/revisions\/4366"}],"up":[{"embeddable":true,"href":"https:\/\/www.agr.una.py\/wp\/index.php?rest_route=\/wp\/v2\/pages\/3662"}],"wp:attachment":[{"href":"https:\/\/www.agr.una.py\/wp\/index.php?rest_route=%2Fwp%2Fv2%2Fmedia&parent=4345"}],"curies":[{"name":"wp","href":"https:\/\/api.w.org\/{rel}","templated":true}]}}