{"id":4019,"date":"2023-10-09T20:17:26","date_gmt":"2023-10-09T23:17:26","guid":{"rendered":"https:\/\/www.agr.una.py\/wp\/?page_id=4019"},"modified":"2025-11-05T19:41:00","modified_gmt":"2025-11-05T22:41:00","slug":"concurso-externo","status":"publish","type":"page","link":"https:\/\/www.agr.una.py\/wp\/?page_id=4019","title":{"rendered":"Concurso Externo"},"content":{"rendered":"\t\t<div data-elementor-type=\"wp-page\" data-elementor-id=\"4019\" class=\"elementor elementor-4019\">\n\t\t\t\t<div class=\"elementor-element elementor-element-ef2dc67 e-flex e-con-boxed e-con e-parent\" data-id=\"ef2dc67\" data-element_type=\"container\">\n\t\t\t\t\t<div class=\"e-con-inner\">\n\t\t\t\t<div class=\"elementor-element elementor-element-d704d07 elementor-invisible elementor-widget elementor-widget-text-editor\" data-id=\"d704d07\" data-element_type=\"widget\" data-settings=\"{&quot;_animation&quot;:&quot;fadeInLeft&quot;}\" data-widget_type=\"text-editor.default\">\n\t\t\t\t<div class=\"elementor-widget-container\">\n\t\t\t<style>\/*! elementor - v3.23.0 - 05-08-2024 *\/\n.elementor-widget-text-editor.elementor-drop-cap-view-stacked .elementor-drop-cap{background-color:#69727d;color:#fff}.elementor-widget-text-editor.elementor-drop-cap-view-framed .elementor-drop-cap{color:#69727d;border:3px solid;background-color:transparent}.elementor-widget-text-editor:not(.elementor-drop-cap-view-default) .elementor-drop-cap{margin-top:8px}.elementor-widget-text-editor:not(.elementor-drop-cap-view-default) .elementor-drop-cap-letter{width:1em;height:1em}.elementor-widget-text-editor .elementor-drop-cap{float:left;text-align:center;line-height:1;font-size:50px}.elementor-widget-text-editor .elementor-drop-cap-letter{display:inline-block}<\/style>\t\t\t\t<h2 style=\"text-align: center; color: #007a3e;\"><strong>CONCURSO EXTERNO<\/strong><\/h2>\t\t\t\t\t\t<\/div>\n\t\t\t\t<\/div>\n\t\t\t\t\t<\/div>\n\t\t\t\t<\/div>\n\t\t<div class=\"elementor-element elementor-element-df453d8 e-flex e-con-boxed e-con e-parent\" data-id=\"df453d8\" data-element_type=\"container\">\n\t\t\t\t\t<div class=\"e-con-inner\">\n\t\t\t\t<div class=\"elementor-element elementor-element-668434d elementor-invisible elementor-widget elementor-widget-text-editor\" data-id=\"668434d\" data-element_type=\"widget\" data-settings=\"{&quot;_animation&quot;:&quot;fadeInLeft&quot;}\" data-widget_type=\"text-editor.default\">\n\t\t\t\t<div class=\"elementor-widget-container\">\n\t\t\t\t\t\t\t<center><hr style=\"height: 3px; width: 75%; color: #fc4c02; background-color: #fc4c02;\" \/><\/center>\t\t\t\t\t\t<\/div>\n\t\t\t\t<\/div>\n\t\t\t\t\t<\/div>\n\t\t\t\t<\/div>\n\t\t<div class=\"elementor-element elementor-element-e05a830 e-flex e-con-boxed e-con e-parent\" data-id=\"e05a830\" data-element_type=\"container\">\n\t\t\t\t\t<div class=\"e-con-inner\">\n\t\t\t\t<div class=\"elementor-element elementor-element-1e9b590 elementor-widget elementor-widget-spacer\" data-id=\"1e9b590\" data-element_type=\"widget\" data-widget_type=\"spacer.default\">\n\t\t\t\t<div class=\"elementor-widget-container\">\n\t\t\t<style>\/*! elementor - v3.23.0 - 05-08-2024 *\/\n.elementor-column .elementor-spacer-inner{height:var(--spacer-size)}.e-con{--container-widget-width:100%}.e-con-inner>.elementor-widget-spacer,.e-con>.elementor-widget-spacer{width:var(--container-widget-width,var(--spacer-size));--align-self:var(--container-widget-align-self,initial);--flex-shrink:0}.e-con-inner>.elementor-widget-spacer>.elementor-widget-container,.e-con>.elementor-widget-spacer>.elementor-widget-container{height:100%;width:100%}.e-con-inner>.elementor-widget-spacer>.elementor-widget-container>.elementor-spacer,.e-con>.elementor-widget-spacer>.elementor-widget-container>.elementor-spacer{height:100%}.e-con-inner>.elementor-widget-spacer>.elementor-widget-container>.elementor-spacer>.elementor-spacer-inner,.e-con>.elementor-widget-spacer>.elementor-widget-container>.elementor-spacer>.elementor-spacer-inner{height:var(--container-widget-height,var(--spacer-size))}.e-con-inner>.elementor-widget-spacer.elementor-widget-empty,.e-con>.elementor-widget-spacer.elementor-widget-empty{position:relative;min-height:22px;min-width:22px}.e-con-inner>.elementor-widget-spacer.elementor-widget-empty .elementor-widget-empty-icon,.e-con>.elementor-widget-spacer.elementor-widget-empty .elementor-widget-empty-icon{position:absolute;top:0;bottom:0;left:0;right:0;margin:auto;padding:0;width:22px;height:22px}<\/style>\t\t<div class=\"elementor-spacer\">\n\t\t\t<div class=\"elementor-spacer-inner\"><\/div>\n\t\t<\/div>\n\t\t\t\t<\/div>\n\t\t\t\t<\/div>\n\t\t\t\t\t<\/div>\n\t\t\t\t<\/div>\n\t\t<div class=\"elementor-element elementor-element-94f5a4f e-flex e-con-boxed e-con e-parent\" data-id=\"94f5a4f\" data-element_type=\"container\">\n\t\t\t\t\t<div class=\"e-con-inner\">\n\t\t\t\t<div class=\"elementor-element elementor-element-f31e870 elementor-widget elementor-widget-text-editor\" data-id=\"f31e870\" data-element_type=\"widget\" data-widget_type=\"text-editor.default\">\n\t\t\t\t<div class=\"elementor-widget-container\">\n\t\t\t\t\t\t\t<h4><strong>DENOMINACI\u00d3N Y PERFIL DEL CARGO<\/strong><\/h4><ul><li style=\"list-style-type: none;\"><ul><li><a href=\"https:\/\/www.agr.una.py\/wp\/wp-content\/uploads\/2025\/11\/CO1125-EXTERNO-PA-H52-DAYF1.pdf\"><strong>CO1125-EXTERNO-PA-H52-DAYF1<\/strong> &#8211; TECNICO III &#8211; DIRECCI\u00d3N DE ADMINISTRACI\u00d3N Y FINANZAS &#8211; CASA MATRIZ<\/a><\/li><li><a href=\"https:\/\/www.agr.una.py\/wp\/wp-content\/uploads\/2025\/11\/CO1125-EXTERNO-PA-G07-DAYF2.pdf\"><strong>CO1125-EXTERNO-PA-G07-DAYF2<\/strong> &#8211; PERSONAL DE SERVICIOS II &#8211; DIRECCI\u00d3N DE ADMINISTRACI\u00d3N Y FINANZAS \u2013 DEPARTAMENTO DE SERVICIOS GENERALES \u2013 SECCI\u00d3N DE SERVICIOS DE LIMPIEZA DE EDIFICIOS<\/a><\/li><li><a href=\"https:\/\/www.agr.una.py\/wp\/wp-content\/uploads\/2025\/11\/CO1125-EXTERNO-PA-K31-DAYF3.pdf\"><strong>CO1125-EXTERNO-PA-K31-DAYF3<\/strong> &#8211; AUXILIAR ADMINISTRATIVO II &#8211; DIRECCI\u00d3N DE ADMINISTRACI\u00d3N Y FINANZAS &#8211; CASA MATRIZ<\/a><\/li><li><a href=\"https:\/\/www.agr.una.py\/wp\/wp-content\/uploads\/2025\/11\/CO1125-EXTERNO-PA-K31-DAYF4.pdf\"><strong>CO1125-EXTERNO-PA-K31-DAYF4<\/strong> &#8211; AUXILIAR ADMINISTRATIVO II &#8211; DIRECCI\u00d3N DE ADMINISTRACI\u00d3N Y FINANZAS &#8211; CASA MATRIZ<\/a><\/li><li><a href=\"https:\/\/www.agr.una.py\/wp\/wp-content\/uploads\/2025\/11\/CO1125-EXTERNO-PA-K31-DAYF5.pdf\"><strong>CO1125-EXTERNO-PA-K31-DAYF5<\/strong> &#8211; AUXILIAR ADMINISTRATIVO II &#8211; DIRECCI\u00d3N DE ADMINISTRACI\u00d3N Y FINANZAS &#8211; CASA MATRIZ<\/a><\/li><li><a href=\"https:\/\/www.agr.una.py\/wp\/wp-content\/uploads\/2025\/11\/CO1125-EXTERNO-PD-L26-TTHH1.pdf\"><strong>CO1125-EXTERNO-PD-L26-TTHH1<\/strong> &#8211; DOCENTE T\u00c9CNICO I &#8211; DIRECCI\u00d3N DE TALENTO HUMANO &#8211; CASA MATRIZ &#8211; \u00c1REA DE SALUD<\/a><\/li><li><a href=\"https:\/\/www.agr.una.py\/wp\/wp-content\/uploads\/2025\/11\/CO1125-EXTERNO-PA-K12-CIF1.pdf\"><strong>CO1125-EXTERNO-PA-K12-CIF1<\/strong> &#8211; AUXILIAR ADMINISTRATIVO III &#8211; DIRECCI\u00d3N DE CARRERA DE INGENIER\u00cdA FORESTAL &#8211; CASA MATRIZ<\/a><\/li><li><a href=\"https:\/\/www.agr.una.py\/wp\/wp-content\/uploads\/2025\/11\/CO1125-EXTERNO-PD-UT2-CZP1.pdf\"><strong>CO1125-EXTERNO-PD-UT2-CZP1<\/strong> &#8211; DOCENTE T\u00c9CNICO II &#8211; DIRECCI\u00d3N DE FILIAL CAAZAPA<\/a><\/li><\/ul><\/li><\/ul><h4>ANEXO DOCUMENTOS REQUERIDOS<\/h4><ul><li style=\"list-style-type: none;\"><ul><li><a href=\"https:\/\/www.agr.una.py\/wp\/wp-content\/uploads\/2023\/10\/formulario_declaracion_jurada-1.pdf\">FORMULARIO DE DECLARACI\u00d3N JURADA<\/a><\/li><li><a href=\"https:\/\/www.agr.una.py\/wp\/wp-content\/uploads\/2023\/10\/formulario_postulacion-1.pdf\">FORMULARIO DE POSTULACI\u00d3N<\/a><\/li><\/ul><\/li><\/ul>\t\t\t\t\t\t<\/div>\n\t\t\t\t<\/div>\n\t\t\t\t\t<\/div>\n\t\t\t\t<\/div>\n\t\t\t\t<\/div>\n\t\t","protected":false},"excerpt":{"rendered":"<p>CONCURSO EXTERNO DENOMINACI\u00d3N Y PERFIL DEL CARGO CO1125-EXTERNO-PA-H52-DAYF1 &#8211; TECNICO III &#8211; DIRECCI\u00d3N DE ADMINISTRACI\u00d3N Y FINANZAS &#8211; CASA MATRIZ CO1125-EXTERNO-PA-G07-DAYF2 &#8211; PERSONAL DE SERVICIOS II &#8211; DIRECCI\u00d3N DE ADMINISTRACI\u00d3N Y FINANZAS \u2013 DEPARTAMENTO DE SERVICIOS GENERALES \u2013 SECCI\u00d3N DE SERVICIOS DE LIMPIEZA DE EDIFICIOS CO1125-EXTERNO-PA-K31-DAYF3 &#8211; AUXILIAR ADMINISTRATIVO II &#8211; DIRECCI\u00d3N DE ADMINISTRACI\u00d3N Y [&hellip;]<\/p>\n","protected":false},"author":1,"featured_media":0,"parent":4003,"menu_order":0,"comment_status":"closed","ping_status":"closed","template":"","meta":{"_themeisle_gutenberg_block_has_review":false,"footnotes":""},"class_list":["post-4019","page","type-page","status-publish","hentry"],"_links":{"self":[{"href":"https:\/\/www.agr.una.py\/wp\/index.php?rest_route=\/wp\/v2\/pages\/4019","targetHints":{"allow":["GET"]}}],"collection":[{"href":"https:\/\/www.agr.una.py\/wp\/index.php?rest_route=\/wp\/v2\/pages"}],"about":[{"href":"https:\/\/www.agr.una.py\/wp\/index.php?rest_route=\/wp\/v2\/types\/page"}],"author":[{"embeddable":true,"href":"https:\/\/www.agr.una.py\/wp\/index.php?rest_route=\/wp\/v2\/users\/1"}],"replies":[{"embeddable":true,"href":"https:\/\/www.agr.una.py\/wp\/index.php?rest_route=%2Fwp%2Fv2%2Fcomments&post=4019"}],"version-history":[{"count":208,"href":"https:\/\/www.agr.una.py\/wp\/index.php?rest_route=\/wp\/v2\/pages\/4019\/revisions"}],"predecessor-version":[{"id":13704,"href":"https:\/\/www.agr.una.py\/wp\/index.php?rest_route=\/wp\/v2\/pages\/4019\/revisions\/13704"}],"up":[{"embeddable":true,"href":"https:\/\/www.agr.una.py\/wp\/index.php?rest_route=\/wp\/v2\/pages\/4003"}],"wp:attachment":[{"href":"https:\/\/www.agr.una.py\/wp\/index.php?rest_route=%2Fwp%2Fv2%2Fmedia&parent=4019"}],"curies":[{"name":"wp","href":"https:\/\/api.w.org\/{rel}","templated":true}]}}