{"id":3866,"date":"2023-10-09T01:20:01","date_gmt":"2023-10-09T04:20:01","guid":{"rendered":"https:\/\/www.agr.una.py\/wp\/?page_id=3866"},"modified":"2026-02-04T11:57:44","modified_gmt":"2026-02-04T14:57:44","slug":"e-gacetilla","status":"publish","type":"page","link":"https:\/\/www.agr.una.py\/wp\/?page_id=3866","title":{"rendered":"e-Gacetilla"},"content":{"rendered":"\t\t<div data-elementor-type=\"wp-page\" data-elementor-id=\"3866\" class=\"elementor elementor-3866\">\n\t\t\t\t<div class=\"elementor-element elementor-element-7ce0ba3 e-flex e-con-boxed e-con e-parent\" data-id=\"7ce0ba3\" data-element_type=\"container\">\n\t\t\t\t\t<div class=\"e-con-inner\">\n\t\t\t\t<div class=\"elementor-element elementor-element-a1c6d1a elementor-invisible elementor-widget elementor-widget-text-editor\" data-id=\"a1c6d1a\" data-element_type=\"widget\" data-settings=\"{&quot;_animation&quot;:&quot;fadeInLeft&quot;}\" data-widget_type=\"text-editor.default\">\n\t\t\t\t<div class=\"elementor-widget-container\">\n\t\t\t<style>\/*! elementor - v3.23.0 - 05-08-2024 *\/\n.elementor-widget-text-editor.elementor-drop-cap-view-stacked .elementor-drop-cap{background-color:#69727d;color:#fff}.elementor-widget-text-editor.elementor-drop-cap-view-framed .elementor-drop-cap{color:#69727d;border:3px solid;background-color:transparent}.elementor-widget-text-editor:not(.elementor-drop-cap-view-default) .elementor-drop-cap{margin-top:8px}.elementor-widget-text-editor:not(.elementor-drop-cap-view-default) .elementor-drop-cap-letter{width:1em;height:1em}.elementor-widget-text-editor .elementor-drop-cap{float:left;text-align:center;line-height:1;font-size:50px}.elementor-widget-text-editor .elementor-drop-cap-letter{display:inline-block}<\/style>\t\t\t\t<h2 style=\"text-align: center; color: #007a3e;\">e-Gacetilla<\/h2>\t\t\t\t\t\t<\/div>\n\t\t\t\t<\/div>\n\t\t\t\t\t<\/div>\n\t\t\t\t<\/div>\n\t\t<div class=\"elementor-element elementor-element-0a53697 e-flex e-con-boxed e-con e-parent\" data-id=\"0a53697\" data-element_type=\"container\">\n\t\t\t\t\t<div class=\"e-con-inner\">\n\t\t\t\t<div class=\"elementor-element elementor-element-e04544f elementor-invisible elementor-widget elementor-widget-text-editor\" data-id=\"e04544f\" data-element_type=\"widget\" data-settings=\"{&quot;_animation&quot;:&quot;fadeInLeft&quot;}\" data-widget_type=\"text-editor.default\">\n\t\t\t\t<div class=\"elementor-widget-container\">\n\t\t\t\t\t\t\t<center><hr style=\"height: 3px; width: 75%; color: #fc4c02; background-color: #fc4c02;\" \/><\/center>\t\t\t\t\t\t<\/div>\n\t\t\t\t<\/div>\n\t\t\t\t\t<\/div>\n\t\t\t\t<\/div>\n\t\t<div class=\"elementor-element elementor-element-65ee678 e-flex e-con-boxed e-con e-parent\" data-id=\"65ee678\" data-element_type=\"container\">\n\t\t\t\t\t<div class=\"e-con-inner\">\n\t\t\t\t<div class=\"elementor-element elementor-element-b54b65b elementor-widget elementor-widget-spacer\" data-id=\"b54b65b\" data-element_type=\"widget\" data-widget_type=\"spacer.default\">\n\t\t\t\t<div class=\"elementor-widget-container\">\n\t\t\t<style>\/*! elementor - v3.23.0 - 05-08-2024 *\/\n.elementor-column .elementor-spacer-inner{height:var(--spacer-size)}.e-con{--container-widget-width:100%}.e-con-inner>.elementor-widget-spacer,.e-con>.elementor-widget-spacer{width:var(--container-widget-width,var(--spacer-size));--align-self:var(--container-widget-align-self,initial);--flex-shrink:0}.e-con-inner>.elementor-widget-spacer>.elementor-widget-container,.e-con>.elementor-widget-spacer>.elementor-widget-container{height:100%;width:100%}.e-con-inner>.elementor-widget-spacer>.elementor-widget-container>.elementor-spacer,.e-con>.elementor-widget-spacer>.elementor-widget-container>.elementor-spacer{height:100%}.e-con-inner>.elementor-widget-spacer>.elementor-widget-container>.elementor-spacer>.elementor-spacer-inner,.e-con>.elementor-widget-spacer>.elementor-widget-container>.elementor-spacer>.elementor-spacer-inner{height:var(--container-widget-height,var(--spacer-size))}.e-con-inner>.elementor-widget-spacer.elementor-widget-empty,.e-con>.elementor-widget-spacer.elementor-widget-empty{position:relative;min-height:22px;min-width:22px}.e-con-inner>.elementor-widget-spacer.elementor-widget-empty .elementor-widget-empty-icon,.e-con>.elementor-widget-spacer.elementor-widget-empty .elementor-widget-empty-icon{position:absolute;top:0;bottom:0;left:0;right:0;margin:auto;padding:0;width:22px;height:22px}<\/style>\t\t<div class=\"elementor-spacer\">\n\t\t\t<div class=\"elementor-spacer-inner\"><\/div>\n\t\t<\/div>\n\t\t\t\t<\/div>\n\t\t\t\t<\/div>\n\t\t\t\t\t<\/div>\n\t\t\t\t<\/div>\n\t\t<div class=\"elementor-element elementor-element-eb39a84 e-flex e-con-boxed e-con e-parent\" data-id=\"eb39a84\" data-element_type=\"container\">\n\t\t\t\t\t<div class=\"e-con-inner\">\n\t\t\t\t<div class=\"elementor-element elementor-element-c3515ad elementor-widget elementor-widget-text-editor\" data-id=\"c3515ad\" data-element_type=\"widget\" data-widget_type=\"text-editor.default\">\n\t\t\t\t<div class=\"elementor-widget-container\">\n\t\t\t\t\t\t\t<p align=\"justify\">La\u00a0<strong><em>e-Gacetilla<\/em><\/strong>\u00a0es un bolet\u00edn digital en la que se difunde informaci\u00f3n y fotograf\u00edas de actividades relacionadas al que hacer de la extensi\u00f3n universitaria de la Facultad de Ciencias Agrarias de la Universidad Nacional de Asunci\u00f3n (FCA\/UNA).<\/p><p align=\"justify\">Incluye datos sobre eventos desarrollados por docentes t\u00e9cnicos, estudiantes y funcionarios de las seis carreras de la casa matriz de San Lorenzo, las filiales de Pedro Juan Caballero, San Pedro de Ycuamandyy\u00fa, Caazap\u00e1, Santa Rosa-Misiones y la secci\u00f3n Chaco Central.<\/p><p align=\"justify\">En la misma se promocionan adem\u00e1s, actividades en las cuales participa la FCA\/UNA como entidad organizadora u auspiciante.<\/p><p align=\"justify\">Puede suscribirse a la misma enviando un correo a: difusion@agr.una.py<\/p><h4 align=\"justify\"><a href=\"https:\/\/www.agr.una.py\/wp\/descargas\/gacetillas\/2026\/Gacetilla2026-1.pdf\">Ver \u00faltima versi\u00f3n de e-Gacetilla: 1<\/a><\/h4><h4><a href=\"https:\/\/www.agr.una.py\/wp\/?page_id=3912\">Ver todas las e-Gacetillas<\/a><\/h4>\t\t\t\t\t\t<\/div>\n\t\t\t\t<\/div>\n\t\t\t\t\t<\/div>\n\t\t\t\t<\/div>\n\t\t\t\t<\/div>\n\t\t","protected":false},"excerpt":{"rendered":"<p>e-Gacetilla La\u00a0e-Gacetilla\u00a0es un bolet\u00edn digital en la que se difunde informaci\u00f3n y fotograf\u00edas de actividades relacionadas al que hacer de la extensi\u00f3n universitaria de la Facultad de Ciencias Agrarias de la Universidad Nacional de Asunci\u00f3n (FCA\/UNA). Incluye datos sobre eventos desarrollados por docentes t\u00e9cnicos, estudiantes y funcionarios de las seis carreras de la casa matriz [&hellip;]<\/p>\n","protected":false},"author":1,"featured_media":0,"parent":3657,"menu_order":0,"comment_status":"closed","ping_status":"closed","template":"","meta":{"_themeisle_gutenberg_block_has_review":false,"footnotes":""},"class_list":["post-3866","page","type-page","status-publish","hentry"],"_links":{"self":[{"href":"https:\/\/www.agr.una.py\/wp\/index.php?rest_route=\/wp\/v2\/pages\/3866","targetHints":{"allow":["GET"]}}],"collection":[{"href":"https:\/\/www.agr.una.py\/wp\/index.php?rest_route=\/wp\/v2\/pages"}],"about":[{"href":"https:\/\/www.agr.una.py\/wp\/index.php?rest_route=\/wp\/v2\/types\/page"}],"author":[{"embeddable":true,"href":"https:\/\/www.agr.una.py\/wp\/index.php?rest_route=\/wp\/v2\/users\/1"}],"replies":[{"embeddable":true,"href":"https:\/\/www.agr.una.py\/wp\/index.php?rest_route=%2Fwp%2Fv2%2Fcomments&post=3866"}],"version-history":[{"count":142,"href":"https:\/\/www.agr.una.py\/wp\/index.php?rest_route=\/wp\/v2\/pages\/3866\/revisions"}],"predecessor-version":[{"id":14352,"href":"https:\/\/www.agr.una.py\/wp\/index.php?rest_route=\/wp\/v2\/pages\/3866\/revisions\/14352"}],"up":[{"embeddable":true,"href":"https:\/\/www.agr.una.py\/wp\/index.php?rest_route=\/wp\/v2\/pages\/3657"}],"wp:attachment":[{"href":"https:\/\/www.agr.una.py\/wp\/index.php?rest_route=%2Fwp%2Fv2%2Fmedia&parent=3866"}],"curies":[{"name":"wp","href":"https:\/\/api.w.org\/{rel}","templated":true}]}}