{"id":3662,"date":"2023-10-05T13:53:43","date_gmt":"2023-10-05T16:53:43","guid":{"rendered":"https:\/\/www.agr.una.py\/wp\/?page_id=3662"},"modified":"2026-02-24T07:39:07","modified_gmt":"2026-02-24T10:39:07","slug":"formularios-y-reglamentos","status":"publish","type":"page","link":"https:\/\/www.agr.una.py\/wp\/?page_id=3662","title":{"rendered":"Formularios y Reglamentos"},"content":{"rendered":"\t\t<div data-elementor-type=\"wp-page\" data-elementor-id=\"3662\" class=\"elementor elementor-3662\">\n\t\t\t\t<div class=\"elementor-element elementor-element-f4c3d64 e-flex e-con-boxed e-con e-parent\" data-id=\"f4c3d64\" data-element_type=\"container\">\n\t\t\t\t\t<div class=\"e-con-inner\">\n\t\t\t\t<div class=\"elementor-element elementor-element-5c06d1c elementor-invisible elementor-widget elementor-widget-text-editor\" data-id=\"5c06d1c\" data-element_type=\"widget\" data-settings=\"{&quot;_animation&quot;:&quot;fadeInLeft&quot;}\" data-widget_type=\"text-editor.default\">\n\t\t\t\t<div class=\"elementor-widget-container\">\n\t\t\t<style>\/*! elementor - v3.23.0 - 05-08-2024 *\/\n.elementor-widget-text-editor.elementor-drop-cap-view-stacked .elementor-drop-cap{background-color:#69727d;color:#fff}.elementor-widget-text-editor.elementor-drop-cap-view-framed .elementor-drop-cap{color:#69727d;border:3px solid;background-color:transparent}.elementor-widget-text-editor:not(.elementor-drop-cap-view-default) .elementor-drop-cap{margin-top:8px}.elementor-widget-text-editor:not(.elementor-drop-cap-view-default) .elementor-drop-cap-letter{width:1em;height:1em}.elementor-widget-text-editor .elementor-drop-cap{float:left;text-align:center;line-height:1;font-size:50px}.elementor-widget-text-editor .elementor-drop-cap-letter{display:inline-block}<\/style>\t\t\t\t<h2 style=\"text-align: center; color: #007a3e;\"><strong>FORMULARIOS Y REGLAMENTOS<\/strong><\/h2>\t\t\t\t\t\t<\/div>\n\t\t\t\t<\/div>\n\t\t\t\t\t<\/div>\n\t\t\t\t<\/div>\n\t\t<div class=\"elementor-element elementor-element-d5bdca3 e-flex e-con-boxed e-con e-parent\" data-id=\"d5bdca3\" data-element_type=\"container\">\n\t\t\t\t\t<div class=\"e-con-inner\">\n\t\t\t\t<div class=\"elementor-element elementor-element-2ab2feb elementor-invisible elementor-widget elementor-widget-text-editor\" data-id=\"2ab2feb\" data-element_type=\"widget\" data-settings=\"{&quot;_animation&quot;:&quot;fadeInLeft&quot;}\" data-widget_type=\"text-editor.default\">\n\t\t\t\t<div class=\"elementor-widget-container\">\n\t\t\t\t\t\t\t<center><hr style=\"height: 3px; width: 75%; color: #fc4c02; background-color: #fc4c02;\" \/><\/center>\t\t\t\t\t\t<\/div>\n\t\t\t\t<\/div>\n\t\t\t\t\t<\/div>\n\t\t\t\t<\/div>\n\t\t<div class=\"elementor-element elementor-element-0281085 e-flex e-con-boxed e-con e-parent\" data-id=\"0281085\" data-element_type=\"container\">\n\t\t\t\t\t<div class=\"e-con-inner\">\n\t\t\t\t<div class=\"elementor-element elementor-element-06b70c8 elementor-widget elementor-widget-spacer\" data-id=\"06b70c8\" data-element_type=\"widget\" data-widget_type=\"spacer.default\">\n\t\t\t\t<div class=\"elementor-widget-container\">\n\t\t\t<style>\/*! elementor - v3.23.0 - 05-08-2024 *\/\n.elementor-column .elementor-spacer-inner{height:var(--spacer-size)}.e-con{--container-widget-width:100%}.e-con-inner>.elementor-widget-spacer,.e-con>.elementor-widget-spacer{width:var(--container-widget-width,var(--spacer-size));--align-self:var(--container-widget-align-self,initial);--flex-shrink:0}.e-con-inner>.elementor-widget-spacer>.elementor-widget-container,.e-con>.elementor-widget-spacer>.elementor-widget-container{height:100%;width:100%}.e-con-inner>.elementor-widget-spacer>.elementor-widget-container>.elementor-spacer,.e-con>.elementor-widget-spacer>.elementor-widget-container>.elementor-spacer{height:100%}.e-con-inner>.elementor-widget-spacer>.elementor-widget-container>.elementor-spacer>.elementor-spacer-inner,.e-con>.elementor-widget-spacer>.elementor-widget-container>.elementor-spacer>.elementor-spacer-inner{height:var(--container-widget-height,var(--spacer-size))}.e-con-inner>.elementor-widget-spacer.elementor-widget-empty,.e-con>.elementor-widget-spacer.elementor-widget-empty{position:relative;min-height:22px;min-width:22px}.e-con-inner>.elementor-widget-spacer.elementor-widget-empty .elementor-widget-empty-icon,.e-con>.elementor-widget-spacer.elementor-widget-empty .elementor-widget-empty-icon{position:absolute;top:0;bottom:0;left:0;right:0;margin:auto;padding:0;width:22px;height:22px}<\/style>\t\t<div class=\"elementor-spacer\">\n\t\t\t<div class=\"elementor-spacer-inner\"><\/div>\n\t\t<\/div>\n\t\t\t\t<\/div>\n\t\t\t\t<\/div>\n\t\t\t\t\t<\/div>\n\t\t\t\t<\/div>\n\t\t<div class=\"elementor-element elementor-element-2323673 e-flex e-con-boxed e-con e-parent\" data-id=\"2323673\" data-element_type=\"container\">\n\t\t\t\t\t<div class=\"e-con-inner\">\n\t\t\t\t<div class=\"elementor-element elementor-element-704df33 elementor-widget elementor-widget-text-editor\" data-id=\"704df33\" data-element_type=\"widget\" data-widget_type=\"text-editor.default\">\n\t\t\t\t<div class=\"elementor-widget-container\">\n\t\t\t\t\t\t\t<ul><li style=\"list-style-type: none;\"><ul><li style=\"list-style-type: none;\"><ul><li style=\"list-style-type: none;\"><ul><li><a href=\"https:\/\/www.agr.una.py\/wp\/wp-content\/uploads\/2023\/10\/resolucion_nro_0212-00-2022_FCA_REU_.pdf\">REGLAMENTO DE EXTENSI\u00d3N<\/a><\/li><li><a href=\"https:\/\/www.agr.una.py\/wp\/wp-content\/uploads\/2023\/10\/giras_estudio.pdf\">REGLAMENTO DE GIRAS DE ESTUDIO<\/a><\/li><li><a href=\"https:\/\/www.agr.una.py\/wp\/wp-content\/uploads\/2023\/10\/FLUJOGRAMA_DE_IMPLEMENTACION_DEL_Eje_Misional_Extension_FINAL2023.pdf\">FLUJOGRAMA DE IMPLEMENTACI\u00d3N DEL EJE MISIONAL<\/a><\/li><li><a href=\"https:\/\/www.agr.una.py\/wp\/wp-content\/uploads\/2023\/10\/informe_gira_estudio.doc\">INFORME DE GIRA DE ESTUDIO<\/a><\/li><li><a href=\"https:\/\/www.agr.una.py\/wp\/wp-content\/uploads\/2023\/10\/solicitud_gira_estudios.doc\">SOLICITUD DE GIRA DE ESTUDIO<\/a><\/li><li><a href=\"https:\/\/www.agr.una.py\/wp\/?page_id=4367\">GU\u00cdA PARA PROYECTOS DE EXTENSI\u00d3N<\/a><\/li><li><a href=\"https:\/\/www.agr.una.py\/wp\/?page_id=4345\">HISTORICOS DE PROYECTOS DE EXTENSI\u00d3N 2017 &#8211; 2021<\/a><\/li><li><a href=\"https:\/\/docs.google.com\/document\/d\/1FhdkxcgxWUpL4-WNVd5xJxoIWBecjFkp\/edit?usp=sharing&amp;ouid=112500578568245271677&amp;rtpof=true&amp;sd=true\">ESTADO DE PROGRAMAS Y\/O PROYECTOS DE EXTENSI\u00d3N PRESENTADOS A LA DEU 2022 (CRONOGRAMA MENSUAL)<\/a><\/li><li><a href=\"https:\/\/docs.google.com\/document\/d\/14FEthFhAUZn3hN-SGNwTPy1jEJwPTa2U\/edit\">ESTADO DE PROGRAMAS Y\/O PROYECTOS DE EXTENSI\u00d3N PRESENTADOS A LA DEU 2023 (CRONOGRAMA MENSUAL)<\/a><\/li><li><a href=\"https:\/\/docs.google.com\/spreadsheets\/d\/176IfsSivrbUhv-2ytCaFyE8298Z2-Q8z\/edit?usp=sharing&amp;ouid=112500578568245271677&amp;rtpof=true&amp;sd=true\">ESTADO DE PROGRAMAS Y\/O PROYECTOS DE EXTENSI\u00d3N PRESENTADOS A LA DEU 2024 (CRONOGRAMA MENSUAL)<\/a><\/li><li><a href=\"https:\/\/docs.google.com\/spreadsheets\/d\/14hkhPxTWv5jKwBWs-c_Ep8bq3xq375vV\/edit?gid=122275048#gid=122275048\">ESTADO DE PROGRAMAS Y\/O PROYECTOS DE EXTENSI\u00d3N PRESENTADOS A LA DEU 2025 (CRONOGRAMA MENSUAL)<\/a><\/li><li><a href=\"https:\/\/docs.google.com\/spreadsheets\/d\/1Msmxey2RT8_3VM_68pZq2QmxcTypzONW\/edit?usp=sharing&amp;ouid=116798493032786892801&amp;rtpof=true&amp;sd=true\">ESTADO DE PROGRAMAS Y\/O PROYECTOS DE EXTENSI\u00d3N PRESENTADOS A LA DEU 2026 (CRONOGRAMA MENSUAL)<\/a><\/li><\/ul><\/li><\/ul><\/li><\/ul><\/li><\/ul>\t\t\t\t\t\t<\/div>\n\t\t\t\t<\/div>\n\t\t\t\t\t<\/div>\n\t\t\t\t<\/div>\n\t\t\t\t<\/div>\n\t\t","protected":false},"excerpt":{"rendered":"<p>FORMULARIOS Y REGLAMENTOS REGLAMENTO DE EXTENSI\u00d3N REGLAMENTO DE GIRAS DE ESTUDIO FLUJOGRAMA DE IMPLEMENTACI\u00d3N DEL EJE MISIONAL INFORME DE GIRA DE ESTUDIO SOLICITUD DE GIRA DE ESTUDIO GU\u00cdA PARA PROYECTOS DE EXTENSI\u00d3N HISTORICOS DE PROYECTOS DE EXTENSI\u00d3N 2017 &#8211; 2021 ESTADO DE PROGRAMAS Y\/O PROYECTOS DE EXTENSI\u00d3N PRESENTADOS A LA DEU 2022 (CRONOGRAMA MENSUAL) ESTADO [&hellip;]<\/p>\n","protected":false},"author":1,"featured_media":0,"parent":90,"menu_order":0,"comment_status":"closed","ping_status":"closed","template":"","meta":{"_themeisle_gutenberg_block_has_review":false,"footnotes":""},"class_list":["post-3662","page","type-page","status-publish","hentry"],"_links":{"self":[{"href":"https:\/\/www.agr.una.py\/wp\/index.php?rest_route=\/wp\/v2\/pages\/3662","targetHints":{"allow":["GET"]}}],"collection":[{"href":"https:\/\/www.agr.una.py\/wp\/index.php?rest_route=\/wp\/v2\/pages"}],"about":[{"href":"https:\/\/www.agr.una.py\/wp\/index.php?rest_route=\/wp\/v2\/types\/page"}],"author":[{"embeddable":true,"href":"https:\/\/www.agr.una.py\/wp\/index.php?rest_route=\/wp\/v2\/users\/1"}],"replies":[{"embeddable":true,"href":"https:\/\/www.agr.una.py\/wp\/index.php?rest_route=%2Fwp%2Fv2%2Fcomments&post=3662"}],"version-history":[{"count":40,"href":"https:\/\/www.agr.una.py\/wp\/index.php?rest_route=\/wp\/v2\/pages\/3662\/revisions"}],"predecessor-version":[{"id":14487,"href":"https:\/\/www.agr.una.py\/wp\/index.php?rest_route=\/wp\/v2\/pages\/3662\/revisions\/14487"}],"up":[{"embeddable":true,"href":"https:\/\/www.agr.una.py\/wp\/index.php?rest_route=\/wp\/v2\/pages\/90"}],"wp:attachment":[{"href":"https:\/\/www.agr.una.py\/wp\/index.php?rest_route=%2Fwp%2Fv2%2Fmedia&parent=3662"}],"curies":[{"name":"wp","href":"https:\/\/api.w.org\/{rel}","templated":true}]}}