{"id":3652,"date":"2023-10-05T13:52:19","date_gmt":"2023-10-05T16:52:19","guid":{"rendered":"https:\/\/www.agr.una.py\/wp\/?page_id=3652"},"modified":"2024-09-04T12:47:08","modified_gmt":"2024-09-04T15:47:08","slug":"pasantias-2","status":"publish","type":"page","link":"https:\/\/www.agr.una.py\/wp\/?page_id=3652","title":{"rendered":"Pasant\u00edas"},"content":{"rendered":"\t\t<div data-elementor-type=\"wp-page\" data-elementor-id=\"3652\" class=\"elementor elementor-3652\">\n\t\t\t\t<div class=\"elementor-element elementor-element-0bd118c e-flex e-con-boxed e-con e-parent\" data-id=\"0bd118c\" data-element_type=\"container\">\n\t\t\t\t\t<div class=\"e-con-inner\">\n\t\t\t\t<div class=\"elementor-element elementor-element-bb6f042 elementor-invisible elementor-widget elementor-widget-text-editor\" data-id=\"bb6f042\" data-element_type=\"widget\" data-settings=\"{&quot;_animation&quot;:&quot;fadeInLeft&quot;}\" data-widget_type=\"text-editor.default\">\n\t\t\t\t<div class=\"elementor-widget-container\">\n\t\t\t<style>\/*! elementor - v3.23.0 - 05-08-2024 *\/\n.elementor-widget-text-editor.elementor-drop-cap-view-stacked .elementor-drop-cap{background-color:#69727d;color:#fff}.elementor-widget-text-editor.elementor-drop-cap-view-framed .elementor-drop-cap{color:#69727d;border:3px solid;background-color:transparent}.elementor-widget-text-editor:not(.elementor-drop-cap-view-default) .elementor-drop-cap{margin-top:8px}.elementor-widget-text-editor:not(.elementor-drop-cap-view-default) .elementor-drop-cap-letter{width:1em;height:1em}.elementor-widget-text-editor .elementor-drop-cap{float:left;text-align:center;line-height:1;font-size:50px}.elementor-widget-text-editor .elementor-drop-cap-letter{display:inline-block}<\/style>\t\t\t\t<h2 style=\"text-align: center; color: #007a3e;\"><strong>PASANT\u00cdAS<\/strong><\/h2>\t\t\t\t\t\t<\/div>\n\t\t\t\t<\/div>\n\t\t\t\t\t<\/div>\n\t\t\t\t<\/div>\n\t\t<div class=\"elementor-element elementor-element-c661a90 e-flex e-con-boxed e-con e-parent\" data-id=\"c661a90\" data-element_type=\"container\">\n\t\t\t\t\t<div class=\"e-con-inner\">\n\t\t\t\t<div class=\"elementor-element elementor-element-cd1ead1 elementor-invisible elementor-widget elementor-widget-text-editor\" data-id=\"cd1ead1\" data-element_type=\"widget\" data-settings=\"{&quot;_animation&quot;:&quot;fadeInLeft&quot;}\" data-widget_type=\"text-editor.default\">\n\t\t\t\t<div class=\"elementor-widget-container\">\n\t\t\t\t\t\t\t<center><hr style=\"height: 3px; width: 75%; color: #fc4c02; background-color: #fc4c02;\" \/><\/center>\t\t\t\t\t\t<\/div>\n\t\t\t\t<\/div>\n\t\t\t\t\t<\/div>\n\t\t\t\t<\/div>\n\t\t<div class=\"elementor-element elementor-element-3899505 e-flex e-con-boxed e-con e-parent\" data-id=\"3899505\" data-element_type=\"container\">\n\t\t\t\t\t<div class=\"e-con-inner\">\n\t\t\t\t<div class=\"elementor-element elementor-element-9125193 elementor-widget elementor-widget-spacer\" data-id=\"9125193\" data-element_type=\"widget\" data-widget_type=\"spacer.default\">\n\t\t\t\t<div class=\"elementor-widget-container\">\n\t\t\t<style>\/*! elementor - v3.23.0 - 05-08-2024 *\/\n.elementor-column .elementor-spacer-inner{height:var(--spacer-size)}.e-con{--container-widget-width:100%}.e-con-inner>.elementor-widget-spacer,.e-con>.elementor-widget-spacer{width:var(--container-widget-width,var(--spacer-size));--align-self:var(--container-widget-align-self,initial);--flex-shrink:0}.e-con-inner>.elementor-widget-spacer>.elementor-widget-container,.e-con>.elementor-widget-spacer>.elementor-widget-container{height:100%;width:100%}.e-con-inner>.elementor-widget-spacer>.elementor-widget-container>.elementor-spacer,.e-con>.elementor-widget-spacer>.elementor-widget-container>.elementor-spacer{height:100%}.e-con-inner>.elementor-widget-spacer>.elementor-widget-container>.elementor-spacer>.elementor-spacer-inner,.e-con>.elementor-widget-spacer>.elementor-widget-container>.elementor-spacer>.elementor-spacer-inner{height:var(--container-widget-height,var(--spacer-size))}.e-con-inner>.elementor-widget-spacer.elementor-widget-empty,.e-con>.elementor-widget-spacer.elementor-widget-empty{position:relative;min-height:22px;min-width:22px}.e-con-inner>.elementor-widget-spacer.elementor-widget-empty .elementor-widget-empty-icon,.e-con>.elementor-widget-spacer.elementor-widget-empty .elementor-widget-empty-icon{position:absolute;top:0;bottom:0;left:0;right:0;margin:auto;padding:0;width:22px;height:22px}<\/style>\t\t<div class=\"elementor-spacer\">\n\t\t\t<div class=\"elementor-spacer-inner\"><\/div>\n\t\t<\/div>\n\t\t\t\t<\/div>\n\t\t\t\t<\/div>\n\t\t\t\t\t<\/div>\n\t\t\t\t<\/div>\n\t\t<div class=\"elementor-element elementor-element-3fb1c0b e-flex e-con-boxed e-con e-parent\" data-id=\"3fb1c0b\" data-element_type=\"container\">\n\t\t\t\t\t<div class=\"e-con-inner\">\n\t\t\t\t<div class=\"elementor-element elementor-element-68a011a elementor-widget elementor-widget-text-editor\" data-id=\"68a011a\" data-element_type=\"widget\" data-widget_type=\"text-editor.default\">\n\t\t\t\t<div class=\"elementor-widget-container\">\n\t\t\t\t\t\t\t<p>El <strong>\u00c1rea de Pasant\u00eda<\/strong> tiene como objetivo captar oportunidades de pr\u00e1ctica profesional a trav\u00e9s de convenios con instituciones p\u00fablicas, privadas y organismos internacionales para proporcionar a los estudiantes de la FCA\/UNA este per\u00edodo de tiempo determinado en una empresa o instituci\u00f3n para adquirir experiencia laboral relacionada con su campo de estudio.<\/p><p>\u00a0Las funciones espec\u00edficas del \u00c1rea son: Fortalecer el Programa, gestionar espacio de oportunidades para pasantes con empresas e instituciones, realizar seguimiento para concretar las pasant\u00edas, ofrecer capacitaciones para las pr\u00e1cticas profesionales, promover la participaci\u00f3n en ferias de empleo, organizar presentaciones corporativas, colaborar con el Programa de Inserci\u00f3n Laboral y Mentor\u00eda, participar en actividades de capacitaci\u00f3n relacionadas con pasant\u00edas e inserci\u00f3n laboral, y contribuir en las reuniones y discusiones del Centro de Liderazgo\/DEU.<\/p><h4><strong>Plantel: <\/strong><\/h4><ul><li style=\"list-style-type: none;\"><ul><li>Amb. F\u00e1tima Gim\u00e9nez Bareiro<\/li><\/ul><\/li><\/ul><p style=\"padding-left: 40px;\">Correo: <a href=\"mailto:fatima.bareiro@agr.una.py\">fatima.bareiro@agr.una.py<\/a> &#8211;<a href=\"mailto:egresadosilab@agr.una.py\">egresados_ilab@agr.una.py<\/a><\/p><ul><li style=\"list-style-type: none;\"><ul><li>Ing. Amb. Sandra Lorena Vazquez Meza<\/li><\/ul><\/li><\/ul><p style=\"padding-left: 40px;\">Correo: <a href=\"mailto:egresadosilab@agr.una.py\">egresados_ilab@agr.una.py<\/a><\/p><p><strong>Horario de atenci\u00f3n<\/strong>: lunes a viernes de 07:30 a 13:30 hs.<\/p>\t\t\t\t\t\t<\/div>\n\t\t\t\t<\/div>\n\t\t\t\t\t<\/div>\n\t\t\t\t<\/div>\n\t\t\t\t<\/div>\n\t\t","protected":false},"excerpt":{"rendered":"<p>PASANT\u00cdAS El \u00c1rea de Pasant\u00eda tiene como objetivo captar oportunidades de pr\u00e1ctica profesional a trav\u00e9s de convenios con instituciones p\u00fablicas, privadas y organismos internacionales para proporcionar a los estudiantes de la FCA\/UNA este per\u00edodo de tiempo determinado en una empresa o instituci\u00f3n para adquirir experiencia laboral relacionada con su campo de estudio. \u00a0Las funciones espec\u00edficas [&hellip;]<\/p>\n","protected":false},"author":1,"featured_media":0,"parent":90,"menu_order":0,"comment_status":"closed","ping_status":"closed","template":"","meta":{"_themeisle_gutenberg_block_has_review":false,"footnotes":""},"class_list":["post-3652","page","type-page","status-publish","hentry"],"_links":{"self":[{"href":"https:\/\/www.agr.una.py\/wp\/index.php?rest_route=\/wp\/v2\/pages\/3652","targetHints":{"allow":["GET"]}}],"collection":[{"href":"https:\/\/www.agr.una.py\/wp\/index.php?rest_route=\/wp\/v2\/pages"}],"about":[{"href":"https:\/\/www.agr.una.py\/wp\/index.php?rest_route=\/wp\/v2\/types\/page"}],"author":[{"embeddable":true,"href":"https:\/\/www.agr.una.py\/wp\/index.php?rest_route=\/wp\/v2\/users\/1"}],"replies":[{"embeddable":true,"href":"https:\/\/www.agr.una.py\/wp\/index.php?rest_route=%2Fwp%2Fv2%2Fcomments&post=3652"}],"version-history":[{"count":10,"href":"https:\/\/www.agr.una.py\/wp\/index.php?rest_route=\/wp\/v2\/pages\/3652\/revisions"}],"predecessor-version":[{"id":8488,"href":"https:\/\/www.agr.una.py\/wp\/index.php?rest_route=\/wp\/v2\/pages\/3652\/revisions\/8488"}],"up":[{"embeddable":true,"href":"https:\/\/www.agr.una.py\/wp\/index.php?rest_route=\/wp\/v2\/pages\/90"}],"wp:attachment":[{"href":"https:\/\/www.agr.una.py\/wp\/index.php?rest_route=%2Fwp%2Fv2%2Fmedia&parent=3652"}],"curies":[{"name":"wp","href":"https:\/\/api.w.org\/{rel}","templated":true}]}}