{"id":3647,"date":"2023-10-05T13:51:39","date_gmt":"2023-10-05T16:51:39","guid":{"rendered":"https:\/\/www.agr.una.py\/wp\/?page_id=3647"},"modified":"2023-10-06T13:02:56","modified_gmt":"2023-10-06T16:02:56","slug":"documentacion-e-informacion-2","status":"publish","type":"page","link":"https:\/\/www.agr.una.py\/wp\/?page_id=3647","title":{"rendered":"Documentaci\u00f3n e Informaci\u00f3n"},"content":{"rendered":"\t\t<div data-elementor-type=\"wp-page\" data-elementor-id=\"3647\" class=\"elementor elementor-3647\">\n\t\t\t\t<div class=\"elementor-element elementor-element-a658b56 e-flex e-con-boxed e-con e-parent\" data-id=\"a658b56\" data-element_type=\"container\">\n\t\t\t\t\t<div class=\"e-con-inner\">\n\t\t\t\t<div class=\"elementor-element elementor-element-e9ac402 elementor-invisible elementor-widget elementor-widget-text-editor\" data-id=\"e9ac402\" data-element_type=\"widget\" data-settings=\"{&quot;_animation&quot;:&quot;fadeInLeft&quot;}\" data-widget_type=\"text-editor.default\">\n\t\t\t\t<div class=\"elementor-widget-container\">\n\t\t\t<style>\/*! elementor - v3.23.0 - 05-08-2024 *\/\n.elementor-widget-text-editor.elementor-drop-cap-view-stacked .elementor-drop-cap{background-color:#69727d;color:#fff}.elementor-widget-text-editor.elementor-drop-cap-view-framed .elementor-drop-cap{color:#69727d;border:3px solid;background-color:transparent}.elementor-widget-text-editor:not(.elementor-drop-cap-view-default) .elementor-drop-cap{margin-top:8px}.elementor-widget-text-editor:not(.elementor-drop-cap-view-default) .elementor-drop-cap-letter{width:1em;height:1em}.elementor-widget-text-editor .elementor-drop-cap{float:left;text-align:center;line-height:1;font-size:50px}.elementor-widget-text-editor .elementor-drop-cap-letter{display:inline-block}<\/style>\t\t\t\t<h2 style=\"text-align: center; color: #007a3e;\">DOCUMENTACI\u00d3N E INFORMACI\u00d3N<\/h2>\t\t\t\t\t\t<\/div>\n\t\t\t\t<\/div>\n\t\t\t\t\t<\/div>\n\t\t\t\t<\/div>\n\t\t<div class=\"elementor-element elementor-element-8b93cb4 e-flex e-con-boxed e-con e-parent\" data-id=\"8b93cb4\" data-element_type=\"container\">\n\t\t\t\t\t<div class=\"e-con-inner\">\n\t\t\t\t<div class=\"elementor-element elementor-element-9074f97 elementor-invisible elementor-widget elementor-widget-text-editor\" data-id=\"9074f97\" data-element_type=\"widget\" data-settings=\"{&quot;_animation&quot;:&quot;fadeInLeft&quot;}\" data-widget_type=\"text-editor.default\">\n\t\t\t\t<div class=\"elementor-widget-container\">\n\t\t\t\t\t\t\t<center><hr style=\"height: 3px; width: 75%; color: #fc4c02; background-color: #fc4c02;\" \/><\/center>\t\t\t\t\t\t<\/div>\n\t\t\t\t<\/div>\n\t\t\t\t\t<\/div>\n\t\t\t\t<\/div>\n\t\t<div class=\"elementor-element elementor-element-3e0a4f5 e-flex e-con-boxed e-con e-parent\" data-id=\"3e0a4f5\" data-element_type=\"container\">\n\t\t\t\t\t<div class=\"e-con-inner\">\n\t\t\t\t<div class=\"elementor-element elementor-element-e04a999 elementor-widget elementor-widget-spacer\" data-id=\"e04a999\" data-element_type=\"widget\" data-widget_type=\"spacer.default\">\n\t\t\t\t<div class=\"elementor-widget-container\">\n\t\t\t<style>\/*! elementor - v3.23.0 - 05-08-2024 *\/\n.elementor-column .elementor-spacer-inner{height:var(--spacer-size)}.e-con{--container-widget-width:100%}.e-con-inner>.elementor-widget-spacer,.e-con>.elementor-widget-spacer{width:var(--container-widget-width,var(--spacer-size));--align-self:var(--container-widget-align-self,initial);--flex-shrink:0}.e-con-inner>.elementor-widget-spacer>.elementor-widget-container,.e-con>.elementor-widget-spacer>.elementor-widget-container{height:100%;width:100%}.e-con-inner>.elementor-widget-spacer>.elementor-widget-container>.elementor-spacer,.e-con>.elementor-widget-spacer>.elementor-widget-container>.elementor-spacer{height:100%}.e-con-inner>.elementor-widget-spacer>.elementor-widget-container>.elementor-spacer>.elementor-spacer-inner,.e-con>.elementor-widget-spacer>.elementor-widget-container>.elementor-spacer>.elementor-spacer-inner{height:var(--container-widget-height,var(--spacer-size))}.e-con-inner>.elementor-widget-spacer.elementor-widget-empty,.e-con>.elementor-widget-spacer.elementor-widget-empty{position:relative;min-height:22px;min-width:22px}.e-con-inner>.elementor-widget-spacer.elementor-widget-empty .elementor-widget-empty-icon,.e-con>.elementor-widget-spacer.elementor-widget-empty .elementor-widget-empty-icon{position:absolute;top:0;bottom:0;left:0;right:0;margin:auto;padding:0;width:22px;height:22px}<\/style>\t\t<div class=\"elementor-spacer\">\n\t\t\t<div class=\"elementor-spacer-inner\"><\/div>\n\t\t<\/div>\n\t\t\t\t<\/div>\n\t\t\t\t<\/div>\n\t\t\t\t\t<\/div>\n\t\t\t\t<\/div>\n\t\t<div class=\"elementor-element elementor-element-ab2b40f e-flex e-con-boxed e-con e-parent\" data-id=\"ab2b40f\" data-element_type=\"container\">\n\t\t\t\t\t<div class=\"e-con-inner\">\n\t\t\t\t<div class=\"elementor-element elementor-element-3ee0698 elementor-widget elementor-widget-text-editor\" data-id=\"3ee0698\" data-element_type=\"widget\" data-widget_type=\"text-editor.default\">\n\t\t\t\t<div class=\"elementor-widget-container\">\n\t\t\t\t\t\t\t<p><strong>Documentaci\u00f3n e Informaci\u00f3n:<\/strong> \u00c1rea de la DEU encargada de recibir los programas y\/o proyectos de extensi\u00f3n universitaria tanto de casa matriz como de las filiales para su revisi\u00f3n, an\u00e1lisis y ajuste seg\u00fan el Reglamento vigente, para la sugerencia de aprobaci\u00f3n a las autoridades competentes. Tambi\u00e9n, recepci\u00f3n de informes de cierre de los proyectos aprobados y realizados en Casa Matriz para su correspondiente registro, aplicaci\u00f3n y sugerencia de carga al sistema ACAD 5.<\/p><p>Tiene como responsabilidad el manejo de la plataforma institucional de la base de datos de extensi\u00f3n cuyos resultados mensuales son reportados a la Direcci\u00f3n de Planificaci\u00f3n para su informe a los Entes de Control sobre el cumplimiento de las metas f\u00edsicas planificadas realizadas en el a\u00f1o fiscal correspondiente.<\/p><p>Adem\u00e1s, la actualizaci\u00f3n permanente del flujo de los proyectos de extensi\u00f3n en la p\u00e1gina web institucional, desde su entrada hasta su cierre. Y la consolidaci\u00f3n de las actividades realizadas anualmente por los docentes seg\u00fan registro en la plataforma institucional para las constancias de extensi\u00f3n universitaria.<\/p><p>En la secci\u00f3n Informaci\u00f3n se procesan las planillas <strong>a<\/strong> y <strong>b<\/strong> del anexo (<strong>B<\/strong>) del Reglamento de Extensi\u00f3n Universitaria y se registran los cr\u00e9ditos estudiantiles en el sistema acad\u00e9mico (Acad5) y la participaci\u00f3n de los docentes en las actividades de extensi\u00f3n en sus diferentes niveles.<\/p><h4><strong>Plantel: <\/strong><\/h4><ul><li style=\"list-style-type: none;\"><ul><li>Ing. Agr. Ernesto Escobar Ch\u00e1vez<\/li><\/ul><\/li><\/ul><p style=\"padding-left: 40px;\">Correo: <a href=\"mailto:ernesto.escobar@agr.una.py\">ernesto.escobar@agr.una.py<\/a> &#8211; <a href=\"mailto:infodoc.ext@agr.una.py\">infodoc.ext@agr.una.py<\/a> <br \/><br \/><\/p><ul><li style=\"list-style-type: none;\"><ul><li>Lic. Gustavo Ram\u00edrez<\/li><\/ul><\/li><\/ul><p style=\"padding-left: 40px;\">Correo: <a href=\"mailto:gustavo.ramirez@agr.una.py\">gustavo.ramirez@agr.una.py<\/a> <br \/><br \/><\/p><ul><li style=\"list-style-type: none;\"><ul><li>Lic. Santiago Nicol\u00e1s Rojas<\/li><\/ul><\/li><\/ul><p style=\"padding-left: 40px;\">Correo: <a href=\"mailto:actividades.extensi\u00f3n@agr.una.py\">actividades.extensi\u00f3n@agr.una.py<\/a> <br \/><br \/><\/p><p><strong>Horario de atenci\u00f3n<\/strong>: lunes a viernes de 07:00 a 14:00 hs.<\/p>\t\t\t\t\t\t<\/div>\n\t\t\t\t<\/div>\n\t\t\t\t\t<\/div>\n\t\t\t\t<\/div>\n\t\t\t\t<\/div>\n\t\t","protected":false},"excerpt":{"rendered":"<p>DOCUMENTACI\u00d3N E INFORMACI\u00d3N Documentaci\u00f3n e Informaci\u00f3n: \u00c1rea de la DEU encargada de recibir los programas y\/o proyectos de extensi\u00f3n universitaria tanto de casa matriz como de las filiales para su revisi\u00f3n, an\u00e1lisis y ajuste seg\u00fan el Reglamento vigente, para la sugerencia de aprobaci\u00f3n a las autoridades competentes. Tambi\u00e9n, recepci\u00f3n de informes de cierre de los [&hellip;]<\/p>\n","protected":false},"author":1,"featured_media":0,"parent":90,"menu_order":0,"comment_status":"closed","ping_status":"closed","template":"","meta":{"_themeisle_gutenberg_block_has_review":false,"footnotes":""},"class_list":["post-3647","page","type-page","status-publish","hentry"],"_links":{"self":[{"href":"https:\/\/www.agr.una.py\/wp\/index.php?rest_route=\/wp\/v2\/pages\/3647","targetHints":{"allow":["GET"]}}],"collection":[{"href":"https:\/\/www.agr.una.py\/wp\/index.php?rest_route=\/wp\/v2\/pages"}],"about":[{"href":"https:\/\/www.agr.una.py\/wp\/index.php?rest_route=\/wp\/v2\/types\/page"}],"author":[{"embeddable":true,"href":"https:\/\/www.agr.una.py\/wp\/index.php?rest_route=\/wp\/v2\/users\/1"}],"replies":[{"embeddable":true,"href":"https:\/\/www.agr.una.py\/wp\/index.php?rest_route=%2Fwp%2Fv2%2Fcomments&post=3647"}],"version-history":[{"count":13,"href":"https:\/\/www.agr.una.py\/wp\/index.php?rest_route=\/wp\/v2\/pages\/3647\/revisions"}],"predecessor-version":[{"id":3832,"href":"https:\/\/www.agr.una.py\/wp\/index.php?rest_route=\/wp\/v2\/pages\/3647\/revisions\/3832"}],"up":[{"embeddable":true,"href":"https:\/\/www.agr.una.py\/wp\/index.php?rest_route=\/wp\/v2\/pages\/90"}],"wp:attachment":[{"href":"https:\/\/www.agr.una.py\/wp\/index.php?rest_route=%2Fwp%2Fv2%2Fmedia&parent=3647"}],"curies":[{"name":"wp","href":"https:\/\/api.w.org\/{rel}","templated":true}]}}