{"id":3642,"date":"2023-10-05T13:50:58","date_gmt":"2023-10-05T16:50:58","guid":{"rendered":"https:\/\/www.agr.una.py\/wp\/?page_id=3642"},"modified":"2026-03-31T13:19:17","modified_gmt":"2026-03-31T16:19:17","slug":"seguimiento-a-egresados-y-empleadores-2","status":"publish","type":"page","link":"https:\/\/www.agr.una.py\/wp\/?page_id=3642","title":{"rendered":"Seguimiento a Egresados y Empleadores"},"content":{"rendered":"\t\t<div data-elementor-type=\"wp-page\" data-elementor-id=\"3642\" class=\"elementor elementor-3642\">\n\t\t\t\t<div class=\"elementor-element elementor-element-ddf8e98 e-flex e-con-boxed e-con e-parent\" data-id=\"ddf8e98\" data-element_type=\"container\">\n\t\t\t\t\t<div class=\"e-con-inner\">\n\t\t\t\t<div class=\"elementor-element elementor-element-67b439f elementor-invisible elementor-widget elementor-widget-text-editor\" data-id=\"67b439f\" data-element_type=\"widget\" data-settings=\"{&quot;_animation&quot;:&quot;fadeInLeft&quot;}\" data-widget_type=\"text-editor.default\">\n\t\t\t\t<div class=\"elementor-widget-container\">\n\t\t\t<style>\/*! elementor - v3.23.0 - 05-08-2024 *\/\n.elementor-widget-text-editor.elementor-drop-cap-view-stacked .elementor-drop-cap{background-color:#69727d;color:#fff}.elementor-widget-text-editor.elementor-drop-cap-view-framed .elementor-drop-cap{color:#69727d;border:3px solid;background-color:transparent}.elementor-widget-text-editor:not(.elementor-drop-cap-view-default) .elementor-drop-cap{margin-top:8px}.elementor-widget-text-editor:not(.elementor-drop-cap-view-default) .elementor-drop-cap-letter{width:1em;height:1em}.elementor-widget-text-editor .elementor-drop-cap{float:left;text-align:center;line-height:1;font-size:50px}.elementor-widget-text-editor .elementor-drop-cap-letter{display:inline-block}<\/style>\t\t\t\t<h2 style=\"text-align: center; color: #007a3e;\">SEGUIMIENTO A EGRESADOS Y EMPLEADORES<\/h2>\t\t\t\t\t\t<\/div>\n\t\t\t\t<\/div>\n\t\t\t\t\t<\/div>\n\t\t\t\t<\/div>\n\t\t<div class=\"elementor-element elementor-element-52be7d4 e-flex e-con-boxed e-con e-parent\" data-id=\"52be7d4\" data-element_type=\"container\">\n\t\t\t\t\t<div class=\"e-con-inner\">\n\t\t\t\t<div class=\"elementor-element elementor-element-05dacd4 elementor-invisible elementor-widget elementor-widget-text-editor\" data-id=\"05dacd4\" data-element_type=\"widget\" data-settings=\"{&quot;_animation&quot;:&quot;fadeInLeft&quot;}\" data-widget_type=\"text-editor.default\">\n\t\t\t\t<div class=\"elementor-widget-container\">\n\t\t\t\t\t\t\t<center><hr style=\"height: 3px; width: 75%; color: #fc4c02; background-color: #fc4c02;\" \/><\/center>\t\t\t\t\t\t<\/div>\n\t\t\t\t<\/div>\n\t\t\t\t\t<\/div>\n\t\t\t\t<\/div>\n\t\t<div class=\"elementor-element elementor-element-51ea81d e-flex e-con-boxed e-con e-parent\" data-id=\"51ea81d\" data-element_type=\"container\">\n\t\t\t\t\t<div class=\"e-con-inner\">\n\t\t\t\t<div class=\"elementor-element elementor-element-4792075 elementor-widget elementor-widget-spacer\" data-id=\"4792075\" data-element_type=\"widget\" data-widget_type=\"spacer.default\">\n\t\t\t\t<div class=\"elementor-widget-container\">\n\t\t\t<style>\/*! elementor - v3.23.0 - 05-08-2024 *\/\n.elementor-column .elementor-spacer-inner{height:var(--spacer-size)}.e-con{--container-widget-width:100%}.e-con-inner>.elementor-widget-spacer,.e-con>.elementor-widget-spacer{width:var(--container-widget-width,var(--spacer-size));--align-self:var(--container-widget-align-self,initial);--flex-shrink:0}.e-con-inner>.elementor-widget-spacer>.elementor-widget-container,.e-con>.elementor-widget-spacer>.elementor-widget-container{height:100%;width:100%}.e-con-inner>.elementor-widget-spacer>.elementor-widget-container>.elementor-spacer,.e-con>.elementor-widget-spacer>.elementor-widget-container>.elementor-spacer{height:100%}.e-con-inner>.elementor-widget-spacer>.elementor-widget-container>.elementor-spacer>.elementor-spacer-inner,.e-con>.elementor-widget-spacer>.elementor-widget-container>.elementor-spacer>.elementor-spacer-inner{height:var(--container-widget-height,var(--spacer-size))}.e-con-inner>.elementor-widget-spacer.elementor-widget-empty,.e-con>.elementor-widget-spacer.elementor-widget-empty{position:relative;min-height:22px;min-width:22px}.e-con-inner>.elementor-widget-spacer.elementor-widget-empty .elementor-widget-empty-icon,.e-con>.elementor-widget-spacer.elementor-widget-empty .elementor-widget-empty-icon{position:absolute;top:0;bottom:0;left:0;right:0;margin:auto;padding:0;width:22px;height:22px}<\/style>\t\t<div class=\"elementor-spacer\">\n\t\t\t<div class=\"elementor-spacer-inner\"><\/div>\n\t\t<\/div>\n\t\t\t\t<\/div>\n\t\t\t\t<\/div>\n\t\t\t\t\t<\/div>\n\t\t\t\t<\/div>\n\t\t<div class=\"elementor-element elementor-element-5ad98ed e-flex e-con-boxed e-con e-parent\" data-id=\"5ad98ed\" data-element_type=\"container\">\n\t\t\t\t\t<div class=\"e-con-inner\">\n\t\t\t\t<div class=\"elementor-element elementor-element-fda1c6c elementor-widget elementor-widget-text-editor\" data-id=\"fda1c6c\" data-element_type=\"widget\" data-widget_type=\"text-editor.default\">\n\t\t\t\t<div class=\"elementor-widget-container\">\n\t\t\t\t\t\t\t<p>El <strong>\u00c1rea de Seguimiento a Graduados e Inserci\u00f3n Laboral<\/strong> tiene como objetivo establecer v\u00ednculos con graduados y empleadores de la FCA\/UNA a trav\u00e9s de diferentes mecanismos, tales como encuestas a graduados y empleadores de la FCA, entrevistas directas, y una comunicaci\u00f3n continua con graduados mediante redes sociales y correos electr\u00f3nicos. Estos esfuerzos buscan proporcionar oportunidades laborales y de formaci\u00f3n continua.<\/p><p>Las funciones del \u00c1rea incluyen mejorar el Programa de Seguimiento a Egresados e Inserci\u00f3n Laboral, mantener y actualizar el registro de egresados, facilitar su inserci\u00f3n laboral, planificar eventos para promover la vinculaci\u00f3n de egresados, coordinar acciones con otras dependencias y gestionar la documentaci\u00f3n del programa.<\/p><h4><strong>Plantel: <\/strong><\/h4><ul><li style=\"list-style-type: none;\"><ul><li>Amb. F\u00e1tima Gim\u00e9nez Bareiro<\/li><\/ul><\/li><\/ul><p style=\"padding-left: 40px;\">Correo: <a href=\"mailto:fatima.bareiro@agr.una.py\">fatima.bareiro@agr.una.py<\/a>\u00a0 &#8211;\u00a0 <a href=\"mailto:egresadosilab@agr.una.py\">egresados_ilab@agr.una.py<\/a><\/p><ul><li style=\"list-style-type: none;\"><ul><li>Ing. Amb. Sandra Lorena Vazquez Meza<\/li><\/ul><\/li><\/ul><p style=\"padding-left: 40px;\">Correo: <a href=\"mailto:egresadosilab@agr.una.py\">egresados_ilab@agr.una.py<\/a><\/p><p><strong>Horario de atenci\u00f3n<\/strong>: lunes a viernes de 07:30 a 13:30 h.<\/p><h4>DOCUMENTOS<\/h4><ul><li style=\"list-style-type: none;\"><ul><li><a href=\"https:\/\/www.agr.una.py\/wp\/wp-content\/uploads\/2023\/10\/RESOLUCION_RESUMEN_EJECUTIVO-ENCUESTA_EGRESADOS_Y_EMPLEADORES.pdf\">Resoluci\u00f3n N\u00b0 266 &#8211; 00- 2022 Resumen Ejecutivo de los Resultados de Encuestas a Egresados y Empleadores de la FCA\/UNA A\u00f1o 2021<\/a><\/li><li><a href=\"https:\/\/www.agr.una.py\/wp\/wp-content\/uploads\/2023\/10\/INFORME_EGRESADOS_Y_EMPLEADORES-FCA.pdf\">Resultados de la Encuesta a Egresados y Empleadores de la FCA\/UNA A\u00f1o 2021<\/a><\/li><li><a href=\"https:\/\/drive.google.com\/file\/d\/1L9wp90QKMjtW3m0HnxHoWVHntCF77wu-\/view?usp=drive_link\">Resultados de la Encuesta a Egresados y Empleadores de la Carrera de Ingenier\u00eda Agron\u00f3mica FCA\/UNA<\/a><\/li><li><a href=\"https:\/\/drive.google.com\/file\/d\/1w84OZLoK2r-vOfr813c6g_r600NcalXu\/view?usp=drive_link\">Resultados de la Encuesta a Egresados y Empleadores de la Carrera de Ingenier\u00eda Ambiental FCA\/UNA<\/a><\/li><li><a href=\"https:\/\/drive.google.com\/file\/d\/1gWB7U0QXNhwvbWrVQhRkmDFddN3o9Nje\/view?usp=drive_link\">Resultados de la Encuesta a Egresados y Empleadores de la Carrera de Ingenier\u00eda FCA\/UNA Agroalimentaria<\/a><\/li><li><a href=\"https:\/\/www.agr.una.py\/wp\/wp-content\/uploads\/2024\/12\/INFORME-EGRESADOS-Y-EMPLEADORES-2023.pdf\">Resultado de la Encuesta a Graduados y Empleadores de la FCA A\u00f1o 2023<\/a><\/li><li><a href=\"https:\/\/www.agr.una.py\/wp\/wp-content\/uploads\/2026\/03\/INFORME-GRADUADOS-Y-EMPLEADORES-2024.pdf\">Resultado de la Encuesta a Graduados y Empleadores de la FCA A\u00f1o 2024<\/a><\/li><li><a href=\"https:\/\/www.agr.una.py\/wp\/wp-content\/uploads\/2026\/03\/INFORME-GRADUADOS-Y-EMPLEADORES-2025.pdf\">Resultado de la Encuesta a Graduados y Empleadores de la FCA A\u00f1o 2025<\/a><\/li><li><a href=\"https:\/\/forms.gle\/eqLv6PRrByRXyjYz7\">Formulario de Seguimiento a empleadores 2026<\/a><\/li><li><a href=\"https:\/\/forms.gle\/8PDD2KDJHfuoUNvW9\">Formulario de Seguimiento a graduados 2026<\/a><\/li><li><a href=\"https:\/\/docs.google.com\/forms\/d\/e\/1FAIpQLSc4oe2oNrj3dv3eMayi0dTTiVhkV9DRg0UwpHvDKus8j1wcPQ\/viewform?usp=dialog\">Formulario de Encuesta a Graduados CIAAL, CIEH, CIAMB de la FCA A\u00f1o 2025<\/a><\/li><li><a href=\"https:\/\/docs.google.com\/document\/d\/1M_q57dMIVtqqO30MreVr6_nXlQoDdz0m\/edit?usp=share_link&amp;ouid=102038207840725745243&amp;rtpof=true&amp;sd=true\">Formaci\u00f3n Cont\u00ednua<\/a><\/li><li><a href=\"https:\/\/docs.google.com\/document\/d\/1zBm8bNiS-y0DJiQEO_AiBbnBTVap7s1e\/edit?usp=share_link&amp;ouid=102038207840725745243&amp;rtpof=true&amp;sd=true\">Bolsa de Trabajo<\/a><\/li><\/ul><\/li><\/ul>\t\t\t\t\t\t<\/div>\n\t\t\t\t<\/div>\n\t\t\t\t\t<\/div>\n\t\t\t\t<\/div>\n\t\t\t\t<\/div>\n\t\t","protected":false},"excerpt":{"rendered":"<p>SEGUIMIENTO A EGRESADOS Y EMPLEADORES El \u00c1rea de Seguimiento a Graduados e Inserci\u00f3n Laboral tiene como objetivo establecer v\u00ednculos con graduados y empleadores de la FCA\/UNA a trav\u00e9s de diferentes mecanismos, tales como encuestas a graduados y empleadores de la FCA, entrevistas directas, y una comunicaci\u00f3n continua con graduados mediante redes sociales y correos electr\u00f3nicos. [&hellip;]<\/p>\n","protected":false},"author":1,"featured_media":0,"parent":90,"menu_order":0,"comment_status":"closed","ping_status":"closed","template":"","meta":{"_themeisle_gutenberg_block_has_review":false,"footnotes":""},"class_list":["post-3642","page","type-page","status-publish","hentry"],"_links":{"self":[{"href":"https:\/\/www.agr.una.py\/wp\/index.php?rest_route=\/wp\/v2\/pages\/3642","targetHints":{"allow":["GET"]}}],"collection":[{"href":"https:\/\/www.agr.una.py\/wp\/index.php?rest_route=\/wp\/v2\/pages"}],"about":[{"href":"https:\/\/www.agr.una.py\/wp\/index.php?rest_route=\/wp\/v2\/types\/page"}],"author":[{"embeddable":true,"href":"https:\/\/www.agr.una.py\/wp\/index.php?rest_route=\/wp\/v2\/users\/1"}],"replies":[{"embeddable":true,"href":"https:\/\/www.agr.una.py\/wp\/index.php?rest_route=%2Fwp%2Fv2%2Fcomments&post=3642"}],"version-history":[{"count":77,"href":"https:\/\/www.agr.una.py\/wp\/index.php?rest_route=\/wp\/v2\/pages\/3642\/revisions"}],"predecessor-version":[{"id":14818,"href":"https:\/\/www.agr.una.py\/wp\/index.php?rest_route=\/wp\/v2\/pages\/3642\/revisions\/14818"}],"up":[{"embeddable":true,"href":"https:\/\/www.agr.una.py\/wp\/index.php?rest_route=\/wp\/v2\/pages\/90"}],"wp:attachment":[{"href":"https:\/\/www.agr.una.py\/wp\/index.php?rest_route=%2Fwp%2Fv2%2Fmedia&parent=3642"}],"curies":[{"name":"wp","href":"https:\/\/api.w.org\/{rel}","templated":true}]}}