{"id":3637,"date":"2023-10-05T13:50:13","date_gmt":"2023-10-05T16:50:13","guid":{"rendered":"https:\/\/www.agr.una.py\/wp\/?page_id=3637"},"modified":"2023-10-06T12:53:35","modified_gmt":"2023-10-06T15:53:35","slug":"proyectos-comunitarios-estudiantiles-y-docentes-2","status":"publish","type":"page","link":"https:\/\/www.agr.una.py\/wp\/?page_id=3637","title":{"rendered":"Proyectos Comunitarios Estudiantiles y Docentes"},"content":{"rendered":"\t\t<div data-elementor-type=\"wp-page\" data-elementor-id=\"3637\" class=\"elementor elementor-3637\">\n\t\t\t\t<div class=\"elementor-element elementor-element-f9370e1 e-flex e-con-boxed e-con e-parent\" data-id=\"f9370e1\" data-element_type=\"container\">\n\t\t\t\t\t<div class=\"e-con-inner\">\n\t\t\t\t<div class=\"elementor-element elementor-element-3359e21 elementor-invisible elementor-widget elementor-widget-text-editor\" data-id=\"3359e21\" data-element_type=\"widget\" data-settings=\"{&quot;_animation&quot;:&quot;fadeInLeft&quot;}\" data-widget_type=\"text-editor.default\">\n\t\t\t\t<div class=\"elementor-widget-container\">\n\t\t\t<style>\/*! elementor - v3.23.0 - 05-08-2024 *\/\n.elementor-widget-text-editor.elementor-drop-cap-view-stacked .elementor-drop-cap{background-color:#69727d;color:#fff}.elementor-widget-text-editor.elementor-drop-cap-view-framed .elementor-drop-cap{color:#69727d;border:3px solid;background-color:transparent}.elementor-widget-text-editor:not(.elementor-drop-cap-view-default) .elementor-drop-cap{margin-top:8px}.elementor-widget-text-editor:not(.elementor-drop-cap-view-default) .elementor-drop-cap-letter{width:1em;height:1em}.elementor-widget-text-editor .elementor-drop-cap{float:left;text-align:center;line-height:1;font-size:50px}.elementor-widget-text-editor .elementor-drop-cap-letter{display:inline-block}<\/style>\t\t\t\t<h2 style=\"text-align: center; color: #007a3e;\"><strong>PROYECTOS COMUNITARIOS ESTUDIANTILES Y DOCENTES<\/strong><\/h2>\t\t\t\t\t\t<\/div>\n\t\t\t\t<\/div>\n\t\t\t\t\t<\/div>\n\t\t\t\t<\/div>\n\t\t<div class=\"elementor-element elementor-element-83a461d e-flex e-con-boxed e-con e-parent\" data-id=\"83a461d\" data-element_type=\"container\">\n\t\t\t\t\t<div class=\"e-con-inner\">\n\t\t\t\t<div class=\"elementor-element elementor-element-6c85d98 elementor-invisible elementor-widget elementor-widget-text-editor\" data-id=\"6c85d98\" data-element_type=\"widget\" data-settings=\"{&quot;_animation&quot;:&quot;fadeInLeft&quot;}\" data-widget_type=\"text-editor.default\">\n\t\t\t\t<div class=\"elementor-widget-container\">\n\t\t\t\t\t\t\t<center><hr style=\"height: 3px; width: 75%; color: #fc4c02; background-color: #fc4c02;\" \/><\/center>\t\t\t\t\t\t<\/div>\n\t\t\t\t<\/div>\n\t\t\t\t\t<\/div>\n\t\t\t\t<\/div>\n\t\t<div class=\"elementor-element elementor-element-d11b1ae e-flex e-con-boxed e-con e-parent\" data-id=\"d11b1ae\" data-element_type=\"container\">\n\t\t\t\t\t<div class=\"e-con-inner\">\n\t\t\t\t<div class=\"elementor-element elementor-element-f3c885f elementor-widget elementor-widget-spacer\" data-id=\"f3c885f\" data-element_type=\"widget\" data-widget_type=\"spacer.default\">\n\t\t\t\t<div class=\"elementor-widget-container\">\n\t\t\t<style>\/*! elementor - v3.23.0 - 05-08-2024 *\/\n.elementor-column .elementor-spacer-inner{height:var(--spacer-size)}.e-con{--container-widget-width:100%}.e-con-inner>.elementor-widget-spacer,.e-con>.elementor-widget-spacer{width:var(--container-widget-width,var(--spacer-size));--align-self:var(--container-widget-align-self,initial);--flex-shrink:0}.e-con-inner>.elementor-widget-spacer>.elementor-widget-container,.e-con>.elementor-widget-spacer>.elementor-widget-container{height:100%;width:100%}.e-con-inner>.elementor-widget-spacer>.elementor-widget-container>.elementor-spacer,.e-con>.elementor-widget-spacer>.elementor-widget-container>.elementor-spacer{height:100%}.e-con-inner>.elementor-widget-spacer>.elementor-widget-container>.elementor-spacer>.elementor-spacer-inner,.e-con>.elementor-widget-spacer>.elementor-widget-container>.elementor-spacer>.elementor-spacer-inner{height:var(--container-widget-height,var(--spacer-size))}.e-con-inner>.elementor-widget-spacer.elementor-widget-empty,.e-con>.elementor-widget-spacer.elementor-widget-empty{position:relative;min-height:22px;min-width:22px}.e-con-inner>.elementor-widget-spacer.elementor-widget-empty .elementor-widget-empty-icon,.e-con>.elementor-widget-spacer.elementor-widget-empty .elementor-widget-empty-icon{position:absolute;top:0;bottom:0;left:0;right:0;margin:auto;padding:0;width:22px;height:22px}<\/style>\t\t<div class=\"elementor-spacer\">\n\t\t\t<div class=\"elementor-spacer-inner\"><\/div>\n\t\t<\/div>\n\t\t\t\t<\/div>\n\t\t\t\t<\/div>\n\t\t\t\t\t<\/div>\n\t\t\t\t<\/div>\n\t\t<div class=\"elementor-element elementor-element-6db8d20 e-flex e-con-boxed e-con e-parent\" data-id=\"6db8d20\" data-element_type=\"container\">\n\t\t\t\t\t<div class=\"e-con-inner\">\n\t\t\t\t<div class=\"elementor-element elementor-element-ad58127 elementor-widget elementor-widget-text-editor\" data-id=\"ad58127\" data-element_type=\"widget\" data-widget_type=\"text-editor.default\">\n\t\t\t\t<div class=\"elementor-widget-container\">\n\t\t\t\t\t\t\t<p>La oficina de <strong>Proyectos Comunitarios Estudiantiles y Docentes <\/strong>tiene como funci\u00f3n principal propiciar las condiciones necesarias para generar proyectos de extensi\u00f3n con enfoques dial\u00f3gicos, promoviendo la participaci\u00f3n activa de la comunidad.<\/p><p>Adem\u00e1s, la responsabilidad de diagnosticar, planificar y ejecutar proyectos comunitarios en colaboraci\u00f3n con estudiantes, docentes e instituciones asociadas a la FCA\/UNA. Su labor abarca la coordinaci\u00f3n, planificaci\u00f3n, difusi\u00f3n y sistematizaci\u00f3n de actividades de extensi\u00f3n, promoviendo el desarrollo comunitario y estableciendo v\u00ednculos con entidades externas.<\/p><h4><strong>Plantel:<\/strong><\/h4><ul><li style=\"list-style-type: none;\"><ul><li>Ing. Agr. Clyde Asunci\u00f3n Salinas Ram\u00edrez<\/li><\/ul><\/li><\/ul><p style=\"padding-left: 40px;\">Correo:<a href=\"mailto:Clyde.salinas@agr.una.py\"> clyde.salinas@agr.una.py<\/a><br \/><br \/><\/p><ul><li style=\"list-style-type: none;\"><ul><li>Ing. Agr. Luis Fernando Paiva D\u00edaz<\/li><\/ul><\/li><\/ul><p style=\"padding-left: 40px;\">Correo: \u00a0<a href=\"mailto:luis.paiva@agr.una.py\">luis.paiva@agr.una.py<\/a><\/p><p><strong>Horario de atenci\u00f3n:<\/strong> lunes a viernes de 7:30 a 14:00 hs.<\/p>\t\t\t\t\t\t<\/div>\n\t\t\t\t<\/div>\n\t\t\t\t\t<\/div>\n\t\t\t\t<\/div>\n\t\t\t\t<\/div>\n\t\t","protected":false},"excerpt":{"rendered":"<p>PROYECTOS COMUNITARIOS ESTUDIANTILES Y DOCENTES La oficina de Proyectos Comunitarios Estudiantiles y Docentes tiene como funci\u00f3n principal propiciar las condiciones necesarias para generar proyectos de extensi\u00f3n con enfoques dial\u00f3gicos, promoviendo la participaci\u00f3n activa de la comunidad. Adem\u00e1s, la responsabilidad de diagnosticar, planificar y ejecutar proyectos comunitarios en colaboraci\u00f3n con estudiantes, docentes e instituciones asociadas a [&hellip;]<\/p>\n","protected":false},"author":1,"featured_media":0,"parent":90,"menu_order":0,"comment_status":"closed","ping_status":"closed","template":"","meta":{"_themeisle_gutenberg_block_has_review":false,"footnotes":""},"class_list":["post-3637","page","type-page","status-publish","hentry"],"_links":{"self":[{"href":"https:\/\/www.agr.una.py\/wp\/index.php?rest_route=\/wp\/v2\/pages\/3637","targetHints":{"allow":["GET"]}}],"collection":[{"href":"https:\/\/www.agr.una.py\/wp\/index.php?rest_route=\/wp\/v2\/pages"}],"about":[{"href":"https:\/\/www.agr.una.py\/wp\/index.php?rest_route=\/wp\/v2\/types\/page"}],"author":[{"embeddable":true,"href":"https:\/\/www.agr.una.py\/wp\/index.php?rest_route=\/wp\/v2\/users\/1"}],"replies":[{"embeddable":true,"href":"https:\/\/www.agr.una.py\/wp\/index.php?rest_route=%2Fwp%2Fv2%2Fcomments&post=3637"}],"version-history":[{"count":40,"href":"https:\/\/www.agr.una.py\/wp\/index.php?rest_route=\/wp\/v2\/pages\/3637\/revisions"}],"predecessor-version":[{"id":3823,"href":"https:\/\/www.agr.una.py\/wp\/index.php?rest_route=\/wp\/v2\/pages\/3637\/revisions\/3823"}],"up":[{"embeddable":true,"href":"https:\/\/www.agr.una.py\/wp\/index.php?rest_route=\/wp\/v2\/pages\/90"}],"wp:attachment":[{"href":"https:\/\/www.agr.una.py\/wp\/index.php?rest_route=%2Fwp%2Fv2%2Fmedia&parent=3637"}],"curies":[{"name":"wp","href":"https:\/\/api.w.org\/{rel}","templated":true}]}}