{"id":3632,"date":"2023-10-05T13:49:24","date_gmt":"2023-10-05T16:49:24","guid":{"rendered":"https:\/\/www.agr.una.py\/wp\/?page_id=3632"},"modified":"2025-12-11T09:09:12","modified_gmt":"2025-12-11T12:09:12","slug":"centro-de-liderazgo-2","status":"publish","type":"page","link":"https:\/\/www.agr.una.py\/wp\/?page_id=3632","title":{"rendered":"Centro de Liderazgo"},"content":{"rendered":"\t\t<div data-elementor-type=\"wp-page\" data-elementor-id=\"3632\" class=\"elementor elementor-3632\">\n\t\t\t\t<div class=\"elementor-element elementor-element-aa70e8d e-flex e-con-boxed e-con e-parent\" data-id=\"aa70e8d\" data-element_type=\"container\">\n\t\t\t\t\t<div class=\"e-con-inner\">\n\t\t\t\t<div class=\"elementor-element elementor-element-3455637 elementor-invisible elementor-widget elementor-widget-text-editor\" data-id=\"3455637\" data-element_type=\"widget\" data-settings=\"{&quot;_animation&quot;:&quot;fadeInLeft&quot;}\" data-widget_type=\"text-editor.default\">\n\t\t\t\t<div class=\"elementor-widget-container\">\n\t\t\t<style>\/*! elementor - v3.23.0 - 05-08-2024 *\/\n.elementor-widget-text-editor.elementor-drop-cap-view-stacked .elementor-drop-cap{background-color:#69727d;color:#fff}.elementor-widget-text-editor.elementor-drop-cap-view-framed .elementor-drop-cap{color:#69727d;border:3px solid;background-color:transparent}.elementor-widget-text-editor:not(.elementor-drop-cap-view-default) .elementor-drop-cap{margin-top:8px}.elementor-widget-text-editor:not(.elementor-drop-cap-view-default) .elementor-drop-cap-letter{width:1em;height:1em}.elementor-widget-text-editor .elementor-drop-cap{float:left;text-align:center;line-height:1;font-size:50px}.elementor-widget-text-editor .elementor-drop-cap-letter{display:inline-block}<\/style>\t\t\t\t<h2 style=\"text-align: center; color: #007a3e;\"><strong>CENTRO DE LIDERAZGO<\/strong><\/h2>\t\t\t\t\t\t<\/div>\n\t\t\t\t<\/div>\n\t\t\t\t\t<\/div>\n\t\t\t\t<\/div>\n\t\t<div class=\"elementor-element elementor-element-f473c6e e-flex e-con-boxed e-con e-parent\" data-id=\"f473c6e\" data-element_type=\"container\">\n\t\t\t\t\t<div class=\"e-con-inner\">\n\t\t\t\t<div class=\"elementor-element elementor-element-4328461 elementor-invisible elementor-widget elementor-widget-text-editor\" data-id=\"4328461\" data-element_type=\"widget\" data-settings=\"{&quot;_animation&quot;:&quot;fadeInLeft&quot;}\" data-widget_type=\"text-editor.default\">\n\t\t\t\t<div class=\"elementor-widget-container\">\n\t\t\t\t\t\t\t<center><hr style=\"height: 3px; width: 75%; color: #fc4c02; background-color: #fc4c02;\" \/><\/center>\t\t\t\t\t\t<\/div>\n\t\t\t\t<\/div>\n\t\t\t\t\t<\/div>\n\t\t\t\t<\/div>\n\t\t<div class=\"elementor-element elementor-element-8049c68 e-flex e-con-boxed e-con e-parent\" data-id=\"8049c68\" data-element_type=\"container\">\n\t\t\t\t\t<div class=\"e-con-inner\">\n\t\t\t\t<div class=\"elementor-element elementor-element-6dd1b78 elementor-widget elementor-widget-spacer\" data-id=\"6dd1b78\" data-element_type=\"widget\" data-widget_type=\"spacer.default\">\n\t\t\t\t<div class=\"elementor-widget-container\">\n\t\t\t<style>\/*! elementor - v3.23.0 - 05-08-2024 *\/\n.elementor-column .elementor-spacer-inner{height:var(--spacer-size)}.e-con{--container-widget-width:100%}.e-con-inner>.elementor-widget-spacer,.e-con>.elementor-widget-spacer{width:var(--container-widget-width,var(--spacer-size));--align-self:var(--container-widget-align-self,initial);--flex-shrink:0}.e-con-inner>.elementor-widget-spacer>.elementor-widget-container,.e-con>.elementor-widget-spacer>.elementor-widget-container{height:100%;width:100%}.e-con-inner>.elementor-widget-spacer>.elementor-widget-container>.elementor-spacer,.e-con>.elementor-widget-spacer>.elementor-widget-container>.elementor-spacer{height:100%}.e-con-inner>.elementor-widget-spacer>.elementor-widget-container>.elementor-spacer>.elementor-spacer-inner,.e-con>.elementor-widget-spacer>.elementor-widget-container>.elementor-spacer>.elementor-spacer-inner{height:var(--container-widget-height,var(--spacer-size))}.e-con-inner>.elementor-widget-spacer.elementor-widget-empty,.e-con>.elementor-widget-spacer.elementor-widget-empty{position:relative;min-height:22px;min-width:22px}.e-con-inner>.elementor-widget-spacer.elementor-widget-empty .elementor-widget-empty-icon,.e-con>.elementor-widget-spacer.elementor-widget-empty .elementor-widget-empty-icon{position:absolute;top:0;bottom:0;left:0;right:0;margin:auto;padding:0;width:22px;height:22px}<\/style>\t\t<div class=\"elementor-spacer\">\n\t\t\t<div class=\"elementor-spacer-inner\"><\/div>\n\t\t<\/div>\n\t\t\t\t<\/div>\n\t\t\t\t<\/div>\n\t\t\t\t\t<\/div>\n\t\t\t\t<\/div>\n\t\t<div class=\"elementor-element elementor-element-67f12d0 e-flex e-con-boxed e-con e-parent\" data-id=\"67f12d0\" data-element_type=\"container\">\n\t\t\t\t\t<div class=\"e-con-inner\">\n\t\t\t\t<div class=\"elementor-element elementor-element-2f53f42 elementor-widget elementor-widget-text-editor\" data-id=\"2f53f42\" data-element_type=\"widget\" data-widget_type=\"text-editor.default\">\n\t\t\t\t<div class=\"elementor-widget-container\">\n\t\t\t\t\t\t\t<p>El <strong>\u00c1rea de Centro de Liderazgo (CL)<\/strong> depende de la Direcci\u00f3n de Extensi\u00f3n Universitaria (DEU). Su principal objetivo es desarrollar las capacidades de liderazgo de los diferentes actores de la FCA\/UNA, promoviendo valores como la disciplina, humildad, honestidad, respeto y solidaridad. Entre sus funciones destacan la generaci\u00f3n y promoci\u00f3n de programas y proyectos acorde al nuevo estatuto, la organizaci\u00f3n de talleres, seminarios y foros, y el apoyo en la implementaci\u00f3n de cursos de actualizaci\u00f3n.<\/p><p>El CL tambi\u00e9n se encarga de gestionar coordinadamente con las diferentes carreras de la FCA\/UNA, tanto en Casa Matriz como en Filiales, la organizaci\u00f3n de eventos relacionados con el liderazgo, estableciendo v\u00ednculos estrat\u00e9gicos con otras unidades acad\u00e9micas, instituciones y referentes del sector. Adem\u00e1s, se dedica a generar proyectos en colaboraci\u00f3n con estudiantes, docentes, funcionarios de la FCA y la sociedad civil, y brinda apoyo en actividades estrat\u00e9gicas vinculadas a la extensi\u00f3n universitaria.<\/p><p>Algunos de los programas y proyectos emblem\u00e1ticos del CL incluyen el Programa de FCA Inclusiva, PAESA; PROTTri, Mentor\u00eda FCA, el Programa FCA en Vivo, el Proyecto FCA Cultural y el Proyecto de participaci\u00f3n de la FCA en la ETyC de la Facultad de Polit\u00e9cnica, entre otros.<\/p><p>Asimismo, el CL ofrece apoyo en la elaboraci\u00f3n de programas y proyectos de las distintas \u00e1reas de la DEU.<\/p><h5><a href=\"https:\/\/docs.google.com\/spreadsheets\/d\/1yAr04FTIlq0rrN6zIVT_pZrWMgYCxkS5PJCmmzPW6-4\/edit?pli=1&amp;gid=1951949256#gid=1951949256\">ACCEDE A LA BIBLIOTECA DIGITAL FCA EN VIVO<\/a><\/h5><h4><strong><u>Plantel<\/u>: <\/strong><\/h4><ul><li style=\"list-style-type: none;\"><ul><li>For. Sergio Sebasti\u00e1n Ortega Torres<\/li><\/ul><\/li><\/ul><p style=\"padding-left: 40px;\">Correo: <a href=\"mailto:centroliderazgo.ext@agr.una.py\">centroliderazgo.ext@agr.una.py<\/a><\/p><p><strong><u>Horario de atenci\u00f3n<\/u><\/strong>: lunes a viernes de 16:00 a 22:00 hs.<\/p>\t\t\t\t\t\t<\/div>\n\t\t\t\t<\/div>\n\t\t\t\t\t<\/div>\n\t\t\t\t<\/div>\n\t\t\t\t<\/div>\n\t\t","protected":false},"excerpt":{"rendered":"<p>CENTRO DE LIDERAZGO El \u00c1rea de Centro de Liderazgo (CL) depende de la Direcci\u00f3n de Extensi\u00f3n Universitaria (DEU). Su principal objetivo es desarrollar las capacidades de liderazgo de los diferentes actores de la FCA\/UNA, promoviendo valores como la disciplina, humildad, honestidad, respeto y solidaridad. Entre sus funciones destacan la generaci\u00f3n y promoci\u00f3n de programas y [&hellip;]<\/p>\n","protected":false},"author":1,"featured_media":0,"parent":90,"menu_order":0,"comment_status":"closed","ping_status":"closed","template":"","meta":{"_themeisle_gutenberg_block_has_review":false,"footnotes":""},"class_list":["post-3632","page","type-page","status-publish","hentry"],"_links":{"self":[{"href":"https:\/\/www.agr.una.py\/wp\/index.php?rest_route=\/wp\/v2\/pages\/3632","targetHints":{"allow":["GET"]}}],"collection":[{"href":"https:\/\/www.agr.una.py\/wp\/index.php?rest_route=\/wp\/v2\/pages"}],"about":[{"href":"https:\/\/www.agr.una.py\/wp\/index.php?rest_route=\/wp\/v2\/types\/page"}],"author":[{"embeddable":true,"href":"https:\/\/www.agr.una.py\/wp\/index.php?rest_route=\/wp\/v2\/users\/1"}],"replies":[{"embeddable":true,"href":"https:\/\/www.agr.una.py\/wp\/index.php?rest_route=%2Fwp%2Fv2%2Fcomments&post=3632"}],"version-history":[{"count":25,"href":"https:\/\/www.agr.una.py\/wp\/index.php?rest_route=\/wp\/v2\/pages\/3632\/revisions"}],"predecessor-version":[{"id":14126,"href":"https:\/\/www.agr.una.py\/wp\/index.php?rest_route=\/wp\/v2\/pages\/3632\/revisions\/14126"}],"up":[{"embeddable":true,"href":"https:\/\/www.agr.una.py\/wp\/index.php?rest_route=\/wp\/v2\/pages\/90"}],"wp:attachment":[{"href":"https:\/\/www.agr.una.py\/wp\/index.php?rest_route=%2Fwp%2Fv2%2Fmedia&parent=3632"}],"curies":[{"name":"wp","href":"https:\/\/api.w.org\/{rel}","templated":true}]}}