{"id":3260,"date":"2023-09-28T01:37:08","date_gmt":"2023-09-28T05:37:08","guid":{"rendered":"https:\/\/www.agr.una.py\/wp\/?page_id=3260"},"modified":"2024-06-26T09:49:41","modified_gmt":"2024-06-26T12:49:41","slug":"movilidad-academica-internacional","status":"publish","type":"page","link":"https:\/\/www.agr.una.py\/wp\/?page_id=3260","title":{"rendered":"Movilidad Acad\u00e9mica Internacional"},"content":{"rendered":"\t\t<div data-elementor-type=\"wp-page\" data-elementor-id=\"3260\" class=\"elementor elementor-3260\">\n\t\t\t\t<div class=\"elementor-element elementor-element-b6dfb38 e-flex e-con-boxed e-con e-parent\" data-id=\"b6dfb38\" data-element_type=\"container\">\n\t\t\t\t\t<div class=\"e-con-inner\">\n\t\t<div class=\"elementor-element elementor-element-e89369c e-flex e-con-boxed e-con e-child\" data-id=\"e89369c\" data-element_type=\"container\">\n\t\t\t\t\t<div class=\"e-con-inner\">\n\t\t\t\t<div class=\"elementor-element elementor-element-7b210b1 elementor-invisible elementor-widget elementor-widget-text-editor\" data-id=\"7b210b1\" data-element_type=\"widget\" data-settings=\"{&quot;_animation&quot;:&quot;fadeInLeft&quot;}\" data-widget_type=\"text-editor.default\">\n\t\t\t\t<div class=\"elementor-widget-container\">\n\t\t\t<style>\/*! elementor - v3.23.0 - 05-08-2024 *\/\n.elementor-widget-text-editor.elementor-drop-cap-view-stacked .elementor-drop-cap{background-color:#69727d;color:#fff}.elementor-widget-text-editor.elementor-drop-cap-view-framed .elementor-drop-cap{color:#69727d;border:3px solid;background-color:transparent}.elementor-widget-text-editor:not(.elementor-drop-cap-view-default) .elementor-drop-cap{margin-top:8px}.elementor-widget-text-editor:not(.elementor-drop-cap-view-default) .elementor-drop-cap-letter{width:1em;height:1em}.elementor-widget-text-editor .elementor-drop-cap{float:left;text-align:center;line-height:1;font-size:50px}.elementor-widget-text-editor .elementor-drop-cap-letter{display:inline-block}<\/style>\t\t\t\t<h2 style=\"text-align: center; color: #007a3e;\"><strong>MOVILIDAD ACAD\u00c9MICA INTERNACIONAL<\/strong><\/h2>\t\t\t\t\t\t<\/div>\n\t\t\t\t<\/div>\n\t\t\t\t\t<\/div>\n\t\t\t\t<\/div>\n\t\t<div class=\"elementor-element elementor-element-16a24b7 e-con-full e-flex e-con e-child\" data-id=\"16a24b7\" data-element_type=\"container\">\n\t\t\t\t<div class=\"elementor-element elementor-element-dd1f7c7 elementor-invisible elementor-widget elementor-widget-text-editor\" data-id=\"dd1f7c7\" data-element_type=\"widget\" data-settings=\"{&quot;_animation&quot;:&quot;fadeInLeft&quot;}\" data-widget_type=\"text-editor.default\">\n\t\t\t\t<div class=\"elementor-widget-container\">\n\t\t\t\t\t\t\t<center><hr style=\"height: 3px; width: 75%; color: #fc4c02; background-color: #fc4c02;\" \/><\/center>\t\t\t\t\t\t<\/div>\n\t\t\t\t<\/div>\n\t\t\t\t<\/div>\n\t\t<div class=\"elementor-element elementor-element-efe5f66 e-flex e-con-boxed e-con e-child\" data-id=\"efe5f66\" data-element_type=\"container\">\n\t\t\t\t\t<div class=\"e-con-inner\">\n\t\t\t\t<div class=\"elementor-element elementor-element-c7e86ed elementor-widget elementor-widget-text-editor\" data-id=\"c7e86ed\" data-element_type=\"widget\" data-widget_type=\"text-editor.default\">\n\t\t\t\t<div class=\"elementor-widget-container\">\n\t\t\t\t\t\t\t<p>La visi\u00f3n de la FCA\/UNA es convertirse en una instituci\u00f3n l\u00edder, reconocida a nivel nacional e internacional por su excelencia en la formaci\u00f3n de profesionales de grado y posgrado, producci\u00f3n cient\u00edfica y tecnol\u00f3gica, proyecci\u00f3n social y compromiso con el desarrollo sostenible del pa\u00eds. En esta l\u00ednea, el \u00c1rea de Relaciones Internacionales tiene el objetivo de mantener contacto permanente con organizaciones internacionales de alto prestigio afines a las ciencias agrarias y educaci\u00f3n superior, en las tem\u00e1ticas de docencia, investigaci\u00f3n y extensi\u00f3n universitaria.<\/p>\n<p>Con la promoci\u00f3n del \u00e1rea, se pretende adem\u00e1s apoyar a los docentes y estudiantes de la FCA en el usufructo de becas y programas de movilidad con que cuenta actualmente la FCA.<\/p>\n<h4><strong>LAS PRINCIPALES FUNCIONES SON:<\/strong><\/h4>\n<ul>\n<li style=\"list-style-type: none;\">\n<ul>\n<li>Apoyar y asesorar para la movilidad de estudiantes y docentes a universidades externas.<\/li>\n<li>Coordinar, conjuntamente con la Direcci\u00f3n de Relaciones Internacionales del Rectorado de la UNA, los programas de movilidad de estudiantes y docentes vigentes para la FCA.<\/li>\n<li>Apoyar a estudiantes y docentes de instituciones externas que realizan estancias en la FCA.<\/li>\n<li>Oficiar de enlace para la participaci\u00f3n institucional en eventos internacionales.<\/li>\n<li>Apoyar en la gesti\u00f3n y organizaci\u00f3n de eventos internacionales a nivel nacional.<\/li>\n<li>Realizar el seguimiento a beneficiarios de programas de movilidad o becas.<\/li>\n<li>Gestionar visitas a otras instituciones de educaci\u00f3n superior con vista a identificar posibilidades de cooperaci\u00f3n y desarrollo de proyectos conjuntos.<\/li>\n<li>Coordinar reuniones con organismos internacionales para gesti\u00f3n de fondos y cooperaci\u00f3n en las \u00e1reas de ciencias agrarias y educaci\u00f3n superior.<\/li>\n<li>Realizar el seguimiento de convenios internacionales existentes.<\/li>\n<li>Elaborar y presentar propuestas de nuevos instrumentos de cooperaci\u00f3n.<\/li>\n<\/ul>\n<\/li>\n<\/ul>\t\t\t\t\t\t<\/div>\n\t\t\t\t<\/div>\n\t\t\t\t\t<\/div>\n\t\t\t\t<\/div>\n\t\t<div class=\"elementor-element elementor-element-ae5a255 e-con-full e-flex e-con e-child\" data-id=\"ae5a255\" data-element_type=\"container\">\n\t\t\t\t<div class=\"elementor-element elementor-element-01099f4 elementor-widget elementor-widget-spacer\" data-id=\"01099f4\" data-element_type=\"widget\" data-widget_type=\"spacer.default\">\n\t\t\t\t<div class=\"elementor-widget-container\">\n\t\t\t<style>\/*! elementor - v3.23.0 - 05-08-2024 *\/\n.elementor-column .elementor-spacer-inner{height:var(--spacer-size)}.e-con{--container-widget-width:100%}.e-con-inner>.elementor-widget-spacer,.e-con>.elementor-widget-spacer{width:var(--container-widget-width,var(--spacer-size));--align-self:var(--container-widget-align-self,initial);--flex-shrink:0}.e-con-inner>.elementor-widget-spacer>.elementor-widget-container,.e-con>.elementor-widget-spacer>.elementor-widget-container{height:100%;width:100%}.e-con-inner>.elementor-widget-spacer>.elementor-widget-container>.elementor-spacer,.e-con>.elementor-widget-spacer>.elementor-widget-container>.elementor-spacer{height:100%}.e-con-inner>.elementor-widget-spacer>.elementor-widget-container>.elementor-spacer>.elementor-spacer-inner,.e-con>.elementor-widget-spacer>.elementor-widget-container>.elementor-spacer>.elementor-spacer-inner{height:var(--container-widget-height,var(--spacer-size))}.e-con-inner>.elementor-widget-spacer.elementor-widget-empty,.e-con>.elementor-widget-spacer.elementor-widget-empty{position:relative;min-height:22px;min-width:22px}.e-con-inner>.elementor-widget-spacer.elementor-widget-empty .elementor-widget-empty-icon,.e-con>.elementor-widget-spacer.elementor-widget-empty .elementor-widget-empty-icon{position:absolute;top:0;bottom:0;left:0;right:0;margin:auto;padding:0;width:22px;height:22px}<\/style>\t\t<div class=\"elementor-spacer\">\n\t\t\t<div class=\"elementor-spacer-inner\"><\/div>\n\t\t<\/div>\n\t\t\t\t<\/div>\n\t\t\t\t<\/div>\n\t\t\t\t<\/div>\n\t\t<div class=\"elementor-element elementor-element-87122b4 e-con-full e-flex e-con e-child\" data-id=\"87122b4\" data-element_type=\"container\">\n\t\t\t\t<div class=\"elementor-element elementor-element-60f4180 elementor-invisible elementor-widget elementor-widget-text-editor\" data-id=\"60f4180\" data-element_type=\"widget\" data-settings=\"{&quot;_animation&quot;:&quot;fadeInLeft&quot;}\" data-widget_type=\"text-editor.default\">\n\t\t\t\t<div class=\"elementor-widget-container\">\n\t\t\t\t\t\t\t<h2 style=\"text-align: center; color: #007a3e;\"><strong>PROGRAMAS DE MOVILIDAD INTERNACIONAL<\/strong><\/h2>\t\t\t\t\t\t<\/div>\n\t\t\t\t<\/div>\n\t\t\t\t<\/div>\n\t\t<div class=\"elementor-element elementor-element-52d16d2 e-con-full e-flex e-con e-child\" data-id=\"52d16d2\" data-element_type=\"container\">\n\t\t\t\t<div class=\"elementor-element elementor-element-991084e elementor-invisible elementor-widget elementor-widget-text-editor\" data-id=\"991084e\" data-element_type=\"widget\" data-settings=\"{&quot;_animation&quot;:&quot;fadeInLeft&quot;}\" data-widget_type=\"text-editor.default\">\n\t\t\t\t<div class=\"elementor-widget-container\">\n\t\t\t\t\t\t\t<center><hr style=\"height: 3px; width: 75%; color: #fc4c02; background-color: #fc4c02;\" \/><\/center>\t\t\t\t\t\t<\/div>\n\t\t\t\t<\/div>\n\t\t\t\t<\/div>\n\t\t<div class=\"elementor-element elementor-element-69d35f6 e-con-full e-flex e-con e-child\" data-id=\"69d35f6\" data-element_type=\"container\">\n\t\t\t\t<div class=\"elementor-element elementor-element-d35b944 elementor-position-top elementor-widget elementor-widget-image-box\" data-id=\"d35b944\" data-element_type=\"widget\" data-widget_type=\"image-box.default\">\n\t\t\t\t<div class=\"elementor-widget-container\">\n\t\t\t<style>\/*! elementor - v3.23.0 - 05-08-2024 *\/\n.elementor-widget-image-box .elementor-image-box-content{width:100%}@media (min-width:768px){.elementor-widget-image-box.elementor-position-left .elementor-image-box-wrapper,.elementor-widget-image-box.elementor-position-right .elementor-image-box-wrapper{display:flex}.elementor-widget-image-box.elementor-position-right .elementor-image-box-wrapper{text-align:end;flex-direction:row-reverse}.elementor-widget-image-box.elementor-position-left .elementor-image-box-wrapper{text-align:start;flex-direction:row}.elementor-widget-image-box.elementor-position-top .elementor-image-box-img{margin:auto}.elementor-widget-image-box.elementor-vertical-align-top .elementor-image-box-wrapper{align-items:flex-start}.elementor-widget-image-box.elementor-vertical-align-middle .elementor-image-box-wrapper{align-items:center}.elementor-widget-image-box.elementor-vertical-align-bottom .elementor-image-box-wrapper{align-items:flex-end}}@media (max-width:767px){.elementor-widget-image-box .elementor-image-box-img{margin-left:auto!important;margin-right:auto!important;margin-bottom:15px}}.elementor-widget-image-box .elementor-image-box-img{display:inline-block}.elementor-widget-image-box .elementor-image-box-title a{color:inherit}.elementor-widget-image-box .elementor-image-box-wrapper{text-align:center}.elementor-widget-image-box .elementor-image-box-description{margin:0}<\/style><div class=\"elementor-image-box-wrapper\"><figure class=\"elementor-image-box-img\"><a href=\"https:\/\/pame.udual.org\/\" tabindex=\"-1\"><img decoding=\"async\" width=\"272\" height=\"134\" src=\"https:\/\/www.agr.una.py\/wp\/wp-content\/uploads\/2024\/06\/pame.jpg\" class=\"attachment-medium size-medium wp-image-7411\" alt=\"\" \/><\/a><\/figure><div class=\"elementor-image-box-content\"><h4 class=\"elementor-image-box-title\"><a href=\"https:\/\/pame.udual.org\/\">PROGRAMA ACAD\u00c9MICO DE MOVILIDAD EDUCATIVA<\/a><\/h4><\/div><\/div>\t\t<\/div>\n\t\t\t\t<\/div>\n\t\t\t\t<\/div>\n\t\t<div class=\"elementor-element elementor-element-ecdcc45 e-con-full e-flex e-con e-child\" data-id=\"ecdcc45\" data-element_type=\"container\">\n\t\t\t\t<div class=\"elementor-element elementor-element-0ad4a59 elementor-position-top elementor-widget elementor-widget-image-box\" data-id=\"0ad4a59\" data-element_type=\"widget\" data-widget_type=\"image-box.default\">\n\t\t\t\t<div class=\"elementor-widget-container\">\n\t\t\t<div class=\"elementor-image-box-wrapper\"><figure class=\"elementor-image-box-img\"><a href=\"https:\/\/www.programapila.lat\/\" tabindex=\"-1\"><img decoding=\"async\" width=\"300\" height=\"112\" src=\"https:\/\/www.agr.una.py\/wp\/wp-content\/uploads\/2024\/06\/pila-300x112.jpg\" class=\"attachment-medium size-medium wp-image-7419\" alt=\"\" srcset=\"https:\/\/www.agr.una.py\/wp\/wp-content\/uploads\/2024\/06\/pila-300x112.jpg 300w, https:\/\/www.agr.una.py\/wp\/wp-content\/uploads\/2024\/06\/pila.jpg 311w\" sizes=\"(max-width: 300px) 100vw, 300px\" \/><\/a><\/figure><div class=\"elementor-image-box-content\"><h4 class=\"elementor-image-box-title\"><a href=\"https:\/\/www.programapila.lat\/\">PROGRAMA DE INTERCAMBIO ACAD\u00c9MICO LATINOAMERICANO<\/a><\/h4><\/div><\/div>\t\t<\/div>\n\t\t\t\t<\/div>\n\t\t\t\t<\/div>\n\t\t<div class=\"elementor-element elementor-element-0287d5e e-con-full e-flex e-con e-child\" data-id=\"0287d5e\" data-element_type=\"container\">\n\t\t\t\t<div class=\"elementor-element elementor-element-24cc877 elementor-position-top elementor-widget elementor-widget-image-box\" data-id=\"24cc877\" data-element_type=\"widget\" data-widget_type=\"image-box.default\">\n\t\t\t\t<div class=\"elementor-widget-container\">\n\t\t\t<div class=\"elementor-image-box-wrapper\"><figure class=\"elementor-image-box-img\"><a href=\"http:\/\/grupomontevideo.org\/\" tabindex=\"-1\"><img decoding=\"async\" width=\"184\" height=\"229\" src=\"https:\/\/www.agr.una.py\/wp\/wp-content\/uploads\/2024\/06\/montevideo.jpg\" class=\"attachment-medium size-medium wp-image-7423\" alt=\"\" \/><\/a><\/figure><div class=\"elementor-image-box-content\"><h4 class=\"elementor-image-box-title\"><a href=\"http:\/\/grupomontevideo.org\/\">ASOCIACI\u00d3N DE UNIVERSIDADES GRUPO MONTEVIDEO<\/a><\/h4><\/div><\/div>\t\t<\/div>\n\t\t\t\t<\/div>\n\t\t\t\t<\/div>\n\t\t<div class=\"elementor-element elementor-element-74d20d3 e-con-full e-flex e-con e-child\" data-id=\"74d20d3\" data-element_type=\"container\">\n\t\t\t\t<div class=\"elementor-element elementor-element-5ffbdaf elementor-position-top elementor-widget elementor-widget-image-box\" data-id=\"5ffbdaf\" data-element_type=\"widget\" data-widget_type=\"image-box.default\">\n\t\t\t\t<div class=\"elementor-widget-container\">\n\t\t\t<div class=\"elementor-image-box-wrapper\"><figure class=\"elementor-image-box-img\"><a href=\"https:\/\/zicosur.co\/\" tabindex=\"-1\"><img loading=\"lazy\" decoding=\"async\" width=\"284\" height=\"116\" src=\"https:\/\/www.agr.una.py\/wp\/wp-content\/uploads\/2024\/06\/zicosur.jpg\" class=\"attachment-medium size-medium wp-image-7427\" alt=\"\" \/><\/a><\/figure><div class=\"elementor-image-box-content\"><h4 class=\"elementor-image-box-title\"><a href=\"https:\/\/zicosur.co\/\">LA ZONA DE INTEGRACI\u00d3N DEL CENTRO OESTE DE AM\u00c9RICA DEL SUR<\/a><\/h4><\/div><\/div>\t\t<\/div>\n\t\t\t\t<\/div>\n\t\t\t\t<\/div>\n\t\t<div class=\"elementor-element elementor-element-78bcd09 e-con-full e-flex e-con e-child\" data-id=\"78bcd09\" data-element_type=\"container\">\n\t\t\t\t<div class=\"elementor-element elementor-element-04b44c1 elementor-widget elementor-widget-text-editor\" data-id=\"04b44c1\" data-element_type=\"widget\" data-widget_type=\"text-editor.default\">\n\t\t\t\t<div class=\"elementor-widget-container\">\n\t\t\t\t\t\t\t<p><strong>Requisitos de la FCA para los estudiantes que desean postular a los programa de movilidad acad\u00e9mica internacional<\/strong><\/p><ul><li>Ser estudiante matriculado.<\/li><li>Haber aprobado el 50% de las asignaturas.<\/li><li>Promedio 3,5.<\/li><li>Llenar el formulario de postulaci\u00f3n.<\/li><li>Copia de C\u00e9dula de Identidad vigente.<\/li><li>Certificado de estudio EALU<\/li><\/ul><p><strong>OBSERVACIONES:<\/strong> Los requisitos mencionados son internos de la FCA, una vez seleccionado el estudiante, se le solicitar\u00e1 los requisitos espec\u00edficos del programa de movilidad al que postul\u00f3.<\/p><p><strong>\u00a0<\/strong><\/p><p><strong>Cualquier consulta:<\/strong><\/p><p>\u00c1rea de Movilidad Acad\u00e9mica<\/p><p>Direcci\u00f3n Acad\u00e9mica<\/p><p>Lunes a viernes de 07:00 h a 13:30 h<\/p><p>Correo: movilidadfca@agr.una.py<\/p>\t\t\t\t\t\t<\/div>\n\t\t\t\t<\/div>\n\t\t\t\t<\/div>\n\t\t\t\t\t<\/div>\n\t\t\t\t<\/div>\n\t\t\t\t<\/div>\n\t\t","protected":false},"excerpt":{"rendered":"<p>MOVILIDAD ACAD\u00c9MICA INTERNACIONAL La visi\u00f3n de la FCA\/UNA es convertirse en una instituci\u00f3n l\u00edder, reconocida a nivel nacional e internacional por su excelencia en la formaci\u00f3n de profesionales de grado y posgrado, producci\u00f3n cient\u00edfica y tecnol\u00f3gica, proyecci\u00f3n social y compromiso con el desarrollo sostenible del pa\u00eds. En esta l\u00ednea, el \u00c1rea de Relaciones Internacionales tiene [&hellip;]<\/p>\n","protected":false},"author":1,"featured_media":0,"parent":89,"menu_order":0,"comment_status":"closed","ping_status":"closed","template":"","meta":{"_themeisle_gutenberg_block_has_review":false,"footnotes":""},"class_list":["post-3260","page","type-page","status-publish","hentry"],"_links":{"self":[{"href":"https:\/\/www.agr.una.py\/wp\/index.php?rest_route=\/wp\/v2\/pages\/3260","targetHints":{"allow":["GET"]}}],"collection":[{"href":"https:\/\/www.agr.una.py\/wp\/index.php?rest_route=\/wp\/v2\/pages"}],"about":[{"href":"https:\/\/www.agr.una.py\/wp\/index.php?rest_route=\/wp\/v2\/types\/page"}],"author":[{"embeddable":true,"href":"https:\/\/www.agr.una.py\/wp\/index.php?rest_route=\/wp\/v2\/users\/1"}],"replies":[{"embeddable":true,"href":"https:\/\/www.agr.una.py\/wp\/index.php?rest_route=%2Fwp%2Fv2%2Fcomments&post=3260"}],"version-history":[{"count":47,"href":"https:\/\/www.agr.una.py\/wp\/index.php?rest_route=\/wp\/v2\/pages\/3260\/revisions"}],"predecessor-version":[{"id":7589,"href":"https:\/\/www.agr.una.py\/wp\/index.php?rest_route=\/wp\/v2\/pages\/3260\/revisions\/7589"}],"up":[{"embeddable":true,"href":"https:\/\/www.agr.una.py\/wp\/index.php?rest_route=\/wp\/v2\/pages\/89"}],"wp:attachment":[{"href":"https:\/\/www.agr.una.py\/wp\/index.php?rest_route=%2Fwp%2Fv2%2Fmedia&parent=3260"}],"curies":[{"name":"wp","href":"https:\/\/api.w.org\/{rel}","templated":true}]}}