{"id":3249,"date":"2023-09-28T01:27:22","date_gmt":"2023-09-28T05:27:22","guid":{"rendered":"https:\/\/www.agr.una.py\/wp\/?page_id=3249"},"modified":"2026-04-16T11:46:41","modified_gmt":"2026-04-16T14:46:41","slug":"reglamentos","status":"publish","type":"page","link":"https:\/\/www.agr.una.py\/wp\/?page_id=3249","title":{"rendered":"Reglamentos"},"content":{"rendered":"\t\t<div data-elementor-type=\"wp-page\" data-elementor-id=\"3249\" class=\"elementor elementor-3249\">\n\t\t\t\t<div class=\"elementor-element elementor-element-7976579 e-flex e-con-boxed e-con e-parent\" data-id=\"7976579\" data-element_type=\"container\">\n\t\t\t\t\t<div class=\"e-con-inner\">\n\t\t\t\t<div class=\"elementor-element elementor-element-bb2ad75 elementor-invisible elementor-widget elementor-widget-text-editor\" data-id=\"bb2ad75\" data-element_type=\"widget\" data-settings=\"{&quot;_animation&quot;:&quot;fadeInLeft&quot;}\" data-widget_type=\"text-editor.default\">\n\t\t\t\t<div class=\"elementor-widget-container\">\n\t\t\t<style>\/*! elementor - v3.23.0 - 05-08-2024 *\/\n.elementor-widget-text-editor.elementor-drop-cap-view-stacked .elementor-drop-cap{background-color:#69727d;color:#fff}.elementor-widget-text-editor.elementor-drop-cap-view-framed .elementor-drop-cap{color:#69727d;border:3px solid;background-color:transparent}.elementor-widget-text-editor:not(.elementor-drop-cap-view-default) .elementor-drop-cap{margin-top:8px}.elementor-widget-text-editor:not(.elementor-drop-cap-view-default) .elementor-drop-cap-letter{width:1em;height:1em}.elementor-widget-text-editor .elementor-drop-cap{float:left;text-align:center;line-height:1;font-size:50px}.elementor-widget-text-editor .elementor-drop-cap-letter{display:inline-block}<\/style>\t\t\t\t<h2 style=\"text-align: center; color: #007a3e;\"><strong>REGLAMENTOS ACAD\u00c9MICOS<\/strong><\/h2>\t\t\t\t\t\t<\/div>\n\t\t\t\t<\/div>\n\t\t\t\t\t<\/div>\n\t\t\t\t<\/div>\n\t\t<div class=\"elementor-element elementor-element-359185e e-flex e-con-boxed e-con e-parent\" data-id=\"359185e\" data-element_type=\"container\">\n\t\t\t\t\t<div class=\"e-con-inner\">\n\t\t\t\t<div class=\"elementor-element elementor-element-1380902 elementor-invisible elementor-widget elementor-widget-text-editor\" data-id=\"1380902\" data-element_type=\"widget\" data-settings=\"{&quot;_animation&quot;:&quot;fadeInLeft&quot;}\" data-widget_type=\"text-editor.default\">\n\t\t\t\t<div class=\"elementor-widget-container\">\n\t\t\t\t\t\t\t<center><hr style=\"height: 3px; width: 75%; color: #fc4c02; background-color: #fc4c02;\" \/><\/center>\t\t\t\t\t\t<\/div>\n\t\t\t\t<\/div>\n\t\t\t\t<div class=\"elementor-element elementor-element-6efb42e elementor-widget elementor-widget-spacer\" data-id=\"6efb42e\" data-element_type=\"widget\" data-widget_type=\"spacer.default\">\n\t\t\t\t<div class=\"elementor-widget-container\">\n\t\t\t<style>\/*! elementor - v3.23.0 - 05-08-2024 *\/\n.elementor-column .elementor-spacer-inner{height:var(--spacer-size)}.e-con{--container-widget-width:100%}.e-con-inner>.elementor-widget-spacer,.e-con>.elementor-widget-spacer{width:var(--container-widget-width,var(--spacer-size));--align-self:var(--container-widget-align-self,initial);--flex-shrink:0}.e-con-inner>.elementor-widget-spacer>.elementor-widget-container,.e-con>.elementor-widget-spacer>.elementor-widget-container{height:100%;width:100%}.e-con-inner>.elementor-widget-spacer>.elementor-widget-container>.elementor-spacer,.e-con>.elementor-widget-spacer>.elementor-widget-container>.elementor-spacer{height:100%}.e-con-inner>.elementor-widget-spacer>.elementor-widget-container>.elementor-spacer>.elementor-spacer-inner,.e-con>.elementor-widget-spacer>.elementor-widget-container>.elementor-spacer>.elementor-spacer-inner{height:var(--container-widget-height,var(--spacer-size))}.e-con-inner>.elementor-widget-spacer.elementor-widget-empty,.e-con>.elementor-widget-spacer.elementor-widget-empty{position:relative;min-height:22px;min-width:22px}.e-con-inner>.elementor-widget-spacer.elementor-widget-empty .elementor-widget-empty-icon,.e-con>.elementor-widget-spacer.elementor-widget-empty .elementor-widget-empty-icon{position:absolute;top:0;bottom:0;left:0;right:0;margin:auto;padding:0;width:22px;height:22px}<\/style>\t\t<div class=\"elementor-spacer\">\n\t\t\t<div class=\"elementor-spacer-inner\"><\/div>\n\t\t<\/div>\n\t\t\t\t<\/div>\n\t\t\t\t<\/div>\n\t\t\t\t\t<\/div>\n\t\t\t\t<\/div>\n\t\t<div class=\"elementor-element elementor-element-41f831d e-flex e-con-boxed e-con e-parent\" data-id=\"41f831d\" data-element_type=\"container\">\n\t\t\t\t\t<div class=\"e-con-inner\">\n\t\t\t\t<div class=\"elementor-element elementor-element-3b5ae29 elementor-widget elementor-widget-text-editor\" data-id=\"3b5ae29\" data-element_type=\"widget\" data-widget_type=\"text-editor.default\">\n\t\t\t\t<div class=\"elementor-widget-container\">\n\t\t\t\t\t\t\t<ul><li style=\"list-style-type: none;\"><ul><li><a href=\"https:\/\/www.agr.una.py\/wp\/wp-content\/uploads\/2024\/06\/Reglamento-Academico-Resolucion-CD-No-43-00-2024.pdf\">Reglamento Acad\u00e9mico.<\/a><\/li><li><a href=\"https:\/\/www.agr.una.py\/wp\/wp-content\/uploads\/2024\/06\/Reglamento-regimen-de-convenio-cultural-y-cortesia-Diplomatica-Resolucion-del-CSU-N\u00b09630-00-2003.pdf\">Reglamento r\u00e9gimen de convenio cultural y cortes\u00eda diplom\u00e1tica.<\/a><\/li><li><a href=\"https:\/\/www.agr.una.py\/wp\/wp-content\/uploads\/2025\/09\/395-00-2025-MecanaexaFin.pdf\">Reglamento Mecanismo para la Organizaci\u00f3n e Implementaci\u00f3n de Ex\u00e1menes Finales.<\/a><\/li><li><a href=\"https:\/\/www.agr.una.py\/wp\/wp-content\/uploads\/2024\/06\/Reglamento-de-traslado-de-carrera-Resolucion-del-CD-de-la-FCA-N\u00b0-36-00-2016.pdf\">Reglamento de traslados entre carreras.<\/a><\/li><li><a href=\"https:\/\/www.agr.una.py\/wp\/wp-content\/uploads\/2024\/06\/Reglamento-de-Pasantia-Resolucion-CSU-N\u00b0-0606-00-2023.pdf\">Reglamento de pasant\u00eda.<\/a><\/li><li><a href=\"https:\/\/www.agr.una.py\/wp\/wp-content\/uploads\/2024\/06\/Reglamento-de-prorroga-extension-de-prorroga-y-readmision-Res.-No-CSU-0608-00-2023.pdf\">Reglamento de pr\u00f3rroga, extensi\u00f3n de pr\u00f3rroga y readmisi\u00f3n.<\/a><\/li><li><a href=\"https:\/\/www.agr.una.py\/wp\/wp-content\/uploads\/2025\/07\/437-00-2025-ReglAuxEn-27-06-2025-081222-1.pdf\">Reglamento de Auxiliar de Ense\u00f1anza.<\/a><\/li><li><a href=\"https:\/\/www.agr.una.py\/wp\/wp-content\/uploads\/2024\/06\/Reglamento-de-ingresos-y-traslados-entre-universidades-Resolucion-del-CSU-N\u00b03179-00-91.pdf\">Reglamento de ingresos y traslados entre universidades.<\/a><\/li><li><a href=\"https:\/\/www.agr.una.py\/wp\/wp-content\/uploads\/2025\/07\/330-00-2024-ReglTrabFinGrado07-06-2024.pdf\">Reglamento de Trabajo Final de Grado.<\/a><\/li><li><a href=\"https:\/\/www.agr.una.py\/wp\/wp-content\/uploads\/2025\/07\/597-2012-admision-directa.pdf\">Reglamento de Admisi\u00f3n Directa<\/a><\/li><li><a href=\"descargas\/biblioteca\/reglamento_biblioteca2018.pdf\">Biblioteca de la FCA.<\/a><\/li><\/ul><\/li><\/ul>\t\t\t\t\t\t<\/div>\n\t\t\t\t<\/div>\n\t\t\t\t\t<\/div>\n\t\t\t\t<\/div>\n\t\t\t\t<\/div>\n\t\t","protected":false},"excerpt":{"rendered":"<p>REGLAMENTOS ACAD\u00c9MICOS Reglamento Acad\u00e9mico. Reglamento r\u00e9gimen de convenio cultural y cortes\u00eda diplom\u00e1tica. Reglamento Mecanismo para la Organizaci\u00f3n e Implementaci\u00f3n de Ex\u00e1menes Finales. Reglamento de traslados entre carreras. Reglamento de pasant\u00eda. Reglamento de pr\u00f3rroga, extensi\u00f3n de pr\u00f3rroga y readmisi\u00f3n. Reglamento de Auxiliar de Ense\u00f1anza. Reglamento de ingresos y traslados entre universidades. Reglamento de Trabajo Final de [&hellip;]<\/p>\n","protected":false},"author":1,"featured_media":0,"parent":89,"menu_order":0,"comment_status":"closed","ping_status":"closed","template":"","meta":{"_themeisle_gutenberg_block_has_review":false,"footnotes":""},"class_list":["post-3249","page","type-page","status-publish","hentry"],"_links":{"self":[{"href":"https:\/\/www.agr.una.py\/wp\/index.php?rest_route=\/wp\/v2\/pages\/3249","targetHints":{"allow":["GET"]}}],"collection":[{"href":"https:\/\/www.agr.una.py\/wp\/index.php?rest_route=\/wp\/v2\/pages"}],"about":[{"href":"https:\/\/www.agr.una.py\/wp\/index.php?rest_route=\/wp\/v2\/types\/page"}],"author":[{"embeddable":true,"href":"https:\/\/www.agr.una.py\/wp\/index.php?rest_route=\/wp\/v2\/users\/1"}],"replies":[{"embeddable":true,"href":"https:\/\/www.agr.una.py\/wp\/index.php?rest_route=%2Fwp%2Fv2%2Fcomments&post=3249"}],"version-history":[{"count":42,"href":"https:\/\/www.agr.una.py\/wp\/index.php?rest_route=\/wp\/v2\/pages\/3249\/revisions"}],"predecessor-version":[{"id":14897,"href":"https:\/\/www.agr.una.py\/wp\/index.php?rest_route=\/wp\/v2\/pages\/3249\/revisions\/14897"}],"up":[{"embeddable":true,"href":"https:\/\/www.agr.una.py\/wp\/index.php?rest_route=\/wp\/v2\/pages\/89"}],"wp:attachment":[{"href":"https:\/\/www.agr.una.py\/wp\/index.php?rest_route=%2Fwp%2Fv2%2Fmedia&parent=3249"}],"curies":[{"name":"wp","href":"https:\/\/api.w.org\/{rel}","templated":true}]}}