{"id":3155,"date":"2023-09-27T23:05:05","date_gmt":"2023-09-28T03:05:05","guid":{"rendered":"https:\/\/www.agr.una.py\/wp\/?page_id=3155"},"modified":"2023-09-27T23:34:52","modified_gmt":"2023-09-28T03:34:52","slug":"laboratorio-de-calidad-de-madera-y-derivados","status":"publish","type":"page","link":"https:\/\/www.agr.una.py\/wp\/?page_id=3155","title":{"rendered":"Laboratorio de Calidad de Madera y Derivados"},"content":{"rendered":"\t\t<div data-elementor-type=\"wp-page\" data-elementor-id=\"3155\" class=\"elementor elementor-3155\">\n\t\t\t\t<div class=\"elementor-element elementor-element-305a6f47 e-flex e-con-boxed e-con e-parent\" data-id=\"305a6f47\" data-element_type=\"container\">\n\t\t\t\t\t<div class=\"e-con-inner\">\n\t\t\t\t<div class=\"elementor-element elementor-element-167eb87 elementor-widget elementor-widget-spacer\" data-id=\"167eb87\" data-element_type=\"widget\" data-widget_type=\"spacer.default\">\n\t\t\t\t<div class=\"elementor-widget-container\">\n\t\t\t<style>\/*! elementor - v3.23.0 - 05-08-2024 *\/\n.elementor-column .elementor-spacer-inner{height:var(--spacer-size)}.e-con{--container-widget-width:100%}.e-con-inner>.elementor-widget-spacer,.e-con>.elementor-widget-spacer{width:var(--container-widget-width,var(--spacer-size));--align-self:var(--container-widget-align-self,initial);--flex-shrink:0}.e-con-inner>.elementor-widget-spacer>.elementor-widget-container,.e-con>.elementor-widget-spacer>.elementor-widget-container{height:100%;width:100%}.e-con-inner>.elementor-widget-spacer>.elementor-widget-container>.elementor-spacer,.e-con>.elementor-widget-spacer>.elementor-widget-container>.elementor-spacer{height:100%}.e-con-inner>.elementor-widget-spacer>.elementor-widget-container>.elementor-spacer>.elementor-spacer-inner,.e-con>.elementor-widget-spacer>.elementor-widget-container>.elementor-spacer>.elementor-spacer-inner{height:var(--container-widget-height,var(--spacer-size))}.e-con-inner>.elementor-widget-spacer.elementor-widget-empty,.e-con>.elementor-widget-spacer.elementor-widget-empty{position:relative;min-height:22px;min-width:22px}.e-con-inner>.elementor-widget-spacer.elementor-widget-empty .elementor-widget-empty-icon,.e-con>.elementor-widget-spacer.elementor-widget-empty .elementor-widget-empty-icon{position:absolute;top:0;bottom:0;left:0;right:0;margin:auto;padding:0;width:22px;height:22px}<\/style>\t\t<div class=\"elementor-spacer\">\n\t\t\t<div class=\"elementor-spacer-inner\"><\/div>\n\t\t<\/div>\n\t\t\t\t<\/div>\n\t\t\t\t<\/div>\n\t\t\t\t\t<\/div>\n\t\t\t\t<\/div>\n\t\t<div class=\"elementor-element elementor-element-be94b69 e-flex e-con-boxed e-con e-parent\" data-id=\"be94b69\" data-element_type=\"container\">\n\t\t\t\t\t<div class=\"e-con-inner\">\n\t\t\t\t<div class=\"elementor-element elementor-element-7a09a44 elementor-widget elementor-widget-spacer\" data-id=\"7a09a44\" data-element_type=\"widget\" data-widget_type=\"spacer.default\">\n\t\t\t\t<div class=\"elementor-widget-container\">\n\t\t\t\t\t<div class=\"elementor-spacer\">\n\t\t\t<div class=\"elementor-spacer-inner\"><\/div>\n\t\t<\/div>\n\t\t\t\t<\/div>\n\t\t\t\t<\/div>\n\t\t\t\t\t<\/div>\n\t\t\t\t<\/div>\n\t\t<div class=\"elementor-element elementor-element-52e7690 e-flex e-con-boxed e-con e-parent\" data-id=\"52e7690\" data-element_type=\"container\">\n\t\t\t\t\t<div class=\"e-con-inner\">\n\t\t\t\t<div class=\"elementor-element elementor-element-0d23d30 elementor-invisible elementor-widget elementor-widget-text-editor\" data-id=\"0d23d30\" data-element_type=\"widget\" data-settings=\"{&quot;_animation&quot;:&quot;fadeInLeft&quot;}\" data-widget_type=\"text-editor.default\">\n\t\t\t\t<div class=\"elementor-widget-container\">\n\t\t\t<style>\/*! elementor - v3.23.0 - 05-08-2024 *\/\n.elementor-widget-text-editor.elementor-drop-cap-view-stacked .elementor-drop-cap{background-color:#69727d;color:#fff}.elementor-widget-text-editor.elementor-drop-cap-view-framed .elementor-drop-cap{color:#69727d;border:3px solid;background-color:transparent}.elementor-widget-text-editor:not(.elementor-drop-cap-view-default) .elementor-drop-cap{margin-top:8px}.elementor-widget-text-editor:not(.elementor-drop-cap-view-default) .elementor-drop-cap-letter{width:1em;height:1em}.elementor-widget-text-editor .elementor-drop-cap{float:left;text-align:center;line-height:1;font-size:50px}.elementor-widget-text-editor .elementor-drop-cap-letter{display:inline-block}<\/style>\t\t\t\t<h2 style=\"text-align: center; color: #007a3e;\"><strong>LABORATORIO DE CALIDAD DE MADERA Y DERIVADOS<\/strong><\/h2>\t\t\t\t\t\t<\/div>\n\t\t\t\t<\/div>\n\t\t\t\t\t<\/div>\n\t\t\t\t<\/div>\n\t\t<div class=\"elementor-element elementor-element-9c2488a e-flex e-con-boxed e-con e-parent\" data-id=\"9c2488a\" data-element_type=\"container\">\n\t\t\t\t\t<div class=\"e-con-inner\">\n\t\t\t\t<div class=\"elementor-element elementor-element-b67557f elementor-invisible elementor-widget elementor-widget-text-editor\" data-id=\"b67557f\" data-element_type=\"widget\" data-settings=\"{&quot;_animation&quot;:&quot;fadeInLeft&quot;}\" data-widget_type=\"text-editor.default\">\n\t\t\t\t<div class=\"elementor-widget-container\">\n\t\t\t\t\t\t\t<center><hr style=\"height: 3px; width: 75%; color: #fc4c02; background-color: #fc4c02;\" \/><\/center>\t\t\t\t\t\t<\/div>\n\t\t\t\t<\/div>\n\t\t\t\t\t<\/div>\n\t\t\t\t<\/div>\n\t\t<div class=\"elementor-element elementor-element-11dcc68 e-flex e-con-boxed e-con e-parent\" data-id=\"11dcc68\" data-element_type=\"container\">\n\t\t\t\t\t<div class=\"e-con-inner\">\n\t\t\t\t<div class=\"elementor-element elementor-element-abfabcb elementor-widget elementor-widget-text-editor\" data-id=\"abfabcb\" data-element_type=\"widget\" data-widget_type=\"text-editor.default\">\n\t\t\t\t<div class=\"elementor-widget-container\">\n\t\t\t\t\t\t\t<p>\u00a0<\/p>\n<p>El Laboratorio fue creado con la colaboraci\u00f3n de la colaboraci\u00f3n de la Uni\u00f3n Europea en el marco del Programa Apoyo a la Profundizaci\u00f3n del Proceso de Integraci\u00f3n Econ\u00f3mica y Desarrollo Sostenible del Mercosur (ECONORMAS MERCOSUR) con \u00e9nfasis al protocolo ISO\/IEC 17025<\/p>\n<p>El Laboratorio cuenta con equipos de \u00faltima generaci\u00f3n, adem\u00e1s de un plantel de profesionales capacitados en tecnolog\u00eda de la madera y sistemas de gesti\u00f3n de la calidad.<\/p>\n<p>Adoptando la pol\u00edtica de calidad de la FCA, el Laboratorio de Calidad de Madera y derivados realiza las actividades necesarias para el cumplimiento de su misi\u00f3n con idoneidad t\u00e9cnica, actuando con responsabilidad y transparencia, en forma objetiva e imparcial, garantizando la confiabilidad de los resultados y la confidencialidad necesaria, focalizando su accionar en la satisfacci\u00f3n de las necesidades del cliente, en el cumplimiento de requisitos normativos y comprometido con la mejora continua del sistema de gesti\u00f3n seg\u00fan la norma NPISO\/IEC 17025.<\/p>\n<h4><strong>Objetivo del Laboratorio<\/strong><\/h4>\n<p>Emitir resultados de ensayo con la confiabilidad y exactitud necesaria de modo a facilitar el intercambio comercial de los productos derivados de la madera<\/p>\n<h4><strong>Horario de atenci\u00f3n:<\/strong><\/h4>\n<p>7:30 a 13:00 h<\/p>\n<h4><strong>Contacto:<\/strong><\/h4>\n<p><a href=\"mailto:calidad.madera@agr.una.py\">calidad.madera@agr.una.py<\/a><\/p>\n<p>(021) 585 606 int. 196<\/p>\n<h4><strong>Servicios ofrecidos<\/strong><\/h4>\n<ul>\n<li style=\"list-style-type: none;\">\n<ul>\n<li>Determinaci\u00f3n de contenido de humedad (part\u00edculas de madera, madera maciza, carb\u00f3n vegetal, tableros)<\/li>\n<li>Determinaci\u00f3n de densidad (part\u00edculas de madera, madera maciza, tableros)<\/li>\n<li>Contracci\u00f3n (madera maciza)<\/li>\n<li>Hinchamiento (madera maciza)<\/li>\n<li>Ensayos mec\u00e1nicos: dureza, flexi\u00f3n, compresi\u00f3n, tensi\u00f3n (madera maciza, tableros)<\/li>\n<li>Resistencia al impacto (tableros)<\/li>\n<li>Resistencia a la abrasi\u00f3n (tableros)<\/li>\n<li>Resistencia al manchado (tableros)<\/li>\n<li>Resistencia a la intemperie artificial (tableros)<\/li>\n<li>Resistencia a las quemaduras de cigarrillo (tableros)<\/li>\n<li>Identificaci\u00f3n de muestras (madera maciza)<\/li>\n<li>Secado de muestras (biomasa, necromasa)<\/li>\n<li>Calidad del encolado (tableros)<\/li>\n<\/ul>\n<\/li>\n<\/ul>\n<h4>Aranceles<\/h4>\n<p>Aranceles para servicios de ensayos y uso de equipos de los laboratorios de calidad de madera y derivados y de tecnolog\u00eda de la madera de la CARRERA INGENIER\u00cdA FORESTAL de la FACULTAD DE CIENCIAS AGRARIAS de la UNIVERSIDAD NACIONAL DE ASUNCION, conforme al siguiente detalle:<\/p>\t\t\t\t\t\t<\/div>\n\t\t\t\t<\/div>\n\t\t\t\t\t<\/div>\n\t\t\t\t<\/div>\n\t\t<div class=\"elementor-element elementor-element-361e2ee e-flex e-con-boxed e-con e-parent\" data-id=\"361e2ee\" data-element_type=\"container\">\n\t\t\t\t\t<div class=\"e-con-inner\">\n\t\t\t\t<div class=\"elementor-element elementor-element-dceab7f elementor-widget elementor-widget-image\" data-id=\"dceab7f\" data-element_type=\"widget\" data-widget_type=\"image.default\">\n\t\t\t\t<div class=\"elementor-widget-container\">\n\t\t\t<style>\/*! elementor - v3.23.0 - 05-08-2024 *\/\n.elementor-widget-image{text-align:center}.elementor-widget-image a{display:inline-block}.elementor-widget-image a img[src$=\".svg\"]{width:48px}.elementor-widget-image img{vertical-align:middle;display:inline-block}<\/style>\t\t\t\t\t\t\t\t\t\t<img fetchpriority=\"high\" decoding=\"async\" width=\"770\" height=\"684\" src=\"https:\/\/www.agr.una.py\/wp\/wp-content\/uploads\/2023\/09\/aranceles-lab-calidad-de-la-madera.jpg\" class=\"attachment-large size-large wp-image-3167\" alt=\"\" srcset=\"https:\/\/www.agr.una.py\/wp\/wp-content\/uploads\/2023\/09\/aranceles-lab-calidad-de-la-madera.jpg 782w, https:\/\/www.agr.una.py\/wp\/wp-content\/uploads\/2023\/09\/aranceles-lab-calidad-de-la-madera-300x267.jpg 300w, https:\/\/www.agr.una.py\/wp\/wp-content\/uploads\/2023\/09\/aranceles-lab-calidad-de-la-madera-768x683.jpg 768w, https:\/\/www.agr.una.py\/wp\/wp-content\/uploads\/2023\/09\/aranceles-lab-calidad-de-la-madera-600x533.jpg 600w\" sizes=\"(max-width: 770px) 100vw, 770px\" \/>\t\t\t\t\t\t\t\t\t\t\t\t\t<\/div>\n\t\t\t\t<\/div>\n\t\t\t\t\t<\/div>\n\t\t\t\t<\/div>\n\t\t<div class=\"elementor-element elementor-element-10ab32e e-flex e-con-boxed e-con e-parent\" data-id=\"10ab32e\" data-element_type=\"container\">\n\t\t\t\t\t<div class=\"e-con-inner\">\n\t\t\t\t<div class=\"elementor-element elementor-element-02bff87 elementor-widget elementor-widget-spacer\" data-id=\"02bff87\" data-element_type=\"widget\" data-widget_type=\"spacer.default\">\n\t\t\t\t<div class=\"elementor-widget-container\">\n\t\t\t\t\t<div class=\"elementor-spacer\">\n\t\t\t<div class=\"elementor-spacer-inner\"><\/div>\n\t\t<\/div>\n\t\t\t\t<\/div>\n\t\t\t\t<\/div>\n\t\t\t\t\t<\/div>\n\t\t\t\t<\/div>\n\t\t<div class=\"elementor-element elementor-element-bf636cb e-flex e-con-boxed e-con e-parent\" data-id=\"bf636cb\" data-element_type=\"container\">\n\t\t\t\t\t<div class=\"e-con-inner\">\n\t\t\t\t<div class=\"elementor-element elementor-element-c82592c elementor-invisible elementor-widget elementor-widget-text-editor\" data-id=\"c82592c\" data-element_type=\"widget\" data-settings=\"{&quot;_animation&quot;:&quot;fadeInLeft&quot;}\" data-widget_type=\"text-editor.default\">\n\t\t\t\t<div class=\"elementor-widget-container\">\n\t\t\t\t\t\t\t<h2 style=\"text-align: center; color: #007a3e;\"><strong>EQUIPOS CON LOS QUE CUENTA EL LABORATORIO <\/strong><\/h2>\t\t\t\t\t\t<\/div>\n\t\t\t\t<\/div>\n\t\t\t\t\t<\/div>\n\t\t\t\t<\/div>\n\t\t<div class=\"elementor-element elementor-element-5e00c91 e-flex e-con-boxed e-con e-parent\" data-id=\"5e00c91\" data-element_type=\"container\">\n\t\t\t\t\t<div class=\"e-con-inner\">\n\t\t\t\t<div class=\"elementor-element elementor-element-c988d55 elementor-invisible elementor-widget elementor-widget-text-editor\" data-id=\"c988d55\" data-element_type=\"widget\" data-settings=\"{&quot;_animation&quot;:&quot;fadeInLeft&quot;}\" data-widget_type=\"text-editor.default\">\n\t\t\t\t<div class=\"elementor-widget-container\">\n\t\t\t\t\t\t\t<center><hr style=\"height: 3px; width: 75%; color: #fc4c02; background-color: #fc4c02;\" \/><\/center>\t\t\t\t\t\t<\/div>\n\t\t\t\t<\/div>\n\t\t\t\t\t<\/div>\n\t\t\t\t<\/div>\n\t\t<div class=\"elementor-element elementor-element-33e3269 e-flex e-con-boxed e-con e-parent\" data-id=\"33e3269\" data-element_type=\"container\">\n\t\t\t\t\t<div class=\"e-con-inner\">\n\t\t\t\t<div class=\"elementor-element elementor-element-62e03a4 elementor-widget elementor-widget-spacer\" data-id=\"62e03a4\" data-element_type=\"widget\" data-widget_type=\"spacer.default\">\n\t\t\t\t<div class=\"elementor-widget-container\">\n\t\t\t\t\t<div class=\"elementor-spacer\">\n\t\t\t<div class=\"elementor-spacer-inner\"><\/div>\n\t\t<\/div>\n\t\t\t\t<\/div>\n\t\t\t\t<\/div>\n\t\t\t\t\t<\/div>\n\t\t\t\t<\/div>\n\t\t<div class=\"elementor-element elementor-element-3ed018f e-flex e-con-boxed e-con e-parent\" data-id=\"3ed018f\" data-element_type=\"container\">\n\t\t\t\t\t<div class=\"e-con-inner\">\n\t\t\t\t<div class=\"elementor-element elementor-element-757a3e4 elementor-arrows-position-inside elementor-pagination-position-outside elementor-widget elementor-widget-image-carousel\" data-id=\"757a3e4\" data-element_type=\"widget\" data-settings=\"{&quot;image_spacing_custom&quot;:{&quot;unit&quot;:&quot;px&quot;,&quot;size&quot;:0,&quot;sizes&quot;:[]},&quot;navigation&quot;:&quot;both&quot;,&quot;autoplay&quot;:&quot;yes&quot;,&quot;pause_on_hover&quot;:&quot;yes&quot;,&quot;pause_on_interaction&quot;:&quot;yes&quot;,&quot;autoplay_speed&quot;:5000,&quot;infinite&quot;:&quot;yes&quot;,&quot;speed&quot;:500,&quot;image_spacing_custom_tablet&quot;:{&quot;unit&quot;:&quot;px&quot;,&quot;size&quot;:&quot;&quot;,&quot;sizes&quot;:[]},&quot;image_spacing_custom_mobile&quot;:{&quot;unit&quot;:&quot;px&quot;,&quot;size&quot;:&quot;&quot;,&quot;sizes&quot;:[]}}\" data-widget_type=\"image-carousel.default\">\n\t\t\t\t<div class=\"elementor-widget-container\">\n\t\t\t<style>\/*! elementor - v3.23.0 - 05-08-2024 *\/\n.elementor-widget-image-carousel .swiper,.elementor-widget-image-carousel .swiper-container{position:static}.elementor-widget-image-carousel .swiper-container .swiper-slide figure,.elementor-widget-image-carousel .swiper .swiper-slide figure{line-height:inherit}.elementor-widget-image-carousel .swiper-slide{text-align:center}.elementor-image-carousel-wrapper:not(.swiper-container-initialized):not(.swiper-initialized) .swiper-slide{max-width:calc(100% \/ var(--e-image-carousel-slides-to-show, 3))}<\/style>\t\t<div class=\"elementor-image-carousel-wrapper swiper\" dir=\"ltr\">\n\t\t\t<div class=\"elementor-image-carousel swiper-wrapper\" aria-live=\"off\">\n\t\t\t\t\t\t\t\t<div class=\"swiper-slide\" role=\"group\" aria-roledescription=\"slide\" aria-label=\"1 de 5\"><figure class=\"swiper-slide-inner\"><img decoding=\"async\" class=\"swiper-slide-image\" src=\"https:\/\/www.agr.una.py\/wp\/wp-content\/uploads\/2023\/09\/lab-madera-1-Copiar-1.jpg\" alt=\"lab madera 1 (Copiar)\" \/><\/figure><\/div><div class=\"swiper-slide\" role=\"group\" aria-roledescription=\"slide\" aria-label=\"2 de 5\"><figure class=\"swiper-slide-inner\"><img decoding=\"async\" class=\"swiper-slide-image\" src=\"https:\/\/www.agr.una.py\/wp\/wp-content\/uploads\/2023\/09\/lab-madera-2-Copiar-1.jpg\" alt=\"lab madera 2 (Copiar)\" \/><\/figure><\/div><div class=\"swiper-slide\" role=\"group\" aria-roledescription=\"slide\" aria-label=\"3 de 5\"><figure class=\"swiper-slide-inner\"><img decoding=\"async\" class=\"swiper-slide-image\" src=\"https:\/\/www.agr.una.py\/wp\/wp-content\/uploads\/2023\/09\/lab-madera-3-Copiar-1.jpg\" alt=\"lab madera 3 (Copiar)\" \/><\/figure><\/div><div class=\"swiper-slide\" role=\"group\" aria-roledescription=\"slide\" aria-label=\"4 de 5\"><figure class=\"swiper-slide-inner\"><img decoding=\"async\" class=\"swiper-slide-image\" src=\"https:\/\/www.agr.una.py\/wp\/wp-content\/uploads\/2023\/09\/lab-madera-4-Copiar-1.jpg\" alt=\"lab madera 4 (Copiar)\" \/><\/figure><\/div><div class=\"swiper-slide\" role=\"group\" aria-roledescription=\"slide\" aria-label=\"5 de 5\"><figure class=\"swiper-slide-inner\"><img decoding=\"async\" class=\"swiper-slide-image\" src=\"https:\/\/www.agr.una.py\/wp\/wp-content\/uploads\/2023\/09\/lab-madera-5-Copiar-1.jpg\" alt=\"lab madera 5 (Copiar)\" \/><\/figure><\/div>\t\t\t<\/div>\n\t\t\t\t\t\t\t\t\t\t\t\t<div class=\"elementor-swiper-button elementor-swiper-button-prev\" role=\"button\" tabindex=\"0\">\n\t\t\t\t\t\t<i aria-hidden=\"true\" class=\"eicon-chevron-left\"><\/i>\t\t\t\t\t<\/div>\n\t\t\t\t\t<div class=\"elementor-swiper-button elementor-swiper-button-next\" role=\"button\" tabindex=\"0\">\n\t\t\t\t\t\t<i aria-hidden=\"true\" class=\"eicon-chevron-right\"><\/i>\t\t\t\t\t<\/div>\n\t\t\t\t\n\t\t\t\t\t\t\t\t\t<div class=\"swiper-pagination\"><\/div>\n\t\t\t\t\t\t\t\t\t<\/div>\n\t\t\t\t<\/div>\n\t\t\t\t<\/div>\n\t\t\t\t\t<\/div>\n\t\t\t\t<\/div>\n\t\t\t\t<\/div>\n\t\t","protected":false},"excerpt":{"rendered":"<p>LABORATORIO DE CALIDAD DE MADERA Y DERIVADOS \u00a0 El Laboratorio fue creado con la colaboraci\u00f3n de la colaboraci\u00f3n de la Uni\u00f3n Europea en el marco del Programa Apoyo a la Profundizaci\u00f3n del Proceso de Integraci\u00f3n Econ\u00f3mica y Desarrollo Sostenible del Mercosur (ECONORMAS MERCOSUR) con \u00e9nfasis al protocolo ISO\/IEC 17025 El Laboratorio cuenta con equipos de [&hellip;]<\/p>\n","protected":false},"author":1,"featured_media":0,"parent":0,"menu_order":0,"comment_status":"closed","ping_status":"closed","template":"","meta":{"_themeisle_gutenberg_block_has_review":false,"footnotes":""},"class_list":["post-3155","page","type-page","status-publish","hentry"],"_links":{"self":[{"href":"https:\/\/www.agr.una.py\/wp\/index.php?rest_route=\/wp\/v2\/pages\/3155","targetHints":{"allow":["GET"]}}],"collection":[{"href":"https:\/\/www.agr.una.py\/wp\/index.php?rest_route=\/wp\/v2\/pages"}],"about":[{"href":"https:\/\/www.agr.una.py\/wp\/index.php?rest_route=\/wp\/v2\/types\/page"}],"author":[{"embeddable":true,"href":"https:\/\/www.agr.una.py\/wp\/index.php?rest_route=\/wp\/v2\/users\/1"}],"replies":[{"embeddable":true,"href":"https:\/\/www.agr.una.py\/wp\/index.php?rest_route=%2Fwp%2Fv2%2Fcomments&post=3155"}],"version-history":[{"count":19,"href":"https:\/\/www.agr.una.py\/wp\/index.php?rest_route=\/wp\/v2\/pages\/3155\/revisions"}],"predecessor-version":[{"id":3190,"href":"https:\/\/www.agr.una.py\/wp\/index.php?rest_route=\/wp\/v2\/pages\/3155\/revisions\/3190"}],"wp:attachment":[{"href":"https:\/\/www.agr.una.py\/wp\/index.php?rest_route=%2Fwp%2Fv2%2Fmedia&parent=3155"}],"curies":[{"name":"wp","href":"https:\/\/api.w.org\/{rel}","templated":true}]}}