{"id":3125,"date":"2023-09-27T22:44:58","date_gmt":"2023-09-28T02:44:58","guid":{"rendered":"https:\/\/www.agr.una.py\/wp\/?page_id=3125"},"modified":"2023-09-27T23:02:33","modified_gmt":"2023-09-28T03:02:33","slug":"laboratorio-de-bromatologia","status":"publish","type":"page","link":"https:\/\/www.agr.una.py\/wp\/?page_id=3125","title":{"rendered":"Laboratorio de Bromatolog\u00eda"},"content":{"rendered":"\t\t<div data-elementor-type=\"wp-page\" data-elementor-id=\"3125\" class=\"elementor elementor-3125\">\n\t\t\t\t<div class=\"elementor-element elementor-element-390fb926 e-flex e-con-boxed e-con e-parent\" data-id=\"390fb926\" data-element_type=\"container\">\n\t\t\t\t\t<div class=\"e-con-inner\">\n\t\t\t\t<div class=\"elementor-element elementor-element-dec83a9 elementor-widget elementor-widget-spacer\" data-id=\"dec83a9\" data-element_type=\"widget\" data-widget_type=\"spacer.default\">\n\t\t\t\t<div class=\"elementor-widget-container\">\n\t\t\t<style>\/*! elementor - v3.23.0 - 05-08-2024 *\/\n.elementor-column .elementor-spacer-inner{height:var(--spacer-size)}.e-con{--container-widget-width:100%}.e-con-inner>.elementor-widget-spacer,.e-con>.elementor-widget-spacer{width:var(--container-widget-width,var(--spacer-size));--align-self:var(--container-widget-align-self,initial);--flex-shrink:0}.e-con-inner>.elementor-widget-spacer>.elementor-widget-container,.e-con>.elementor-widget-spacer>.elementor-widget-container{height:100%;width:100%}.e-con-inner>.elementor-widget-spacer>.elementor-widget-container>.elementor-spacer,.e-con>.elementor-widget-spacer>.elementor-widget-container>.elementor-spacer{height:100%}.e-con-inner>.elementor-widget-spacer>.elementor-widget-container>.elementor-spacer>.elementor-spacer-inner,.e-con>.elementor-widget-spacer>.elementor-widget-container>.elementor-spacer>.elementor-spacer-inner{height:var(--container-widget-height,var(--spacer-size))}.e-con-inner>.elementor-widget-spacer.elementor-widget-empty,.e-con>.elementor-widget-spacer.elementor-widget-empty{position:relative;min-height:22px;min-width:22px}.e-con-inner>.elementor-widget-spacer.elementor-widget-empty .elementor-widget-empty-icon,.e-con>.elementor-widget-spacer.elementor-widget-empty .elementor-widget-empty-icon{position:absolute;top:0;bottom:0;left:0;right:0;margin:auto;padding:0;width:22px;height:22px}<\/style>\t\t<div class=\"elementor-spacer\">\n\t\t\t<div class=\"elementor-spacer-inner\"><\/div>\n\t\t<\/div>\n\t\t\t\t<\/div>\n\t\t\t\t<\/div>\n\t\t\t\t\t<\/div>\n\t\t\t\t<\/div>\n\t\t<div class=\"elementor-element elementor-element-6254763 e-flex e-con-boxed e-con e-parent\" data-id=\"6254763\" data-element_type=\"container\">\n\t\t\t\t\t<div class=\"e-con-inner\">\n\t\t\t\t<div class=\"elementor-element elementor-element-8278c42 elementor-widget elementor-widget-spacer\" data-id=\"8278c42\" data-element_type=\"widget\" data-widget_type=\"spacer.default\">\n\t\t\t\t<div class=\"elementor-widget-container\">\n\t\t\t\t\t<div class=\"elementor-spacer\">\n\t\t\t<div class=\"elementor-spacer-inner\"><\/div>\n\t\t<\/div>\n\t\t\t\t<\/div>\n\t\t\t\t<\/div>\n\t\t\t\t\t<\/div>\n\t\t\t\t<\/div>\n\t\t<div class=\"elementor-element elementor-element-1c28f85 e-flex e-con-boxed e-con e-parent\" data-id=\"1c28f85\" data-element_type=\"container\">\n\t\t\t\t\t<div class=\"e-con-inner\">\n\t\t\t\t<div class=\"elementor-element elementor-element-8afe85f elementor-invisible elementor-widget elementor-widget-text-editor\" data-id=\"8afe85f\" data-element_type=\"widget\" data-settings=\"{&quot;_animation&quot;:&quot;fadeInLeft&quot;}\" data-widget_type=\"text-editor.default\">\n\t\t\t\t<div class=\"elementor-widget-container\">\n\t\t\t<style>\/*! elementor - v3.23.0 - 05-08-2024 *\/\n.elementor-widget-text-editor.elementor-drop-cap-view-stacked .elementor-drop-cap{background-color:#69727d;color:#fff}.elementor-widget-text-editor.elementor-drop-cap-view-framed .elementor-drop-cap{color:#69727d;border:3px solid;background-color:transparent}.elementor-widget-text-editor:not(.elementor-drop-cap-view-default) .elementor-drop-cap{margin-top:8px}.elementor-widget-text-editor:not(.elementor-drop-cap-view-default) .elementor-drop-cap-letter{width:1em;height:1em}.elementor-widget-text-editor .elementor-drop-cap{float:left;text-align:center;line-height:1;font-size:50px}.elementor-widget-text-editor .elementor-drop-cap-letter{display:inline-block}<\/style>\t\t\t\t<h2 style=\"text-align: center; color: #007a3e;\"><strong>LABORATORIO DE ANALISIS BROMATOL\u00d3GICOS<\/strong><\/h2>\t\t\t\t\t\t<\/div>\n\t\t\t\t<\/div>\n\t\t\t\t\t<\/div>\n\t\t\t\t<\/div>\n\t\t<div class=\"elementor-element elementor-element-b57400b e-flex e-con-boxed e-con e-parent\" data-id=\"b57400b\" data-element_type=\"container\">\n\t\t\t\t\t<div class=\"e-con-inner\">\n\t\t\t\t<div class=\"elementor-element elementor-element-00494a3 elementor-invisible elementor-widget elementor-widget-text-editor\" data-id=\"00494a3\" data-element_type=\"widget\" data-settings=\"{&quot;_animation&quot;:&quot;fadeInLeft&quot;}\" data-widget_type=\"text-editor.default\">\n\t\t\t\t<div class=\"elementor-widget-container\">\n\t\t\t\t\t\t\t<center><hr style=\"height: 3px; width: 75%; color: #fc4c02; background-color: #fc4c02;\" \/><\/center>\t\t\t\t\t\t<\/div>\n\t\t\t\t<\/div>\n\t\t\t\t\t<\/div>\n\t\t\t\t<\/div>\n\t\t<div class=\"elementor-element elementor-element-765caf7 e-flex e-con-boxed e-con e-parent\" data-id=\"765caf7\" data-element_type=\"container\">\n\t\t\t\t\t<div class=\"e-con-inner\">\n\t\t\t\t<div class=\"elementor-element elementor-element-873ed92 elementor-widget elementor-widget-text-editor\" data-id=\"873ed92\" data-element_type=\"widget\" data-widget_type=\"text-editor.default\">\n\t\t\t\t<div class=\"elementor-widget-container\">\n\t\t\t\t\t\t\t<p>\u00a0<\/p><p>Los An\u00e1lisis Bromatol\u00f3gicos son la evaluaci\u00f3n qu\u00edmica de la materia que compone los alimentos, es decir, mediante los ensayos anal\u00edticos de los balanceados o forrajes se realiza el control de calidad para obtener el valor del contenido nutricional de los alimentos.<\/p><h4><strong>Servicios Internos (para alumnos de grado y postgrado)<\/strong><\/h4><p style=\"padding-left: 40px;\">&#8211;\u00a0\u00a0\u00a0 Prote\u00edna Bruta<\/p><p style=\"padding-left: 40px;\">&#8211;\u00a0\u00a0\u00a0 Fibra Neutro Detergente<\/p><p style=\"padding-left: 40px;\">&#8211;\u00a0\u00a0\u00a0 Fibra Acido Detergente<\/p><p style=\"padding-left: 40px;\">&#8211;\u00a0\u00a0\u00a0 Materia Seca<\/p><p style=\"padding-left: 40px;\">&#8211;\u00a0\u00a0\u00a0 Extracto Et\u00e9reo<\/p><p style=\"padding-left: 40px;\">&#8211;\u00a0\u00a0\u00a0 Nutrientes Digestibles Totales<\/p><p style=\"padding-left: 40px;\">&#8211;\u00a0\u00a0\u00a0 Energ\u00eda Digestible<\/p><p style=\"padding-left: 40px;\">&#8211;\u00a0\u00a0\u00a0 Energ\u00eda Metabolizable<\/p><p style=\"padding-left: 40px;\">&#8211;\u00a0\u00a0\u00a0 Energ\u00eda Neta De Mantenimiento<\/p><p style=\"padding-left: 40px;\">&#8211;\u00a0\u00a0\u00a0 Energ\u00eda Neta De Ganancia<\/p><h4><strong>Horario de atenci\u00f3n<\/strong><\/h4><p>Lunes a viernes de 7:00 a 12:00 h<\/p><h4><strong>Contacto<\/strong><\/h4><p>lab.bromatolog\u00eda@agr.una.py<\/p><h4><strong>Aranceles<\/strong><\/h4>\t\t\t\t\t\t<\/div>\n\t\t\t\t<\/div>\n\t\t\t\t\t<\/div>\n\t\t\t\t<\/div>\n\t\t<div class=\"elementor-element elementor-element-4a0b865 e-flex e-con-boxed e-con e-parent\" data-id=\"4a0b865\" data-element_type=\"container\">\n\t\t\t\t\t<div class=\"e-con-inner\">\n\t\t\t\t<div class=\"elementor-element elementor-element-ec29f92 elementor-widget elementor-widget-image\" data-id=\"ec29f92\" data-element_type=\"widget\" data-widget_type=\"image.default\">\n\t\t\t\t<div class=\"elementor-widget-container\">\n\t\t\t<style>\/*! elementor - v3.23.0 - 05-08-2024 *\/\n.elementor-widget-image{text-align:center}.elementor-widget-image a{display:inline-block}.elementor-widget-image a img[src$=\".svg\"]{width:48px}.elementor-widget-image img{vertical-align:middle;display:inline-block}<\/style>\t\t\t\t\t\t\t\t\t\t<img fetchpriority=\"high\" decoding=\"async\" width=\"764\" height=\"353\" src=\"https:\/\/www.agr.una.py\/wp\/wp-content\/uploads\/2023\/09\/tarifas-bromatologia.jpg\" class=\"attachment-large size-large wp-image-3145\" alt=\"\" srcset=\"https:\/\/www.agr.una.py\/wp\/wp-content\/uploads\/2023\/09\/tarifas-bromatologia.jpg 764w, https:\/\/www.agr.una.py\/wp\/wp-content\/uploads\/2023\/09\/tarifas-bromatologia-300x139.jpg 300w, https:\/\/www.agr.una.py\/wp\/wp-content\/uploads\/2023\/09\/tarifas-bromatologia-600x277.jpg 600w\" sizes=\"(max-width: 764px) 100vw, 764px\" \/>\t\t\t\t\t\t\t\t\t\t\t\t\t<\/div>\n\t\t\t\t<\/div>\n\t\t\t\t\t<\/div>\n\t\t\t\t<\/div>\n\t\t\t\t<\/div>\n\t\t","protected":false},"excerpt":{"rendered":"<p>LABORATORIO DE ANALISIS BROMATOL\u00d3GICOS \u00a0 Los An\u00e1lisis Bromatol\u00f3gicos son la evaluaci\u00f3n qu\u00edmica de la materia que compone los alimentos, es decir, mediante los ensayos anal\u00edticos de los balanceados o forrajes se realiza el control de calidad para obtener el valor del contenido nutricional de los alimentos. Servicios Internos (para alumnos de grado y postgrado) &#8211;\u00a0\u00a0\u00a0 [&hellip;]<\/p>\n","protected":false},"author":1,"featured_media":0,"parent":0,"menu_order":0,"comment_status":"closed","ping_status":"closed","template":"","meta":{"_themeisle_gutenberg_block_has_review":false,"footnotes":""},"class_list":["post-3125","page","type-page","status-publish","hentry"],"_links":{"self":[{"href":"https:\/\/www.agr.una.py\/wp\/index.php?rest_route=\/wp\/v2\/pages\/3125","targetHints":{"allow":["GET"]}}],"collection":[{"href":"https:\/\/www.agr.una.py\/wp\/index.php?rest_route=\/wp\/v2\/pages"}],"about":[{"href":"https:\/\/www.agr.una.py\/wp\/index.php?rest_route=\/wp\/v2\/types\/page"}],"author":[{"embeddable":true,"href":"https:\/\/www.agr.una.py\/wp\/index.php?rest_route=\/wp\/v2\/users\/1"}],"replies":[{"embeddable":true,"href":"https:\/\/www.agr.una.py\/wp\/index.php?rest_route=%2Fwp%2Fv2%2Fcomments&post=3125"}],"version-history":[{"count":19,"href":"https:\/\/www.agr.una.py\/wp\/index.php?rest_route=\/wp\/v2\/pages\/3125\/revisions"}],"predecessor-version":[{"id":3154,"href":"https:\/\/www.agr.una.py\/wp\/index.php?rest_route=\/wp\/v2\/pages\/3125\/revisions\/3154"}],"wp:attachment":[{"href":"https:\/\/www.agr.una.py\/wp\/index.php?rest_route=%2Fwp%2Fv2%2Fmedia&parent=3125"}],"curies":[{"name":"wp","href":"https:\/\/api.w.org\/{rel}","templated":true}]}}