{"id":3109,"date":"2023-09-27T22:00:39","date_gmt":"2023-09-28T02:00:39","guid":{"rendered":"https:\/\/www.agr.una.py\/wp\/?page_id=3109"},"modified":"2023-10-03T12:23:43","modified_gmt":"2023-10-03T16:23:43","slug":"servicios-y-productos-que-ofrece-la-fca","status":"publish","type":"page","link":"https:\/\/www.agr.una.py\/wp\/?page_id=3109","title":{"rendered":"Servicios y Productos que ofrece la FCA"},"content":{"rendered":"\t\t<div data-elementor-type=\"wp-page\" data-elementor-id=\"3109\" class=\"elementor elementor-3109\">\n\t\t\t\t<div class=\"elementor-element elementor-element-8a14fe3 e-flex e-con-boxed e-con e-parent\" data-id=\"8a14fe3\" data-element_type=\"container\">\n\t\t\t\t\t<div class=\"e-con-inner\">\n\t\t\t\t<div class=\"elementor-element elementor-element-08ddcc8 elementor-widget elementor-widget-spacer\" data-id=\"08ddcc8\" data-element_type=\"widget\" data-widget_type=\"spacer.default\">\n\t\t\t\t<div class=\"elementor-widget-container\">\n\t\t\t<style>\/*! elementor - v3.23.0 - 05-08-2024 *\/\n.elementor-column .elementor-spacer-inner{height:var(--spacer-size)}.e-con{--container-widget-width:100%}.e-con-inner>.elementor-widget-spacer,.e-con>.elementor-widget-spacer{width:var(--container-widget-width,var(--spacer-size));--align-self:var(--container-widget-align-self,initial);--flex-shrink:0}.e-con-inner>.elementor-widget-spacer>.elementor-widget-container,.e-con>.elementor-widget-spacer>.elementor-widget-container{height:100%;width:100%}.e-con-inner>.elementor-widget-spacer>.elementor-widget-container>.elementor-spacer,.e-con>.elementor-widget-spacer>.elementor-widget-container>.elementor-spacer{height:100%}.e-con-inner>.elementor-widget-spacer>.elementor-widget-container>.elementor-spacer>.elementor-spacer-inner,.e-con>.elementor-widget-spacer>.elementor-widget-container>.elementor-spacer>.elementor-spacer-inner{height:var(--container-widget-height,var(--spacer-size))}.e-con-inner>.elementor-widget-spacer.elementor-widget-empty,.e-con>.elementor-widget-spacer.elementor-widget-empty{position:relative;min-height:22px;min-width:22px}.e-con-inner>.elementor-widget-spacer.elementor-widget-empty .elementor-widget-empty-icon,.e-con>.elementor-widget-spacer.elementor-widget-empty .elementor-widget-empty-icon{position:absolute;top:0;bottom:0;left:0;right:0;margin:auto;padding:0;width:22px;height:22px}<\/style>\t\t<div class=\"elementor-spacer\">\n\t\t\t<div class=\"elementor-spacer-inner\"><\/div>\n\t\t<\/div>\n\t\t\t\t<\/div>\n\t\t\t\t<\/div>\n\t\t\t\t\t<\/div>\n\t\t\t\t<\/div>\n\t\t<div class=\"elementor-element elementor-element-861400d e-flex e-con-boxed e-con e-parent\" data-id=\"861400d\" data-element_type=\"container\">\n\t\t\t\t\t<div class=\"e-con-inner\">\n\t\t\t\t<div class=\"elementor-element elementor-element-588345b elementor-widget elementor-widget-spacer\" data-id=\"588345b\" data-element_type=\"widget\" data-widget_type=\"spacer.default\">\n\t\t\t\t<div class=\"elementor-widget-container\">\n\t\t\t\t\t<div class=\"elementor-spacer\">\n\t\t\t<div class=\"elementor-spacer-inner\"><\/div>\n\t\t<\/div>\n\t\t\t\t<\/div>\n\t\t\t\t<\/div>\n\t\t\t\t\t<\/div>\n\t\t\t\t<\/div>\n\t\t<div class=\"elementor-element elementor-element-3db0117 e-flex e-con-boxed e-con e-parent\" data-id=\"3db0117\" data-element_type=\"container\">\n\t\t\t\t\t<div class=\"e-con-inner\">\n\t\t\t\t<div class=\"elementor-element elementor-element-eec23d3 elementor-invisible elementor-widget elementor-widget-text-editor\" data-id=\"eec23d3\" data-element_type=\"widget\" data-settings=\"{&quot;_animation&quot;:&quot;fadeInLeft&quot;}\" data-widget_type=\"text-editor.default\">\n\t\t\t\t<div class=\"elementor-widget-container\">\n\t\t\t<style>\/*! elementor - v3.23.0 - 05-08-2024 *\/\n.elementor-widget-text-editor.elementor-drop-cap-view-stacked .elementor-drop-cap{background-color:#69727d;color:#fff}.elementor-widget-text-editor.elementor-drop-cap-view-framed .elementor-drop-cap{color:#69727d;border:3px solid;background-color:transparent}.elementor-widget-text-editor:not(.elementor-drop-cap-view-default) .elementor-drop-cap{margin-top:8px}.elementor-widget-text-editor:not(.elementor-drop-cap-view-default) .elementor-drop-cap-letter{width:1em;height:1em}.elementor-widget-text-editor .elementor-drop-cap{float:left;text-align:center;line-height:1;font-size:50px}.elementor-widget-text-editor .elementor-drop-cap-letter{display:inline-block}<\/style>\t\t\t\t<h2 style=\"text-align: center; color: #007a3e;\"><strong>SERVICIOS Y PRODUCTOS QUE OFRECE LA FCA<\/strong><\/h2>\t\t\t\t\t\t<\/div>\n\t\t\t\t<\/div>\n\t\t\t\t\t<\/div>\n\t\t\t\t<\/div>\n\t\t<div class=\"elementor-element elementor-element-473b159 e-flex e-con-boxed e-con e-parent\" data-id=\"473b159\" data-element_type=\"container\">\n\t\t\t\t\t<div class=\"e-con-inner\">\n\t\t\t\t<div class=\"elementor-element elementor-element-afded05 elementor-invisible elementor-widget elementor-widget-text-editor\" data-id=\"afded05\" data-element_type=\"widget\" data-settings=\"{&quot;_animation&quot;:&quot;fadeInLeft&quot;}\" data-widget_type=\"text-editor.default\">\n\t\t\t\t<div class=\"elementor-widget-container\">\n\t\t\t\t\t\t\t<center><hr style=\"height: 3px; width: 75%; color: #fc4c02; background-color: #fc4c02;\" \/><\/center>\t\t\t\t\t\t<\/div>\n\t\t\t\t<\/div>\n\t\t\t\t\t<\/div>\n\t\t\t\t<\/div>\n\t\t<div class=\"elementor-element elementor-element-8c49384 e-flex e-con-boxed e-con e-parent\" data-id=\"8c49384\" data-element_type=\"container\">\n\t\t\t\t\t<div class=\"e-con-inner\">\n\t\t\t\t<div class=\"elementor-element elementor-element-8183301 elementor-widget elementor-widget-spacer\" data-id=\"8183301\" data-element_type=\"widget\" data-widget_type=\"spacer.default\">\n\t\t\t\t<div class=\"elementor-widget-container\">\n\t\t\t\t\t<div class=\"elementor-spacer\">\n\t\t\t<div class=\"elementor-spacer-inner\"><\/div>\n\t\t<\/div>\n\t\t\t\t<\/div>\n\t\t\t\t<\/div>\n\t\t\t\t\t<\/div>\n\t\t\t\t<\/div>\n\t\t<div class=\"elementor-element elementor-element-ee3d3c7 e-flex e-con-boxed e-con e-parent\" data-id=\"ee3d3c7\" data-element_type=\"container\">\n\t\t\t\t\t<div class=\"e-con-inner\">\n\t\t<div class=\"elementor-element elementor-element-99b0dcf e-con-full e-flex e-con e-child\" data-id=\"99b0dcf\" data-element_type=\"container\">\n\t\t\t\t<div class=\"elementor-element elementor-element-d32080f elementor-widget elementor-widget-image\" data-id=\"d32080f\" data-element_type=\"widget\" data-widget_type=\"image.default\">\n\t\t\t\t<div class=\"elementor-widget-container\">\n\t\t\t<style>\/*! elementor - v3.23.0 - 05-08-2024 *\/\n.elementor-widget-image{text-align:center}.elementor-widget-image a{display:inline-block}.elementor-widget-image a img[src$=\".svg\"]{width:48px}.elementor-widget-image img{vertical-align:middle;display:inline-block}<\/style>\t\t\t\t\t\t\t<figure class=\"wp-caption\">\n\t\t\t\t\t\t\t\t\t\t<img fetchpriority=\"high\" decoding=\"async\" width=\"1280\" height=\"853\" src=\"https:\/\/www.agr.una.py\/wp\/wp-content\/uploads\/2022\/12\/IMG-20221107-WA0061.jpg\" class=\"attachment-full size-full wp-image-1552\" alt=\"\" srcset=\"https:\/\/www.agr.una.py\/wp\/wp-content\/uploads\/2022\/12\/IMG-20221107-WA0061.jpg 1280w, https:\/\/www.agr.una.py\/wp\/wp-content\/uploads\/2022\/12\/IMG-20221107-WA0061-300x200.jpg 300w, https:\/\/www.agr.una.py\/wp\/wp-content\/uploads\/2022\/12\/IMG-20221107-WA0061-1024x682.jpg 1024w, https:\/\/www.agr.una.py\/wp\/wp-content\/uploads\/2022\/12\/IMG-20221107-WA0061-768x512.jpg 768w, https:\/\/www.agr.una.py\/wp\/wp-content\/uploads\/2022\/12\/IMG-20221107-WA0061-600x400.jpg 600w\" sizes=\"(max-width: 1280px) 100vw, 1280px\" \/>\t\t\t\t\t\t\t\t\t\t\t<figcaption class=\"widget-image-caption wp-caption-text\">Laboratorio de An\u00e1lisis de Semillas<\/figcaption>\n\t\t\t\t\t\t\t\t\t\t<\/figure>\n\t\t\t\t\t\t\t<\/div>\n\t\t\t\t<\/div>\n\t\t\t\t<\/div>\n\t\t<div class=\"elementor-element elementor-element-0db83af e-con-full e-flex e-con e-child\" data-id=\"0db83af\" data-element_type=\"container\">\n\t\t\t\t<div class=\"elementor-element elementor-element-d08534b elementor-widget elementor-widget-image\" data-id=\"d08534b\" data-element_type=\"widget\" data-widget_type=\"image.default\">\n\t\t\t\t<div class=\"elementor-widget-container\">\n\t\t\t\t\t\t\t\t\t\t<figure class=\"wp-caption\">\n\t\t\t\t\t\t\t\t\t\t<img decoding=\"async\" width=\"1024\" height=\"683\" src=\"https:\/\/www.agr.una.py\/wp\/wp-content\/uploads\/2022\/05\/Laboratorio-de-Analisis-de-Suelos-1.jpg\" class=\"attachment-full size-full wp-image-610\" alt=\"\" srcset=\"https:\/\/www.agr.una.py\/wp\/wp-content\/uploads\/2022\/05\/Laboratorio-de-Analisis-de-Suelos-1.jpg 1024w, https:\/\/www.agr.una.py\/wp\/wp-content\/uploads\/2022\/05\/Laboratorio-de-Analisis-de-Suelos-1-300x200.jpg 300w, https:\/\/www.agr.una.py\/wp\/wp-content\/uploads\/2022\/05\/Laboratorio-de-Analisis-de-Suelos-1-768x512.jpg 768w, https:\/\/www.agr.una.py\/wp\/wp-content\/uploads\/2022\/05\/Laboratorio-de-Analisis-de-Suelos-1-600x400.jpg 600w\" sizes=\"(max-width: 1024px) 100vw, 1024px\" \/>\t\t\t\t\t\t\t\t\t\t\t<figcaption class=\"widget-image-caption wp-caption-text\">Laboratorio de An\u00e1lisis de Suelos<\/figcaption>\n\t\t\t\t\t\t\t\t\t\t<\/figure>\n\t\t\t\t\t\t\t<\/div>\n\t\t\t\t<\/div>\n\t\t\t\t<\/div>\n\t\t<div class=\"elementor-element elementor-element-b11abe6 e-con-full e-flex e-con e-child\" data-id=\"b11abe6\" data-element_type=\"container\">\n\t\t\t\t<div class=\"elementor-element elementor-element-e5d8f63 elementor-widget elementor-widget-image\" data-id=\"e5d8f63\" data-element_type=\"widget\" data-widget_type=\"image.default\">\n\t\t\t\t<div class=\"elementor-widget-container\">\n\t\t\t\t\t\t\t\t\t\t<figure class=\"wp-caption\">\n\t\t\t\t\t\t\t\t\t\t<img decoding=\"async\" width=\"1024\" height=\"683\" src=\"https:\/\/www.agr.una.py\/wp\/wp-content\/uploads\/2022\/05\/Division-Floricultura-y-Plantas-Medicinales-10.jpg\" class=\"attachment-full size-full wp-image-611\" alt=\"\" srcset=\"https:\/\/www.agr.una.py\/wp\/wp-content\/uploads\/2022\/05\/Division-Floricultura-y-Plantas-Medicinales-10.jpg 1024w, https:\/\/www.agr.una.py\/wp\/wp-content\/uploads\/2022\/05\/Division-Floricultura-y-Plantas-Medicinales-10-300x200.jpg 300w, https:\/\/www.agr.una.py\/wp\/wp-content\/uploads\/2022\/05\/Division-Floricultura-y-Plantas-Medicinales-10-768x512.jpg 768w, https:\/\/www.agr.una.py\/wp\/wp-content\/uploads\/2022\/05\/Division-Floricultura-y-Plantas-Medicinales-10-600x400.jpg 600w\" sizes=\"(max-width: 1024px) 100vw, 1024px\" \/>\t\t\t\t\t\t\t\t\t\t\t<figcaption class=\"widget-image-caption wp-caption-text\">Divisi\u00f3n Floricultura y Plantas Medicinales<\/figcaption>\n\t\t\t\t\t\t\t\t\t\t<\/figure>\n\t\t\t\t\t\t\t<\/div>\n\t\t\t\t<\/div>\n\t\t\t\t<\/div>\n\t\t\t\t\t<\/div>\n\t\t\t\t<\/div>\n\t\t<div class=\"elementor-element elementor-element-0023c49 e-flex e-con-boxed e-con e-parent\" data-id=\"0023c49\" data-element_type=\"container\">\n\t\t\t\t\t<div class=\"e-con-inner\">\n\t\t<div class=\"elementor-element elementor-element-44ffb5d e-con-full e-flex e-con e-child\" data-id=\"44ffb5d\" data-element_type=\"container\">\n\t\t\t\t<div class=\"elementor-element elementor-element-788338e elementor-widget elementor-widget-image\" data-id=\"788338e\" data-element_type=\"widget\" data-widget_type=\"image.default\">\n\t\t\t\t<div class=\"elementor-widget-container\">\n\t\t\t\t\t\t\t\t\t\t<figure class=\"wp-caption\">\n\t\t\t\t\t\t\t\t\t\t<img loading=\"lazy\" decoding=\"async\" width=\"1024\" height=\"683\" src=\"https:\/\/www.agr.una.py\/wp\/wp-content\/uploads\/2022\/05\/Centro-Hortifruticola-8.jpg\" class=\"attachment-full size-full wp-image-612\" alt=\"\" srcset=\"https:\/\/www.agr.una.py\/wp\/wp-content\/uploads\/2022\/05\/Centro-Hortifruticola-8.jpg 1024w, https:\/\/www.agr.una.py\/wp\/wp-content\/uploads\/2022\/05\/Centro-Hortifruticola-8-300x200.jpg 300w, https:\/\/www.agr.una.py\/wp\/wp-content\/uploads\/2022\/05\/Centro-Hortifruticola-8-768x512.jpg 768w, https:\/\/www.agr.una.py\/wp\/wp-content\/uploads\/2022\/05\/Centro-Hortifruticola-8-600x400.jpg 600w\" sizes=\"(max-width: 1024px) 100vw, 1024px\" \/>\t\t\t\t\t\t\t\t\t\t\t<figcaption class=\"widget-image-caption wp-caption-text\">Divisi\u00f3n Horticultura<\/figcaption>\n\t\t\t\t\t\t\t\t\t\t<\/figure>\n\t\t\t\t\t\t\t<\/div>\n\t\t\t\t<\/div>\n\t\t\t\t<\/div>\n\t\t<div class=\"elementor-element elementor-element-40ee1b1 e-con-full e-flex e-con e-child\" data-id=\"40ee1b1\" data-element_type=\"container\">\n\t\t\t\t<div class=\"elementor-element elementor-element-8ce5765 elementor-widget elementor-widget-image\" data-id=\"8ce5765\" data-element_type=\"widget\" data-widget_type=\"image.default\">\n\t\t\t\t<div class=\"elementor-widget-container\">\n\t\t\t\t\t\t\t\t\t\t<figure class=\"wp-caption\">\n\t\t\t\t\t\t\t\t\t\t<img loading=\"lazy\" decoding=\"async\" width=\"1024\" height=\"683\" src=\"https:\/\/www.agr.una.py\/wp\/wp-content\/uploads\/2022\/05\/Museo-Dr.-Franscisco-Schade-9.jpg\" class=\"attachment-full size-full wp-image-613\" alt=\"\" srcset=\"https:\/\/www.agr.una.py\/wp\/wp-content\/uploads\/2022\/05\/Museo-Dr.-Franscisco-Schade-9.jpg 1024w, https:\/\/www.agr.una.py\/wp\/wp-content\/uploads\/2022\/05\/Museo-Dr.-Franscisco-Schade-9-300x200.jpg 300w, https:\/\/www.agr.una.py\/wp\/wp-content\/uploads\/2022\/05\/Museo-Dr.-Franscisco-Schade-9-768x512.jpg 768w, https:\/\/www.agr.una.py\/wp\/wp-content\/uploads\/2022\/05\/Museo-Dr.-Franscisco-Schade-9-600x400.jpg 600w\" sizes=\"(max-width: 1024px) 100vw, 1024px\" \/>\t\t\t\t\t\t\t\t\t\t\t<figcaption class=\"widget-image-caption wp-caption-text\">Museo Francisco Schade<\/figcaption>\n\t\t\t\t\t\t\t\t\t\t<\/figure>\n\t\t\t\t\t\t\t<\/div>\n\t\t\t\t<\/div>\n\t\t\t\t<\/div>\n\t\t<div class=\"elementor-element elementor-element-95b6227 e-con-full e-flex e-con e-child\" data-id=\"95b6227\" data-element_type=\"container\">\n\t\t\t\t<div class=\"elementor-element elementor-element-4e61dc7 elementor-widget elementor-widget-image\" data-id=\"4e61dc7\" data-element_type=\"widget\" data-widget_type=\"image.default\">\n\t\t\t\t<div class=\"elementor-widget-container\">\n\t\t\t\t\t\t\t\t\t\t<figure class=\"wp-caption\">\n\t\t\t\t\t\t\t\t\t\t\t<a href=\"https:\/\/www.agr.una.py\/wp\/?page_id=3155\">\n\t\t\t\t\t\t\t<img loading=\"lazy\" decoding=\"async\" width=\"1024\" height=\"683\" src=\"https:\/\/www.agr.una.py\/wp\/wp-content\/uploads\/2022\/05\/Laboratorio-Calidad-de-la-Madera-6.jpg\" class=\"attachment-full size-full wp-image-614\" alt=\"\" srcset=\"https:\/\/www.agr.una.py\/wp\/wp-content\/uploads\/2022\/05\/Laboratorio-Calidad-de-la-Madera-6.jpg 1024w, https:\/\/www.agr.una.py\/wp\/wp-content\/uploads\/2022\/05\/Laboratorio-Calidad-de-la-Madera-6-300x200.jpg 300w, https:\/\/www.agr.una.py\/wp\/wp-content\/uploads\/2022\/05\/Laboratorio-Calidad-de-la-Madera-6-768x512.jpg 768w, https:\/\/www.agr.una.py\/wp\/wp-content\/uploads\/2022\/05\/Laboratorio-Calidad-de-la-Madera-6-600x400.jpg 600w\" sizes=\"(max-width: 1024px) 100vw, 1024px\" \/>\t\t\t\t\t\t\t\t<\/a>\n\t\t\t\t\t\t\t\t\t\t\t<figcaption class=\"widget-image-caption wp-caption-text\">Laboratorio de Calidad de Maderas<\/figcaption>\n\t\t\t\t\t\t\t\t\t\t<\/figure>\n\t\t\t\t\t\t\t<\/div>\n\t\t\t\t<\/div>\n\t\t\t\t<\/div>\n\t\t\t\t\t<\/div>\n\t\t\t\t<\/div>\n\t\t<div class=\"elementor-element elementor-element-81252e5 e-flex e-con-boxed e-con e-parent\" data-id=\"81252e5\" data-element_type=\"container\">\n\t\t\t\t\t<div class=\"e-con-inner\">\n\t\t<div class=\"elementor-element elementor-element-73d6680 e-con-full e-flex e-con e-child\" data-id=\"73d6680\" data-element_type=\"container\">\n\t\t\t\t<div class=\"elementor-element elementor-element-0f439e3 elementor-widget elementor-widget-image\" data-id=\"0f439e3\" data-element_type=\"widget\" data-widget_type=\"image.default\">\n\t\t\t\t<div class=\"elementor-widget-container\">\n\t\t\t\t\t\t\t\t\t\t<figure class=\"wp-caption\">\n\t\t\t\t\t\t\t\t\t\t\t<a href=\"https:\/\/www.agr.una.py\/wp\/?page_id=3197\">\n\t\t\t\t\t\t\t<img loading=\"lazy\" decoding=\"async\" width=\"1024\" height=\"683\" src=\"https:\/\/www.agr.una.py\/wp\/wp-content\/uploads\/2022\/05\/Laboratorio-de-Semillas-Forestales-7.jpg\" class=\"attachment-full size-full wp-image-615\" alt=\"\" srcset=\"https:\/\/www.agr.una.py\/wp\/wp-content\/uploads\/2022\/05\/Laboratorio-de-Semillas-Forestales-7.jpg 1024w, https:\/\/www.agr.una.py\/wp\/wp-content\/uploads\/2022\/05\/Laboratorio-de-Semillas-Forestales-7-300x200.jpg 300w, https:\/\/www.agr.una.py\/wp\/wp-content\/uploads\/2022\/05\/Laboratorio-de-Semillas-Forestales-7-768x512.jpg 768w, https:\/\/www.agr.una.py\/wp\/wp-content\/uploads\/2022\/05\/Laboratorio-de-Semillas-Forestales-7-600x400.jpg 600w\" sizes=\"(max-width: 1024px) 100vw, 1024px\" \/>\t\t\t\t\t\t\t\t<\/a>\n\t\t\t\t\t\t\t\t\t\t\t<figcaption class=\"widget-image-caption wp-caption-text\">Laboratorio de Semillas Forestales<\/figcaption>\n\t\t\t\t\t\t\t\t\t\t<\/figure>\n\t\t\t\t\t\t\t<\/div>\n\t\t\t\t<\/div>\n\t\t\t\t<\/div>\n\t\t<div class=\"elementor-element elementor-element-8ae56a5 e-con-full e-flex e-con e-child\" data-id=\"8ae56a5\" data-element_type=\"container\">\n\t\t\t\t<div class=\"elementor-element elementor-element-f64a8b3 elementor-widget elementor-widget-image\" data-id=\"f64a8b3\" data-element_type=\"widget\" data-widget_type=\"image.default\">\n\t\t\t\t<div class=\"elementor-widget-container\">\n\t\t\t\t\t\t\t\t\t\t<figure class=\"wp-caption\">\n\t\t\t\t\t\t\t\t\t\t<img loading=\"lazy\" decoding=\"async\" width=\"1024\" height=\"683\" src=\"https:\/\/www.agr.una.py\/wp\/wp-content\/uploads\/2022\/05\/Laboratorio-de-Calidad-Agroalimnetaria-5.jpg\" class=\"attachment-full size-full wp-image-616\" alt=\"\" srcset=\"https:\/\/www.agr.una.py\/wp\/wp-content\/uploads\/2022\/05\/Laboratorio-de-Calidad-Agroalimnetaria-5.jpg 1024w, https:\/\/www.agr.una.py\/wp\/wp-content\/uploads\/2022\/05\/Laboratorio-de-Calidad-Agroalimnetaria-5-300x200.jpg 300w, https:\/\/www.agr.una.py\/wp\/wp-content\/uploads\/2022\/05\/Laboratorio-de-Calidad-Agroalimnetaria-5-768x512.jpg 768w, https:\/\/www.agr.una.py\/wp\/wp-content\/uploads\/2022\/05\/Laboratorio-de-Calidad-Agroalimnetaria-5-600x400.jpg 600w\" sizes=\"(max-width: 1024px) 100vw, 1024px\" \/>\t\t\t\t\t\t\t\t\t\t\t<figcaption class=\"widget-image-caption wp-caption-text\">Laboratorio de Calidad Agroalimentaria\u200b<\/figcaption>\n\t\t\t\t\t\t\t\t\t\t<\/figure>\n\t\t\t\t\t\t\t<\/div>\n\t\t\t\t<\/div>\n\t\t\t\t<\/div>\n\t\t<div class=\"elementor-element elementor-element-97e45bc e-con-full e-flex e-con e-child\" data-id=\"97e45bc\" data-element_type=\"container\">\n\t\t\t\t<div class=\"elementor-element elementor-element-4f288e0 elementor-widget elementor-widget-image\" data-id=\"4f288e0\" data-element_type=\"widget\" data-widget_type=\"image.default\">\n\t\t\t\t<div class=\"elementor-widget-container\">\n\t\t\t\t\t\t\t\t\t\t<figure class=\"wp-caption\">\n\t\t\t\t\t\t\t\t\t\t\t<a href=\"https:\/\/www.agr.una.py\/wp\/?page_id=3125\">\n\t\t\t\t\t\t\t<img loading=\"lazy\" decoding=\"async\" width=\"1024\" height=\"683\" src=\"https:\/\/www.agr.una.py\/wp\/wp-content\/uploads\/2022\/05\/Laboratorio-de-Bromatologia-11.jpg\" class=\"attachment-full size-full wp-image-617\" alt=\"\" srcset=\"https:\/\/www.agr.una.py\/wp\/wp-content\/uploads\/2022\/05\/Laboratorio-de-Bromatologia-11.jpg 1024w, https:\/\/www.agr.una.py\/wp\/wp-content\/uploads\/2022\/05\/Laboratorio-de-Bromatologia-11-300x200.jpg 300w, https:\/\/www.agr.una.py\/wp\/wp-content\/uploads\/2022\/05\/Laboratorio-de-Bromatologia-11-768x512.jpg 768w, https:\/\/www.agr.una.py\/wp\/wp-content\/uploads\/2022\/05\/Laboratorio-de-Bromatologia-11-600x400.jpg 600w\" sizes=\"(max-width: 1024px) 100vw, 1024px\" \/>\t\t\t\t\t\t\t\t<\/a>\n\t\t\t\t\t\t\t\t\t\t\t<figcaption class=\"widget-image-caption wp-caption-text\">Laboratorio de Bromatolog\u00eda<\/figcaption>\n\t\t\t\t\t\t\t\t\t\t<\/figure>\n\t\t\t\t\t\t\t<\/div>\n\t\t\t\t<\/div>\n\t\t\t\t<\/div>\n\t\t\t\t\t<\/div>\n\t\t\t\t<\/div>\n\t\t\t\t<\/div>\n\t\t","protected":false},"excerpt":{"rendered":"<p>SERVICIOS Y PRODUCTOS QUE OFRECE LA FCA Laboratorio de An\u00e1lisis de Semillas Laboratorio de An\u00e1lisis de Suelos Divisi\u00f3n Floricultura y Plantas Medicinales Divisi\u00f3n Horticultura Museo Francisco Schade Laboratorio de Calidad de Maderas Laboratorio de Semillas Forestales Laboratorio de Calidad Agroalimentaria\u200b Laboratorio de Bromatolog\u00eda<\/p>\n","protected":false},"author":1,"featured_media":0,"parent":0,"menu_order":0,"comment_status":"closed","ping_status":"closed","template":"","meta":{"_themeisle_gutenberg_block_has_review":false,"footnotes":""},"class_list":["post-3109","page","type-page","status-publish","hentry"],"_links":{"self":[{"href":"https:\/\/www.agr.una.py\/wp\/index.php?rest_route=\/wp\/v2\/pages\/3109","targetHints":{"allow":["GET"]}}],"collection":[{"href":"https:\/\/www.agr.una.py\/wp\/index.php?rest_route=\/wp\/v2\/pages"}],"about":[{"href":"https:\/\/www.agr.una.py\/wp\/index.php?rest_route=\/wp\/v2\/types\/page"}],"author":[{"embeddable":true,"href":"https:\/\/www.agr.una.py\/wp\/index.php?rest_route=\/wp\/v2\/users\/1"}],"replies":[{"embeddable":true,"href":"https:\/\/www.agr.una.py\/wp\/index.php?rest_route=%2Fwp%2Fv2%2Fcomments&post=3109"}],"version-history":[{"count":18,"href":"https:\/\/www.agr.una.py\/wp\/index.php?rest_route=\/wp\/v2\/pages\/3109\/revisions"}],"predecessor-version":[{"id":3437,"href":"https:\/\/www.agr.una.py\/wp\/index.php?rest_route=\/wp\/v2\/pages\/3109\/revisions\/3437"}],"wp:attachment":[{"href":"https:\/\/www.agr.una.py\/wp\/index.php?rest_route=%2Fwp%2Fv2%2Fmedia&parent=3109"}],"curies":[{"name":"wp","href":"https:\/\/api.w.org\/{rel}","templated":true}]}}