{"id":2847,"date":"2023-09-27T10:16:42","date_gmt":"2023-09-27T14:16:42","guid":{"rendered":"https:\/\/www.agr.una.py\/wp\/?page_id=2847"},"modified":"2025-09-16T14:57:55","modified_gmt":"2025-09-16T17:57:55","slug":"congreso-nacional-de-ciencias-agrarias","status":"publish","type":"page","link":"https:\/\/www.agr.una.py\/wp\/?page_id=2847","title":{"rendered":"CONGRESO NACIONAL DE CIENCIAS AGRARIAS"},"content":{"rendered":"\t\t<div data-elementor-type=\"wp-page\" data-elementor-id=\"2847\" class=\"elementor elementor-2847\">\n\t\t\t\t<div class=\"elementor-element elementor-element-32482bbd e-flex e-con-boxed e-con e-parent\" data-id=\"32482bbd\" data-element_type=\"container\">\n\t\t\t\t\t<div class=\"e-con-inner\">\n\t\t<div class=\"elementor-element elementor-element-065ba0f e-flex e-con-boxed e-con e-child\" data-id=\"065ba0f\" data-element_type=\"container\">\n\t\t\t\t\t<div class=\"e-con-inner\">\n\t\t\t\t<div class=\"elementor-element elementor-element-ed881a9 elementor-invisible elementor-widget elementor-widget-text-editor\" data-id=\"ed881a9\" data-element_type=\"widget\" data-settings=\"{&quot;_animation&quot;:&quot;fadeInLeft&quot;}\" data-widget_type=\"text-editor.default\">\n\t\t\t\t<div class=\"elementor-widget-container\">\n\t\t\t<style>\/*! elementor - v3.23.0 - 05-08-2024 *\/\n.elementor-widget-text-editor.elementor-drop-cap-view-stacked .elementor-drop-cap{background-color:#69727d;color:#fff}.elementor-widget-text-editor.elementor-drop-cap-view-framed .elementor-drop-cap{color:#69727d;border:3px solid;background-color:transparent}.elementor-widget-text-editor:not(.elementor-drop-cap-view-default) .elementor-drop-cap{margin-top:8px}.elementor-widget-text-editor:not(.elementor-drop-cap-view-default) .elementor-drop-cap-letter{width:1em;height:1em}.elementor-widget-text-editor .elementor-drop-cap{float:left;text-align:center;line-height:1;font-size:50px}.elementor-widget-text-editor .elementor-drop-cap-letter{display:inline-block}<\/style>\t\t\t\t<h2 style=\"text-align: center; color: #007a3e;\"><strong>VI Congreso Nacional de Ciencias Agrarias<\/strong><\/h2>\t\t\t\t\t\t<\/div>\n\t\t\t\t<\/div>\n\t\t\t\t\t<\/div>\n\t\t\t\t<\/div>\n\t\t<div class=\"elementor-element elementor-element-d2f91c6 e-flex e-con-boxed e-con e-child\" data-id=\"d2f91c6\" data-element_type=\"container\">\n\t\t\t\t\t<div class=\"e-con-inner\">\n\t\t\t\t<div class=\"elementor-element elementor-element-692f7a5 elementor-invisible elementor-widget elementor-widget-text-editor\" data-id=\"692f7a5\" data-element_type=\"widget\" data-settings=\"{&quot;_animation&quot;:&quot;fadeInLeft&quot;}\" data-widget_type=\"text-editor.default\">\n\t\t\t\t<div class=\"elementor-widget-container\">\n\t\t\t\t\t\t\t<h4 style=\"text-align: center; color: #007a3e;\"><strong>18\/09\/2024 \u2013 20\/09\/2024<\/strong><\/h4>\t\t\t\t\t\t<\/div>\n\t\t\t\t<\/div>\n\t\t\t\t\t<\/div>\n\t\t\t\t<\/div>\n\t\t<div class=\"elementor-element elementor-element-83beeeb e-flex e-con-boxed e-con e-child\" data-id=\"83beeeb\" data-element_type=\"container\">\n\t\t\t\t\t<div class=\"e-con-inner\">\n\t\t\t\t<div class=\"elementor-element elementor-element-360e280 elementor-invisible elementor-widget elementor-widget-text-editor\" data-id=\"360e280\" data-element_type=\"widget\" data-settings=\"{&quot;_animation&quot;:&quot;fadeInLeft&quot;}\" data-widget_type=\"text-editor.default\">\n\t\t\t\t<div class=\"elementor-widget-container\">\n\t\t\t\t\t\t\t<h4 style=\"text-align: center; color: #007a3e;\"><strong>FACULTAD DE CIENCIAS AGRARIAS &#8211; San Lorenzo &#8211; Central &#8211; Paraguay<\/strong><\/h4>\t\t\t\t\t\t<\/div>\n\t\t\t\t<\/div>\n\t\t\t\t\t<\/div>\n\t\t\t\t<\/div>\n\t\t<div class=\"elementor-element elementor-element-210131b e-flex e-con-boxed e-con e-child\" data-id=\"210131b\" data-element_type=\"container\">\n\t\t\t\t\t<div class=\"e-con-inner\">\n\t\t\t\t<div class=\"elementor-element elementor-element-f8f3839 elementor-invisible elementor-widget elementor-widget-text-editor\" data-id=\"f8f3839\" data-element_type=\"widget\" data-settings=\"{&quot;_animation&quot;:&quot;fadeInLeft&quot;}\" data-widget_type=\"text-editor.default\">\n\t\t\t\t<div class=\"elementor-widget-container\">\n\t\t\t\t\t\t\t<center><hr style=\"height: 3px; width: 75%; color: #fc4c02; background-color: #fc4c02;\" \/><\/center>\t\t\t\t\t\t<\/div>\n\t\t\t\t<\/div>\n\t\t\t\t\t<\/div>\n\t\t\t\t<\/div>\n\t\t<div class=\"elementor-element elementor-element-c740cb7 e-flex e-con-boxed e-con e-child\" data-id=\"c740cb7\" data-element_type=\"container\">\n\t\t\t\t\t<div class=\"e-con-inner\">\n\t\t\t\t<div class=\"elementor-element elementor-element-78eada7 elementor-widget elementor-widget-text-editor\" data-id=\"78eada7\" data-element_type=\"widget\" data-widget_type=\"text-editor.default\">\n\t\t\t\t<div class=\"elementor-widget-container\">\n\t\t\t\t\t\t\t<p>La Facultad de Ciencias Agrarias de la Universidad Nacional de Asunci\u00f3n, cumpliendo su rol de impartir docencia, extensi\u00f3n e investigaci\u00f3n organiza peri\u00f3dicamente el Congreso Nacional de Ciencias Agrarias (CNCA). La primera edici\u00f3n del evento fue realizada en el a\u00f1o 2010 donde fueron presentados un total de 173 investigaciones en diferentes modalidades como las disertaciones en plenaria, en sesiones paralelas seg\u00fan \u00e1rea tem\u00e1tica, p\u00f3sters y minicursos. Tanto la segunda edici\u00f3n en 2012, la tercera en 2014 y la cuarta en el a\u00f1o 2017 fomentaron la misma tem\u00e1tica por donde pasaron aproximadamente 3500 participantes. La \u00faltima edici\u00f3n del congreso se realiz\u00f3 de forma virtual en el a\u00f1o 2021. En este contexto se presentaron aproximadamente 200 trabajos de investigaci\u00f3n mediante charlas magistrales, presentaciones orales y sesi\u00f3n de p\u00f3ster permitiendo la difusi\u00f3n de resultados de investigaci\u00f3n y aproximando la academia con la sociedad . En todos los aspectos el evento propici\u00f3 la interacci\u00f3n entre estudiantes, profesores, profesionales, productores y p\u00fablico en general tanto local e internacional. <a href=\"https:\/\/www.even3.com.py\/e\/VICNCA\">INGRESAR A LA P\u00c1GINA AQU\u00cd!!<\/a><\/p>\t\t\t\t\t\t<\/div>\n\t\t\t\t<\/div>\n\t\t\t\t<div class=\"elementor-element elementor-element-1c92c12 elementor-widget elementor-widget-text-editor\" data-id=\"1c92c12\" data-element_type=\"widget\" data-widget_type=\"text-editor.default\">\n\t\t\t\t<div class=\"elementor-widget-container\">\n\t\t\t\t\t\t\t<h4 style=\"text-align: center;\"><strong>Antecedentes<\/strong><\/h4><p>Con el objetivo de presentar al sector agropecuario-forestal avances tecnol\u00f3gicos y cient\u00edficos, la Facultad de Ciencias Agrarias (FCA) de la Universidad Nacional de Asunci\u00f3n (UNA) organiza peri\u00f3dicamente el Congreso Nacional de Ciencias Agrarias-CNCA. Mediante presentaciones en plenarias, simultaneo, minicursos y ferias, los participantes pueden adquirir informaci\u00f3n y actualizar sus conocimientos lo que compromete en acompa\u00f1ar el progreso de la sociedad con relaci\u00f3n a producci\u00f3n, ciencia y tecnol\u00f3gica de las ciencias agrarias.<\/p>\t\t\t\t\t\t<\/div>\n\t\t\t\t<\/div>\n\t\t<div class=\"elementor-element elementor-element-47bed31 e-flex e-con-boxed e-con e-child\" data-id=\"47bed31\" data-element_type=\"container\">\n\t\t\t\t\t<div class=\"e-con-inner\">\n\t\t\t\t<div class=\"elementor-element elementor-element-16344d0 elementor-widget elementor-widget-spacer\" data-id=\"16344d0\" data-element_type=\"widget\" data-widget_type=\"spacer.default\">\n\t\t\t\t<div class=\"elementor-widget-container\">\n\t\t\t<style>\/*! elementor - v3.23.0 - 05-08-2024 *\/\n.elementor-column .elementor-spacer-inner{height:var(--spacer-size)}.e-con{--container-widget-width:100%}.e-con-inner>.elementor-widget-spacer,.e-con>.elementor-widget-spacer{width:var(--container-widget-width,var(--spacer-size));--align-self:var(--container-widget-align-self,initial);--flex-shrink:0}.e-con-inner>.elementor-widget-spacer>.elementor-widget-container,.e-con>.elementor-widget-spacer>.elementor-widget-container{height:100%;width:100%}.e-con-inner>.elementor-widget-spacer>.elementor-widget-container>.elementor-spacer,.e-con>.elementor-widget-spacer>.elementor-widget-container>.elementor-spacer{height:100%}.e-con-inner>.elementor-widget-spacer>.elementor-widget-container>.elementor-spacer>.elementor-spacer-inner,.e-con>.elementor-widget-spacer>.elementor-widget-container>.elementor-spacer>.elementor-spacer-inner{height:var(--container-widget-height,var(--spacer-size))}.e-con-inner>.elementor-widget-spacer.elementor-widget-empty,.e-con>.elementor-widget-spacer.elementor-widget-empty{position:relative;min-height:22px;min-width:22px}.e-con-inner>.elementor-widget-spacer.elementor-widget-empty .elementor-widget-empty-icon,.e-con>.elementor-widget-spacer.elementor-widget-empty .elementor-widget-empty-icon{position:absolute;top:0;bottom:0;left:0;right:0;margin:auto;padding:0;width:22px;height:22px}<\/style>\t\t<div class=\"elementor-spacer\">\n\t\t\t<div class=\"elementor-spacer-inner\"><\/div>\n\t\t<\/div>\n\t\t\t\t<\/div>\n\t\t\t\t<\/div>\n\t\t\t\t\t<\/div>\n\t\t\t\t<\/div>\n\t\t<div class=\"elementor-element elementor-element-97ce7fe e-flex e-con-boxed e-con e-child\" data-id=\"97ce7fe\" data-element_type=\"container\">\n\t\t\t\t\t<div class=\"e-con-inner\">\n\t\t\t\t<div class=\"elementor-element elementor-element-225471a elementor-invisible elementor-widget elementor-widget-text-editor\" data-id=\"225471a\" data-element_type=\"widget\" data-settings=\"{&quot;_animation&quot;:&quot;fadeInLeft&quot;}\" data-widget_type=\"text-editor.default\">\n\t\t\t\t<div class=\"elementor-widget-container\">\n\t\t\t\t\t\t\t<h2 style=\"text-align: center; color: #007a3e;\"><strong>Libros de res\u00famenes del CNCA publicados <\/strong><\/h2>\t\t\t\t\t\t<\/div>\n\t\t\t\t<\/div>\n\t\t\t\t\t<\/div>\n\t\t\t\t<\/div>\n\t\t<div class=\"elementor-element elementor-element-b1625e7 e-flex e-con-boxed e-con e-child\" data-id=\"b1625e7\" data-element_type=\"container\">\n\t\t\t\t\t<div class=\"e-con-inner\">\n\t\t\t\t<div class=\"elementor-element elementor-element-42b9b59 elementor-invisible elementor-widget elementor-widget-text-editor\" data-id=\"42b9b59\" data-element_type=\"widget\" data-settings=\"{&quot;_animation&quot;:&quot;fadeInLeft&quot;}\" data-widget_type=\"text-editor.default\">\n\t\t\t\t<div class=\"elementor-widget-container\">\n\t\t\t\t\t\t\t<center><hr style=\"height: 3px; width: 75%; color: #fc4c02; background-color: #fc4c02;\" \/><\/center>\t\t\t\t\t\t<\/div>\n\t\t\t\t<\/div>\n\t\t\t\t\t<\/div>\n\t\t\t\t<\/div>\n\t\t\t\t\t<\/div>\n\t\t\t\t<\/div>\n\t\t\t\t\t<\/div>\n\t\t\t\t<\/div>\n\t\t<div class=\"elementor-element elementor-element-b060d02 e-flex e-con-boxed e-con e-parent\" data-id=\"b060d02\" data-element_type=\"container\">\n\t\t\t\t\t<div class=\"e-con-inner\">\n\t\t<div class=\"elementor-element elementor-element-7526eb6 e-con-full e-flex e-con e-child\" data-id=\"7526eb6\" data-element_type=\"container\">\n\t\t\t\t<div class=\"elementor-element elementor-element-227ad6c elementor-widget elementor-widget-image\" data-id=\"227ad6c\" data-element_type=\"widget\" data-widget_type=\"image.default\">\n\t\t\t\t<div class=\"elementor-widget-container\">\n\t\t\t<style>\/*! elementor - v3.23.0 - 05-08-2024 *\/\n.elementor-widget-image{text-align:center}.elementor-widget-image a{display:inline-block}.elementor-widget-image a img[src$=\".svg\"]{width:48px}.elementor-widget-image img{vertical-align:middle;display:inline-block}<\/style>\t\t\t\t\t\t\t<figure class=\"wp-caption\">\n\t\t\t\t\t\t\t\t\t\t\t<a href=\"https:\/\/www.agr.una.py\/wp\/wp-content\/uploads\/2023\/09\/I-CONGRESO-CIENCIAS-AGRARIAS.pdf\">\n\t\t\t\t\t\t\t<img fetchpriority=\"high\" decoding=\"async\" width=\"515\" height=\"720\" src=\"https:\/\/www.agr.una.py\/wp\/wp-content\/uploads\/2023\/09\/I-CN-Copiar.jpg\" class=\"attachment-large size-large wp-image-2889\" alt=\"\" srcset=\"https:\/\/www.agr.una.py\/wp\/wp-content\/uploads\/2023\/09\/I-CN-Copiar.jpg 515w, https:\/\/www.agr.una.py\/wp\/wp-content\/uploads\/2023\/09\/I-CN-Copiar-215x300.jpg 215w\" sizes=\"(max-width: 515px) 100vw, 515px\" \/>\t\t\t\t\t\t\t\t<\/a>\n\t\t\t\t\t\t\t\t\t\t\t<figcaption class=\"widget-image-caption wp-caption-text\">I - CNCA<\/figcaption>\n\t\t\t\t\t\t\t\t\t\t<\/figure>\n\t\t\t\t\t\t\t<\/div>\n\t\t\t\t<\/div>\n\t\t\t\t<\/div>\n\t\t<div class=\"elementor-element elementor-element-ff6e41a e-con-full e-flex e-con e-child\" data-id=\"ff6e41a\" data-element_type=\"container\">\n\t\t\t\t<div class=\"elementor-element elementor-element-48562fc elementor-widget elementor-widget-image\" data-id=\"48562fc\" data-element_type=\"widget\" data-widget_type=\"image.default\">\n\t\t\t\t<div class=\"elementor-widget-container\">\n\t\t\t\t\t\t\t\t\t\t<figure class=\"wp-caption\">\n\t\t\t\t\t\t\t\t\t\t\t<a href=\"https:\/\/www.agr.una.py\/wp\/wp-content\/uploads\/2023\/09\/II-CONGRESO-CIENCIAS-AGRARIAS.pdf\" target=\"_blank\">\n\t\t\t\t\t\t\t<img decoding=\"async\" width=\"515\" height=\"720\" src=\"https:\/\/www.agr.una.py\/wp\/wp-content\/uploads\/2023\/09\/II-CN-Copiar.jpg\" class=\"attachment-large size-large wp-image-2890\" alt=\"\" srcset=\"https:\/\/www.agr.una.py\/wp\/wp-content\/uploads\/2023\/09\/II-CN-Copiar.jpg 515w, https:\/\/www.agr.una.py\/wp\/wp-content\/uploads\/2023\/09\/II-CN-Copiar-215x300.jpg 215w\" sizes=\"(max-width: 515px) 100vw, 515px\" \/>\t\t\t\t\t\t\t\t<\/a>\n\t\t\t\t\t\t\t\t\t\t\t<figcaption class=\"widget-image-caption wp-caption-text\">II - CNCA<\/figcaption>\n\t\t\t\t\t\t\t\t\t\t<\/figure>\n\t\t\t\t\t\t\t<\/div>\n\t\t\t\t<\/div>\n\t\t\t\t<\/div>\n\t\t<div class=\"elementor-element elementor-element-f12cc9f e-con-full e-flex e-con e-child\" data-id=\"f12cc9f\" data-element_type=\"container\">\n\t\t\t\t<div class=\"elementor-element elementor-element-cee35cf elementor-widget elementor-widget-image\" data-id=\"cee35cf\" data-element_type=\"widget\" data-widget_type=\"image.default\">\n\t\t\t\t<div class=\"elementor-widget-container\">\n\t\t\t\t\t\t\t\t\t\t<figure class=\"wp-caption\">\n\t\t\t\t\t\t\t\t\t\t\t<a href=\"https:\/\/www.agr.una.py\/wp\/wp-content\/uploads\/2023\/09\/III-CONGRESO-CIENCIAS-AGRARIAS.pdf\" target=\"_blank\">\n\t\t\t\t\t\t\t<img decoding=\"async\" width=\"515\" height=\"720\" src=\"https:\/\/www.agr.una.py\/wp\/wp-content\/uploads\/2023\/09\/III-CN-Copiar.jpg\" class=\"attachment-large size-large wp-image-2891\" alt=\"\" srcset=\"https:\/\/www.agr.una.py\/wp\/wp-content\/uploads\/2023\/09\/III-CN-Copiar.jpg 515w, https:\/\/www.agr.una.py\/wp\/wp-content\/uploads\/2023\/09\/III-CN-Copiar-215x300.jpg 215w\" sizes=\"(max-width: 515px) 100vw, 515px\" \/>\t\t\t\t\t\t\t\t<\/a>\n\t\t\t\t\t\t\t\t\t\t\t<figcaption class=\"widget-image-caption wp-caption-text\">III - CNCA<\/figcaption>\n\t\t\t\t\t\t\t\t\t\t<\/figure>\n\t\t\t\t\t\t\t<\/div>\n\t\t\t\t<\/div>\n\t\t\t\t<\/div>\n\t\t<div class=\"elementor-element elementor-element-2138230 e-con-full e-flex e-con e-child\" data-id=\"2138230\" data-element_type=\"container\">\n\t\t\t\t<div class=\"elementor-element elementor-element-b96267e elementor-widget elementor-widget-image\" data-id=\"b96267e\" data-element_type=\"widget\" data-widget_type=\"image.default\">\n\t\t\t\t<div class=\"elementor-widget-container\">\n\t\t\t\t\t\t\t\t\t\t<figure class=\"wp-caption\">\n\t\t\t\t\t\t\t\t\t\t\t<a href=\"https:\/\/www.agr.una.py\/wp\/wp-content\/uploads\/2023\/09\/IV-CONGRESO-DE-CIENCIAS-AGRARIAS.pdf\" target=\"_blank\">\n\t\t\t\t\t\t\t<img loading=\"lazy\" decoding=\"async\" width=\"515\" height=\"720\" src=\"https:\/\/www.agr.una.py\/wp\/wp-content\/uploads\/2023\/09\/IV-CN-Copiar.jpg\" class=\"attachment-large size-large wp-image-2892\" alt=\"\" srcset=\"https:\/\/www.agr.una.py\/wp\/wp-content\/uploads\/2023\/09\/IV-CN-Copiar.jpg 515w, https:\/\/www.agr.una.py\/wp\/wp-content\/uploads\/2023\/09\/IV-CN-Copiar-215x300.jpg 215w\" sizes=\"(max-width: 515px) 100vw, 515px\" \/>\t\t\t\t\t\t\t\t<\/a>\n\t\t\t\t\t\t\t\t\t\t\t<figcaption class=\"widget-image-caption wp-caption-text\">IV - CNCA<\/figcaption>\n\t\t\t\t\t\t\t\t\t\t<\/figure>\n\t\t\t\t\t\t\t<\/div>\n\t\t\t\t<\/div>\n\t\t\t\t<\/div>\n\t\t<div class=\"elementor-element elementor-element-6e81777 e-con-full e-flex e-con e-child\" data-id=\"6e81777\" data-element_type=\"container\">\n\t\t\t\t<div class=\"elementor-element elementor-element-18fdbc3 elementor-widget elementor-widget-image\" data-id=\"18fdbc3\" data-element_type=\"widget\" data-widget_type=\"image.default\">\n\t\t\t\t<div class=\"elementor-widget-container\">\n\t\t\t\t\t\t\t\t\t\t<figure class=\"wp-caption\">\n\t\t\t\t\t\t\t\t\t\t\t<a href=\"https:\/\/www.agr.una.py\/wp\/wp-content\/uploads\/2023\/09\/WEB-Libro-de-resumenes-V-Congreso-Nac-de-Ciencias-Agrarias.pdf\" target=\"_blank\">\n\t\t\t\t\t\t\t<img loading=\"lazy\" decoding=\"async\" width=\"515\" height=\"720\" src=\"https:\/\/www.agr.una.py\/wp\/wp-content\/uploads\/2023\/09\/V-CN-Copiar.jpg\" class=\"attachment-large size-large wp-image-2893\" alt=\"\" srcset=\"https:\/\/www.agr.una.py\/wp\/wp-content\/uploads\/2023\/09\/V-CN-Copiar.jpg 515w, https:\/\/www.agr.una.py\/wp\/wp-content\/uploads\/2023\/09\/V-CN-Copiar-215x300.jpg 215w\" sizes=\"(max-width: 515px) 100vw, 515px\" \/>\t\t\t\t\t\t\t\t<\/a>\n\t\t\t\t\t\t\t\t\t\t\t<figcaption class=\"widget-image-caption wp-caption-text\">V - CNCA<\/figcaption>\n\t\t\t\t\t\t\t\t\t\t<\/figure>\n\t\t\t\t\t\t\t<\/div>\n\t\t\t\t<\/div>\n\t\t\t\t<\/div>\n\t\t\t\t\t<\/div>\n\t\t\t\t<\/div>\n\t\t<div class=\"elementor-element elementor-element-2e53dbb e-flex e-con-boxed e-con e-parent\" data-id=\"2e53dbb\" data-element_type=\"container\">\n\t\t\t\t\t<div class=\"e-con-inner\">\n\t\t<div class=\"elementor-element elementor-element-c337890 e-con-full e-flex e-con e-child\" data-id=\"c337890\" data-element_type=\"container\">\n\t\t\t\t<div class=\"elementor-element elementor-element-736ae73 elementor-widget elementor-widget-image\" data-id=\"736ae73\" data-element_type=\"widget\" data-widget_type=\"image.default\">\n\t\t\t\t<div class=\"elementor-widget-container\">\n\t\t\t\t\t\t\t\t\t\t<figure class=\"wp-caption\">\n\t\t\t\t\t\t\t\t\t\t\t<a href=\"https:\/\/www.agr.una.py\/wp\/wp-content\/uploads\/2025\/09\/WEB-01-LIBRO-DE-RESUMENES-2025_up.pdf\">\n\t\t\t\t\t\t\t<img loading=\"lazy\" decoding=\"async\" width=\"512\" height=\"720\" src=\"https:\/\/www.agr.una.py\/wp\/wp-content\/uploads\/2025\/09\/TAPA_LibroVICNCA_2024_up.jpg\" class=\"attachment-large size-large wp-image-12797\" alt=\"\" srcset=\"https:\/\/www.agr.una.py\/wp\/wp-content\/uploads\/2025\/09\/TAPA_LibroVICNCA_2024_up.jpg 512w, https:\/\/www.agr.una.py\/wp\/wp-content\/uploads\/2025\/09\/TAPA_LibroVICNCA_2024_up-213x300.jpg 213w\" sizes=\"(max-width: 512px) 100vw, 512px\" \/>\t\t\t\t\t\t\t\t<\/a>\n\t\t\t\t\t\t\t\t\t\t\t<figcaption class=\"widget-image-caption wp-caption-text\">VI - CNCA<\/figcaption>\n\t\t\t\t\t\t\t\t\t\t<\/figure>\n\t\t\t\t\t\t\t<\/div>\n\t\t\t\t<\/div>\n\t\t\t\t<\/div>\n\t\t<div class=\"elementor-element elementor-element-8ae4b07 e-con-full e-flex e-con e-child\" data-id=\"8ae4b07\" data-element_type=\"container\">\n\t\t\t\t<\/div>\n\t\t<div class=\"elementor-element elementor-element-292b8d5 e-con-full e-flex e-con e-child\" data-id=\"292b8d5\" data-element_type=\"container\">\n\t\t\t\t<\/div>\n\t\t<div class=\"elementor-element elementor-element-174854c e-con-full e-flex e-con e-child\" data-id=\"174854c\" data-element_type=\"container\">\n\t\t\t\t<\/div>\n\t\t<div class=\"elementor-element elementor-element-75c9409 e-con-full e-flex e-con e-child\" data-id=\"75c9409\" data-element_type=\"container\">\n\t\t\t\t<\/div>\n\t\t\t\t\t<\/div>\n\t\t\t\t<\/div>\n\t\t\t\t<\/div>\n\t\t","protected":false},"excerpt":{"rendered":"<p>VI Congreso Nacional de Ciencias Agrarias 18\/09\/2024 \u2013 20\/09\/2024 FACULTAD DE CIENCIAS AGRARIAS &#8211; San Lorenzo &#8211; Central &#8211; Paraguay La Facultad de Ciencias Agrarias de la Universidad Nacional de Asunci\u00f3n, cumpliendo su rol de impartir docencia, extensi\u00f3n e investigaci\u00f3n organiza peri\u00f3dicamente el Congreso Nacional de Ciencias Agrarias (CNCA). La primera edici\u00f3n del evento fue [&hellip;]<\/p>\n","protected":false},"author":1,"featured_media":0,"parent":0,"menu_order":0,"comment_status":"closed","ping_status":"closed","template":"","meta":{"_themeisle_gutenberg_block_has_review":false,"footnotes":""},"class_list":["post-2847","page","type-page","status-publish","hentry"],"_links":{"self":[{"href":"https:\/\/www.agr.una.py\/wp\/index.php?rest_route=\/wp\/v2\/pages\/2847","targetHints":{"allow":["GET"]}}],"collection":[{"href":"https:\/\/www.agr.una.py\/wp\/index.php?rest_route=\/wp\/v2\/pages"}],"about":[{"href":"https:\/\/www.agr.una.py\/wp\/index.php?rest_route=\/wp\/v2\/types\/page"}],"author":[{"embeddable":true,"href":"https:\/\/www.agr.una.py\/wp\/index.php?rest_route=\/wp\/v2\/users\/1"}],"replies":[{"embeddable":true,"href":"https:\/\/www.agr.una.py\/wp\/index.php?rest_route=%2Fwp%2Fv2%2Fcomments&post=2847"}],"version-history":[{"count":91,"href":"https:\/\/www.agr.una.py\/wp\/index.php?rest_route=\/wp\/v2\/pages\/2847\/revisions"}],"predecessor-version":[{"id":12800,"href":"https:\/\/www.agr.una.py\/wp\/index.php?rest_route=\/wp\/v2\/pages\/2847\/revisions\/12800"}],"wp:attachment":[{"href":"https:\/\/www.agr.una.py\/wp\/index.php?rest_route=%2Fwp%2Fv2%2Fmedia&parent=2847"}],"curies":[{"name":"wp","href":"https:\/\/api.w.org\/{rel}","templated":true}]}}