{"id":1319,"date":"2022-11-03T18:32:09","date_gmt":"2022-11-03T22:32:09","guid":{"rendered":"https:\/\/www.agr.una.py\/wp\/?page_id=1319"},"modified":"2023-10-06T11:30:09","modified_gmt":"2023-10-06T14:30:09","slug":"sobre-la-fca","status":"publish","type":"page","link":"https:\/\/www.agr.una.py\/wp\/?page_id=1319","title":{"rendered":"Sobre la FCA"},"content":{"rendered":"\t\t<div data-elementor-type=\"wp-page\" data-elementor-id=\"1319\" class=\"elementor elementor-1319\">\n\t\t\t\t\t\t<section class=\"elementor-section elementor-top-section elementor-element elementor-element-5735aa1 elementor-section-boxed elementor-section-height-default elementor-section-height-default\" data-id=\"5735aa1\" data-element_type=\"section\">\n\t\t\t\t\t\t<div class=\"elementor-container elementor-column-gap-default\">\n\t\t\t\t\t<div class=\"elementor-column elementor-col-100 elementor-top-column elementor-element elementor-element-08e5da7\" data-id=\"08e5da7\" data-element_type=\"column\">\n\t\t\t<div class=\"elementor-widget-wrap elementor-element-populated\">\n\t\t\t\t\t\t<div class=\"elementor-element elementor-element-a7ea2eb elementor-widget elementor-widget-image\" data-id=\"a7ea2eb\" data-element_type=\"widget\" data-widget_type=\"image.default\">\n\t\t\t\t<div class=\"elementor-widget-container\">\n\t\t\t<style>\/*! elementor - v3.23.0 - 05-08-2024 *\/\n.elementor-widget-image{text-align:center}.elementor-widget-image a{display:inline-block}.elementor-widget-image a img[src$=\".svg\"]{width:48px}.elementor-widget-image img{vertical-align:middle;display:inline-block}<\/style>\t\t\t\t\t\t\t\t\t\t<img fetchpriority=\"high\" decoding=\"async\" width=\"770\" height=\"83\" src=\"https:\/\/www.agr.una.py\/wp\/wp-content\/uploads\/2022\/11\/Foto-para-Sobre-la-FCAUNA2-1024x111.jpg\" class=\"attachment-large size-large wp-image-1321\" alt=\"\" srcset=\"https:\/\/www.agr.una.py\/wp\/wp-content\/uploads\/2022\/11\/Foto-para-Sobre-la-FCAUNA2-1024x111.jpg 1024w, https:\/\/www.agr.una.py\/wp\/wp-content\/uploads\/2022\/11\/Foto-para-Sobre-la-FCAUNA2-300x33.jpg 300w, https:\/\/www.agr.una.py\/wp\/wp-content\/uploads\/2022\/11\/Foto-para-Sobre-la-FCAUNA2-768x83.jpg 768w, https:\/\/www.agr.una.py\/wp\/wp-content\/uploads\/2022\/11\/Foto-para-Sobre-la-FCAUNA2-1536x167.jpg 1536w, https:\/\/www.agr.una.py\/wp\/wp-content\/uploads\/2022\/11\/Foto-para-Sobre-la-FCAUNA2-2048x222.jpg 2048w, https:\/\/www.agr.una.py\/wp\/wp-content\/uploads\/2022\/11\/Foto-para-Sobre-la-FCAUNA2-600x65.jpg 600w\" sizes=\"(max-width: 770px) 100vw, 770px\" \/>\t\t\t\t\t\t\t\t\t\t\t\t\t<\/div>\n\t\t\t\t<\/div>\n\t\t\t\t\t<\/div>\n\t\t<\/div>\n\t\t\t\t\t<\/div>\n\t\t<\/section>\n\t\t\t\t<section class=\"elementor-section elementor-top-section elementor-element elementor-element-4f48782 elementor-section-boxed elementor-section-height-default elementor-section-height-default\" data-id=\"4f48782\" data-element_type=\"section\">\n\t\t\t\t\t\t<div class=\"elementor-container elementor-column-gap-default\">\n\t\t\t\t\t<div class=\"elementor-column elementor-col-100 elementor-top-column elementor-element elementor-element-f6bd3f5\" data-id=\"f6bd3f5\" data-element_type=\"column\">\n\t\t\t<div class=\"elementor-widget-wrap elementor-element-populated\">\n\t\t\t\t\t\t<div class=\"elementor-element elementor-element-24d15de elementor-widget elementor-widget-text-editor\" data-id=\"24d15de\" data-element_type=\"widget\" data-widget_type=\"text-editor.default\">\n\t\t\t\t<div class=\"elementor-widget-container\">\n\t\t\t<style>\/*! elementor - v3.23.0 - 05-08-2024 *\/\n.elementor-widget-text-editor.elementor-drop-cap-view-stacked .elementor-drop-cap{background-color:#69727d;color:#fff}.elementor-widget-text-editor.elementor-drop-cap-view-framed .elementor-drop-cap{color:#69727d;border:3px solid;background-color:transparent}.elementor-widget-text-editor:not(.elementor-drop-cap-view-default) .elementor-drop-cap{margin-top:8px}.elementor-widget-text-editor:not(.elementor-drop-cap-view-default) .elementor-drop-cap-letter{width:1em;height:1em}.elementor-widget-text-editor .elementor-drop-cap{float:left;text-align:center;line-height:1;font-size:50px}.elementor-widget-text-editor .elementor-drop-cap-letter{display:inline-block}<\/style>\t\t\t\t<h4 dir=\"auto\" style=\"text-align: center;\">MISI\u00d3N<\/h4>\n<div dir=\"auto\">Impartir una s\u00f3lida formaci\u00f3n integral de profesionales competentes en las Ciencias Agrarias, respaldada en un equipo humano comprometido con la transparencia en la gesti\u00f3n, la mejora continua de la calidad, la innovaci\u00f3n, la cooperaci\u00f3n, la igualdad y el desarrollo sostenible.<\/div>\n<h4 dir=\"auto\" style=\"text-align: center;\">VISI\u00d3N<\/h4>\n<div dir=\"auto\">Consolidar el liderazgo y el reconocimiento a nivel nacional e internacional por la excelencia en la formaci\u00f3n de profesionales, producci\u00f3n cient\u00edfica y tecnol\u00f3gica, proyecci\u00f3n social y compromiso con el desarrollo sostenible.<\/div>\n<h4 dir=\"auto\" style=\"text-align: center;\">VALORES INSTITUCIONALES<\/h4>\n<div dir=\"auto\"><strong>EXCELENCIA<\/strong>: Nos comprometemos a una mejora continua con altos est\u00e1ndares de calidad, optimizando la gesti\u00f3n de los procesos institucionales.<\/div>\n<div dir=\"auto\">\u00a0<\/div>\n<div dir=\"auto\"><strong>LIDERAZGO<\/strong>: Propiciamos el trabajo en equipo y el alto desempe\u00f1o, promoviendo el logro, la satisfacci\u00f3n y la trascendencia en la consecuci\u00f3n de los objetivos institucionales y una conducci\u00f3n visionaria comprometida.<\/div>\n<div dir=\"auto\">\u00a0<\/div>\n<div dir=\"auto\"><strong>\u00c9TICA<\/strong>: Valoramos los preceptos morales y virtudes que gu\u00edan el comportamiento humano, con est\u00e1ndares sobre conductas aplicables al \u00e1mbito de gobierno, empresa y sociedad basados en valores que orientan las decisiones, elecciones y acciones.<\/div>\n<div dir=\"auto\">\u00a0<\/div>\n<div dir=\"auto\"><strong>RESPETO<\/strong>: Aceptamos la forma de ser como valor propio y de los derechos de los individuos y de la sociedad, siendo una cualidad sine qua non.<\/div>\n<div dir=\"auto\">\u00a0<\/div>\n<div dir=\"auto\"><strong>EQUIDAD<\/strong>: Tenemos la capacidad de ser justos partiendo del principio de igualdad, considerando las necesidades individuales y circunstanciales de cada persona.<\/div>\n<div dir=\"auto\">\u00a0<\/div>\n<div dir=\"auto\"><strong>TRANSPARENCIA<\/strong>: Asumimos nuestro rol manteniendo la racionalidad, la legalidad y la \u00e9tica, con claridad en las acciones y decisiones en la gesti\u00f3n institucional.<\/div>\n<div dir=\"auto\">\u00a0<\/div>\n<div dir=\"auto\"><strong>CULTURA DE AUTOCONTROL<\/strong>: Ponemos nuestras capacidades, independiente al nivel jer\u00e1rquico, para llevar adelante las funciones, de tal manera que la ejecuci\u00f3n de los procesos, actividades y tareas bajo nuestra responsabilidad garanticen un desempe\u00f1o coherente, pertinente y eficaz.<\/div>\n<div dir=\"auto\">\u00a0<\/div>\n<div dir=\"auto\"><strong>COMPROMISO<\/strong>: Actuamos con dedicaci\u00f3n, celo y sentido de pertenencia hacia la instituci\u00f3n para el logro de la misi\u00f3n institucional.<\/div>\n<div dir=\"auto\">\u00a0<\/div>\n<div dir=\"auto\"><strong>INCLUSI\u00d3N<\/strong>: Interactuamos con la sociedad sin importar condici\u00f3n f\u00edsica, cultural o social en igualdad de condiciones, garantizando los mismos derechos y oportunidades en la formaci\u00f3n y servicios ofrecidos por la instituci\u00f3n.<\/div>\n<div dir=\"auto\">\u00a0<\/div>\n<div dir=\"auto\">* <a href=\"https:\/\/www.agr.una.py\/wp\/wp-content\/uploads\/2023\/10\/994-00-2021-PlanEstrategico.pdf\">Aprobado por Resoluci\u00f3n N\u00b0 994-00-2021 de fecha 29\/11\/2021, Acta N\u00b0 29 del Consejo Directivo<\/a>.-<\/div>\t\t\t\t\t\t<\/div>\n\t\t\t\t<\/div>\n\t\t\t\t\t<\/div>\n\t\t<\/div>\n\t\t\t\t\t<\/div>\n\t\t<\/section>\n\t\t\t\t<\/div>\n\t\t","protected":false},"excerpt":{"rendered":"<p>MISI\u00d3N Impartir una s\u00f3lida formaci\u00f3n integral de profesionales competentes en las Ciencias Agrarias, respaldada en un equipo humano comprometido con la transparencia en la gesti\u00f3n, la mejora continua de la calidad, la innovaci\u00f3n, la cooperaci\u00f3n, la igualdad y el desarrollo sostenible. VISI\u00d3N Consolidar el liderazgo y el reconocimiento a nivel nacional e internacional por la [&hellip;]<\/p>\n","protected":false},"author":1,"featured_media":0,"parent":88,"menu_order":0,"comment_status":"closed","ping_status":"closed","template":"","meta":{"_themeisle_gutenberg_block_has_review":false,"footnotes":""},"class_list":["post-1319","page","type-page","status-publish","hentry"],"_links":{"self":[{"href":"https:\/\/www.agr.una.py\/wp\/index.php?rest_route=\/wp\/v2\/pages\/1319","targetHints":{"allow":["GET"]}}],"collection":[{"href":"https:\/\/www.agr.una.py\/wp\/index.php?rest_route=\/wp\/v2\/pages"}],"about":[{"href":"https:\/\/www.agr.una.py\/wp\/index.php?rest_route=\/wp\/v2\/types\/page"}],"author":[{"embeddable":true,"href":"https:\/\/www.agr.una.py\/wp\/index.php?rest_route=\/wp\/v2\/users\/1"}],"replies":[{"embeddable":true,"href":"https:\/\/www.agr.una.py\/wp\/index.php?rest_route=%2Fwp%2Fv2%2Fcomments&post=1319"}],"version-history":[{"count":13,"href":"https:\/\/www.agr.una.py\/wp\/index.php?rest_route=\/wp\/v2\/pages\/1319\/revisions"}],"predecessor-version":[{"id":3779,"href":"https:\/\/www.agr.una.py\/wp\/index.php?rest_route=\/wp\/v2\/pages\/1319\/revisions\/3779"}],"up":[{"embeddable":true,"href":"https:\/\/www.agr.una.py\/wp\/index.php?rest_route=\/wp\/v2\/pages\/88"}],"wp:attachment":[{"href":"https:\/\/www.agr.una.py\/wp\/index.php?rest_route=%2Fwp%2Fv2%2Fmedia&parent=1319"}],"curies":[{"name":"wp","href":"https:\/\/api.w.org\/{rel}","templated":true}]}}