{"id":1274,"date":"2022-11-03T18:03:23","date_gmt":"2022-11-03T22:03:23","guid":{"rendered":"https:\/\/www.agr.una.py\/wp\/?page_id=1274"},"modified":"2024-10-30T11:03:09","modified_gmt":"2024-10-30T14:03:09","slug":"tribunal-electoral-independiente-2","status":"publish","type":"page","link":"https:\/\/www.agr.una.py\/wp\/?page_id=1274","title":{"rendered":"Tribunal Electoral Independiente"},"content":{"rendered":"\t\t<div data-elementor-type=\"wp-page\" data-elementor-id=\"1274\" class=\"elementor elementor-1274\">\n\t\t\t\t\t\t<section class=\"elementor-section elementor-top-section elementor-element elementor-element-3f4a1a22 elementor-section-boxed elementor-section-height-default elementor-section-height-default\" data-id=\"3f4a1a22\" data-element_type=\"section\">\n\t\t\t\t\t\t<div class=\"elementor-container elementor-column-gap-default\">\n\t\t\t\t\t<div class=\"elementor-column elementor-col-100 elementor-top-column elementor-element elementor-element-7c4fd04b\" data-id=\"7c4fd04b\" data-element_type=\"column\">\n\t\t\t<div class=\"elementor-widget-wrap elementor-element-populated\">\n\t\t\t\t\t\t<div class=\"elementor-element elementor-element-575a4b42 elementor-widget elementor-widget-text-editor\" data-id=\"575a4b42\" data-element_type=\"widget\" data-widget_type=\"text-editor.default\">\n\t\t\t\t<div class=\"elementor-widget-container\">\n\t\t\t<style>\/*! elementor - v3.23.0 - 05-08-2024 *\/\n.elementor-widget-text-editor.elementor-drop-cap-view-stacked .elementor-drop-cap{background-color:#69727d;color:#fff}.elementor-widget-text-editor.elementor-drop-cap-view-framed .elementor-drop-cap{color:#69727d;border:3px solid;background-color:transparent}.elementor-widget-text-editor:not(.elementor-drop-cap-view-default) .elementor-drop-cap{margin-top:8px}.elementor-widget-text-editor:not(.elementor-drop-cap-view-default) .elementor-drop-cap-letter{width:1em;height:1em}.elementor-widget-text-editor .elementor-drop-cap{float:left;text-align:center;line-height:1;font-size:50px}.elementor-widget-text-editor .elementor-drop-cap-letter{display:inline-block}<\/style>\t\t\t\t<!-- wp:themeisle-blocks\/advanced-columns {\"id\":\"wp-block-themeisle-blocks-advanced-columns-ffc50711\",\"columns\":1,\"layout\":\"equal\"} -->\n<div id=\"wp-block-themeisle-blocks-advanced-columns-ffc50711\" class=\"wp-block-themeisle-blocks-advanced-columns has-1-columns has-desktop-equal-layout has-tablet-equal-layout has-mobile-equal-layout has-vertical-unset\"><div class=\"wp-block-themeisle-blocks-advanced-columns-overlay\"><\/div><div class=\"innerblocks-wrap\"><!-- wp:themeisle-blocks\/advanced-column {\"id\":\"wp-block-themeisle-blocks-advanced-column-df3116fa\",\"columnWidth\":\"100\"} -->\n<div id=\"wp-block-themeisle-blocks-advanced-column-df3116fa\" class=\"wp-block-themeisle-blocks-advanced-column\"><\/div>\n<!-- \/wp:themeisle-blocks\/advanced-column --><\/div><\/div>\n<!-- \/wp:themeisle-blocks\/advanced-columns -->\t\t\t\t\t\t<\/div>\n\t\t\t\t<\/div>\n\t\t\t\t\t<\/div>\n\t\t<\/div>\n\t\t\t\t\t<\/div>\n\t\t<\/section>\n\t\t\t\t<section class=\"elementor-section elementor-top-section elementor-element elementor-element-b9a3763 elementor-section-boxed elementor-section-height-default elementor-section-height-default\" data-id=\"b9a3763\" data-element_type=\"section\">\n\t\t\t\t\t\t<div class=\"elementor-container elementor-column-gap-default\">\n\t\t\t\t\t<div class=\"elementor-column elementor-col-100 elementor-top-column elementor-element elementor-element-9109c22\" data-id=\"9109c22\" data-element_type=\"column\">\n\t\t\t<div class=\"elementor-widget-wrap elementor-element-populated\">\n\t\t\t\t\t\t<div class=\"elementor-element elementor-element-5a56c0b elementor-widget elementor-widget-text-editor\" data-id=\"5a56c0b\" data-element_type=\"widget\" data-widget_type=\"text-editor.default\">\n\t\t\t\t<div class=\"elementor-widget-container\">\n\t\t\t\t\t\t\t<p style=\"text-align: center;\"><strong><span style=\"color: #000000;\">Tribunal Electoral Independiente<\/span><\/strong><br \/><strong><span style=\"color: #000000;\">Miembros Titulares<\/span><\/strong><br \/><strong><span style=\"color: #000000;\">Docentes<\/span><\/strong><br \/><span style=\"color: #000000;\">Prof. Ing. Agr. Julio Ram\u00f3n Salas Mayeregger<\/span><br \/><span style=\"color: #000000;\">Prof. Ing. For. Maria Laura Quevedo Fern\u00e1ndez<\/span><br \/><strong><span style=\"color: #000000;\">Graduado<\/span><\/strong><br \/><span style=\"color: #000000;\">Ing. Agr. Gerardo Rojas Almada<\/span><br \/><strong><span style=\"color: #000000;\">Estudiante<\/span><\/strong><br \/><span style=\"color: #000000;\">Univ. Micaela Aramiz Arzamendia Caballero<\/span><br \/><strong><span style=\"color: #000000;\">Miembros Suplentes<\/span><\/strong><br \/><strong><span style=\"color: #000000;\">Docentes<\/span><\/strong><br \/><span style=\"color: #000000;\">Prof. Ing. Agr. Osmar Rene Arias Ruiz D\u00edaz<\/span><br \/><span style=\"color: #000000;\">Prof. Ing. Agr. Waldir Vera Villalba<\/span><br \/><strong><span style=\"color: #000000;\">Graduado<\/span><\/strong><br \/><span style=\"color: #000000;\">Ing. Amb. Carlos Ra\u00fal Cattaneo Alvarez<\/span><br \/><strong><span style=\"color: #000000;\">Estudiante<\/span><\/strong><br \/><span style=\"color: #000000;\">Univ. Domingo Iv\u00e1n Gavil\u00e1n Gonz\u00e1lez<\/span><\/p>\t\t\t\t\t\t<\/div>\n\t\t\t\t<\/div>\n\t\t\t\t\t<\/div>\n\t\t<\/div>\n\t\t\t\t\t<\/div>\n\t\t<\/section>\n\t\t\t\t<\/div>\n\t\t","protected":false},"excerpt":{"rendered":"<p>Tribunal Electoral IndependienteMiembros TitularesDocentesProf. Ing. Agr. Julio Ram\u00f3n Salas MayereggerProf. Ing. For. Maria Laura Quevedo Fern\u00e1ndezGraduadoIng. Agr. Gerardo Rojas AlmadaEstudianteUniv. Micaela Aramiz Arzamendia CaballeroMiembros SuplentesDocentesProf. Ing. Agr. Osmar Rene Arias Ruiz D\u00edazProf. Ing. Agr. Waldir Vera VillalbaGraduadoIng. Amb. Carlos Ra\u00fal Cattaneo AlvarezEstudianteUniv. Domingo Iv\u00e1n Gavil\u00e1n Gonz\u00e1lez<\/p>\n","protected":false},"author":1,"featured_media":0,"parent":88,"menu_order":0,"comment_status":"closed","ping_status":"closed","template":"","meta":{"_themeisle_gutenberg_block_has_review":false,"footnotes":""},"class_list":["post-1274","page","type-page","status-publish","hentry"],"_links":{"self":[{"href":"https:\/\/www.agr.una.py\/wp\/index.php?rest_route=\/wp\/v2\/pages\/1274","targetHints":{"allow":["GET"]}}],"collection":[{"href":"https:\/\/www.agr.una.py\/wp\/index.php?rest_route=\/wp\/v2\/pages"}],"about":[{"href":"https:\/\/www.agr.una.py\/wp\/index.php?rest_route=\/wp\/v2\/types\/page"}],"author":[{"embeddable":true,"href":"https:\/\/www.agr.una.py\/wp\/index.php?rest_route=\/wp\/v2\/users\/1"}],"replies":[{"embeddable":true,"href":"https:\/\/www.agr.una.py\/wp\/index.php?rest_route=%2Fwp%2Fv2%2Fcomments&post=1274"}],"version-history":[{"count":7,"href":"https:\/\/www.agr.una.py\/wp\/index.php?rest_route=\/wp\/v2\/pages\/1274\/revisions"}],"predecessor-version":[{"id":9086,"href":"https:\/\/www.agr.una.py\/wp\/index.php?rest_route=\/wp\/v2\/pages\/1274\/revisions\/9086"}],"up":[{"embeddable":true,"href":"https:\/\/www.agr.una.py\/wp\/index.php?rest_route=\/wp\/v2\/pages\/88"}],"wp:attachment":[{"href":"https:\/\/www.agr.una.py\/wp\/index.php?rest_route=%2Fwp%2Fv2%2Fmedia&parent=1274"}],"curies":[{"name":"wp","href":"https:\/\/api.w.org\/{rel}","templated":true}]}}