{"id":1272,"date":"2022-11-03T18:02:52","date_gmt":"2022-11-03T22:02:52","guid":{"rendered":"https:\/\/www.agr.una.py\/wp\/?page_id=1272"},"modified":"2024-10-30T10:58:22","modified_gmt":"2024-10-30T13:58:22","slug":"asamblea-universitaria","status":"publish","type":"page","link":"https:\/\/www.agr.una.py\/wp\/?page_id=1272","title":{"rendered":"Asamblea Universitaria"},"content":{"rendered":"\t\t<div data-elementor-type=\"wp-page\" data-elementor-id=\"1272\" class=\"elementor elementor-1272\">\n\t\t\t\t\t\t<section class=\"elementor-section elementor-top-section elementor-element elementor-element-48540aa6 elementor-section-boxed elementor-section-height-default elementor-section-height-default\" data-id=\"48540aa6\" data-element_type=\"section\">\n\t\t\t\t\t\t<div class=\"elementor-container elementor-column-gap-default\">\n\t\t\t\t\t<div class=\"elementor-column elementor-col-100 elementor-top-column elementor-element elementor-element-51b92448\" data-id=\"51b92448\" data-element_type=\"column\">\n\t\t\t<div class=\"elementor-widget-wrap elementor-element-populated\">\n\t\t\t\t\t\t<div class=\"elementor-element elementor-element-5e4fc814 elementor-widget elementor-widget-text-editor\" data-id=\"5e4fc814\" data-element_type=\"widget\" data-widget_type=\"text-editor.default\">\n\t\t\t\t<div class=\"elementor-widget-container\">\n\t\t\t<style>\/*! elementor - v3.23.0 - 05-08-2024 *\/\n.elementor-widget-text-editor.elementor-drop-cap-view-stacked .elementor-drop-cap{background-color:#69727d;color:#fff}.elementor-widget-text-editor.elementor-drop-cap-view-framed .elementor-drop-cap{color:#69727d;border:3px solid;background-color:transparent}.elementor-widget-text-editor:not(.elementor-drop-cap-view-default) .elementor-drop-cap{margin-top:8px}.elementor-widget-text-editor:not(.elementor-drop-cap-view-default) .elementor-drop-cap-letter{width:1em;height:1em}.elementor-widget-text-editor .elementor-drop-cap{float:left;text-align:center;line-height:1;font-size:50px}.elementor-widget-text-editor .elementor-drop-cap-letter{display:inline-block}<\/style>\t\t\t\t<!-- wp:themeisle-blocks\/advanced-columns {\"id\":\"wp-block-themeisle-blocks-advanced-columns-3eff9ff1\",\"columns\":1,\"layout\":\"equal\"} -->\n<div id=\"wp-block-themeisle-blocks-advanced-columns-3eff9ff1\" class=\"wp-block-themeisle-blocks-advanced-columns has-1-columns has-desktop-equal-layout has-tablet-equal-layout has-mobile-equal-layout has-vertical-unset\"><div class=\"wp-block-themeisle-blocks-advanced-columns-overlay\"><\/div><div class=\"innerblocks-wrap\"><!-- wp:themeisle-blocks\/advanced-column {\"id\":\"wp-block-themeisle-blocks-advanced-column-94b51945\",\"columnWidth\":\"100\"} -->\n<div id=\"wp-block-themeisle-blocks-advanced-column-94b51945\" class=\"wp-block-themeisle-blocks-advanced-column\"><\/div>\n<!-- \/wp:themeisle-blocks\/advanced-column --><\/div><\/div>\n<!-- \/wp:themeisle-blocks\/advanced-columns -->\t\t\t\t\t\t<\/div>\n\t\t\t\t<\/div>\n\t\t\t\t\t<\/div>\n\t\t<\/div>\n\t\t\t\t\t<\/div>\n\t\t<\/section>\n\t\t\t\t<section class=\"elementor-section elementor-top-section elementor-element elementor-element-3219fb3 elementor-section-boxed elementor-section-height-default elementor-section-height-default\" data-id=\"3219fb3\" data-element_type=\"section\">\n\t\t\t\t\t\t<div class=\"elementor-container elementor-column-gap-default\">\n\t\t\t\t\t<div class=\"elementor-column elementor-col-100 elementor-top-column elementor-element elementor-element-30c3a73\" data-id=\"30c3a73\" data-element_type=\"column\">\n\t\t\t<div class=\"elementor-widget-wrap elementor-element-populated\">\n\t\t\t\t\t\t<div class=\"elementor-element elementor-element-73316e0 elementor-widget elementor-widget-text-editor\" data-id=\"73316e0\" data-element_type=\"widget\" data-widget_type=\"text-editor.default\">\n\t\t\t\t<div class=\"elementor-widget-container\">\n\t\t\t\t\t\t\t<p style=\"text-align: center;\"><strong><span style=\"color: #000000;\">Miembros de la Asamblea Universitaria<\/span><\/strong><br \/><strong><span style=\"color: #000000;\">Miembros Titulares<\/span><\/strong><br \/><strong><span style=\"color: #000000;\">Docente<\/span><\/strong><br \/><span style=\"color: #000000;\">Prof.Ing.Agr. Jorge Daniel Gonz\u00e1lez Villalba<\/span><br \/><span style=\"color: #000000;\">Prof. Ing. For. Lourdes Maria Gonz\u00e1lez Soria<\/span><br \/><strong><span style=\"color: #000000;\">Graduado<\/span><\/strong><br \/><span style=\"color: #000000;\">Ing. Agr. Victor De Los Santos Acosta Bogarin <\/span><br \/><strong><span style=\"color: #000000;\">Estudiante<\/span><\/strong><br \/><span style=\"color: #000000;\">Univ. Ver\u00f3nica Mar\u00eda Coronel Ayala<\/span><br \/><strong><span style=\"color: #000000;\">Miembros Suplentes<\/span><\/strong><br \/><strong><span style=\"color: #000000;\">Docente<\/span><\/strong><br \/><span style=\"color: #000000;\">Prof. Lic. Fanni Petrona Ruiz Samudio<\/span><br \/><strong><span style=\"color: #000000;\">Graduado<\/span><\/strong><br \/><span style=\"color: #000000;\">Lic. Felipe Manuel Torales Sosa<\/span><br \/><strong><span style=\"color: #000000;\">Estudiante<\/span><\/strong><br \/><span style=\"color: #000000;\">Univ. Milena Roc\u00edo Romero S\u00e1nchez<\/span><\/p>\t\t\t\t\t\t<\/div>\n\t\t\t\t<\/div>\n\t\t\t\t\t<\/div>\n\t\t<\/div>\n\t\t\t\t\t<\/div>\n\t\t<\/section>\n\t\t\t\t<\/div>\n\t\t","protected":false},"excerpt":{"rendered":"<p>Miembros de la Asamblea UniversitariaMiembros TitularesDocenteProf.Ing.Agr. Jorge Daniel Gonz\u00e1lez VillalbaProf. Ing. For. Lourdes Maria Gonz\u00e1lez SoriaGraduadoIng. Agr. Victor De Los Santos Acosta Bogarin EstudianteUniv. Ver\u00f3nica Mar\u00eda Coronel AyalaMiembros SuplentesDocenteProf. Lic. Fanni Petrona Ruiz SamudioGraduadoLic. Felipe Manuel Torales SosaEstudianteUniv. Milena Roc\u00edo Romero S\u00e1nchez<\/p>\n","protected":false},"author":1,"featured_media":0,"parent":88,"menu_order":0,"comment_status":"closed","ping_status":"closed","template":"","meta":{"_themeisle_gutenberg_block_has_review":false,"footnotes":""},"class_list":["post-1272","page","type-page","status-publish","hentry"],"_links":{"self":[{"href":"https:\/\/www.agr.una.py\/wp\/index.php?rest_route=\/wp\/v2\/pages\/1272","targetHints":{"allow":["GET"]}}],"collection":[{"href":"https:\/\/www.agr.una.py\/wp\/index.php?rest_route=\/wp\/v2\/pages"}],"about":[{"href":"https:\/\/www.agr.una.py\/wp\/index.php?rest_route=\/wp\/v2\/types\/page"}],"author":[{"embeddable":true,"href":"https:\/\/www.agr.una.py\/wp\/index.php?rest_route=\/wp\/v2\/users\/1"}],"replies":[{"embeddable":true,"href":"https:\/\/www.agr.una.py\/wp\/index.php?rest_route=%2Fwp%2Fv2%2Fcomments&post=1272"}],"version-history":[{"count":16,"href":"https:\/\/www.agr.una.py\/wp\/index.php?rest_route=\/wp\/v2\/pages\/1272\/revisions"}],"predecessor-version":[{"id":9077,"href":"https:\/\/www.agr.una.py\/wp\/index.php?rest_route=\/wp\/v2\/pages\/1272\/revisions\/9077"}],"up":[{"embeddable":true,"href":"https:\/\/www.agr.una.py\/wp\/index.php?rest_route=\/wp\/v2\/pages\/88"}],"wp:attachment":[{"href":"https:\/\/www.agr.una.py\/wp\/index.php?rest_route=%2Fwp%2Fv2%2Fmedia&parent=1272"}],"curies":[{"name":"wp","href":"https:\/\/api.w.org\/{rel}","templated":true}]}}