{"id":1270,"date":"2022-11-03T18:02:19","date_gmt":"2022-11-03T22:02:19","guid":{"rendered":"https:\/\/www.agr.una.py\/wp\/?page_id=1270"},"modified":"2024-10-30T10:56:53","modified_gmt":"2024-10-30T13:56:53","slug":"consejo-superior-universitario","status":"publish","type":"page","link":"https:\/\/www.agr.una.py\/wp\/?page_id=1270","title":{"rendered":"Consejo Superior Universitario"},"content":{"rendered":"\t\t<div data-elementor-type=\"wp-page\" data-elementor-id=\"1270\" class=\"elementor elementor-1270\">\n\t\t\t\t\t\t<section class=\"elementor-section elementor-top-section elementor-element elementor-element-6bad6152 elementor-section-boxed elementor-section-height-default elementor-section-height-default\" data-id=\"6bad6152\" data-element_type=\"section\">\n\t\t\t\t\t\t<div class=\"elementor-container elementor-column-gap-default\">\n\t\t\t\t\t<div class=\"elementor-column elementor-col-100 elementor-top-column elementor-element elementor-element-26567c4b\" data-id=\"26567c4b\" data-element_type=\"column\">\n\t\t\t<div class=\"elementor-widget-wrap elementor-element-populated\">\n\t\t\t\t\t\t<div class=\"elementor-element elementor-element-7c7bd3a0 elementor-widget elementor-widget-text-editor\" data-id=\"7c7bd3a0\" data-element_type=\"widget\" data-widget_type=\"text-editor.default\">\n\t\t\t\t<div class=\"elementor-widget-container\">\n\t\t\t<style>\/*! elementor - v3.23.0 - 05-08-2024 *\/\n.elementor-widget-text-editor.elementor-drop-cap-view-stacked .elementor-drop-cap{background-color:#69727d;color:#fff}.elementor-widget-text-editor.elementor-drop-cap-view-framed .elementor-drop-cap{color:#69727d;border:3px solid;background-color:transparent}.elementor-widget-text-editor:not(.elementor-drop-cap-view-default) .elementor-drop-cap{margin-top:8px}.elementor-widget-text-editor:not(.elementor-drop-cap-view-default) .elementor-drop-cap-letter{width:1em;height:1em}.elementor-widget-text-editor .elementor-drop-cap{float:left;text-align:center;line-height:1;font-size:50px}.elementor-widget-text-editor .elementor-drop-cap-letter{display:inline-block}<\/style>\t\t\t\t<!-- wp:themeisle-blocks\/advanced-columns {\"id\":\"wp-block-themeisle-blocks-advanced-columns-31ded0b4\",\"columns\":1,\"layout\":\"equal\"} -->\n<div id=\"wp-block-themeisle-blocks-advanced-columns-31ded0b4\" class=\"wp-block-themeisle-blocks-advanced-columns has-1-columns has-desktop-equal-layout has-tablet-equal-layout has-mobile-equal-layout has-vertical-unset\"><div class=\"wp-block-themeisle-blocks-advanced-columns-overlay\"><\/div><div class=\"innerblocks-wrap\"><!-- wp:themeisle-blocks\/advanced-column {\"id\":\"wp-block-themeisle-blocks-advanced-column-94c11332\",\"columnWidth\":\"100\"} -->\n<div id=\"wp-block-themeisle-blocks-advanced-column-94c11332\" class=\"wp-block-themeisle-blocks-advanced-column\"><\/div>\n<!-- \/wp:themeisle-blocks\/advanced-column --><\/div><\/div>\n<!-- \/wp:themeisle-blocks\/advanced-columns -->\t\t\t\t\t\t<\/div>\n\t\t\t\t<\/div>\n\t\t\t\t\t<\/div>\n\t\t<\/div>\n\t\t\t\t\t<\/div>\n\t\t<\/section>\n\t\t\t\t<section class=\"elementor-section elementor-top-section elementor-element elementor-element-b9b60ce elementor-section-boxed elementor-section-height-default elementor-section-height-default\" data-id=\"b9b60ce\" data-element_type=\"section\">\n\t\t\t\t\t\t<div class=\"elementor-container elementor-column-gap-default\">\n\t\t\t\t\t<div class=\"elementor-column elementor-col-100 elementor-top-column elementor-element elementor-element-cdcc675\" data-id=\"cdcc675\" data-element_type=\"column\">\n\t\t\t<div class=\"elementor-widget-wrap elementor-element-populated\">\n\t\t\t\t\t\t<div class=\"elementor-element elementor-element-7a2b86c elementor-widget elementor-widget-text-editor\" data-id=\"7a2b86c\" data-element_type=\"widget\" data-widget_type=\"text-editor.default\">\n\t\t\t\t<div class=\"elementor-widget-container\">\n\t\t\t\t\t\t\t<p style=\"text-align: center;\"><strong><span style=\"color: #000000;\">Representantes Ante El Consejo Superior Universitario<\/span><\/strong><br \/><strong><span style=\"color: #000000;\">Miembros Titulares<\/span><\/strong><br \/><strong><span style=\"color: #000000;\">Docente<\/span><\/strong><br \/><span style=\"color: #000000;\">Prof. Ing. Agr. Pedro An\u00edbal Vera Ojeda<\/span><br \/><strong><span style=\"color: #000000;\">Graduado<\/span><\/strong><br \/><span style=\"color: #000000;\">Ing. E.H. Carlos Miguel Rojas Chaparro<\/span><br \/><strong><span style=\"color: #000000;\">Estudiante<\/span><\/strong><br \/><span style=\"color: #000000;\">Univ. Mar\u00eda Fernanda Ibarra Delvalle<\/span><br \/><strong><span style=\"color: #000000;\">Miembros Suplentes<\/span><\/strong><br \/><strong><span style=\"color: #000000;\">Docente<\/span><\/strong><br \/><span style=\"color: #000000;\">Prof. Ing. For. Stella Mary Amarilla Rodr\u00edguez<\/span><br \/><strong><span style=\"color: #000000;\">Graduado<\/span><\/strong><br \/><span style=\"color: #000000;\">Ing. Agr. Sally Soledad Sol\u00eds S\u00e1nchez<\/span><br \/><strong><span style=\"color: #000000;\">Estudiante<\/span><\/strong><br \/><span style=\"color: #000000;\">Univ. Ricardo Mart\u00edn Gaona Colm\u00e1n<\/span><\/p>\t\t\t\t\t\t<\/div>\n\t\t\t\t<\/div>\n\t\t\t\t\t<\/div>\n\t\t<\/div>\n\t\t\t\t\t<\/div>\n\t\t<\/section>\n\t\t\t\t<\/div>\n\t\t","protected":false},"excerpt":{"rendered":"<p>Representantes Ante El Consejo Superior UniversitarioMiembros TitularesDocenteProf. Ing. Agr. Pedro An\u00edbal Vera OjedaGraduadoIng. E.H. Carlos Miguel Rojas ChaparroEstudianteUniv. Mar\u00eda Fernanda Ibarra DelvalleMiembros SuplentesDocenteProf. Ing. For. Stella Mary Amarilla Rodr\u00edguezGraduadoIng. Agr. Sally Soledad Sol\u00eds S\u00e1nchezEstudianteUniv. Ricardo Mart\u00edn Gaona Colm\u00e1n<\/p>\n","protected":false},"author":1,"featured_media":0,"parent":88,"menu_order":0,"comment_status":"closed","ping_status":"closed","template":"","meta":{"_themeisle_gutenberg_block_has_review":false,"footnotes":""},"class_list":["post-1270","page","type-page","status-publish","hentry"],"_links":{"self":[{"href":"https:\/\/www.agr.una.py\/wp\/index.php?rest_route=\/wp\/v2\/pages\/1270","targetHints":{"allow":["GET"]}}],"collection":[{"href":"https:\/\/www.agr.una.py\/wp\/index.php?rest_route=\/wp\/v2\/pages"}],"about":[{"href":"https:\/\/www.agr.una.py\/wp\/index.php?rest_route=\/wp\/v2\/types\/page"}],"author":[{"embeddable":true,"href":"https:\/\/www.agr.una.py\/wp\/index.php?rest_route=\/wp\/v2\/users\/1"}],"replies":[{"embeddable":true,"href":"https:\/\/www.agr.una.py\/wp\/index.php?rest_route=%2Fwp%2Fv2%2Fcomments&post=1270"}],"version-history":[{"count":13,"href":"https:\/\/www.agr.una.py\/wp\/index.php?rest_route=\/wp\/v2\/pages\/1270\/revisions"}],"predecessor-version":[{"id":9074,"href":"https:\/\/www.agr.una.py\/wp\/index.php?rest_route=\/wp\/v2\/pages\/1270\/revisions\/9074"}],"up":[{"embeddable":true,"href":"https:\/\/www.agr.una.py\/wp\/index.php?rest_route=\/wp\/v2\/pages\/88"}],"wp:attachment":[{"href":"https:\/\/www.agr.una.py\/wp\/index.php?rest_route=%2Fwp%2Fv2%2Fmedia&parent=1270"}],"curies":[{"name":"wp","href":"https:\/\/api.w.org\/{rel}","templated":true}]}}