{"id":1268,"date":"2022-11-03T18:01:28","date_gmt":"2022-11-03T22:01:28","guid":{"rendered":"https:\/\/www.agr.una.py\/wp\/?page_id=1268"},"modified":"2025-09-23T08:30:39","modified_gmt":"2025-09-23T11:30:39","slug":"consejo-directivo","status":"publish","type":"page","link":"https:\/\/www.agr.una.py\/wp\/?page_id=1268","title":{"rendered":"Consejo Directivo"},"content":{"rendered":"\t\t<div data-elementor-type=\"wp-page\" data-elementor-id=\"1268\" class=\"elementor elementor-1268\">\n\t\t\t\t\t\t<section class=\"elementor-section elementor-top-section elementor-element elementor-element-4b036b9 elementor-section-boxed elementor-section-height-default elementor-section-height-default\" data-id=\"4b036b9\" data-element_type=\"section\">\n\t\t\t\t\t\t<div class=\"elementor-container elementor-column-gap-default\">\n\t\t\t\t\t<div class=\"elementor-column elementor-col-100 elementor-top-column elementor-element elementor-element-cdddf5f\" data-id=\"cdddf5f\" data-element_type=\"column\">\n\t\t\t<div class=\"elementor-widget-wrap elementor-element-populated\">\n\t\t\t\t\t\t<div class=\"elementor-element elementor-element-e64c2c1 elementor-widget elementor-widget-text-editor\" data-id=\"e64c2c1\" data-element_type=\"widget\" data-widget_type=\"text-editor.default\">\n\t\t\t\t<div class=\"elementor-widget-container\">\n\t\t\t<style>\/*! elementor - v3.23.0 - 05-08-2024 *\/\n.elementor-widget-text-editor.elementor-drop-cap-view-stacked .elementor-drop-cap{background-color:#69727d;color:#fff}.elementor-widget-text-editor.elementor-drop-cap-view-framed .elementor-drop-cap{color:#69727d;border:3px solid;background-color:transparent}.elementor-widget-text-editor:not(.elementor-drop-cap-view-default) .elementor-drop-cap{margin-top:8px}.elementor-widget-text-editor:not(.elementor-drop-cap-view-default) .elementor-drop-cap-letter{width:1em;height:1em}.elementor-widget-text-editor .elementor-drop-cap{float:left;text-align:center;line-height:1;font-size:50px}.elementor-widget-text-editor .elementor-drop-cap-letter{display:inline-block}<\/style>\t\t\t\t<!-- wp:themeisle-blocks\/advanced-columns {\"id\":\"wp-block-themeisle-blocks-advanced-columns-02d56420\",\"columns\":1,\"layout\":\"equal\"} -->\n<div id=\"wp-block-themeisle-blocks-advanced-columns-02d56420\" class=\"wp-block-themeisle-blocks-advanced-columns has-1-columns has-desktop-equal-layout has-tablet-equal-layout has-mobile-equal-layout has-vertical-unset\"><div class=\"wp-block-themeisle-blocks-advanced-columns-overlay\"><\/div><div class=\"innerblocks-wrap\"><!-- wp:themeisle-blocks\/advanced-column {\"id\":\"wp-block-themeisle-blocks-advanced-column-f810070e\",\"columnWidth\":\"100\"} -->\n<div id=\"wp-block-themeisle-blocks-advanced-column-f810070e\" class=\"wp-block-themeisle-blocks-advanced-column\"><\/div>\n<!-- \/wp:themeisle-blocks\/advanced-column --><\/div><\/div>\n<!-- \/wp:themeisle-blocks\/advanced-columns -->\t\t\t\t\t\t<\/div>\n\t\t\t\t<\/div>\n\t\t\t\t\t<\/div>\n\t\t<\/div>\n\t\t\t\t\t<\/div>\n\t\t<\/section>\n\t\t\t\t<section class=\"elementor-section elementor-top-section elementor-element elementor-element-36baa28 elementor-section-boxed elementor-section-height-default elementor-section-height-default\" data-id=\"36baa28\" data-element_type=\"section\">\n\t\t\t\t\t\t<div class=\"elementor-container elementor-column-gap-default\">\n\t\t\t\t\t<div class=\"elementor-column elementor-col-100 elementor-top-column elementor-element elementor-element-5a8c741\" data-id=\"5a8c741\" data-element_type=\"column\">\n\t\t\t<div class=\"elementor-widget-wrap elementor-element-populated\">\n\t\t\t\t\t\t<div class=\"elementor-element elementor-element-7b2172c elementor-widget elementor-widget-image\" data-id=\"7b2172c\" data-element_type=\"widget\" data-widget_type=\"image.default\">\n\t\t\t\t<div class=\"elementor-widget-container\">\n\t\t\t<style>\/*! elementor - v3.23.0 - 05-08-2024 *\/\n.elementor-widget-image{text-align:center}.elementor-widget-image a{display:inline-block}.elementor-widget-image a img[src$=\".svg\"]{width:48px}.elementor-widget-image img{vertical-align:middle;display:inline-block}<\/style>\t\t\t\t\t\t\t\t\t\t<img fetchpriority=\"high\" decoding=\"async\" width=\"770\" height=\"259\" src=\"https:\/\/www.agr.una.py\/wp\/wp-content\/uploads\/2025\/02\/Consejo-Directivo2-1024x345.jpg\" class=\"attachment-large size-large wp-image-10185\" alt=\"\" srcset=\"https:\/\/www.agr.una.py\/wp\/wp-content\/uploads\/2025\/02\/Consejo-Directivo2-1024x345.jpg 1024w, https:\/\/www.agr.una.py\/wp\/wp-content\/uploads\/2025\/02\/Consejo-Directivo2-300x101.jpg 300w, https:\/\/www.agr.una.py\/wp\/wp-content\/uploads\/2025\/02\/Consejo-Directivo2-768x259.jpg 768w, https:\/\/www.agr.una.py\/wp\/wp-content\/uploads\/2025\/02\/Consejo-Directivo2-1536x517.jpg 1536w, https:\/\/www.agr.una.py\/wp\/wp-content\/uploads\/2025\/02\/Consejo-Directivo2-2048x689.jpg 2048w, https:\/\/www.agr.una.py\/wp\/wp-content\/uploads\/2025\/02\/Consejo-Directivo2-600x202.jpg 600w\" sizes=\"(max-width: 770px) 100vw, 770px\" \/>\t\t\t\t\t\t\t\t\t\t\t\t\t<\/div>\n\t\t\t\t<\/div>\n\t\t\t\t\t<\/div>\n\t\t<\/div>\n\t\t\t\t\t<\/div>\n\t\t<\/section>\n\t\t\t\t<section class=\"elementor-section elementor-top-section elementor-element elementor-element-555f750 elementor-section-boxed elementor-section-height-default elementor-section-height-default\" data-id=\"555f750\" data-element_type=\"section\">\n\t\t\t\t\t\t<div class=\"elementor-container elementor-column-gap-default\">\n\t\t\t\t\t<div class=\"elementor-column elementor-col-100 elementor-top-column elementor-element elementor-element-84fab72\" data-id=\"84fab72\" data-element_type=\"column\">\n\t\t\t<div class=\"elementor-widget-wrap elementor-element-populated\">\n\t\t\t\t\t\t<div class=\"elementor-element elementor-element-cb6ee60 elementor-widget elementor-widget-text-editor\" data-id=\"cb6ee60\" data-element_type=\"widget\" data-widget_type=\"text-editor.default\">\n\t\t\t\t<div class=\"elementor-widget-container\">\n\t\t\t\t\t\t\t<p style=\"text-align: center;\"><strong><span style=\"color: #000000;\">Consejo Directivo<\/span><\/strong><br \/><strong><span style=\"color: #000000;\">Decano y Presidente<\/span><\/strong><br \/><span style=\"color: #000000;\">Prof. Ing. Agr. Jorge Daniel Gonz\u00e1lez Villalba<\/span><br \/><strong><span style=\"color: #000000;\">Vicedecano<\/span><\/strong><br \/><span style=\"color: #000000;\">Prof. Ing. Agr. Juan Jos\u00e9 Bonn\u00edn Acosta<\/span><br \/><strong><span style=\"color: #000000;\">Secretaria De La Facultad<\/span><\/strong><br \/><span style=\"color: #000000;\">Prof.Abg. Patricia Bord\u00f3n Salinas<\/span><br \/><strong><span style=\"color: #000000;\">Miembros Titulares<\/span><\/strong><br \/><strong><span style=\"color: #000000;\">Docentes<\/span><\/strong><br \/><span style=\"color: #000000;\">Prof. Ing. Agr. Cristhian Javier Grabowski Ocampos<\/span><br \/><span style=\"color: #000000;\">Prof. Ing. Agr. Jorge Daniel Caballero Mascheroni<\/span><br \/><span style=\"color: #000000;\">Prof. Ing. For. Oscar Manuel De Jes\u00fas Vera Cabral<\/span><br \/><span style=\"color: #000000;\">Prof. Ing. Agr. Cipriano Ram\u00f3n Enciso Garay<\/span><br \/><span style=\"color: #000000;\">Prof. Ing. Agr. Mar\u00eda Cristina Acosta Aguilera <\/span><br \/><span style=\"color: #000000;\">Prof. Ing. Agr. Estela Mari Cabello Cardozo<\/span><br \/><strong><span style=\"color: #000000;\">Graduados<\/span><\/strong><br \/><span style=\"color: #000000;\">Ing. Agr. Wilma Elizabeth Benitez Moran<\/span><br \/><span style=\"color: #000000;\">Ing. Agr. Coral Noemi Boschert Arce<\/span><br \/><span style=\"color: #000000;\">Ing. Agr. Bettyna Elianne Levy Basualdo<\/span><br \/><strong><span style=\"color: #000000;\">Estudiantes<\/span><\/strong><br \/><span style=\"color: #000000;\">Univ. Alexander Abdel Fleitas Saucedo<\/span><br \/><span style=\"color: #000000;\">Univ. Am\u00edlcar Jos\u00e9 Mar\u00eda Schwarz Egusquiza<\/span><br \/><span style=\"color: #000000;\">Univ. Roberto Ariel Rol\u00f3n Brun<\/span><br \/><strong><span style=\"color: #000000;\">Miembros Suplentes<\/span><\/strong><br \/><strong><span style=\"color: #000000;\">Docentes<\/span><\/strong><br \/><span style=\"color: #000000;\">Prof. Ing. Agr. Gustavo Adolfo Rol\u00f3n Paredes <\/span><br \/><span style=\"color: #000000;\">Prof. Ing. Agr. Ubaldo Tadeo Britos Bord\u00f3n <\/span><br \/><span style=\"color: #000000;\">Prof. Ing. E.H. Samia Evelyn Tamara Romero Gonz\u00e1lez<\/span><br \/>\n<span style=\"color: #000000;\">Prof. Ing. Agr. Marlene Elizabeth B\u00e1ez Arzamendia<\/span><br \/>\n<span style=\"color: #000000;\">Prof. Ing. Agr. Jos\u00e9 Andr\u00e9s Romero Ben\u00edtez<\/span><br \/>\n<span style=\"color: #000000;\">Prof. Ing. Agr. Julio Mario Colm\u00e1n Gonz\u00e1lez<\/span><\/p>\n<p style=\"text-align: center;\"><strong><span style=\"color: #000000;\">Graduados<\/span><\/strong><br \/><span style=\"color: #000000;\">Lic. Miguel \u00c1ngel Sosa Escobar<\/span><br \/><span style=\"color: #000000;\">Ing. Amb. Liliana Raquel Gonzalez Lesme<\/span><br \/><span style=\"color: #000000;\">Ing.Aal. Reimundo Javier Delgado Vera<\/span><br \/><strong><span style=\"color: #000000;\">Estudiantes<\/span><\/strong><br \/><span style=\"color: #000000;\">Univ. Ana Bel\u00e9n Panza Sosa<\/span><br \/><span style=\"color: #000000;\">Univ. Silvia Alejandra Olmedo Gonz\u00e1lez<\/span><br \/><span style=\"color: #000000;\">Univ. Celso Gerardo Godoy L\u00f3pez<\/span><\/p>\t\t\t\t\t\t<\/div>\n\t\t\t\t<\/div>\n\t\t\t\t\t<\/div>\n\t\t<\/div>\n\t\t\t\t\t<\/div>\n\t\t<\/section>\n\t\t\t\t<\/div>\n\t\t","protected":false},"excerpt":{"rendered":"<p>Consejo DirectivoDecano y PresidenteProf. Ing. Agr. Jorge Daniel Gonz\u00e1lez VillalbaVicedecanoProf. Ing. Agr. Juan Jos\u00e9 Bonn\u00edn AcostaSecretaria De La FacultadProf.Abg. Patricia Bord\u00f3n SalinasMiembros TitularesDocentesProf. Ing. Agr. Cristhian Javier Grabowski OcamposProf. Ing. Agr. Jorge Daniel Caballero MascheroniProf. Ing. For. Oscar Manuel De Jes\u00fas Vera CabralProf. Ing. Agr. Cipriano Ram\u00f3n Enciso GarayProf. Ing. Agr. Mar\u00eda Cristina Acosta Aguilera [&hellip;]<\/p>\n","protected":false},"author":1,"featured_media":0,"parent":88,"menu_order":0,"comment_status":"closed","ping_status":"closed","template":"","meta":{"_themeisle_gutenberg_block_has_review":false,"footnotes":""},"class_list":["post-1268","page","type-page","status-publish","hentry"],"_links":{"self":[{"href":"https:\/\/www.agr.una.py\/wp\/index.php?rest_route=\/wp\/v2\/pages\/1268","targetHints":{"allow":["GET"]}}],"collection":[{"href":"https:\/\/www.agr.una.py\/wp\/index.php?rest_route=\/wp\/v2\/pages"}],"about":[{"href":"https:\/\/www.agr.una.py\/wp\/index.php?rest_route=\/wp\/v2\/types\/page"}],"author":[{"embeddable":true,"href":"https:\/\/www.agr.una.py\/wp\/index.php?rest_route=\/wp\/v2\/users\/1"}],"replies":[{"embeddable":true,"href":"https:\/\/www.agr.una.py\/wp\/index.php?rest_route=%2Fwp%2Fv2%2Fcomments&post=1268"}],"version-history":[{"count":50,"href":"https:\/\/www.agr.una.py\/wp\/index.php?rest_route=\/wp\/v2\/pages\/1268\/revisions"}],"predecessor-version":[{"id":12872,"href":"https:\/\/www.agr.una.py\/wp\/index.php?rest_route=\/wp\/v2\/pages\/1268\/revisions\/12872"}],"up":[{"embeddable":true,"href":"https:\/\/www.agr.una.py\/wp\/index.php?rest_route=\/wp\/v2\/pages\/88"}],"wp:attachment":[{"href":"https:\/\/www.agr.una.py\/wp\/index.php?rest_route=%2Fwp%2Fv2%2Fmedia&parent=1268"}],"curies":[{"name":"wp","href":"https:\/\/api.w.org\/{rel}","templated":true}]}}