{"id":1144,"date":"2022-11-01T12:35:20","date_gmt":"2022-11-01T16:35:20","guid":{"rendered":"https:\/\/www.agr.una.py\/wp\/?page_id=1144"},"modified":"2022-11-01T12:42:30","modified_gmt":"2022-11-01T16:42:30","slug":"vicedecano","status":"publish","type":"page","link":"https:\/\/www.agr.una.py\/wp\/?page_id=1144","title":{"rendered":"Vicedecano"},"content":{"rendered":"\t\t<div data-elementor-type=\"wp-page\" data-elementor-id=\"1144\" class=\"elementor elementor-1144\">\n\t\t\t\t\t\t<section class=\"elementor-section elementor-top-section elementor-element elementor-element-2a1dfc41 elementor-section-boxed elementor-section-height-default elementor-section-height-default\" data-id=\"2a1dfc41\" data-element_type=\"section\">\n\t\t\t\t\t\t<div class=\"elementor-container elementor-column-gap-default\">\n\t\t\t\t\t<div class=\"elementor-column elementor-col-100 elementor-top-column elementor-element elementor-element-4f315ba6\" data-id=\"4f315ba6\" data-element_type=\"column\">\n\t\t\t<div class=\"elementor-widget-wrap elementor-element-populated\">\n\t\t\t\t\t\t<div class=\"elementor-element elementor-element-8ed3849 elementor-widget elementor-widget-text-editor\" data-id=\"8ed3849\" data-element_type=\"widget\" data-widget_type=\"text-editor.default\">\n\t\t\t\t<div class=\"elementor-widget-container\">\n\t\t\t<style>\/*! elementor - v3.23.0 - 05-08-2024 *\/\n.elementor-widget-text-editor.elementor-drop-cap-view-stacked .elementor-drop-cap{background-color:#69727d;color:#fff}.elementor-widget-text-editor.elementor-drop-cap-view-framed .elementor-drop-cap{color:#69727d;border:3px solid;background-color:transparent}.elementor-widget-text-editor:not(.elementor-drop-cap-view-default) .elementor-drop-cap{margin-top:8px}.elementor-widget-text-editor:not(.elementor-drop-cap-view-default) .elementor-drop-cap-letter{width:1em;height:1em}.elementor-widget-text-editor .elementor-drop-cap{float:left;text-align:center;line-height:1;font-size:50px}.elementor-widget-text-editor .elementor-drop-cap-letter{display:inline-block}<\/style>\t\t\t\t<!-- wp:themeisle-blocks\/advanced-columns {\"id\":\"wp-block-themeisle-blocks-advanced-columns-653dfbd3\",\"columns\":1,\"layout\":\"equal\"} -->\n<div id=\"wp-block-themeisle-blocks-advanced-columns-653dfbd3\" class=\"wp-block-themeisle-blocks-advanced-columns has-1-columns has-desktop-equal-layout has-tablet-equal-layout has-mobile-equal-layout has-vertical-unset\"><div class=\"wp-block-themeisle-blocks-advanced-columns-overlay\"><\/div><div class=\"innerblocks-wrap\"><!-- wp:themeisle-blocks\/advanced-column {\"id\":\"wp-block-themeisle-blocks-advanced-column-d749b7a8\",\"columnWidth\":\"100\"} -->\n<div id=\"wp-block-themeisle-blocks-advanced-column-d749b7a8\" class=\"wp-block-themeisle-blocks-advanced-column\"><\/div>\n<!-- \/wp:themeisle-blocks\/advanced-column --><\/div><\/div>\n<!-- \/wp:themeisle-blocks\/advanced-columns -->\t\t\t\t\t\t<\/div>\n\t\t\t\t<\/div>\n\t\t\t\t\t<\/div>\n\t\t<\/div>\n\t\t\t\t\t<\/div>\n\t\t<\/section>\n\t\t\t\t<section class=\"elementor-section elementor-top-section elementor-element elementor-element-5d09136 elementor-section-boxed elementor-section-height-default elementor-section-height-default\" data-id=\"5d09136\" data-element_type=\"section\">\n\t\t\t\t\t\t<div class=\"elementor-container elementor-column-gap-default\">\n\t\t\t\t\t<div class=\"elementor-column elementor-col-33 elementor-top-column elementor-element elementor-element-cae5393\" data-id=\"cae5393\" data-element_type=\"column\">\n\t\t\t<div class=\"elementor-widget-wrap\">\n\t\t\t\t\t\t\t<\/div>\n\t\t<\/div>\n\t\t\t\t<div class=\"elementor-column elementor-col-33 elementor-top-column elementor-element elementor-element-50fe51e\" data-id=\"50fe51e\" data-element_type=\"column\">\n\t\t\t<div class=\"elementor-widget-wrap elementor-element-populated\">\n\t\t\t\t\t\t<div class=\"elementor-element elementor-element-a4cbecc elementor-widget elementor-widget-image\" data-id=\"a4cbecc\" data-element_type=\"widget\" data-widget_type=\"image.default\">\n\t\t\t\t<div class=\"elementor-widget-container\">\n\t\t\t<style>\/*! elementor - v3.23.0 - 05-08-2024 *\/\n.elementor-widget-image{text-align:center}.elementor-widget-image a{display:inline-block}.elementor-widget-image a img[src$=\".svg\"]{width:48px}.elementor-widget-image img{vertical-align:middle;display:inline-block}<\/style>\t\t\t\t\t\t\t<figure class=\"wp-caption\">\n\t\t\t\t\t\t\t\t\t\t<img fetchpriority=\"high\" decoding=\"async\" width=\"309\" height=\"299\" src=\"https:\/\/www.agr.una.py\/wp\/wp-content\/uploads\/2022\/05\/vice_decano.jpg\" class=\"attachment-large size-large wp-image-735\" alt=\"\" srcset=\"https:\/\/www.agr.una.py\/wp\/wp-content\/uploads\/2022\/05\/vice_decano.jpg 309w, https:\/\/www.agr.una.py\/wp\/wp-content\/uploads\/2022\/05\/vice_decano-300x290.jpg 300w\" sizes=\"(max-width: 309px) 100vw, 309px\" \/>\t\t\t\t\t\t\t\t\t\t\t<figcaption class=\"widget-image-caption wp-caption-text\">Vicedecano<\/figcaption>\n\t\t\t\t\t\t\t\t\t\t<\/figure>\n\t\t\t\t\t\t\t<\/div>\n\t\t\t\t<\/div>\n\t\t\t\t\t<\/div>\n\t\t<\/div>\n\t\t\t\t<div class=\"elementor-column elementor-col-33 elementor-top-column elementor-element elementor-element-19a91cf\" data-id=\"19a91cf\" data-element_type=\"column\">\n\t\t\t<div class=\"elementor-widget-wrap\">\n\t\t\t\t\t\t\t<\/div>\n\t\t<\/div>\n\t\t\t\t\t<\/div>\n\t\t<\/section>\n\t\t\t\t<section class=\"elementor-section elementor-top-section elementor-element elementor-element-c78b29f elementor-section-boxed elementor-section-height-default elementor-section-height-default\" data-id=\"c78b29f\" data-element_type=\"section\">\n\t\t\t\t\t\t<div class=\"elementor-container elementor-column-gap-default\">\n\t\t\t\t\t<div class=\"elementor-column elementor-col-100 elementor-top-column elementor-element elementor-element-5025d2e\" data-id=\"5025d2e\" data-element_type=\"column\">\n\t\t\t<div class=\"elementor-widget-wrap elementor-element-populated\">\n\t\t\t\t\t\t<div class=\"elementor-element elementor-element-feebe87 elementor-widget elementor-widget-text-editor\" data-id=\"feebe87\" data-element_type=\"widget\" data-widget_type=\"text-editor.default\">\n\t\t\t\t<div class=\"elementor-widget-container\">\n\t\t\t\t\t\t\t<h5 style=\"text-align: center;\"><span style=\"color: #000000;\"><strong>Prof. Dr. Juan Jos\u00e9 Bonnin Acosta<\/strong><\/span><\/h5>\n<p style=\"text-align: center;\"><span style=\"color: #000000;\"><strong>Periodo: 2021 &#8211; 2026<\/strong><\/span><\/p>\n<h6 style=\"text-align: center;\"><strong><span style=\"color: #000000;\">FORMACI\u00d3N<\/span><\/strong><\/h6>\n<p style=\"text-align: center;\"><span style=\"color: #000000;\">Doctor en Agronom\u00eda por la Universidade Estadual Paulista. San Paulo, Brasil. A\u00f1o 2007<\/span><\/p>\n<p style=\"text-align: center;\"><span style=\"color: #000000;\">M\u00e1ster en Agronom\u00eda\u00a0 por la Universidade de S\u00e3o Paulo. San Paulo, Brasil. A\u00f1o 1999<\/span><\/p>\n<p style=\"text-align: center;\"><span style=\"color: #000000;\">Especialista en Did\u00e1ctica Universitaria por\u00a0 la FCA\/UNA. A\u00f1o 2000<\/span><\/p>\n<p style=\"text-align: center;\"><span style=\"color: #000000;\">Diplomado Internacional en Riego Localizado por Instituto Canario de Investigaciones Agrarias de la Consejer\u00eda de Agricultura, Pesca y Alimentaci\u00f3n del Gobierno de Canarias, Tenerife, Espa\u00f1a. A\u00f1o 1996<\/span><\/p>\n<p style=\"text-align: center;\"><span style=\"color: #000000;\">Ingeniero Agr\u00f3nomo por la FCA\/UNA. A\u00f1o 1995<\/span><\/p>\n<h6 style=\"text-align: center;\"><strong><span style=\"color: #000000;\">\u00c1REAS DE ACTUACI\u00d3N<\/span><\/strong><\/h6>\n<p style=\"text-align: center;\"><span style=\"color: #000000;\">Agricultura de Precisi\u00f3n. Mecanizaci\u00f3n Agr\u00edcola. F\u00edsica de Suelo. Hidr\u00e1ulica<\/span><\/p>\n<p style=\"text-align: center;\"><span style=\"color: #000000;\">Profesor Titular de la C\u00e1tedra de M\u00e1quinas Agr\u00edcolas, CIA\/FCA<\/span><\/p>\n<p style=\"text-align: center;\"><span style=\"color: #000000;\">Profesor Titular de la C\u00e1tedra de Hidr\u00e1ulica Agr\u00edcola, CIA\/FCA<\/span><\/p>\n<p style=\"text-align: center;\"><span style=\"color: #000000;\">Profesor Adjunto de la C\u00e1tedra de Topograf\u00eda y Cartograf\u00eda, CIF\/FCA<\/span><\/p>\n<p style=\"text-align: center;\"><span style=\"color: #000000;\">Profesor Encargado de las C\u00e1tedras de Gerenciamiento de Sistemas Mecanizados y Agricultura de Precisi\u00f3n<\/span><\/p>\n<h6 style=\"text-align: center;\"><strong><span style=\"color: #000000;\">CARGOS<\/span><\/strong><\/h6>\n<p style=\"text-align: center;\"><span style=\"color: #000000;\">Docente Investigador en la FCA desde 1999<\/span><\/p>\n<p style=\"text-align: center;\"><span style=\"color: #000000;\">Docente Investigador de Tiempo Completo y Dedicaci\u00f3n Exclusiva de la Universidad Nacional de Asunci\u00f3n (DITCODE). Periodo 2009 &#8211; 2011<\/span><\/p>\n<p style=\"text-align: center;\"><span style=\"color: #000000;\">Director del Departamento de Ingenier\u00eda Agr\u00edcola\/CIA. Periodo 2013 &#8211; 2015\u00a0\u00a0\u00a0\u00a0<\/span><\/p>\n<p style=\"text-align: center;\"><span style=\"color: #000000;\">Docente Investigador con Dedicaci\u00f3n Completa (DITcom). Periodo 2015 &#8211; 2020\/ 2021 hasta la fecha<\/span><\/p>\n<p style=\"text-align: center;\"><span style=\"color: #000000;\">Miembro Titular del Consejo Directivo de la FCA\/UNA. Periodo 2013 &#8211; 2015\/2021 hasta la fecha<\/span><\/p>\n<p style=\"text-align: center;\"><span style=\"color: #000000;\">Coordinador de Investigaci\u00f3n del \u00c1rea de Ingenier\u00eda Agr\u00edcola\/CIA. Periodo 2015 &#8211; 2021<\/span><\/p>\n<p style=\"text-align: center;\"><span style=\"color: #000000;\">Miembro del Consejo Editor de la Revista Agrogeoambiental &#8211; Instituto Federal de Educa\u00e7\u00e3o, Ci\u00eancia e Tecnolog\u00eda do Sul de Minas Gerais, Brasil. Desde 2012 hasta la fecha<\/span><\/p>\n<p style=\"text-align: center;\"><span style=\"color: #000000;\">Editor Asociado de la Revista Investigaci\u00f3n Agraria &#8211; Facultad de Ciencias Agrarias, Universidad Nacional de Asunci\u00f3n. Desde 2017 hasta la fecha<\/span><\/p>\n<h6 style=\"text-align: center;\"><strong><span style=\"color: #000000;\">PRODUCCI\u00d3N<\/span><\/strong><\/h6>\n<p style=\"text-align: center;\"><span style=\"color: #000000;\">36 Producciones T\u00e9cnicas (Trabajos t\u00e9cnicos, elaboraci\u00f3n de proyectos, congresos y cursos de corta duraci\u00f3n)<\/span><\/p>\n<p style=\"text-align: center;\"><span style=\"color: #000000;\">89 Producciones Bibliogr\u00e1ficas (Art\u00edculos publicados en Revistas Cient\u00edficas y Congresos Nacionales e Internacionales)<\/span><\/p>\n<p style=\"text-align: center;\"><span style=\"color: #000000;\">58 Tutor\u00edas a nivel de Grado y Postgrado (Maestr\u00eda y Doctorado)\u00a0<\/span><\/p>\n<h6 style=\"text-align: center;\"><span style=\"color: #000000;\">Categorizaci\u00f3n actual del PRONII: Nivel I<\/span><\/h6>\t\t\t\t\t\t<\/div>\n\t\t\t\t<\/div>\n\t\t\t\t\t<\/div>\n\t\t<\/div>\n\t\t\t\t\t<\/div>\n\t\t<\/section>\n\t\t\t\t<\/div>\n\t\t","protected":false},"excerpt":{"rendered":"<p>Vicedecano Prof. Dr. Juan Jos\u00e9 Bonnin Acosta Periodo: 2021 &#8211; 2026 FORMACI\u00d3N Doctor en Agronom\u00eda por la Universidade Estadual Paulista. San Paulo, Brasil. A\u00f1o 2007 M\u00e1ster en Agronom\u00eda\u00a0 por la Universidade de S\u00e3o Paulo. San Paulo, Brasil. A\u00f1o 1999 Especialista en Did\u00e1ctica Universitaria por\u00a0 la FCA\/UNA. A\u00f1o 2000 Diplomado Internacional en Riego Localizado por Instituto [&hellip;]<\/p>\n","protected":false},"author":1,"featured_media":0,"parent":88,"menu_order":0,"comment_status":"closed","ping_status":"closed","template":"","meta":{"_themeisle_gutenberg_block_has_review":false,"footnotes":""},"class_list":["post-1144","page","type-page","status-publish","hentry"],"_links":{"self":[{"href":"https:\/\/www.agr.una.py\/wp\/index.php?rest_route=\/wp\/v2\/pages\/1144","targetHints":{"allow":["GET"]}}],"collection":[{"href":"https:\/\/www.agr.una.py\/wp\/index.php?rest_route=\/wp\/v2\/pages"}],"about":[{"href":"https:\/\/www.agr.una.py\/wp\/index.php?rest_route=\/wp\/v2\/types\/page"}],"author":[{"embeddable":true,"href":"https:\/\/www.agr.una.py\/wp\/index.php?rest_route=\/wp\/v2\/users\/1"}],"replies":[{"embeddable":true,"href":"https:\/\/www.agr.una.py\/wp\/index.php?rest_route=%2Fwp%2Fv2%2Fcomments&post=1144"}],"version-history":[{"count":7,"href":"https:\/\/www.agr.una.py\/wp\/index.php?rest_route=\/wp\/v2\/pages\/1144\/revisions"}],"predecessor-version":[{"id":1154,"href":"https:\/\/www.agr.una.py\/wp\/index.php?rest_route=\/wp\/v2\/pages\/1144\/revisions\/1154"}],"up":[{"embeddable":true,"href":"https:\/\/www.agr.una.py\/wp\/index.php?rest_route=\/wp\/v2\/pages\/88"}],"wp:attachment":[{"href":"https:\/\/www.agr.una.py\/wp\/index.php?rest_route=%2Fwp%2Fv2%2Fmedia&parent=1144"}],"curies":[{"name":"wp","href":"https:\/\/api.w.org\/{rel}","templated":true}]}}