{"id":1127,"date":"2022-11-01T12:18:43","date_gmt":"2022-11-01T16:18:43","guid":{"rendered":"https:\/\/www.agr.una.py\/wp\/?page_id=1127"},"modified":"2022-11-01T12:32:08","modified_gmt":"2022-11-01T16:32:08","slug":"elementor-1127","status":"publish","type":"page","link":"https:\/\/www.agr.una.py\/wp\/?page_id=1127","title":{"rendered":"Decano"},"content":{"rendered":"\t\t<div data-elementor-type=\"wp-page\" data-elementor-id=\"1127\" class=\"elementor elementor-1127\">\n\t\t\t\t\t\t<section class=\"elementor-section elementor-top-section elementor-element elementor-element-166cc27e elementor-section-boxed elementor-section-height-default elementor-section-height-default\" data-id=\"166cc27e\" data-element_type=\"section\">\n\t\t\t\t\t\t<div class=\"elementor-container elementor-column-gap-default\">\n\t\t\t\t\t<div class=\"elementor-column elementor-col-100 elementor-top-column elementor-element elementor-element-40a9436a\" data-id=\"40a9436a\" data-element_type=\"column\">\n\t\t\t<div class=\"elementor-widget-wrap elementor-element-populated\">\n\t\t\t\t\t\t<div class=\"elementor-element elementor-element-cdffb87 elementor-widget elementor-widget-text-editor\" data-id=\"cdffb87\" data-element_type=\"widget\" data-widget_type=\"text-editor.default\">\n\t\t\t\t<div class=\"elementor-widget-container\">\n\t\t\t<style>\/*! elementor - v3.23.0 - 05-08-2024 *\/\n.elementor-widget-text-editor.elementor-drop-cap-view-stacked .elementor-drop-cap{background-color:#69727d;color:#fff}.elementor-widget-text-editor.elementor-drop-cap-view-framed .elementor-drop-cap{color:#69727d;border:3px solid;background-color:transparent}.elementor-widget-text-editor:not(.elementor-drop-cap-view-default) .elementor-drop-cap{margin-top:8px}.elementor-widget-text-editor:not(.elementor-drop-cap-view-default) .elementor-drop-cap-letter{width:1em;height:1em}.elementor-widget-text-editor .elementor-drop-cap{float:left;text-align:center;line-height:1;font-size:50px}.elementor-widget-text-editor .elementor-drop-cap-letter{display:inline-block}<\/style>\t\t\t\t<!-- wp:themeisle-blocks\/advanced-columns {\"id\":\"wp-block-themeisle-blocks-advanced-columns-4af932c0\",\"columns\":1,\"layout\":\"equal\"} -->\n<div id=\"wp-block-themeisle-blocks-advanced-columns-4af932c0\" class=\"wp-block-themeisle-blocks-advanced-columns has-1-columns has-desktop-equal-layout has-tablet-equal-layout has-mobile-equal-layout has-vertical-unset\"><div class=\"wp-block-themeisle-blocks-advanced-columns-overlay\"><\/div><div class=\"innerblocks-wrap\"><!-- wp:themeisle-blocks\/advanced-column {\"id\":\"wp-block-themeisle-blocks-advanced-column-67e417bb\",\"columnWidth\":\"100\"} -->\n<div id=\"wp-block-themeisle-blocks-advanced-column-67e417bb\" class=\"wp-block-themeisle-blocks-advanced-column\"><\/div>\n<!-- \/wp:themeisle-blocks\/advanced-column --><\/div><\/div>\n<!-- \/wp:themeisle-blocks\/advanced-columns -->\t\t\t\t\t\t<\/div>\n\t\t\t\t<\/div>\n\t\t\t\t\t<\/div>\n\t\t<\/div>\n\t\t\t\t\t<\/div>\n\t\t<\/section>\n\t\t\t\t<section class=\"elementor-section elementor-top-section elementor-element elementor-element-2c35e65 elementor-section-boxed elementor-section-height-default elementor-section-height-default\" data-id=\"2c35e65\" data-element_type=\"section\">\n\t\t\t\t\t\t<div class=\"elementor-container elementor-column-gap-default\">\n\t\t\t\t\t<div class=\"elementor-column elementor-col-33 elementor-top-column elementor-element elementor-element-41f0f33\" data-id=\"41f0f33\" data-element_type=\"column\">\n\t\t\t<div class=\"elementor-widget-wrap\">\n\t\t\t\t\t\t\t<\/div>\n\t\t<\/div>\n\t\t\t\t<div class=\"elementor-column elementor-col-33 elementor-top-column elementor-element elementor-element-b74c784\" data-id=\"b74c784\" data-element_type=\"column\">\n\t\t\t<div class=\"elementor-widget-wrap elementor-element-populated\">\n\t\t\t\t\t\t<div class=\"elementor-element elementor-element-98e54a2 elementor-widget elementor-widget-image\" data-id=\"98e54a2\" data-element_type=\"widget\" data-widget_type=\"image.default\">\n\t\t\t\t<div class=\"elementor-widget-container\">\n\t\t\t<style>\/*! elementor - v3.23.0 - 05-08-2024 *\/\n.elementor-widget-image{text-align:center}.elementor-widget-image a{display:inline-block}.elementor-widget-image a img[src$=\".svg\"]{width:48px}.elementor-widget-image img{vertical-align:middle;display:inline-block}<\/style>\t\t\t\t\t\t\t<figure class=\"wp-caption\">\n\t\t\t\t\t\t\t\t\t\t<img fetchpriority=\"high\" decoding=\"async\" width=\"313\" height=\"294\" src=\"https:\/\/www.agr.una.py\/wp\/wp-content\/uploads\/2022\/05\/decano.jpg\" class=\"attachment-large size-large wp-image-726\" alt=\"\" srcset=\"https:\/\/www.agr.una.py\/wp\/wp-content\/uploads\/2022\/05\/decano.jpg 313w, https:\/\/www.agr.una.py\/wp\/wp-content\/uploads\/2022\/05\/decano-300x282.jpg 300w\" sizes=\"(max-width: 313px) 100vw, 313px\" \/>\t\t\t\t\t\t\t\t\t\t\t<figcaption class=\"widget-image-caption wp-caption-text\">DECANO<\/figcaption>\n\t\t\t\t\t\t\t\t\t\t<\/figure>\n\t\t\t\t\t\t\t<\/div>\n\t\t\t\t<\/div>\n\t\t\t\t\t<\/div>\n\t\t<\/div>\n\t\t\t\t<div class=\"elementor-column elementor-col-33 elementor-top-column elementor-element elementor-element-6064b9c\" data-id=\"6064b9c\" data-element_type=\"column\">\n\t\t\t<div class=\"elementor-widget-wrap\">\n\t\t\t\t\t\t\t<\/div>\n\t\t<\/div>\n\t\t\t\t\t<\/div>\n\t\t<\/section>\n\t\t\t\t<section class=\"elementor-section elementor-top-section elementor-element elementor-element-6fcd227 elementor-section-boxed elementor-section-height-default elementor-section-height-default\" data-id=\"6fcd227\" data-element_type=\"section\">\n\t\t\t\t\t\t<div class=\"elementor-container elementor-column-gap-default\">\n\t\t\t\t\t<div class=\"elementor-column elementor-col-100 elementor-top-column elementor-element elementor-element-5f7c4f7\" data-id=\"5f7c4f7\" data-element_type=\"column\">\n\t\t\t<div class=\"elementor-widget-wrap elementor-element-populated\">\n\t\t\t\t\t\t<div class=\"elementor-element elementor-element-51dda52 elementor-widget elementor-widget-text-editor\" data-id=\"51dda52\" data-element_type=\"widget\" data-widget_type=\"text-editor.default\">\n\t\t\t\t<div class=\"elementor-widget-container\">\n\t\t\t\t\t\t\t<h5 style=\"text-align: center;\"><span style=\"color: #000000;\"><strong>Prof. Dr. Jorge Daniel Gonz\u00e1lez Villalba<\/strong><\/span><\/h5>\n<p style=\"text-align: center;\"><span style=\"color: #000000;\"><strong>Periodo: 2021 &#8211; 2026<\/strong><\/span><\/p>\n<p>\u00a0<\/p>\n<h6 style=\"text-align: center;\"><strong><span style=\"color: #000000;\">FORMACI\u00d3N<\/span><\/strong><\/h6>\n<p style=\"text-align: center;\"><span style=\"color: #000000;\">Doctor en Econom\u00eda por la Universidad de Alcal\u00e1. Madrid, Espa\u00f1a. A\u00f1o 2017<\/span><\/p>\n<p style=\"text-align: center;\"><span style=\"color: #000000;\">Postgrado en Did\u00e1ctica Universitaria. Direcci\u00f3n de Postgrado de la UNA. A\u00f1o 2002<\/span><\/p>\n<p style=\"text-align: center;\"><span style=\"color: #000000;\">Mag\u00edster en Econom\u00eda del Medio Ambiente y Recursos Naturales. Universidad de los Andes<\/span><\/p>\n<p style=\"text-align: center;\"><span style=\"color: #000000;\">Universidad de Maryland. Santa Fe de Bogot\u00e1, Colombia. A\u00f1o 2000<\/span><\/p>\n<p style=\"text-align: center;\"><span style=\"color: #000000;\">Ingeniero Agr\u00f3nomo por la FCA\/UNA. A\u00f1o 1992<\/span><\/p>\n<h6 style=\"text-align: center;\"><strong><span style=\"color: #000000;\">\u00c1REAS DE ACTUACI\u00d3N<\/span><\/strong><\/h6>\n<p style=\"text-align: center;\"><span style=\"color: #000000;\">Econom\u00eda agr\u00edcola, ambiental y de recursos naturales. Econom\u00eda cuantitativa. Evaluaci\u00f3n Agron\u00f3mica y Econ\u00f3mica<\/span><\/p>\n<p style=\"text-align: center;\"><span style=\"color: #000000;\">Profesor Adjunto de la C\u00e1tedra de Microeconom\u00eda, CLAA, CIA\/FCA<\/span><\/p>\n<p style=\"text-align: center;\"><span style=\"color: #000000;\">Profesor Encargado de la C\u00e1tedra de Econom\u00eda, CIAAL, CIA\/FCA<\/span><\/p>\n<p style=\"text-align: center;\"><span style=\"color: #000000;\">Profesor Encargado de la C\u00e1tedra de Macroeconom\u00eda, CIA\/FCA<\/span><\/p>\n<p style=\"text-align: center;\"><span style=\"color: #000000;\">Profesor Encargado de la C\u00e1tedra de Econom\u00eda Ambiental, CIAMB\/FCA<\/span><\/p>\n<p style=\"text-align: center;\"><span style=\"color: #000000;\">Profesor Encargado de Dise\u00f1o y Evaluaci\u00f3n de Proyectos, CIA\/FCA<\/span><\/p>\n<h6 style=\"text-align: center;\"><strong><span style=\"color: #000000;\">CARGOS<\/span><\/strong><\/h6>\n<p style=\"text-align: center;\"><span style=\"color: #000000;\">Vicedecano FCA\/UNA desde 2015 &#8211; actualidad<\/span><\/p>\n<p style=\"text-align: center;\"><span style=\"color: #000000;\">Miembro Titular del Consejo Directivo de la FCA\/UNA. Periodo 2013 &#8211; 2015<\/span><\/p>\n<p style=\"text-align: center;\"><span style=\"color: #000000;\">Director de la Carrera de Ingenier\u00eda Agron\u00f3mica. Periodo 2012 &#8211; 2015<\/span><\/p>\n<p style=\"text-align: center;\"><span style=\"color: #000000;\">Docente Investigador en la FCA. 2011 -2012<\/span><\/p>\n<p style=\"text-align: center;\"><span style=\"color: #000000;\">Docente Investigador de Tiempo Completo y Dedicaci\u00f3n Exclusiva de la Universidad Nacional de Asunci\u00f3n (DITCODE). Periodo 2009 &#8211; 2011<\/span><\/p>\n<p style=\"text-align: center;\"><span style=\"color: #000000;\">Director del Director del Departamento de Econom\u00eda Rural\/CIA. Periodo 2007 &#8211; 2009\u00a0\u00a0\u00a0<\/span><\/p>\n<p style=\"text-align: center;\"><span style=\"color: #000000;\">Docente Investigador. Periodo 2005 &#8211; 2007<\/span><\/p>\n<h6 style=\"text-align: center;\"><strong><span style=\"color: #000000;\">PRODUCCI\u00d3N<\/span><\/strong><\/h6>\n<p style=\"text-align: center;\"><span style=\"color: #000000;\">5 Producciones T\u00e9cnicas (Edici\u00f3n y revisi\u00f3n, trabajos t\u00e9cnicos, organizaci\u00f3n de eventos, cursos de corta duraci\u00f3n dictados)<\/span><\/p>\n<p style=\"text-align: center;\"><span style=\"color: #000000;\">52 Producciones Bibliogr\u00e1ficas (Libros y cap\u00edtulos de libros, trabajos en eventos, art\u00edculos publicados en revistas cient\u00edficas)<\/span><\/p>\n<p style=\"text-align: center;\"><span style=\"color: #000000;\">85 Tutor\u00edas a nivel de Grado y Postgrado (Maestr\u00edas)\u00a0<\/span><\/p>\n<h6 style=\"text-align: center;\"><strong><span style=\"color: #000000;\">Categorizaci\u00f3n actual del PRONII: Nivel I<\/span><\/strong><\/h6>\t\t\t\t\t\t<\/div>\n\t\t\t\t<\/div>\n\t\t\t\t\t<\/div>\n\t\t<\/div>\n\t\t\t\t\t<\/div>\n\t\t<\/section>\n\t\t\t\t<\/div>\n\t\t","protected":false},"excerpt":{"rendered":"<p>DECANO Prof. Dr. Jorge Daniel Gonz\u00e1lez Villalba Periodo: 2021 &#8211; 2026 \u00a0 FORMACI\u00d3N Doctor en Econom\u00eda por la Universidad de Alcal\u00e1. Madrid, Espa\u00f1a. A\u00f1o 2017 Postgrado en Did\u00e1ctica Universitaria. Direcci\u00f3n de Postgrado de la UNA. A\u00f1o 2002 Mag\u00edster en Econom\u00eda del Medio Ambiente y Recursos Naturales. Universidad de los Andes Universidad de Maryland. Santa Fe [&hellip;]<\/p>\n","protected":false},"author":1,"featured_media":0,"parent":88,"menu_order":0,"comment_status":"closed","ping_status":"closed","template":"","meta":{"_themeisle_gutenberg_block_has_review":false,"footnotes":""},"class_list":["post-1127","page","type-page","status-publish","hentry"],"_links":{"self":[{"href":"https:\/\/www.agr.una.py\/wp\/index.php?rest_route=\/wp\/v2\/pages\/1127","targetHints":{"allow":["GET"]}}],"collection":[{"href":"https:\/\/www.agr.una.py\/wp\/index.php?rest_route=\/wp\/v2\/pages"}],"about":[{"href":"https:\/\/www.agr.una.py\/wp\/index.php?rest_route=\/wp\/v2\/types\/page"}],"author":[{"embeddable":true,"href":"https:\/\/www.agr.una.py\/wp\/index.php?rest_route=\/wp\/v2\/users\/1"}],"replies":[{"embeddable":true,"href":"https:\/\/www.agr.una.py\/wp\/index.php?rest_route=%2Fwp%2Fv2%2Fcomments&post=1127"}],"version-history":[{"count":12,"href":"https:\/\/www.agr.una.py\/wp\/index.php?rest_route=\/wp\/v2\/pages\/1127\/revisions"}],"predecessor-version":[{"id":1142,"href":"https:\/\/www.agr.una.py\/wp\/index.php?rest_route=\/wp\/v2\/pages\/1127\/revisions\/1142"}],"up":[{"embeddable":true,"href":"https:\/\/www.agr.una.py\/wp\/index.php?rest_route=\/wp\/v2\/pages\/88"}],"wp:attachment":[{"href":"https:\/\/www.agr.una.py\/wp\/index.php?rest_route=%2Fwp%2Fv2%2Fmedia&parent=1127"}],"curies":[{"name":"wp","href":"https:\/\/api.w.org\/{rel}","templated":true}]}}